{"id":517,"date":"2025-12-21T11:30:23","date_gmt":"2025-12-21T11:30:23","guid":{"rendered":"https:\/\/vittalis.ro\/?post_type=product&#038;p=517"},"modified":"2026-03-03T13:54:26","modified_gmt":"2026-03-03T13:54:26","slug":"multivitamine-si-minerale-cu-ginseng","status":"publish","type":"product","link":"https:\/\/vittalis.ro\/?product=multivitamine-si-minerale-cu-ginseng","title":{"rendered":"Multivitamine \u0219i Minerale cu Ginseng 50+, 56 comprimate"},"content":{"rendered":"<h4 style=\"text-align: justify;\" data-start=\"116\" data-end=\"420\"><strong data-start=\"116\" data-end=\"168\">Zdrovit Multivitamine \u0219i Minerale 50+ cu Ginseng<\/strong> este o formul\u0103 special conceput\u0103 pentru adul\u021bii peste 50 de ani, ideal\u0103 \u00een perioadele solicitante, pentru st\u0103ri de oboseal\u0103 fizic\u0103 \u0219i psihic\u0103, tulbur\u0103ri de memorie, convalescen\u021b\u0103 sau astenie, dar \u0219i pentru completarea unei diete zilnice echilibrate.<\/h4>\n<hr data-start=\"4671\" data-end=\"4674\" \/>\n<h4 style=\"text-align: justify;\" data-start=\"422\" data-end=\"438\"><strong data-start=\"422\" data-end=\"436\">Beneficii:<\/strong><\/h4>\n<ul style=\"text-align: justify;\" data-start=\"439\" data-end=\"635\">\n<li data-start=\"439\" data-end=\"495\">\n<p data-start=\"441\" data-end=\"495\">Sus\u021bine sistemul imunitar \u0219i rezisten\u021ba organismului<\/p>\n<\/li>\n<li data-start=\"496\" data-end=\"556\">\n<p data-start=\"498\" data-end=\"556\">Cre\u0219te vitalitatea \u0219i confer\u0103 energie pe parcursul zilei<\/p>\n<\/li>\n<li data-start=\"557\" data-end=\"593\">\n<p data-start=\"559\" data-end=\"593\">Sprijin\u0103 concentrarea \u0219i memoria<\/p>\n<\/li>\n<li data-start=\"594\" data-end=\"635\">\n<p data-start=\"596\" data-end=\"635\">Contribuie la starea general\u0103 de bine<\/p>\n<\/li>\n<\/ul>\n<hr data-start=\"4671\" data-end=\"4674\" \/>\n<h4 style=\"text-align: justify;\" data-start=\"637\" data-end=\"728\"><strong data-start=\"637\" data-end=\"661\">Mod de administrare:<\/strong><br data-start=\"661\" data-end=\"664\" \/>Se recomand\u0103 1-2 comprimate zilnic, dup\u0103 micul dejun \u0219i pr\u00e2nz.<\/h4>\n<hr data-start=\"4671\" data-end=\"4674\" \/>\n<h4 style=\"text-align: justify;\" data-start=\"730\" data-end=\"761\"><strong data-start=\"730\" data-end=\"759\">Compozi\u021bie per comprimat:<\/strong><\/h4>\n<ul data-start=\"762\" data-end=\"1130\">\n<li style=\"text-align: justify;\" data-start=\"762\" data-end=\"791\">\n<p data-start=\"764\" data-end=\"791\">Extract de ginseng \u2013 5 mg<\/p>\n<\/li>\n<li style=\"text-align: justify;\" data-start=\"792\" data-end=\"812\">\n<p data-start=\"794\" data-end=\"812\">Lutein\u0103 \u2013 300 mcg<\/p>\n<\/li>\n<li style=\"text-align: justify;\" data-start=\"813\" data-end=\"829\">\n<p data-start=\"815\" data-end=\"829\">Rutin \u2013 1 mg<\/p>\n<\/li>\n<li style=\"text-align: justify;\" data-start=\"830\" data-end=\"852\">\n<p data-start=\"832\" data-end=\"852\">Vitamina C \u2013 60 mg<\/p>\n<\/li>\n<li style=\"text-align: justify;\" data-start=\"853\" data-end=\"872\">\n<p data-start=\"855\" data-end=\"872\">Niacin\u0103 \u2013 12 mg<\/p>\n<\/li>\n<li style=\"text-align: justify;\" data-start=\"873\" data-end=\"894\">\n<p data-start=\"875\" data-end=\"894\">Vitamina E \u2013 9 mg<\/p>\n<\/li>\n<li style=\"text-align: justify;\" data-start=\"895\" data-end=\"923\">\n<p data-start=\"897\" data-end=\"923\">Acid pantotenic \u2013 4,5 mg<\/p>\n<\/li>\n<li style=\"text-align: justify;\" data-start=\"924\" data-end=\"949\">\n<p data-start=\"926\" data-end=\"949\">Vitamina B6 \u2013 1,05 mg<\/p>\n<\/li>\n<li style=\"text-align: justify;\" data-start=\"950\" data-end=\"975\">\n<p data-start=\"952\" data-end=\"975\">Vitamina B2 \u2013 1,05 mg<\/p>\n<\/li>\n<li style=\"text-align: justify;\" data-start=\"976\" data-end=\"1002\">\n<p data-start=\"978\" data-end=\"1002\">Vitamina B1 \u2013 0,875 mg<\/p>\n<\/li>\n<li style=\"text-align: justify;\" data-start=\"1003\" data-end=\"1026\">\n<p data-start=\"1005\" data-end=\"1026\">Acid folic \u2013 150 \u00b5g<\/p>\n<\/li>\n<li style=\"text-align: justify;\" data-start=\"1027\" data-end=\"1048\">\n<p data-start=\"1029\" data-end=\"1048\">Biotin\u0103 \u2013 37,5 \u00b5g<\/p>\n<\/li>\n<li style=\"text-align: justify;\" data-start=\"1049\" data-end=\"1076\">\n<p data-start=\"1051\" data-end=\"1076\">Vitamina B12 \u2013 1,875 mcg<\/p>\n<\/li>\n<li style=\"text-align: justify;\" data-start=\"1077\" data-end=\"1094\">\n<p data-start=\"1079\" data-end=\"1094\">Fier \u2013 9,9 mg<\/p>\n<\/li>\n<li style=\"text-align: justify;\" data-start=\"1095\" data-end=\"1113\">\n<p data-start=\"1097\" data-end=\"1113\">Zinc \u2013 10,6 mg<\/p>\n<\/li>\n<li data-start=\"1114\" data-end=\"1130\">\n<p style=\"text-align: justify;\" data-start=\"1116\" data-end=\"1130\">Iod \u2013 100 mcg<\/p>\n<\/li>\n<\/ul>\n<p>&nbsp;<\/p>\n<p>&nbsp;<\/p>\n<hr data-start=\"4671\" data-end=\"4674\" \/>\n<p style=\"text-align: center;\"><a href=\"https:\/\/www.facebook.com\/profile.php?id=61586010988472\" rel=\"nofollow noopener\" target=\"_blank\"><img decoding=\"async\" class=\"alignnone wp-image-953\" src=\"https:\/\/vittalis.ro\/wp-content\/uploads\/2025\/12\/1-300x300.png\" alt=\"\" width=\"51\" height=\"51\" srcset=\"https:\/\/vittalis.ro\/wp-content\/uploads\/2025\/12\/1-300x300.png 300w, https:\/\/vittalis.ro\/wp-content\/uploads\/2025\/12\/1-150x150.png 150w, https:\/\/vittalis.ro\/wp-content\/uploads\/2025\/12\/1-100x100.png 100w, https:\/\/vittalis.ro\/wp-content\/uploads\/2025\/12\/1-50x50.png 50w, https:\/\/vittalis.ro\/wp-content\/uploads\/2025\/12\/1.png 500w\" sizes=\"(max-width: 51px) 100vw, 51px\" \/><\/a> <a href=\"https:\/\/www.instagram.com\/vittalis.suplimentealimentare?igsh=MTBocHY0cXVta2dlcg%3D%3D\" rel=\"nofollow noopener\" target=\"_blank\"><img decoding=\"async\" class=\"alignnone wp-image-954\" src=\"https:\/\/vittalis.ro\/wp-content\/uploads\/2025\/12\/2-300x300.png\" alt=\"\" width=\"50\" height=\"50\" srcset=\"https:\/\/vittalis.ro\/wp-content\/uploads\/2025\/12\/2-300x300.png 300w, https:\/\/vittalis.ro\/wp-content\/uploads\/2025\/12\/2-150x150.png 150w, https:\/\/vittalis.ro\/wp-content\/uploads\/2025\/12\/2-100x100.png 100w, https:\/\/vittalis.ro\/wp-content\/uploads\/2025\/12\/2-50x50.png 50w, https:\/\/vittalis.ro\/wp-content\/uploads\/2025\/12\/2.png 500w\" sizes=\"(max-width: 50px) 100vw, 50px\" \/><\/a> <a href=\"https:\/\/www.tiktok.com\/@vittalis.ro\"><img decoding=\"async\" class=\"alignnone wp-image-955\" src=\"https:\/\/vittalis.ro\/wp-content\/uploads\/2025\/12\/3-300x300.png\" alt=\"\" width=\"56\" height=\"56\" srcset=\"https:\/\/vittalis.ro\/wp-content\/uploads\/2025\/12\/3-300x300.png 300w, https:\/\/vittalis.ro\/wp-content\/uploads\/2025\/12\/3-150x150.png 150w, https:\/\/vittalis.ro\/wp-content\/uploads\/2025\/12\/3-100x100.png 100w, https:\/\/vittalis.ro\/wp-content\/uploads\/2025\/12\/3-50x50.png 50w, https:\/\/vittalis.ro\/wp-content\/uploads\/2025\/12\/3.png 500w\" sizes=\"(max-width: 56px) 100vw, 56px\" \/><\/a> <a href=\"https:\/\/www.youtube.com\/channel\/UCt7ysxXRoHT4Amyd_FOoegA\" rel=\"nofollow noopener\" target=\"_blank\"><img loading=\"lazy\" decoding=\"async\" class=\"alignnone wp-image-956\" src=\"https:\/\/vittalis.ro\/wp-content\/uploads\/2025\/12\/4-300x300.png\" alt=\"\" width=\"52\" height=\"52\" srcset=\"https:\/\/vittalis.ro\/wp-content\/uploads\/2025\/12\/4-300x300.png 300w, https:\/\/vittalis.ro\/wp-content\/uploads\/2025\/12\/4-150x150.png 150w, https:\/\/vittalis.ro\/wp-content\/uploads\/2025\/12\/4-100x100.png 100w, https:\/\/vittalis.ro\/wp-content\/uploads\/2025\/12\/4-50x50.png 50w, https:\/\/vittalis.ro\/wp-content\/uploads\/2025\/12\/4.png 500w\" sizes=\"(max-width: 52px) 100vw, 52px\" \/><\/a><\/p>\n<hr data-start=\"4671\" data-end=\"4674\" \/>\n<p>&nbsp;<\/p>\n<p><a href=\"https:\/\/vittalis.ro\/?page_id=640\"><img loading=\"lazy\" decoding=\"async\" class=\"alignnone wp-image-960\" src=\"https:\/\/vittalis.ro\/wp-content\/uploads\/2025\/12\/Red-ad-Beige-Bold-Modern-Professional-Business-Pitch-Deck-Presentation-1-300x108.png\" alt=\"\" width=\"165\" height=\"59\" srcset=\"https:\/\/vittalis.ro\/wp-content\/uploads\/2025\/12\/Red-ad-Beige-Bold-Modern-Professional-Business-Pitch-Deck-Presentation-1-300x108.png 300w, https:\/\/vittalis.ro\/wp-content\/uploads\/2025\/12\/Red-ad-Beige-Bold-Modern-Professional-Business-Pitch-Deck-Presentation-1-1024x370.png 1024w, https:\/\/vittalis.ro\/wp-content\/uploads\/2025\/12\/Red-ad-Beige-Bold-Modern-Professional-Business-Pitch-Deck-Presentation-1-768x277.png 768w, https:\/\/vittalis.ro\/wp-content\/uploads\/2025\/12\/Red-ad-Beige-Bold-Modern-Professional-Business-Pitch-Deck-Presentation-1-1536x554.png 1536w, https:\/\/vittalis.ro\/wp-content\/uploads\/2025\/12\/Red-ad-Beige-Bold-Modern-Professional-Business-Pitch-Deck-Presentation-1-1320x476.png 1320w, https:\/\/vittalis.ro\/wp-content\/uploads\/2025\/12\/Red-ad-Beige-Bold-Modern-Professional-Business-Pitch-Deck-Presentation-1-600x217.png 600w, https:\/\/vittalis.ro\/wp-content\/uploads\/2025\/12\/Red-ad-Beige-Bold-Modern-Professional-Business-Pitch-Deck-Presentation-1.png 1920w\" sizes=\"(max-width: 165px) 100vw, 165px\" \/><\/a><\/p>\n<p class=\"entry-title\" style=\"text-align: left;\"><span style=\"text-decoration: underline;\"><strong><span style=\"color: #000000; text-decoration: underline;\"><a style=\"color: #000000; text-decoration: underline;\" href=\"https:\/\/vittalis.ro\/?p=637\">Vitamina C lipozomal\u0103 \u2013 absorb\u021bie superioar\u0103, imunitate puternic\u0103 \u0219i beneficii extinse pentru s\u0103n\u0103tate<\/a><\/span><\/strong><\/span><\/p>\n<p class=\"entry-title\" style=\"text-align: left;\"><span style=\"text-decoration: underline;\"><span style=\"color: #000000; text-decoration: underline;\"><a style=\"color: #000000; text-decoration: underline;\" href=\"https:\/\/vittalis.ro\/?p=617\"><strong>Colagenul \u2013 beneficii, rol \u00een organism, tipuri \u0219i surse naturale<\/strong><\/a><\/span><\/span><\/p>\n<p class=\"entry-title\" style=\"text-align: left;\"><span style=\"text-decoration: underline;\"><a href=\"https:\/\/vittalis.ro\/?p=715\"><span style=\"color: #000000; text-decoration: underline;\"><strong>Magneziu bisglicinat: beneficii, propriet\u0103\u021bi \u0219i utiliz\u0103ri esen\u021biale pentru s\u0103n\u0103tate<\/strong><\/span><\/a><\/span><\/p>\n<p>&nbsp;<\/p>\n<p>&nbsp;<\/p>\n","protected":false},"excerpt":{"rendered":"<p><b>Zdrovit multivitamine \u0219i minerale 50+ cu ginseng este o formul\u0103 ideal\u0103 pentru persoanele adulte, recomandat \u00een perioadele solicitante, st\u0103ri de oboseal\u0103 psihic\u0103, epuizare fizic\u0103, tulbur\u0103ri de memorie, convalescen\u021b\u0103, astenie sau pentru a completa dieta zilnic\u0103.<\/b><\/p>\n<p>&nbsp;<\/p>\n<p>&nbsp;<\/p>\n","protected":false},"featured_media":518,"comment_status":"open","ping_status":"closed","template":"","meta":{"_glsr_average":0,"_glsr_ranking":0,"_glsr_reviews":0},"product_brand":[86],"product_cat":[409,15],"product_tag":[108,105,106,103,104,100,102,107,101],"class_list":{"0":"post-517","1":"product","2":"type-product","3":"status-publish","4":"has-post-thumbnail","6":"product_brand-zdrovit","7":"product_cat-imunitate","8":"product_cat-uncategorized","9":"product_tag-complex-vitamine","10":"product_tag-concentrare","11":"product_tag-epuizare","12":"product_tag-ginseng","13":"product_tag-memorie","14":"product_tag-minerale","15":"product_tag-suplimente-alimentare","16":"product_tag-vitalitatre","17":"product_tag-vitamine-si-minerale-pentru-adulti","19":"first","20":"instock","21":"sale","22":"shipping-taxable","23":"purchasable","24":"product-type-simple"},"jetpack_sharing_enabled":true,"jetpack-related-posts":[{"id":1132,"url":"https:\/\/vittalis.ro\/?product=molekin-imuno-30-comprimate-zdrovit-2","url_meta":{"origin":517,"position":0},"title":"Molekin Imuno, 30 comprimate, Zdrovit","author":"denisa","date":"februarie 11, 2026","format":false,"excerpt":"Molekin Imuno este un supliment alimentar cu Vitamina C, Vitamina D3 \u0219i Zinc, conceput pentru a sus\u021bine sistemul imunitar, a proteja celulele de stresul oxidativ \u0219i a sprijini s\u0103n\u0103tatea oaselor \u0219i a mu\u0219chilor. Datorit\u0103 tehnologiei MRS cu eliberare treptat\u0103, asigur\u0103 o absorb\u021bie eficient\u0103 \u0219i de durat\u0103. Este potrivit pentru vegani,\u2026","rel":"","context":"Cu un comentariu","block_context":{"text":"Cu un comentariu","link":"https:\/\/vittalis.ro\/?product=molekin-imuno-30-comprimate-zdrovit-2#comments"},"img":{"alt_text":"Molekin Imuno, 30 comprimate, Zdrovit","src":"https:\/\/i0.wp.com\/vittalis.ro\/wp-content\/uploads\/2026\/02\/27245.webp?resize=350%2C200&ssl=1","width":350,"height":200,"srcset":"https:\/\/i0.wp.com\/vittalis.ro\/wp-content\/uploads\/2026\/02\/27245.webp?resize=350%2C200&ssl=1 1x, https:\/\/i0.wp.com\/vittalis.ro\/wp-content\/uploads\/2026\/02\/27245.webp?resize=525%2C300&ssl=1 1.5x, https:\/\/i0.wp.com\/vittalis.ro\/wp-content\/uploads\/2026\/02\/27245.webp?resize=700%2C400&ssl=1 2x"},"classes":[]},{"id":1146,"url":"https:\/\/vittalis.ro\/?product=super-complex-b-30-capsule-parapharm-2","url_meta":{"origin":517,"position":1},"title":"Super Complex B, 30 capsule, Parapharm","author":"denisa","date":"februarie 11, 2026","format":false,"excerpt":"Super Complex B este un supliment alimentar complet cu vitaminele B1, B2, B3, B5, B6, B9 \u0219i B12, formulat pentru a sus\u021bine energia, func\u021bionarea creierului \u0219i s\u0103n\u0103tatea sistemului cardiovascular. Ajut\u0103 la reducerea oboselii, la reglarea tensiunii arteriale \u0219i la neutralizarea homocisteinei, protej\u00e2nd inima \u0219i vasele de s\u00e2nge. Ideal pentru perioadele\u2026","rel":"","context":"Articol similar","block_context":{"text":"Articol similar","link":""},"img":{"alt_text":"Super Complex B, 30 capsule, Parapharm","src":"https:\/\/i0.wp.com\/vittalis.ro\/wp-content\/uploads\/2026\/02\/super-complex-b-30-capsule_10692_1_16667728817748-1090x1090-1.jpg?resize=350%2C200&ssl=1","width":350,"height":200,"srcset":"https:\/\/i0.wp.com\/vittalis.ro\/wp-content\/uploads\/2026\/02\/super-complex-b-30-capsule_10692_1_16667728817748-1090x1090-1.jpg?resize=350%2C200&ssl=1 1x, https:\/\/i0.wp.com\/vittalis.ro\/wp-content\/uploads\/2026\/02\/super-complex-b-30-capsule_10692_1_16667728817748-1090x1090-1.jpg?resize=525%2C300&ssl=1 1.5x, https:\/\/i0.wp.com\/vittalis.ro\/wp-content\/uploads\/2026\/02\/super-complex-b-30-capsule_10692_1_16667728817748-1090x1090-1.jpg?resize=700%2C400&ssl=1 2x, https:\/\/i0.wp.com\/vittalis.ro\/wp-content\/uploads\/2026\/02\/super-complex-b-30-capsule_10692_1_16667728817748-1090x1090-1.jpg?resize=1050%2C600&ssl=1 3x"},"classes":[]},{"id":1148,"url":"https:\/\/vittalis.ro\/?product=ashwagandha-60-capsule-herbagetica-2","url_meta":{"origin":517,"position":2},"title":"Ashwagandha 60 Capsule, Herbagetica","author":"denisa","date":"februarie 11, 2026","format":false,"excerpt":"Ashwagandha Extract Premium de la Herbagetica este un supliment natural adaptogen, bogat \u00een withanolide \u0219i alcaloizi, care ajut\u0103 organismul s\u0103 fac\u0103 fa\u021b\u0103 stresului \u0219i oboselii. Sus\u021bine s\u0103n\u0103tatea sistemului nervos, echilibreaz\u0103 nivelul de cortizol, \u00eembun\u0103t\u0103\u021be\u0219te starea de calm \u0219i concentrare, cre\u0219te energia \u0219i vitalitatea \u0219i favorizeaz\u0103 un somn odihnitor. Capsule 100%\u2026","rel":"","context":"Articol similar","block_context":{"text":"Articol similar","link":""},"img":{"alt_text":"","src":"https:\/\/i0.wp.com\/vittalis.ro\/wp-content\/uploads\/2025\/12\/1-300x300.png?resize=350%2C200&ssl=1","width":350,"height":200},"classes":[]},{"id":112,"url":"https:\/\/vittalis.ro\/?product=magneziu-bisglicinat-concentrat","url_meta":{"origin":517,"position":3},"title":"Magneziu bisglicinat concentrat, Cosmo Pharm","author":"denisa","date":"decembrie 18, 2025","format":false,"excerpt":"Magneziu Bisglicinat CONCENTRAT este un supliment alimentar cu biodisponibilitate ridicat\u0103, conceput pentru a completa aportul zilnic de magneziu. Magneziul contribuie la reducerea oboselii, la func\u021bionarea normal\u0103 a sistemului muscular \u0219i nervos \u0219i la metabolismul energetic normal. Forma bisglicinat este apreciat\u0103 pentru absorb\u021bia eficient\u0103 \u0219i toleran\u021ba digestiv\u0103 bun\u0103, fiind potrivit\u0103 pentru\u2026","rel":"","context":"Cu 4 comentarii","block_context":{"text":"Cu 4 comentarii","link":"https:\/\/vittalis.ro\/?product=magneziu-bisglicinat-concentrat#comments"},"img":{"alt_text":"MAGNEZIU BISGLICINAT CONCENTRAT","src":"https:\/\/i0.wp.com\/vittalis.ro\/wp-content\/uploads\/2025\/12\/Magneziu-Bisglicinat-30-cps_2024-copy-1.webp?resize=350%2C200&ssl=1","width":350,"height":200,"srcset":"https:\/\/i0.wp.com\/vittalis.ro\/wp-content\/uploads\/2025\/12\/Magneziu-Bisglicinat-30-cps_2024-copy-1.webp?resize=350%2C200&ssl=1 1x, https:\/\/i0.wp.com\/vittalis.ro\/wp-content\/uploads\/2025\/12\/Magneziu-Bisglicinat-30-cps_2024-copy-1.webp?resize=525%2C300&ssl=1 1.5x"},"classes":[]},{"id":1149,"url":"https:\/\/vittalis.ro\/?product=lecitina-forte-30-capsule-parapharm-2","url_meta":{"origin":517,"position":4},"title":"Lecitin\u0103 Forte, 30 capsule, Parapharm","author":"denisa","date":"februarie 11, 2026","format":false,"excerpt":"Lecitina Forte este un supliment natural pe baz\u0103 de lecitin\u0103, bogat\u0103 \u00een colin\u0103 \u0219i inozitol, care sus\u021bine memoria, concentrarea \u0219i func\u021bia creierului. Ajut\u0103 la protejarea celulelor nervoase, reduce oboseala mental\u0103 \u0219i sprijin\u0103 s\u0103n\u0103tatea ficatului prin metabolizarea gr\u0103similor \u0219i reducerea colesterolului \u201er\u0103u\u201d. Este recomandat\u0103 elevilor, studen\u021bilor, adul\u021bilor activi \u0219i persoanelor \u00een\u2026","rel":"","context":"Articol similar","block_context":{"text":"Articol similar","link":""},"img":{"alt_text":"Lecitina Forte, 30 capsule, Parapharm","src":"https:\/\/i0.wp.com\/vittalis.ro\/wp-content\/uploads\/2026\/02\/lecitina-forte-30-capsule-parapharm3619.webp?resize=350%2C200&ssl=1","width":350,"height":200},"classes":[]},{"id":508,"url":"https:\/\/vittalis.ro\/?product=calciu-magneziu-zinc-30-comprimate-filmate","url_meta":{"origin":517,"position":5},"title":"Calciu-Magneziu-Zinc, 30 comprimate filmate","author":"denisa","date":"decembrie 21, 2025","format":false,"excerpt":"Cal+Mag+Zinc capsule contribuie la s\u0103n\u0103tatea pielii, a sistemelor nervos, muscular \u0219i osos, la buna func\u021bionare a prostatei\u00a0 \u0219i a sistemului cardiovascular.","rel":"","context":"Articol similar","block_context":{"text":"Articol similar","link":""},"img":{"alt_text":"Calciu-Magneziu-Zinc, 30 comprimate filmate","src":"https:\/\/i0.wp.com\/vittalis.ro\/wp-content\/uploads\/2025\/12\/Calciu-Magneziu-Zinc-30-Folio-Fata-copy.webp?resize=350%2C200&ssl=1","width":350,"height":200,"srcset":"https:\/\/i0.wp.com\/vittalis.ro\/wp-content\/uploads\/2025\/12\/Calciu-Magneziu-Zinc-30-Folio-Fata-copy.webp?resize=350%2C200&ssl=1 1x, https:\/\/i0.wp.com\/vittalis.ro\/wp-content\/uploads\/2025\/12\/Calciu-Magneziu-Zinc-30-Folio-Fata-copy.webp?resize=525%2C300&ssl=1 1.5x"},"classes":[]}],"post_mailing_queue_ids":[],"_links":{"self":[{"href":"https:\/\/vittalis.ro\/index.php?rest_route=\/wp\/v2\/product\/517","targetHints":{"allow":["GET"]}}],"collection":[{"href":"https:\/\/vittalis.ro\/index.php?rest_route=\/wp\/v2\/product"}],"about":[{"href":"https:\/\/vittalis.ro\/index.php?rest_route=\/wp\/v2\/types\/product"}],"replies":[{"embeddable":true,"href":"https:\/\/vittalis.ro\/index.php?rest_route=%2Fwp%2Fv2%2Fcomments&post=517"}],"wp:featuredmedia":[{"embeddable":true,"href":"https:\/\/vittalis.ro\/index.php?rest_route=\/wp\/v2\/media\/518"}],"wp:attachment":[{"href":"https:\/\/vittalis.ro\/index.php?rest_route=%2Fwp%2Fv2%2Fmedia&parent=517"}],"wp:term":[{"taxonomy":"product_brand","embeddable":true,"href":"https:\/\/vittalis.ro\/index.php?rest_route=%2Fwp%2Fv2%2Fproduct_brand&post=517"},{"taxonomy":"product_cat","embeddable":true,"href":"https:\/\/vittalis.ro\/index.php?rest_route=%2Fwp%2Fv2%2Fproduct_cat&post=517"},{"taxonomy":"product_tag","embeddable":true,"href":"https:\/\/vittalis.ro\/index.php?rest_route=%2Fwp%2Fv2%2Fproduct_tag&post=517"}],"curies":[{"name":"wp","href":"https:\/\/api.w.org\/{rel}","templated":true}]}}