{"id":515,"date":"2025-12-21T11:26:21","date_gmt":"2025-12-21T11:26:21","guid":{"rendered":"https:\/\/vittalis.ro\/?post_type=product&#038;p=515"},"modified":"2026-03-01T12:31:28","modified_gmt":"2026-03-01T12:31:28","slug":"multivitamine-minerale-luteina-56-comprimate","status":"publish","type":"product","link":"https:\/\/vittalis.ro\/?product=multivitamine-minerale-luteina-56-comprimate","title":{"rendered":"Multivitamine \u0219i minerale + Lutein\u0103, 56 comprimate"},"content":{"rendered":"<h4 style=\"text-align: justify;\">Multivitamine \u0219i minerale, \u00eembog\u0103\u021bite cu lutein\u0103 \u0219i rutin, concepute pentru a sus\u021bine s\u0103n\u0103tatea ochilor \u0219i a vaselor sanguine. Aceste ingrediente protejeaz\u0103 \u00eempotriva efectelor nocive ale radicalilor liberi \u0219i contribuie la o circula\u021bie optim\u0103 la nivel ocular.<\/h4>\n<ul style=\"text-align: justify;\" data-start=\"359\" data-end=\"644\">\n<li data-start=\"359\" data-end=\"493\">\n<p data-start=\"361\" data-end=\"493\"><strong data-start=\"361\" data-end=\"371\">Rutin:<\/strong> ajut\u0103 la men\u021binerea flexibilit\u0103\u021bii pere\u021bilor vaselor sanguine, sporind rezisten\u021ba \u0219i reduc\u00e2nd permeabilitatea acestora.<\/p>\n<\/li>\n<li data-start=\"494\" data-end=\"644\">\n<p data-start=\"496\" data-end=\"644\"><strong data-start=\"496\" data-end=\"508\">Lutein\u0103:<\/strong> antioxidant esen\u021bial pentru vedere, contribuie la protec\u021bia ochilor \u00eempotriva radia\u021biilor UV \u0219i sprijin\u0103 circula\u021bia sanguin\u0103 ocular\u0103.<\/p>\n<\/li>\n<\/ul>\n<hr data-start=\"4671\" data-end=\"4674\" \/>\n<h4 style=\"text-align: justify;\" data-start=\"646\" data-end=\"692\"><strong data-start=\"646\" data-end=\"690\">Ingrediente active per comprimat filmat:<\/strong><\/h4>\n<ul style=\"text-align: justify;\" data-start=\"693\" data-end=\"1138\">\n<li data-start=\"693\" data-end=\"725\">\n<p data-start=\"695\" data-end=\"725\">Vitamina C \u2013 60 mg (75% VNR)<\/p>\n<\/li>\n<li data-start=\"726\" data-end=\"758\">\n<p data-start=\"728\" data-end=\"758\">Vitamina E \u2013 12 mg (75% VNR)<\/p>\n<\/li>\n<li data-start=\"759\" data-end=\"787\">\n<p data-start=\"761\" data-end=\"787\">Niacin\u0103 \u2013 9 mg (75% VNR)<\/p>\n<\/li>\n<li data-start=\"788\" data-end=\"826\">\n<p data-start=\"790\" data-end=\"826\">Acid pantotenic \u2013 4,5 mg (75% VNR)<\/p>\n<\/li>\n<li data-start=\"827\" data-end=\"862\">\n<p data-start=\"829\" data-end=\"862\">Vitamina B6 \u2013 1,05 mg (75% VNR)<\/p>\n<\/li>\n<li data-start=\"863\" data-end=\"898\">\n<p data-start=\"865\" data-end=\"898\">Vitamina B2 \u2013 1,05 mg (75% VNR)<\/p>\n<\/li>\n<li data-start=\"899\" data-end=\"935\">\n<p data-start=\"901\" data-end=\"935\">Vitamina B1 \u2013 0,825 mg (75% VNR)<\/p>\n<\/li>\n<li data-start=\"936\" data-end=\"969\">\n<p data-start=\"938\" data-end=\"969\">Acid folic \u2013 150 \u00b5g (75% VNR)<\/p>\n<\/li>\n<li data-start=\"970\" data-end=\"1001\">\n<p data-start=\"972\" data-end=\"1001\">Biotin\u0103 \u2013 37,5 \u00b5g (75% VNR)<\/p>\n<\/li>\n<li data-start=\"1002\" data-end=\"1039\">\n<p data-start=\"1004\" data-end=\"1039\">Vitamina B12 \u2013 1,875 \u00b5g (75% VNR)<\/p>\n<\/li>\n<li data-start=\"1040\" data-end=\"1070\">\n<p data-start=\"1042\" data-end=\"1070\">Fier \u2013 9,9 mg (70,71% VNR)<\/p>\n<\/li>\n<li data-start=\"1071\" data-end=\"1100\">\n<p data-start=\"1073\" data-end=\"1100\">Zinc \u2013 10,6 mg (106% VNR)<\/p>\n<\/li>\n<li data-start=\"1101\" data-end=\"1117\">\n<p data-start=\"1103\" data-end=\"1117\">Rutin \u2013 1 mg<\/p>\n<\/li>\n<li data-start=\"1118\" data-end=\"1138\">\n<p data-start=\"1120\" data-end=\"1138\">Lutein\u0103 \u2013 300 \u00b5g<\/p>\n<\/li>\n<\/ul>\n<p style=\"text-align: justify;\" data-start=\"1140\" data-end=\"1206\">*VNR \u2013 Valoare Nutri\u021bional\u0103 de Referin\u021b\u0103 conform Reg. 1169\/2011<\/p>\n<hr data-start=\"4671\" data-end=\"4674\" \/>\n<p style=\"text-align: justify;\" data-start=\"1208\" data-end=\"1302\"><strong data-start=\"1208\" data-end=\"1232\">Mod de administrare:<\/strong><br data-start=\"1232\" data-end=\"1235\" \/>Se administreaz\u0103 <strong>1 comprimat pe zi<\/strong>, \u00eenghi\u021bit cu suficient lichid.<\/p>\n<hr data-start=\"4671\" data-end=\"4674\" \/>\n<h4 style=\"text-align: justify;\" data-start=\"1304\" data-end=\"1322\"><strong data-start=\"1304\" data-end=\"1320\">Aten\u021bion\u0103ri:<\/strong><\/h4>\n<ul style=\"text-align: justify;\" data-start=\"1323\" data-end=\"1659\">\n<li data-start=\"1323\" data-end=\"1355\">\n<p data-start=\"1325\" data-end=\"1355\">Destinat exclusiv adul\u021bilor.<\/p>\n<\/li>\n<li data-start=\"1356\" data-end=\"1397\">\n<p data-start=\"1358\" data-end=\"1397\">Nu dep\u0103\u0219i\u021bi doza zilnic\u0103 recomandat\u0103.<\/p>\n<\/li>\n<li data-start=\"1398\" data-end=\"1484\">\n<p data-start=\"1400\" data-end=\"1484\">Suplimentele alimentare nu \u00eenlocuiesc o diet\u0103 variat\u0103 \u0219i un stil de via\u021b\u0103 s\u0103n\u0103tos.<\/p>\n<\/li>\n<li data-start=\"1485\" data-end=\"1594\">\n<p data-start=\"1487\" data-end=\"1594\">A se p\u0103stra \u00een ambalajul original, bine \u00eenchis, la temperatura camerei \u0219i ferit de accesul copiilor mici.<\/p>\n<\/li>\n<li data-start=\"1595\" data-end=\"1659\">\n<p data-start=\"1597\" data-end=\"1659\">Nu se administreaz\u0103 femeilor \u00eens\u0103rcinate sau care al\u0103pteaz\u0103.<\/p>\n<\/li>\n<\/ul>\n<hr data-start=\"4671\" data-end=\"4674\" \/>\n<p style=\"text-align: justify;\" data-start=\"1661\" data-end=\"1702\"><strong data-start=\"1661\" data-end=\"1676\">Prezentare:<\/strong><br data-start=\"1676\" data-end=\"1679\" \/>56 comprimate filmate<\/p>\n<p>&nbsp;<\/p>\n<hr data-start=\"4671\" data-end=\"4674\" \/>\n<p style=\"text-align: center;\"><a href=\"https:\/\/www.facebook.com\/profile.php?id=61586010988472\" rel=\"nofollow noopener\" target=\"_blank\"><img decoding=\"async\" class=\"alignnone wp-image-953\" src=\"https:\/\/vittalis.ro\/wp-content\/uploads\/2025\/12\/1-300x300.png\" alt=\"\" width=\"51\" height=\"51\" srcset=\"https:\/\/vittalis.ro\/wp-content\/uploads\/2025\/12\/1-300x300.png 300w, https:\/\/vittalis.ro\/wp-content\/uploads\/2025\/12\/1-150x150.png 150w, https:\/\/vittalis.ro\/wp-content\/uploads\/2025\/12\/1-100x100.png 100w, https:\/\/vittalis.ro\/wp-content\/uploads\/2025\/12\/1-50x50.png 50w, https:\/\/vittalis.ro\/wp-content\/uploads\/2025\/12\/1.png 500w\" sizes=\"(max-width: 51px) 100vw, 51px\" \/><\/a> <a href=\"https:\/\/www.instagram.com\/vittalis.suplimentealimentare?igsh=MTBocHY0cXVta2dlcg%3D%3D\" rel=\"nofollow noopener\" target=\"_blank\"><img decoding=\"async\" class=\"alignnone wp-image-954\" src=\"https:\/\/vittalis.ro\/wp-content\/uploads\/2025\/12\/2-300x300.png\" alt=\"\" width=\"50\" height=\"50\" srcset=\"https:\/\/vittalis.ro\/wp-content\/uploads\/2025\/12\/2-300x300.png 300w, https:\/\/vittalis.ro\/wp-content\/uploads\/2025\/12\/2-150x150.png 150w, https:\/\/vittalis.ro\/wp-content\/uploads\/2025\/12\/2-100x100.png 100w, https:\/\/vittalis.ro\/wp-content\/uploads\/2025\/12\/2-50x50.png 50w, https:\/\/vittalis.ro\/wp-content\/uploads\/2025\/12\/2.png 500w\" sizes=\"(max-width: 50px) 100vw, 50px\" \/><\/a> <a href=\"https:\/\/www.tiktok.com\/@vittalis.ro\"><img decoding=\"async\" class=\"alignnone wp-image-955\" src=\"https:\/\/vittalis.ro\/wp-content\/uploads\/2025\/12\/3-300x300.png\" alt=\"\" width=\"56\" height=\"56\" srcset=\"https:\/\/vittalis.ro\/wp-content\/uploads\/2025\/12\/3-300x300.png 300w, https:\/\/vittalis.ro\/wp-content\/uploads\/2025\/12\/3-150x150.png 150w, https:\/\/vittalis.ro\/wp-content\/uploads\/2025\/12\/3-100x100.png 100w, https:\/\/vittalis.ro\/wp-content\/uploads\/2025\/12\/3-50x50.png 50w, https:\/\/vittalis.ro\/wp-content\/uploads\/2025\/12\/3.png 500w\" sizes=\"(max-width: 56px) 100vw, 56px\" \/><\/a> <a href=\"https:\/\/www.youtube.com\/channel\/UCt7ysxXRoHT4Amyd_FOoegA\" rel=\"nofollow noopener\" target=\"_blank\"><img loading=\"lazy\" decoding=\"async\" class=\"alignnone wp-image-956\" src=\"https:\/\/vittalis.ro\/wp-content\/uploads\/2025\/12\/4-300x300.png\" alt=\"\" width=\"52\" height=\"52\" srcset=\"https:\/\/vittalis.ro\/wp-content\/uploads\/2025\/12\/4-300x300.png 300w, https:\/\/vittalis.ro\/wp-content\/uploads\/2025\/12\/4-150x150.png 150w, https:\/\/vittalis.ro\/wp-content\/uploads\/2025\/12\/4-100x100.png 100w, https:\/\/vittalis.ro\/wp-content\/uploads\/2025\/12\/4-50x50.png 50w, https:\/\/vittalis.ro\/wp-content\/uploads\/2025\/12\/4.png 500w\" sizes=\"(max-width: 52px) 100vw, 52px\" \/><\/a><\/p>\n<hr data-start=\"4671\" data-end=\"4674\" \/>\n<p>&nbsp;<\/p>\n<p><a href=\"https:\/\/vittalis.ro\/?page_id=640\"><img loading=\"lazy\" decoding=\"async\" class=\"alignnone wp-image-960\" src=\"https:\/\/vittalis.ro\/wp-content\/uploads\/2025\/12\/Red-ad-Beige-Bold-Modern-Professional-Business-Pitch-Deck-Presentation-1-300x108.png\" alt=\"\" width=\"165\" height=\"59\" srcset=\"https:\/\/vittalis.ro\/wp-content\/uploads\/2025\/12\/Red-ad-Beige-Bold-Modern-Professional-Business-Pitch-Deck-Presentation-1-300x108.png 300w, https:\/\/vittalis.ro\/wp-content\/uploads\/2025\/12\/Red-ad-Beige-Bold-Modern-Professional-Business-Pitch-Deck-Presentation-1-1024x370.png 1024w, https:\/\/vittalis.ro\/wp-content\/uploads\/2025\/12\/Red-ad-Beige-Bold-Modern-Professional-Business-Pitch-Deck-Presentation-1-768x277.png 768w, https:\/\/vittalis.ro\/wp-content\/uploads\/2025\/12\/Red-ad-Beige-Bold-Modern-Professional-Business-Pitch-Deck-Presentation-1-1536x554.png 1536w, https:\/\/vittalis.ro\/wp-content\/uploads\/2025\/12\/Red-ad-Beige-Bold-Modern-Professional-Business-Pitch-Deck-Presentation-1-1320x476.png 1320w, https:\/\/vittalis.ro\/wp-content\/uploads\/2025\/12\/Red-ad-Beige-Bold-Modern-Professional-Business-Pitch-Deck-Presentation-1-600x217.png 600w, https:\/\/vittalis.ro\/wp-content\/uploads\/2025\/12\/Red-ad-Beige-Bold-Modern-Professional-Business-Pitch-Deck-Presentation-1.png 1920w\" sizes=\"(max-width: 165px) 100vw, 165px\" \/><\/a><\/p>\n<p class=\"entry-title\" style=\"text-align: left;\"><span style=\"text-decoration: underline;\"><strong><span style=\"color: #000000; text-decoration: underline;\"><a style=\"color: #000000; text-decoration: underline;\" href=\"https:\/\/vittalis.ro\/?p=637\">Vitamina C lipozomal\u0103 \u2013 absorb\u021bie superioar\u0103, imunitate puternic\u0103 \u0219i beneficii extinse pentru s\u0103n\u0103tate<\/a><\/span><\/strong><\/span><\/p>\n<p class=\"entry-title\" style=\"text-align: left;\"><span style=\"text-decoration: underline;\"><span style=\"color: #000000; text-decoration: underline;\"><a style=\"color: #000000; text-decoration: underline;\" href=\"https:\/\/vittalis.ro\/?p=617\"><strong>Colagenul \u2013 beneficii, rol \u00een organism, tipuri \u0219i surse naturale<\/strong><\/a><\/span><\/span><\/p>\n<p class=\"entry-title\" style=\"text-align: left;\"><span style=\"text-decoration: underline;\"><a href=\"https:\/\/vittalis.ro\/?p=715\"><span style=\"color: #000000; text-decoration: underline;\"><strong>Magneziu bisglicinat: beneficii, propriet\u0103\u021bi \u0219i utiliz\u0103ri esen\u021biale pentru s\u0103n\u0103tate<\/strong><\/span><\/a><\/span><\/p>\n<p>&nbsp;<\/p>\n","protected":false},"excerpt":{"rendered":"<p><strong>Comprimate cu vitamine \u0219i minerale \u00eembog\u0103\u021bite cu lutein\u0103 \u0219i rutin, cu rolul de a proteja vasele sanguine de ac\u021biunea radicalilor liberi la nivelul ochilor.<\/strong><\/p>\n","protected":false},"featured_media":516,"comment_status":"open","ping_status":"closed","template":"","meta":{"_glsr_average":0,"_glsr_ranking":0,"_glsr_reviews":0},"product_brand":[86],"product_cat":[409,15],"product_tag":[95,100,96,18,97,99,98],"class_list":{"0":"post-515","1":"product","2":"type-product","3":"status-publish","4":"has-post-thumbnail","6":"product_brand-zdrovit","7":"product_cat-imunitate","8":"product_cat-uncategorized","9":"product_tag-luteina","10":"product_tag-minerale","11":"product_tag-ochi","12":"product_tag-supliment-alimentar","13":"product_tag-suplimente","14":"product_tag-vitamina-b","15":"product_tag-vitamine","17":"first","18":"instock","19":"sale","20":"shipping-taxable","21":"purchasable","22":"product-type-simple"},"jetpack_sharing_enabled":true,"jetpack-related-posts":[{"id":1134,"url":"https:\/\/vittalis.ro\/?product=trigliceride-colesterol-optim-30-capsule-parapharm-2","url_meta":{"origin":515,"position":0},"title":"Trigliceride + Colesterol Optim, 30 capsule, Parapharm","author":"denisa","date":"februarie 11, 2026","format":false,"excerpt":"Trigliceride + Colesterol Optim Parapharm este un supliment alimentar pe baz\u0103 de Omega-3 din pe\u0219te oceanic, \u00eembog\u0103\u021bit cu EPA, DHA \u0219i vitamina E. Sus\u021bine s\u0103n\u0103tatea inimii, echilibrul colesterolului \u0219i trigliceridelor, func\u021bia creierului \u0219i capacitatea de concentrare.","rel":"","context":"Articol similar","block_context":{"text":"Articol similar","link":""},"img":{"alt_text":"Trigliceride+ Colesterol Optim, 30 capsule, Parapharm","src":"https:\/\/i0.wp.com\/vittalis.ro\/wp-content\/uploads\/2026\/02\/trigliceride-colesterol-optim-30-capsule-parapharm-9469-1090x1090-1.jpg?resize=350%2C200&ssl=1","width":350,"height":200,"srcset":"https:\/\/i0.wp.com\/vittalis.ro\/wp-content\/uploads\/2026\/02\/trigliceride-colesterol-optim-30-capsule-parapharm-9469-1090x1090-1.jpg?resize=350%2C200&ssl=1 1x, https:\/\/i0.wp.com\/vittalis.ro\/wp-content\/uploads\/2026\/02\/trigliceride-colesterol-optim-30-capsule-parapharm-9469-1090x1090-1.jpg?resize=525%2C300&ssl=1 1.5x, https:\/\/i0.wp.com\/vittalis.ro\/wp-content\/uploads\/2026\/02\/trigliceride-colesterol-optim-30-capsule-parapharm-9469-1090x1090-1.jpg?resize=700%2C400&ssl=1 2x, https:\/\/i0.wp.com\/vittalis.ro\/wp-content\/uploads\/2026\/02\/trigliceride-colesterol-optim-30-capsule-parapharm-9469-1090x1090-1.jpg?resize=1050%2C600&ssl=1 3x"},"classes":[]},{"id":1155,"url":"https:\/\/vittalis.ro\/?product=balsam-puterea-calului-cu-chili-250g-alevia-2","url_meta":{"origin":515,"position":1},"title":"Balsam Puterea Calului cu chili 250g, Alevia","author":"denisa","date":"februarie 11, 2026","format":false,"excerpt":"Alevia Balsam Puterea Calului cu Chili este un balsam cu efect intens de \u00eenc\u0103lzire, pe baz\u0103 de extracte din plante \u0219i ardei iute, care calmeaz\u0103 durerile musculare \u0219i articulare. Stimuleaz\u0103 circula\u021bia periferic\u0103, relaxeaz\u0103 mu\u0219chii \u00eencorda\u021bi \u0219i reduce disconfortul de la nivelul picioarelor \u0219i spatelui. Ideal dup\u0103 efort fizic, pentru febr\u0103\u2026","rel":"","context":"Articol similar","block_context":{"text":"Articol similar","link":""},"img":{"alt_text":"Balsam Puterea Calului cu chili 250g, Alevia","src":"https:\/\/i0.wp.com\/vittalis.ro\/wp-content\/uploads\/2026\/02\/Alevia-Gama-Creme-Puterea-calului-chilli-gel-250ml-800x800px-600x600.jpg.webp?resize=350%2C200&ssl=1","width":350,"height":200,"srcset":"https:\/\/i0.wp.com\/vittalis.ro\/wp-content\/uploads\/2026\/02\/Alevia-Gama-Creme-Puterea-calului-chilli-gel-250ml-800x800px-600x600.jpg.webp?resize=350%2C200&ssl=1 1x, https:\/\/i0.wp.com\/vittalis.ro\/wp-content\/uploads\/2026\/02\/Alevia-Gama-Creme-Puterea-calului-chilli-gel-250ml-800x800px-600x600.jpg.webp?resize=525%2C300&ssl=1 1.5x"},"classes":[]},{"id":1150,"url":"https:\/\/vittalis.ro\/?product=omega-3-cu-ulei-de-peste-parapham","url_meta":{"origin":515,"position":2},"title":"Omega 3 cu ulei de peste, 30 capsule, Parapharm","author":"denisa","date":"februarie 11, 2026","format":false,"excerpt":"Uleiul de pe\u0219te oceanic este o surs\u0103 bogat\u0103 de acizi gra\u0219i esen\u021biali omega 3 (EPA \u0219i DHA), care sus\u021bin s\u0103n\u0103tatea inimii, reduc colesterolul \u0219i trigliceridele \u0219i \u00eembun\u0103t\u0103\u021besc circula\u021bia sanguin\u0103. Contribuie la protec\u021bia vaselor de s\u00e2nge, la func\u021bionarea optim\u0103 a creierului \u0219i la s\u0103n\u0103tatea pielii, fiind util \u00een psoriazis \u0219i scleroz\u0103\u2026","rel":"","context":"Articol similar","block_context":{"text":"Articol similar","link":""},"img":{"alt_text":"Omega 3 cu ulei de peste, 30 capsule, Parapharm","src":"https:\/\/i0.wp.com\/vittalis.ro\/wp-content\/uploads\/2026\/02\/1642467038.webp?resize=350%2C200&ssl=1","width":350,"height":200},"classes":[]},{"id":1132,"url":"https:\/\/vittalis.ro\/?product=molekin-imuno-30-comprimate-zdrovit-2","url_meta":{"origin":515,"position":3},"title":"Molekin Imuno, 30 comprimate, Zdrovit","author":"denisa","date":"februarie 11, 2026","format":false,"excerpt":"Molekin Imuno este un supliment alimentar cu Vitamina C, Vitamina D3 \u0219i Zinc, conceput pentru a sus\u021bine sistemul imunitar, a proteja celulele de stresul oxidativ \u0219i a sprijini s\u0103n\u0103tatea oaselor \u0219i a mu\u0219chilor. Datorit\u0103 tehnologiei MRS cu eliberare treptat\u0103, asigur\u0103 o absorb\u021bie eficient\u0103 \u0219i de durat\u0103. Este potrivit pentru vegani,\u2026","rel":"","context":"Cu un comentariu","block_context":{"text":"Cu un comentariu","link":"https:\/\/vittalis.ro\/?product=molekin-imuno-30-comprimate-zdrovit-2#comments"},"img":{"alt_text":"Molekin Imuno, 30 comprimate, Zdrovit","src":"https:\/\/i0.wp.com\/vittalis.ro\/wp-content\/uploads\/2026\/02\/27245.webp?resize=350%2C200&ssl=1","width":350,"height":200,"srcset":"https:\/\/i0.wp.com\/vittalis.ro\/wp-content\/uploads\/2026\/02\/27245.webp?resize=350%2C200&ssl=1 1x, https:\/\/i0.wp.com\/vittalis.ro\/wp-content\/uploads\/2026\/02\/27245.webp?resize=525%2C300&ssl=1 1.5x, https:\/\/i0.wp.com\/vittalis.ro\/wp-content\/uploads\/2026\/02\/27245.webp?resize=700%2C400&ssl=1 2x"},"classes":[]},{"id":1154,"url":"https:\/\/vittalis.ro\/?product=vitamina-a-10000-ui-30-capsule-parapharm-2","url_meta":{"origin":515,"position":4},"title":"Vitamina A, 10000 Ui, 30 capsule, Parapharm","author":"denisa","date":"februarie 11, 2026","format":false,"excerpt":"Vitamina A 10000 UI \u2013 Parapharm este un supliment alimentar cu vitamina A natural\u0103 din morcovi \u0219i vitamina E, formulat pentru a sus\u021bine s\u0103n\u0103tatea ochilor, pielii \u0219i a sistemului imunitar. Vitamina A contribuie la men\u021binerea vederii normale \u0219i a mucoaselor s\u0103n\u0103toase, iar vitamina E protejeaz\u0103 celulele \u00eempotriva stresului oxidativ. Administrat\u0103\u2026","rel":"","context":"Articol similar","block_context":{"text":"Articol similar","link":""},"img":{"alt_text":"Vitamina A, 10000 Ui, 30 capsule, Parapharm","src":"https:\/\/i0.wp.com\/vittalis.ro\/wp-content\/uploads\/2026\/02\/vitamina-a-10000-ui-30-capsule-parapharm-4228-1090x1090-1.jpg?resize=350%2C200&ssl=1","width":350,"height":200,"srcset":"https:\/\/i0.wp.com\/vittalis.ro\/wp-content\/uploads\/2026\/02\/vitamina-a-10000-ui-30-capsule-parapharm-4228-1090x1090-1.jpg?resize=350%2C200&ssl=1 1x, https:\/\/i0.wp.com\/vittalis.ro\/wp-content\/uploads\/2026\/02\/vitamina-a-10000-ui-30-capsule-parapharm-4228-1090x1090-1.jpg?resize=525%2C300&ssl=1 1.5x, https:\/\/i0.wp.com\/vittalis.ro\/wp-content\/uploads\/2026\/02\/vitamina-a-10000-ui-30-capsule-parapharm-4228-1090x1090-1.jpg?resize=700%2C400&ssl=1 2x, https:\/\/i0.wp.com\/vittalis.ro\/wp-content\/uploads\/2026\/02\/vitamina-a-10000-ui-30-capsule-parapharm-4228-1090x1090-1.jpg?resize=1050%2C600&ssl=1 3x"},"classes":[]},{"id":1136,"url":"https:\/\/vittalis.ro\/?product=propolis-vitamina-c-30-tablete-parapharm-2","url_meta":{"origin":515,"position":5},"title":"Propolis + Vitamina C, 30 tablete, Parapharm","author":"denisa","date":"februarie 11, 2026","format":false,"excerpt":"Propolis \u0219i Vitamina C ParaPharm este un supliment alimentar pentru sus\u021binerea sistemului imunitar, cu efect antioxidant \u0219i protector asupra organismului. Combina\u021bia dintre extractul uscat de propolis, surs\u0103 natural\u0103 de bioflavonoide, \u0219i vitamina C\u00a0 contribuie la cre\u0219terea rezisten\u021bei organismului fa\u021b\u0103 de infec\u021bii, sus\u021bine randamentul fizic \u0219i protejeaz\u0103 celulele \u00eempotriva stresului oxidativ.","rel":"","context":"Articol similar","block_context":{"text":"Articol similar","link":""},"img":{"alt_text":"Propolis + Vitamina C, 30 tablete, Parapharm","src":"https:\/\/i0.wp.com\/vittalis.ro\/wp-content\/uploads\/2026\/02\/1664044781.webp?resize=350%2C200&ssl=1","width":350,"height":200},"classes":[]}],"post_mailing_queue_ids":[],"_links":{"self":[{"href":"https:\/\/vittalis.ro\/index.php?rest_route=\/wp\/v2\/product\/515","targetHints":{"allow":["GET"]}}],"collection":[{"href":"https:\/\/vittalis.ro\/index.php?rest_route=\/wp\/v2\/product"}],"about":[{"href":"https:\/\/vittalis.ro\/index.php?rest_route=\/wp\/v2\/types\/product"}],"replies":[{"embeddable":true,"href":"https:\/\/vittalis.ro\/index.php?rest_route=%2Fwp%2Fv2%2Fcomments&post=515"}],"wp:featuredmedia":[{"embeddable":true,"href":"https:\/\/vittalis.ro\/index.php?rest_route=\/wp\/v2\/media\/516"}],"wp:attachment":[{"href":"https:\/\/vittalis.ro\/index.php?rest_route=%2Fwp%2Fv2%2Fmedia&parent=515"}],"wp:term":[{"taxonomy":"product_brand","embeddable":true,"href":"https:\/\/vittalis.ro\/index.php?rest_route=%2Fwp%2Fv2%2Fproduct_brand&post=515"},{"taxonomy":"product_cat","embeddable":true,"href":"https:\/\/vittalis.ro\/index.php?rest_route=%2Fwp%2Fv2%2Fproduct_cat&post=515"},{"taxonomy":"product_tag","embeddable":true,"href":"https:\/\/vittalis.ro\/index.php?rest_route=%2Fwp%2Fv2%2Fproduct_tag&post=515"}],"curies":[{"name":"wp","href":"https:\/\/api.w.org\/{rel}","templated":true}]}}