{"id":508,"date":"2025-12-21T11:13:03","date_gmt":"2025-12-21T11:13:03","guid":{"rendered":"https:\/\/vittalis.ro\/?post_type=product&#038;p=508"},"modified":"2026-03-01T12:31:47","modified_gmt":"2026-03-01T12:31:47","slug":"calciu-magneziu-zinc-30-comprimate-filmate","status":"publish","type":"product","link":"https:\/\/vittalis.ro\/?product=calciu-magneziu-zinc-30-comprimate-filmate","title":{"rendered":"Calciu-Magneziu-Zinc, 30 comprimate filmate"},"content":{"rendered":"<h3 style=\"text-align: justify;\">Calciu + Magneziu + Zinc este un supliment alimentar special formulat pentru a sus\u021bine s\u0103n\u0103tatea oaselor, a sistemului nervos \u0219i a func\u021bion\u0103rii normale a organismului. Combin\u00e2nd cele trei minerale esen\u021biale \u2013 calciu, magneziu \u0219i zinc.<\/h3>\n<hr data-start=\"617\" data-end=\"620\" \/>\n<h4 style=\"text-align: justify;\" data-start=\"169\" data-end=\"221\"><strong data-start=\"169\" data-end=\"221\">Minerale esen\u021biale pentru s\u0103n\u0103tatea organismului<\/strong><\/h4>\n<p style=\"text-align: justify;\" data-start=\"223\" data-end=\"615\">Cal\u2013Mag\u2013Zinc este un complex mineral care sus\u021bine s\u0103n\u0103tatea pielii \u0219i contribuie la func\u021bionarea normal\u0103 a sistemelor nervos, muscular, osos \u0219i cardiovascular. Formula ajut\u0103 la men\u021binerea echilibrului mental \u0219i a st\u0103rii de calm, fiind util\u0103 \u00een perioadele de efort fizic sau intelectual intens. De asemenea, sprijin\u0103 s\u0103n\u0103tatea sistemului osteoarticular \u0219i contribuie la \u00eent\u0103rirea organismului.<\/p>\n<hr data-start=\"617\" data-end=\"620\" \/>\n<h4 style=\"text-align: justify;\" data-start=\"622\" data-end=\"639\">Contribuie la:<\/h4>\n<ul style=\"text-align: justify;\" data-start=\"640\" data-end=\"1543\">\n<li data-start=\"640\" data-end=\"751\">\n<p data-start=\"642\" data-end=\"751\">Men\u021binerea s\u0103n\u0103t\u0103\u021bii sistemului osos \u0219i a proceselor normale de diviziune celular\u0103 (calciu, magneziu, zinc)<\/p>\n<\/li>\n<li data-start=\"752\" data-end=\"839\">\n<p data-start=\"754\" data-end=\"839\">S\u0103n\u0103tatea din\u021bilor \u0219i func\u021bionarea normal\u0103 a sistemului muscular (calciu, magneziu)<\/p>\n<\/li>\n<li data-start=\"840\" data-end=\"892\">\n<p data-start=\"842\" data-end=\"892\">Metabolismul energetic normal (calciu, magneziu)<\/p>\n<\/li>\n<li data-start=\"893\" data-end=\"987\">\n<p data-start=\"895\" data-end=\"987\">Coagularea normal\u0103 a s\u00e2ngelui, neurotransmisia \u0219i activitatea enzimelor digestive (calciu)<\/p>\n<\/li>\n<li data-start=\"988\" data-end=\"1075\">\n<p data-start=\"990\" data-end=\"1075\">Func\u021bionarea normal\u0103 a sistemului nervos \u0219i men\u021binerea s\u0103n\u0103t\u0103\u021bii psihice (magneziu)<\/p>\n<\/li>\n<li data-start=\"1076\" data-end=\"1163\">\n<p data-start=\"1078\" data-end=\"1163\">Reducerea oboselii \u0219i extenu\u0103rii \u0219i men\u021binerea echilibrului electrolitic (magneziu)<\/p>\n<\/li>\n<li data-start=\"1164\" data-end=\"1241\">\n<p data-start=\"1166\" data-end=\"1241\">Func\u021bionarea normal\u0103 a sistemului imunitar \u0219i a func\u021biei cognitive (zinc)<\/p>\n<\/li>\n<li data-start=\"1242\" data-end=\"1328\">\n<p data-start=\"1244\" data-end=\"1328\">Metabolismul normal al carbohidra\u021bilor, macronutrien\u021bilor \u0219i acizilor gra\u0219i (zinc)<\/p>\n<\/li>\n<li data-start=\"1329\" data-end=\"1408\">\n<p data-start=\"1331\" data-end=\"1408\">Men\u021binerea s\u0103n\u0103t\u0103\u021bii pielii, p\u0103rului, unghiilor \u0219i a vederii normale (zinc)<\/p>\n<\/li>\n<li data-start=\"1409\" data-end=\"1462\">\n<p data-start=\"1411\" data-end=\"1462\">Protejarea celulelor \u00eempotriva stresului oxidativ<\/p>\n<\/li>\n<li data-start=\"1463\" data-end=\"1543\">\n<p data-start=\"1465\" data-end=\"1543\">Reducerea spasmelor musculare, a c\u00e2rceilor \u0219i corectarea caren\u021belor minerale<\/p>\n<\/li>\n<\/ul>\n<p style=\"text-align: justify;\" data-start=\"1545\" data-end=\"1611\">Este eficient \u00een st\u0103ri de oboseal\u0103 fizic\u0103, iritabilitate \u0219i stres.<\/p>\n<hr data-start=\"1613\" data-end=\"1616\" \/>\n<h4 style=\"text-align: justify;\" data-start=\"1618\" data-end=\"1645\">Ingrediente per tablet\u0103:<\/h4>\n<ul style=\"text-align: justify;\" data-start=\"1646\" data-end=\"1867\">\n<li data-start=\"1646\" data-end=\"1724\">\n<p data-start=\"1648\" data-end=\"1724\">Carbonat de calciu \u2013 <strong data-start=\"1669\" data-end=\"1681\">957,9 mg<\/strong>, furniz\u00e2nd <strong data-start=\"1693\" data-end=\"1722\">333,4 mg calciu elemental<\/strong><\/p>\n<\/li>\n<li data-start=\"1725\" data-end=\"1804\">\n<p data-start=\"1727\" data-end=\"1804\">Oxid de magneziu \u2013 <strong data-start=\"1746\" data-end=\"1759\">258,43 mg<\/strong>, furniz\u00e2nd <strong data-start=\"1771\" data-end=\"1802\">133,4 mg magneziu elemental<\/strong><\/p>\n<\/li>\n<li data-start=\"1805\" data-end=\"1867\">\n<p data-start=\"1807\" data-end=\"1867\">Oxid de zinc \u2013 <strong data-start=\"1822\" data-end=\"1832\">6,8 mg<\/strong>, furniz\u00e2nd <strong data-start=\"1844\" data-end=\"1867\">5 mg zinc elemental<\/strong><\/p>\n<\/li>\n<\/ul>\n<p style=\"text-align: justify;\" data-start=\"1869\" data-end=\"1907\"><strong data-start=\"1869\" data-end=\"1907\">Nu con\u021bine alergeni. Zero calorii.<\/strong><\/p>\n<h4 style=\"text-align: justify;\" data-start=\"1909\" data-end=\"1929\">Alte componente:<\/h4>\n<p style=\"text-align: justify;\" data-start=\"1930\" data-end=\"2101\">Celuloz\u0103 microcristalin\u0103, maltodextrin\u0103, croscarmeloz\u0103 sodic\u0103, mono- \u0219i digliceride ale acizilor gra\u0219i, stearat de magneziu, talc, glazur\u0103 farmaceutic\u0103, dioxid de siliciu.<\/p>\n<hr data-start=\"2103\" data-end=\"2106\" \/>\n<h4 style=\"text-align: justify;\" data-start=\"2108\" data-end=\"2131\">Mod de administrare:<\/h4>\n<p style=\"text-align: justify;\" data-start=\"2132\" data-end=\"2161\">1\u20133 tablete pe zi, dup\u0103 mese.<\/p>\n<hr data-start=\"2163\" data-end=\"2166\" \/>\n<h4 style=\"text-align: justify;\" data-start=\"2168\" data-end=\"2181\">Precau\u021bii:<\/h4>\n<p style=\"text-align: justify;\" data-start=\"2182\" data-end=\"2390\">Suplimentele alimentare nu \u00eenlocuiesc o diet\u0103 variat\u0103 \u0219i echilibrat\u0103 \u0219i un stil de via\u021b\u0103 s\u0103n\u0103tos.<br data-start=\"2279\" data-end=\"2282\" \/>A nu se dep\u0103\u0219i doza recomandat\u0103 pentru consumul zilnic.<br data-start=\"2337\" data-end=\"2340\" \/>A nu se l\u0103sa la \u00eendem\u00e2na \u0219i vederea copiilor mici.<\/p>\n<hr data-start=\"2392\" data-end=\"2395\" \/>\n<h4 style=\"text-align: justify;\" data-start=\"2397\" data-end=\"2411\">Prezentare:<\/h4>\n<p style=\"text-align: justify;\" data-start=\"2412\" data-end=\"2436\">Flacon cu <strong data-start=\"2422\" data-end=\"2436\">30 tablete<\/strong><\/p>\n<p>&nbsp;<\/p>\n<hr data-start=\"4671\" data-end=\"4674\" \/>\n<p style=\"text-align: center;\"><a href=\"https:\/\/www.facebook.com\/profile.php?id=61586010988472\" rel=\"nofollow noopener\" target=\"_blank\"><img decoding=\"async\" class=\"alignnone wp-image-953\" src=\"https:\/\/vittalis.ro\/wp-content\/uploads\/2025\/12\/1-300x300.png\" alt=\"\" width=\"51\" height=\"51\" srcset=\"https:\/\/vittalis.ro\/wp-content\/uploads\/2025\/12\/1-300x300.png 300w, https:\/\/vittalis.ro\/wp-content\/uploads\/2025\/12\/1-150x150.png 150w, https:\/\/vittalis.ro\/wp-content\/uploads\/2025\/12\/1-100x100.png 100w, https:\/\/vittalis.ro\/wp-content\/uploads\/2025\/12\/1-50x50.png 50w, https:\/\/vittalis.ro\/wp-content\/uploads\/2025\/12\/1.png 500w\" sizes=\"(max-width: 51px) 100vw, 51px\" \/><\/a> <a href=\"https:\/\/www.instagram.com\/vittalis.suplimentealimentare?igsh=MTBocHY0cXVta2dlcg%3D%3D\" rel=\"nofollow noopener\" target=\"_blank\"><img decoding=\"async\" class=\"alignnone wp-image-954\" src=\"https:\/\/vittalis.ro\/wp-content\/uploads\/2025\/12\/2-300x300.png\" alt=\"\" width=\"50\" height=\"50\" srcset=\"https:\/\/vittalis.ro\/wp-content\/uploads\/2025\/12\/2-300x300.png 300w, https:\/\/vittalis.ro\/wp-content\/uploads\/2025\/12\/2-150x150.png 150w, https:\/\/vittalis.ro\/wp-content\/uploads\/2025\/12\/2-100x100.png 100w, https:\/\/vittalis.ro\/wp-content\/uploads\/2025\/12\/2-50x50.png 50w, https:\/\/vittalis.ro\/wp-content\/uploads\/2025\/12\/2.png 500w\" sizes=\"(max-width: 50px) 100vw, 50px\" \/><\/a> <a href=\"https:\/\/www.tiktok.com\/@vittalis.ro\"><img decoding=\"async\" class=\"alignnone wp-image-955\" src=\"https:\/\/vittalis.ro\/wp-content\/uploads\/2025\/12\/3-300x300.png\" alt=\"\" width=\"56\" height=\"56\" srcset=\"https:\/\/vittalis.ro\/wp-content\/uploads\/2025\/12\/3-300x300.png 300w, https:\/\/vittalis.ro\/wp-content\/uploads\/2025\/12\/3-150x150.png 150w, https:\/\/vittalis.ro\/wp-content\/uploads\/2025\/12\/3-100x100.png 100w, https:\/\/vittalis.ro\/wp-content\/uploads\/2025\/12\/3-50x50.png 50w, https:\/\/vittalis.ro\/wp-content\/uploads\/2025\/12\/3.png 500w\" sizes=\"(max-width: 56px) 100vw, 56px\" \/><\/a> <a href=\"https:\/\/www.youtube.com\/channel\/UCt7ysxXRoHT4Amyd_FOoegA\" rel=\"nofollow noopener\" target=\"_blank\"><img loading=\"lazy\" decoding=\"async\" class=\"alignnone wp-image-956\" src=\"https:\/\/vittalis.ro\/wp-content\/uploads\/2025\/12\/4-300x300.png\" alt=\"\" width=\"52\" height=\"52\" srcset=\"https:\/\/vittalis.ro\/wp-content\/uploads\/2025\/12\/4-300x300.png 300w, https:\/\/vittalis.ro\/wp-content\/uploads\/2025\/12\/4-150x150.png 150w, https:\/\/vittalis.ro\/wp-content\/uploads\/2025\/12\/4-100x100.png 100w, https:\/\/vittalis.ro\/wp-content\/uploads\/2025\/12\/4-50x50.png 50w, https:\/\/vittalis.ro\/wp-content\/uploads\/2025\/12\/4.png 500w\" sizes=\"(max-width: 52px) 100vw, 52px\" \/><\/a><\/p>\n<hr data-start=\"4671\" data-end=\"4674\" \/>\n<p>&nbsp;<\/p>\n<p><a href=\"https:\/\/vittalis.ro\/?page_id=640\"><img loading=\"lazy\" decoding=\"async\" class=\"alignnone wp-image-960\" src=\"https:\/\/vittalis.ro\/wp-content\/uploads\/2025\/12\/Red-ad-Beige-Bold-Modern-Professional-Business-Pitch-Deck-Presentation-1-300x108.png\" alt=\"\" width=\"165\" height=\"59\" srcset=\"https:\/\/vittalis.ro\/wp-content\/uploads\/2025\/12\/Red-ad-Beige-Bold-Modern-Professional-Business-Pitch-Deck-Presentation-1-300x108.png 300w, https:\/\/vittalis.ro\/wp-content\/uploads\/2025\/12\/Red-ad-Beige-Bold-Modern-Professional-Business-Pitch-Deck-Presentation-1-1024x370.png 1024w, https:\/\/vittalis.ro\/wp-content\/uploads\/2025\/12\/Red-ad-Beige-Bold-Modern-Professional-Business-Pitch-Deck-Presentation-1-768x277.png 768w, https:\/\/vittalis.ro\/wp-content\/uploads\/2025\/12\/Red-ad-Beige-Bold-Modern-Professional-Business-Pitch-Deck-Presentation-1-1536x554.png 1536w, https:\/\/vittalis.ro\/wp-content\/uploads\/2025\/12\/Red-ad-Beige-Bold-Modern-Professional-Business-Pitch-Deck-Presentation-1-1320x476.png 1320w, https:\/\/vittalis.ro\/wp-content\/uploads\/2025\/12\/Red-ad-Beige-Bold-Modern-Professional-Business-Pitch-Deck-Presentation-1-600x217.png 600w, https:\/\/vittalis.ro\/wp-content\/uploads\/2025\/12\/Red-ad-Beige-Bold-Modern-Professional-Business-Pitch-Deck-Presentation-1.png 1920w\" sizes=\"(max-width: 165px) 100vw, 165px\" \/><\/a><\/p>\n<p class=\"entry-title\" style=\"text-align: left;\"><span style=\"text-decoration: underline;\"><strong><span style=\"color: #000000; text-decoration: underline;\"><a style=\"color: #000000; text-decoration: underline;\" href=\"https:\/\/vittalis.ro\/?p=637\">Vitamina C lipozomal\u0103 \u2013 absorb\u021bie superioar\u0103, imunitate puternic\u0103 \u0219i beneficii extinse pentru s\u0103n\u0103tate<\/a><\/span><\/strong><\/span><\/p>\n<p class=\"entry-title\" style=\"text-align: left;\"><span style=\"text-decoration: underline;\"><span style=\"color: #000000; text-decoration: underline;\"><a style=\"color: #000000; text-decoration: underline;\" href=\"https:\/\/vittalis.ro\/?p=617\"><strong>Colagenul \u2013 beneficii, rol \u00een organism, tipuri \u0219i surse naturale<\/strong><\/a><\/span><\/span><\/p>\n<p class=\"entry-title\" style=\"text-align: left;\"><span style=\"text-decoration: underline;\"><a href=\"https:\/\/vittalis.ro\/?p=715\"><span style=\"color: #000000; text-decoration: underline;\"><strong>Magneziu bisglicinat: beneficii, propriet\u0103\u021bi \u0219i utiliz\u0103ri esen\u021biale pentru s\u0103n\u0103tate<\/strong><\/span><\/a><\/span><\/p>\n<p>&nbsp;<\/p>\n","protected":false},"excerpt":{"rendered":"<p><strong>Cal+Mag+Zinc capsule contribuie la s\u0103n\u0103tatea pielii, a sistemelor nervos, muscular \u0219i osos, la buna func\u021bionare a prostatei\u00a0 \u0219i a sistemului cardiovascular.<\/strong><\/p>\n","protected":false},"featured_media":509,"comment_status":"open","ping_status":"closed","template":"","meta":{"_glsr_average":0,"_glsr_ranking":0,"_glsr_reviews":0},"product_brand":[49],"product_cat":[408],"product_tag":[78,85,83,82,84,81,80,79],"class_list":{"0":"post-508","1":"product","2":"type-product","3":"status-publish","4":"has-post-thumbnail","6":"product_brand-cosmo-pharm","7":"product_cat-articulatii","8":"product_tag-calciu-magneziu-zinc","9":"product_tag-dureri-de-spate","10":"product_tag-muschi","11":"product_tag-oase","12":"product_tag-oase-puternice","13":"product_tag-osteoporoza","14":"product_tag-supliment-osos","15":"product_tag-vitamine-pentru-oase","17":"first","18":"instock","19":"sale","20":"shipping-taxable","21":"purchasable","22":"product-type-simple"},"jetpack_sharing_enabled":true,"jetpack-related-posts":[{"id":1133,"url":"https:\/\/vittalis.ro\/?product=biozinc-forte-parapharm-30-capsule","url_meta":{"origin":508,"position":0},"title":"Biozinc Forte, Parapharm, 30 capsule","author":"denisa","date":"februarie 11, 2026","format":false,"excerpt":"Biozinc Forte Parapharm este un supliment alimentar cu zinc sub form\u0103 de picolinat, cu biodisponibilitate crescut\u0103, care sus\u021bine imunitatea, func\u021bia cognitiv\u0103, fertilitatea, s\u0103n\u0103tatea pielii, p\u0103rului \u0219i unghiilor, precum \u0219i metabolismul normal al organismului. Ideal pentru men\u021binerea echilibrului \u0219i vitalit\u0103\u021bii zilnice.","rel":"","context":"Articol similar","block_context":{"text":"Articol similar","link":""},"img":{"alt_text":"Biozinc Forte, Parapharm, 30 capsule","src":"https:\/\/i0.wp.com\/vittalis.ro\/wp-content\/uploads\/2026\/02\/biozinc-forte-30-capsule_10634_1_16666814776794-1090x1090-1.jpg?resize=350%2C200&ssl=1","width":350,"height":200,"srcset":"https:\/\/i0.wp.com\/vittalis.ro\/wp-content\/uploads\/2026\/02\/biozinc-forte-30-capsule_10634_1_16666814776794-1090x1090-1.jpg?resize=350%2C200&ssl=1 1x, https:\/\/i0.wp.com\/vittalis.ro\/wp-content\/uploads\/2026\/02\/biozinc-forte-30-capsule_10634_1_16666814776794-1090x1090-1.jpg?resize=525%2C300&ssl=1 1.5x, https:\/\/i0.wp.com\/vittalis.ro\/wp-content\/uploads\/2026\/02\/biozinc-forte-30-capsule_10634_1_16666814776794-1090x1090-1.jpg?resize=700%2C400&ssl=1 2x, https:\/\/i0.wp.com\/vittalis.ro\/wp-content\/uploads\/2026\/02\/biozinc-forte-30-capsule_10634_1_16666814776794-1090x1090-1.jpg?resize=1050%2C600&ssl=1 3x"},"classes":[]},{"id":1125,"url":"https:\/\/vittalis.ro\/?product=vitamina-d-2400-30-capsule-parapharm-2","url_meta":{"origin":508,"position":1},"title":"Vitamina D 2400, 30 capsule, Parapharm","author":"denisa","date":"februarie 10, 2026","format":false,"excerpt":"Vitamina D 2400 UI Parapharm sus\u021bine s\u0103n\u0103tatea oaselor, a mu\u0219chilor \u0219i a din\u021bilor, contribuie la func\u021bionarea normal\u0103 a sistemului imunitar \u0219i protejeaz\u0103 celulele \u00eempotriva stresului oxidativ. Fiecare capsul\u0103 con\u021bine colecalciferol, vitamina E \u0219i ulei de rapi\u021b\u0103, pentru o absorb\u021bie optim\u0103. Se recomand\u0103 o capsul\u0103 pe zi, dup\u0103 mas\u0103, fiind ideal\u0103\u2026","rel":"","context":"Articol similar","block_context":{"text":"Articol similar","link":""},"img":{"alt_text":"Vitamina D 2400, 30 capsule, Parapharm","src":"https:\/\/i0.wp.com\/vittalis.ro\/wp-content\/uploads\/2026\/02\/vitamina-d-2400-30-capsule-parapharm.webp?resize=350%2C200&ssl=1","width":350,"height":200,"srcset":"https:\/\/i0.wp.com\/vittalis.ro\/wp-content\/uploads\/2026\/02\/vitamina-d-2400-30-capsule-parapharm.webp?resize=350%2C200&ssl=1 1x, https:\/\/i0.wp.com\/vittalis.ro\/wp-content\/uploads\/2026\/02\/vitamina-d-2400-30-capsule-parapharm.webp?resize=525%2C300&ssl=1 1.5x, https:\/\/i0.wp.com\/vittalis.ro\/wp-content\/uploads\/2026\/02\/vitamina-d-2400-30-capsule-parapharm.webp?resize=700%2C400&ssl=1 2x"},"classes":[]},{"id":1132,"url":"https:\/\/vittalis.ro\/?product=molekin-imuno-30-comprimate-zdrovit-2","url_meta":{"origin":508,"position":2},"title":"Molekin Imuno, 30 comprimate, Zdrovit","author":"denisa","date":"februarie 11, 2026","format":false,"excerpt":"Molekin Imuno este un supliment alimentar cu Vitamina C, Vitamina D3 \u0219i Zinc, conceput pentru a sus\u021bine sistemul imunitar, a proteja celulele de stresul oxidativ \u0219i a sprijini s\u0103n\u0103tatea oaselor \u0219i a mu\u0219chilor. Datorit\u0103 tehnologiei MRS cu eliberare treptat\u0103, asigur\u0103 o absorb\u021bie eficient\u0103 \u0219i de durat\u0103. Este potrivit pentru vegani,\u2026","rel":"","context":"Cu un comentariu","block_context":{"text":"Cu un comentariu","link":"https:\/\/vittalis.ro\/?product=molekin-imuno-30-comprimate-zdrovit-2#comments"},"img":{"alt_text":"Molekin Imuno, 30 comprimate, Zdrovit","src":"https:\/\/i0.wp.com\/vittalis.ro\/wp-content\/uploads\/2026\/02\/27245.webp?resize=350%2C200&ssl=1","width":350,"height":200,"srcset":"https:\/\/i0.wp.com\/vittalis.ro\/wp-content\/uploads\/2026\/02\/27245.webp?resize=350%2C200&ssl=1 1x, https:\/\/i0.wp.com\/vittalis.ro\/wp-content\/uploads\/2026\/02\/27245.webp?resize=525%2C300&ssl=1 1.5x, https:\/\/i0.wp.com\/vittalis.ro\/wp-content\/uploads\/2026\/02\/27245.webp?resize=700%2C400&ssl=1 2x"},"classes":[]},{"id":112,"url":"https:\/\/vittalis.ro\/?product=magneziu-bisglicinat-concentrat","url_meta":{"origin":508,"position":3},"title":"Magneziu bisglicinat concentrat, Cosmo Pharm","author":"denisa","date":"decembrie 18, 2025","format":false,"excerpt":"Magneziu Bisglicinat CONCENTRAT este un supliment alimentar cu biodisponibilitate ridicat\u0103, conceput pentru a completa aportul zilnic de magneziu. Magneziul contribuie la reducerea oboselii, la func\u021bionarea normal\u0103 a sistemului muscular \u0219i nervos \u0219i la metabolismul energetic normal. Forma bisglicinat este apreciat\u0103 pentru absorb\u021bia eficient\u0103 \u0219i toleran\u021ba digestiv\u0103 bun\u0103, fiind potrivit\u0103 pentru\u2026","rel":"","context":"Cu 4 comentarii","block_context":{"text":"Cu 4 comentarii","link":"https:\/\/vittalis.ro\/?product=magneziu-bisglicinat-concentrat#comments"},"img":{"alt_text":"MAGNEZIU BISGLICINAT CONCENTRAT","src":"https:\/\/i0.wp.com\/vittalis.ro\/wp-content\/uploads\/2025\/12\/Magneziu-Bisglicinat-30-cps_2024-copy-1.webp?resize=350%2C200&ssl=1","width":350,"height":200,"srcset":"https:\/\/i0.wp.com\/vittalis.ro\/wp-content\/uploads\/2025\/12\/Magneziu-Bisglicinat-30-cps_2024-copy-1.webp?resize=350%2C200&ssl=1 1x, https:\/\/i0.wp.com\/vittalis.ro\/wp-content\/uploads\/2025\/12\/Magneziu-Bisglicinat-30-cps_2024-copy-1.webp?resize=525%2C300&ssl=1 1.5x"},"classes":[]},{"id":1146,"url":"https:\/\/vittalis.ro\/?product=super-complex-b-30-capsule-parapharm-2","url_meta":{"origin":508,"position":4},"title":"Super Complex B, 30 capsule, Parapharm","author":"denisa","date":"februarie 11, 2026","format":false,"excerpt":"Super Complex B este un supliment alimentar complet cu vitaminele B1, B2, B3, B5, B6, B9 \u0219i B12, formulat pentru a sus\u021bine energia, func\u021bionarea creierului \u0219i s\u0103n\u0103tatea sistemului cardiovascular. Ajut\u0103 la reducerea oboselii, la reglarea tensiunii arteriale \u0219i la neutralizarea homocisteinei, protej\u00e2nd inima \u0219i vasele de s\u00e2nge. Ideal pentru perioadele\u2026","rel":"","context":"Articol similar","block_context":{"text":"Articol similar","link":""},"img":{"alt_text":"Super Complex B, 30 capsule, Parapharm","src":"https:\/\/i0.wp.com\/vittalis.ro\/wp-content\/uploads\/2026\/02\/super-complex-b-30-capsule_10692_1_16667728817748-1090x1090-1.jpg?resize=350%2C200&ssl=1","width":350,"height":200,"srcset":"https:\/\/i0.wp.com\/vittalis.ro\/wp-content\/uploads\/2026\/02\/super-complex-b-30-capsule_10692_1_16667728817748-1090x1090-1.jpg?resize=350%2C200&ssl=1 1x, https:\/\/i0.wp.com\/vittalis.ro\/wp-content\/uploads\/2026\/02\/super-complex-b-30-capsule_10692_1_16667728817748-1090x1090-1.jpg?resize=525%2C300&ssl=1 1.5x, https:\/\/i0.wp.com\/vittalis.ro\/wp-content\/uploads\/2026\/02\/super-complex-b-30-capsule_10692_1_16667728817748-1090x1090-1.jpg?resize=700%2C400&ssl=1 2x, https:\/\/i0.wp.com\/vittalis.ro\/wp-content\/uploads\/2026\/02\/super-complex-b-30-capsule_10692_1_16667728817748-1090x1090-1.jpg?resize=1050%2C600&ssl=1 3x"},"classes":[]},{"id":1147,"url":"https:\/\/vittalis.ro\/?product=fiervitamina-chistidinaacid-folic-doppelherz","url_meta":{"origin":508,"position":5},"title":"Fier+Vitamina C+Histidina+Acid folic, 30 comprimate, Doppelherz","author":"denisa","date":"februarie 11, 2026","format":false,"excerpt":"Doppelherz aktiv Fier + C + Histidin\u0103 + Acid folic este un supliment complex care sus\u021bine formarea globulelor ro\u0219ii, transportul oxigenului \u0219i nivelul de energie. Fierul, \u00eempreun\u0103 cu vitamina C, are absorb\u021bie optim\u0103, iar acidul folic \u0219i vitamina B12 sprijin\u0103 s\u0103n\u0103tatea s\u00e2ngelui \u0219i a sistemului nervos. Histidina completeaz\u0103 formula prin\u2026","rel":"","context":"Articol similar","block_context":{"text":"Articol similar","link":""},"img":{"alt_text":"Fier+Vitamina C+Histidina+Acid folic, 30 comprimate, Doppelherz","src":"https:\/\/i0.wp.com\/vittalis.ro\/wp-content\/uploads\/2026\/02\/doppelherz-aktiv-fier-2b-c-2b-histidina-2b-acid-folic-30-comprimate_7753_1_1648207687-1090x1090h.jpg?resize=350%2C200&ssl=1","width":350,"height":200,"srcset":"https:\/\/i0.wp.com\/vittalis.ro\/wp-content\/uploads\/2026\/02\/doppelherz-aktiv-fier-2b-c-2b-histidina-2b-acid-folic-30-comprimate_7753_1_1648207687-1090x1090h.jpg?resize=350%2C200&ssl=1 1x, https:\/\/i0.wp.com\/vittalis.ro\/wp-content\/uploads\/2026\/02\/doppelherz-aktiv-fier-2b-c-2b-histidina-2b-acid-folic-30-comprimate_7753_1_1648207687-1090x1090h.jpg?resize=525%2C300&ssl=1 1.5x, https:\/\/i0.wp.com\/vittalis.ro\/wp-content\/uploads\/2026\/02\/doppelherz-aktiv-fier-2b-c-2b-histidina-2b-acid-folic-30-comprimate_7753_1_1648207687-1090x1090h.jpg?resize=700%2C400&ssl=1 2x, https:\/\/i0.wp.com\/vittalis.ro\/wp-content\/uploads\/2026\/02\/doppelherz-aktiv-fier-2b-c-2b-histidina-2b-acid-folic-30-comprimate_7753_1_1648207687-1090x1090h.jpg?resize=1050%2C600&ssl=1 3x"},"classes":[]}],"post_mailing_queue_ids":[],"_links":{"self":[{"href":"https:\/\/vittalis.ro\/index.php?rest_route=\/wp\/v2\/product\/508","targetHints":{"allow":["GET"]}}],"collection":[{"href":"https:\/\/vittalis.ro\/index.php?rest_route=\/wp\/v2\/product"}],"about":[{"href":"https:\/\/vittalis.ro\/index.php?rest_route=\/wp\/v2\/types\/product"}],"replies":[{"embeddable":true,"href":"https:\/\/vittalis.ro\/index.php?rest_route=%2Fwp%2Fv2%2Fcomments&post=508"}],"wp:featuredmedia":[{"embeddable":true,"href":"https:\/\/vittalis.ro\/index.php?rest_route=\/wp\/v2\/media\/509"}],"wp:attachment":[{"href":"https:\/\/vittalis.ro\/index.php?rest_route=%2Fwp%2Fv2%2Fmedia&parent=508"}],"wp:term":[{"taxonomy":"product_brand","embeddable":true,"href":"https:\/\/vittalis.ro\/index.php?rest_route=%2Fwp%2Fv2%2Fproduct_brand&post=508"},{"taxonomy":"product_cat","embeddable":true,"href":"https:\/\/vittalis.ro\/index.php?rest_route=%2Fwp%2Fv2%2Fproduct_cat&post=508"},{"taxonomy":"product_tag","embeddable":true,"href":"https:\/\/vittalis.ro\/index.php?rest_route=%2Fwp%2Fv2%2Fproduct_tag&post=508"}],"curies":[{"name":"wp","href":"https:\/\/api.w.org\/{rel}","templated":true}]}}