{"id":502,"date":"2025-12-21T10:59:53","date_gmt":"2025-12-21T10:59:53","guid":{"rendered":"https:\/\/vittalis.ro\/?post_type=product&#038;p=502"},"modified":"2026-03-01T12:32:19","modified_gmt":"2026-03-01T12:32:19","slug":"probiotic-pentru-refacerea-florei-intestinale","status":"publish","type":"product","link":"https:\/\/vittalis.ro\/?product=probiotic-pentru-refacerea-florei-intestinale","title":{"rendered":"Probiotic Complex \u2013 Probiotice naturale pentru refacerea florei intestinale"},"content":{"rendered":"<p style=\"text-align: justify;\" data-start=\"248\" data-end=\"647\"><strong data-start=\"248\" data-end=\"269\">PROBIOTIC Complex<\/strong> este un supliment alimentar formulat pentru sus\u021binerea optim\u0103 a sistemului digestiv, realizat dintr-un amestec echilibrat de <strong data-start=\"395\" data-end=\"429\">5 tulpini de bacterii benefice<\/strong> din genurile <em data-start=\"443\" data-end=\"458\">Lactobacillus<\/em> \u0219i <em data-start=\"462\" data-end=\"479\">Bifidobacterium<\/em>. Aceste bacterii \u201eprietenoase\u201d joac\u0103 un rol esen\u021bial \u00een men\u021binerea s\u0103n\u0103t\u0103\u021bii \u0219i echilibrului florei intestinale, contribuind totodat\u0103 la \u00eent\u0103rirea sistemului imunitar.<\/p>\n<p style=\"text-align: justify;\" data-start=\"649\" data-end=\"1096\">Probioticele sunt microorganisme vii care fac parte din flora intestinal\u0103 normal\u0103. Aceasta faciliteaz\u0103 absorb\u021bia nutrien\u021bilor, particip\u0103 la sinteza vitaminelor \u0219i ac\u021bioneaz\u0103 ca o barier\u0103 natural\u0103 \u00eempotriva agen\u021bilor patogeni. Dezechilibrele florei intestinale pot ap\u0103rea ca urmare a unei alimenta\u021bii necorespunz\u0103toare, a administr\u0103rii de antibiotice sau alte medicamente, a infec\u021biilor intestinale, stresului sau procesului natural de \u00eemb\u0103tr\u00e2nire.<\/p>\n<p style=\"text-align: justify;\" data-start=\"1098\" data-end=\"1616\">Aportul suplimentar de probiotice este necesar pentru refacerea \u0219i men\u021binerea s\u0103n\u0103t\u0103\u021bii intestinale, av\u00e2nd efecte benefice multiple: reglarea tranzitului intestinal, sus\u021binerea imunit\u0103\u021bii, prevenirea infec\u021biilor tractului digestiv (inclusiv cele asociate cu <em data-start=\"1356\" data-end=\"1377\">Helicobacter pylori<\/em>), precum \u0219i a infec\u021biilor uro-genitale. De asemenea, PROBIOTIC Complex contribuie la reducerea reac\u021biilor inflamatorii sau alergice \u0219i la ameliorarea intoleran\u021bei la lactoz\u0103, \u00eembun\u0103t\u0103\u021bind starea general\u0103 de s\u0103n\u0103tate \u0219i confortul digestiv.<\/p>\n<p style=\"text-align: justify;\" data-start=\"1618\" data-end=\"1847\">Tehnologia avansat\u0103 de <strong data-start=\"1641\" data-end=\"1681\">micro\u00eencapsulare cu capsule enterice<\/strong> (patent exclusiv) asigur\u0103 protec\u021bia probioticelor \u00eempotriva acidit\u0103\u021bii gastrice, garant\u00e2nd supravie\u021buirea acestora p\u00e2n\u0103 la nivel intestinal, pentru eficien\u021b\u0103 maxim\u0103.<\/p>\n<hr data-start=\"1849\" data-end=\"1852\" \/>\n<h3 style=\"text-align: justify;\" data-start=\"1854\" data-end=\"1876\">Efecte \u0219i Beneficii<\/h3>\n<h4 style=\"text-align: justify;\" data-start=\"1878\" data-end=\"1914\">1. Flor\u0103 intestinal\u0103 echilibrat\u0103<\/h4>\n<ul style=\"text-align: justify;\" data-start=\"1915\" data-end=\"2204\">\n<li data-start=\"1915\" data-end=\"1973\">\n<p data-start=\"1917\" data-end=\"1973\">Contribuie la echilibrarea florei intestinale naturale<\/p>\n<\/li>\n<li data-start=\"1974\" data-end=\"2041\">\n<p data-start=\"1976\" data-end=\"2041\">Protejeaz\u0103 flora \u00een timpul \u0219i dup\u0103 administrarea antibioticelor<\/p>\n<\/li>\n<li data-start=\"2042\" data-end=\"2092\">\n<p data-start=\"2044\" data-end=\"2092\">Ajut\u0103 la refacerea florei intestinale afectate<\/p>\n<\/li>\n<li data-start=\"2093\" data-end=\"2126\">\n<p data-start=\"2095\" data-end=\"2126\">Regleaz\u0103 tranzitul intestinal<\/p>\n<\/li>\n<li data-start=\"2127\" data-end=\"2170\">\n<p data-start=\"2129\" data-end=\"2170\">Sus\u021bine absorb\u021bia optim\u0103 a nutrien\u021bilor<\/p>\n<\/li>\n<li data-start=\"2171\" data-end=\"2204\">\n<p data-start=\"2173\" data-end=\"2204\">Reduce intoleran\u021ba la lactoz\u0103<\/p>\n<\/li>\n<\/ul>\n<h4 style=\"text-align: justify;\" data-start=\"2206\" data-end=\"2245\">2. Ac\u021biune antiinfec\u021bioas\u0103 complex\u0103<\/h4>\n<p style=\"text-align: justify;\" data-start=\"2246\" data-end=\"2278\"><strong data-start=\"2246\" data-end=\"2267\">PROBIOTIC Complex<\/strong> are efect:<\/p>\n<ul style=\"text-align: justify;\" data-start=\"2279\" data-end=\"2614\">\n<li data-start=\"2279\" data-end=\"2336\">\n<p data-start=\"2281\" data-end=\"2336\">antiinfec\u021bios, antiviral, antifungic \u0219i antiparazitar<\/p>\n<\/li>\n<li data-start=\"2337\" data-end=\"2390\">\n<p data-start=\"2339\" data-end=\"2390\">stimuleaz\u0103 producerea de substan\u021be antimicrobiene<\/p>\n<\/li>\n<li data-start=\"2391\" data-end=\"2429\">\n<p data-start=\"2393\" data-end=\"2429\">contribuie la cre\u0219terea imunit\u0103\u021bii<\/p>\n<\/li>\n<li data-start=\"2430\" data-end=\"2490\">\n<p data-start=\"2432\" data-end=\"2490\">sus\u021bine mecanismele naturale de ap\u0103rare ale organismului<\/p>\n<\/li>\n<li data-start=\"2491\" data-end=\"2536\">\n<p data-start=\"2493\" data-end=\"2536\">reduce reac\u021biile inflamatorii \u0219i alergice<\/p>\n<\/li>\n<li data-start=\"2537\" data-end=\"2614\">\n<p data-start=\"2539\" data-end=\"2614\">ajut\u0103 \u00een infec\u021biile uro-genitale \u0219i cele cauzate de <em data-start=\"2591\" data-end=\"2612\">Helicobacter pylori<\/em><\/p>\n<\/li>\n<\/ul>\n<hr data-start=\"2616\" data-end=\"2619\" \/>\n<h4 style=\"text-align: justify;\" data-start=\"2621\" data-end=\"2651\">Utilizare complementar\u0103 \u00een:<\/h4>\n<ul style=\"text-align: justify;\" data-start=\"2652\" data-end=\"3095\">\n<li data-start=\"2652\" data-end=\"2696\">\n<p data-start=\"2654\" data-end=\"2696\">refacerea florei intestinale protectoare<\/p>\n<\/li>\n<li data-start=\"2697\" data-end=\"2757\">\n<p data-start=\"2699\" data-end=\"2757\">reglarea tranzitului intestinal (diaree sau constipa\u021bie)<\/p>\n<\/li>\n<li data-start=\"2758\" data-end=\"2868\">\n<p data-start=\"2760\" data-end=\"2868\">disconfort abdominal postprandial, grea\u021b\u0103, balonare, dureri abdominale, colici, colon iritabil, flatulen\u021b\u0103<\/p>\n<\/li>\n<li data-start=\"2869\" data-end=\"2895\">\n<p data-start=\"2871\" data-end=\"2895\">intoleran\u021b\u0103 la lactoz\u0103<\/p>\n<\/li>\n<li data-start=\"2896\" data-end=\"2921\">\n<p data-start=\"2898\" data-end=\"2921\">sus\u021binerea imunit\u0103\u021bii<\/p>\n<\/li>\n<li data-start=\"2922\" data-end=\"3014\">\n<p data-start=\"2924\" data-end=\"3014\">combaterea infec\u021biilor bacteriene \u0219i virale (respiratorii, digestive, vaginale, urinare)<\/p>\n<\/li>\n<li data-start=\"3015\" data-end=\"3053\">\n<p data-start=\"3017\" data-end=\"3053\">asociere cu tratamentul antibiotic<\/p>\n<\/li>\n<li data-start=\"3054\" data-end=\"3095\">\n<p data-start=\"3056\" data-end=\"3095\">reducerea halenei \u0219i a aftelor bucale<\/p>\n<\/li>\n<\/ul>\n<hr data-start=\"3097\" data-end=\"3100\" \/>\n<h4 style=\"text-align: justify;\" data-start=\"3102\" data-end=\"3114\">Precau\u021bii<\/h4>\n<ul style=\"text-align: justify;\" data-start=\"3115\" data-end=\"3228\">\n<li data-start=\"3115\" data-end=\"3187\">\n<p data-start=\"3117\" data-end=\"3187\">Consulta\u021bi medicul \u00eenainte de administrarea suplimentelor alimentare<\/p>\n<\/li>\n<li data-start=\"3188\" data-end=\"3228\">\n<p data-start=\"3190\" data-end=\"3228\">Nu dep\u0103\u0219i\u021bi doza zilnic\u0103 recomandat\u0103<\/p>\n<\/li>\n<\/ul>\n<hr data-start=\"3230\" data-end=\"3233\" \/>\n<h4 style=\"text-align: justify;\" data-start=\"3235\" data-end=\"3257\">Mod de administrare<\/h4>\n<p style=\"text-align: justify;\" data-start=\"3258\" data-end=\"3521\"><strong data-start=\"3258\" data-end=\"3269\">Adul\u021bi:<\/strong> 1 capsul\u0103 enteric\u0103 pe zi, administrat\u0103 \u00een timpul mesei.<br data-start=\"3325\" data-end=\"3328\" \/>Produsul se p\u0103streaz\u0103 \u00een ambalajul original, bine \u00eenchis, ferit de lumin\u0103 \u0219i umiditate, la temperaturi de maximum 22\u00b0C.<br data-start=\"3447\" data-end=\"3450\" \/>O cutie cu 20 capsule enterice asigur\u0103 administrarea pentru 20 de zile.<\/p>\n<p>&nbsp;<\/p>\n<hr data-start=\"4671\" data-end=\"4674\" \/>\n<p style=\"text-align: center;\"><a href=\"https:\/\/www.facebook.com\/profile.php?id=61586010988472\" rel=\"nofollow noopener\" target=\"_blank\"><img decoding=\"async\" class=\"alignnone wp-image-953\" src=\"https:\/\/vittalis.ro\/wp-content\/uploads\/2025\/12\/1-300x300.png\" alt=\"\" width=\"51\" height=\"51\" srcset=\"https:\/\/vittalis.ro\/wp-content\/uploads\/2025\/12\/1-300x300.png 300w, https:\/\/vittalis.ro\/wp-content\/uploads\/2025\/12\/1-150x150.png 150w, https:\/\/vittalis.ro\/wp-content\/uploads\/2025\/12\/1-100x100.png 100w, https:\/\/vittalis.ro\/wp-content\/uploads\/2025\/12\/1-50x50.png 50w, https:\/\/vittalis.ro\/wp-content\/uploads\/2025\/12\/1.png 500w\" sizes=\"(max-width: 51px) 100vw, 51px\" \/><\/a> <a href=\"https:\/\/www.instagram.com\/vittalis.suplimentealimentare?igsh=MTBocHY0cXVta2dlcg%3D%3D\" rel=\"nofollow noopener\" target=\"_blank\"><img decoding=\"async\" class=\"alignnone wp-image-954\" src=\"https:\/\/vittalis.ro\/wp-content\/uploads\/2025\/12\/2-300x300.png\" alt=\"\" width=\"50\" height=\"50\" srcset=\"https:\/\/vittalis.ro\/wp-content\/uploads\/2025\/12\/2-300x300.png 300w, https:\/\/vittalis.ro\/wp-content\/uploads\/2025\/12\/2-150x150.png 150w, https:\/\/vittalis.ro\/wp-content\/uploads\/2025\/12\/2-100x100.png 100w, https:\/\/vittalis.ro\/wp-content\/uploads\/2025\/12\/2-50x50.png 50w, https:\/\/vittalis.ro\/wp-content\/uploads\/2025\/12\/2.png 500w\" sizes=\"(max-width: 50px) 100vw, 50px\" \/><\/a> <a href=\"https:\/\/www.tiktok.com\/@vittalis.ro\"><img decoding=\"async\" class=\"alignnone wp-image-955\" src=\"https:\/\/vittalis.ro\/wp-content\/uploads\/2025\/12\/3-300x300.png\" alt=\"\" width=\"56\" height=\"56\" srcset=\"https:\/\/vittalis.ro\/wp-content\/uploads\/2025\/12\/3-300x300.png 300w, https:\/\/vittalis.ro\/wp-content\/uploads\/2025\/12\/3-150x150.png 150w, https:\/\/vittalis.ro\/wp-content\/uploads\/2025\/12\/3-100x100.png 100w, https:\/\/vittalis.ro\/wp-content\/uploads\/2025\/12\/3-50x50.png 50w, https:\/\/vittalis.ro\/wp-content\/uploads\/2025\/12\/3.png 500w\" sizes=\"(max-width: 56px) 100vw, 56px\" \/><\/a> <a href=\"https:\/\/www.youtube.com\/channel\/UCt7ysxXRoHT4Amyd_FOoegA\" rel=\"nofollow noopener\" target=\"_blank\"><img loading=\"lazy\" decoding=\"async\" class=\"alignnone wp-image-956\" src=\"https:\/\/vittalis.ro\/wp-content\/uploads\/2025\/12\/4-300x300.png\" alt=\"\" width=\"52\" height=\"52\" srcset=\"https:\/\/vittalis.ro\/wp-content\/uploads\/2025\/12\/4-300x300.png 300w, https:\/\/vittalis.ro\/wp-content\/uploads\/2025\/12\/4-150x150.png 150w, https:\/\/vittalis.ro\/wp-content\/uploads\/2025\/12\/4-100x100.png 100w, https:\/\/vittalis.ro\/wp-content\/uploads\/2025\/12\/4-50x50.png 50w, https:\/\/vittalis.ro\/wp-content\/uploads\/2025\/12\/4.png 500w\" sizes=\"(max-width: 52px) 100vw, 52px\" \/><\/a><\/p>\n<hr data-start=\"4671\" data-end=\"4674\" \/>\n<p>&nbsp;<\/p>\n<p><a href=\"https:\/\/vittalis.ro\/?page_id=640\"><img loading=\"lazy\" decoding=\"async\" class=\"alignnone wp-image-960\" src=\"https:\/\/vittalis.ro\/wp-content\/uploads\/2025\/12\/Red-ad-Beige-Bold-Modern-Professional-Business-Pitch-Deck-Presentation-1-300x108.png\" alt=\"\" width=\"165\" height=\"59\" srcset=\"https:\/\/vittalis.ro\/wp-content\/uploads\/2025\/12\/Red-ad-Beige-Bold-Modern-Professional-Business-Pitch-Deck-Presentation-1-300x108.png 300w, https:\/\/vittalis.ro\/wp-content\/uploads\/2025\/12\/Red-ad-Beige-Bold-Modern-Professional-Business-Pitch-Deck-Presentation-1-1024x370.png 1024w, https:\/\/vittalis.ro\/wp-content\/uploads\/2025\/12\/Red-ad-Beige-Bold-Modern-Professional-Business-Pitch-Deck-Presentation-1-768x277.png 768w, https:\/\/vittalis.ro\/wp-content\/uploads\/2025\/12\/Red-ad-Beige-Bold-Modern-Professional-Business-Pitch-Deck-Presentation-1-1536x554.png 1536w, https:\/\/vittalis.ro\/wp-content\/uploads\/2025\/12\/Red-ad-Beige-Bold-Modern-Professional-Business-Pitch-Deck-Presentation-1-1320x476.png 1320w, https:\/\/vittalis.ro\/wp-content\/uploads\/2025\/12\/Red-ad-Beige-Bold-Modern-Professional-Business-Pitch-Deck-Presentation-1-600x217.png 600w, https:\/\/vittalis.ro\/wp-content\/uploads\/2025\/12\/Red-ad-Beige-Bold-Modern-Professional-Business-Pitch-Deck-Presentation-1.png 1920w\" sizes=\"(max-width: 165px) 100vw, 165px\" \/><\/a><\/p>\n<p class=\"entry-title\" style=\"text-align: left;\"><span style=\"text-decoration: underline;\"><strong><span style=\"color: #000000; text-decoration: underline;\"><a style=\"color: #000000; text-decoration: underline;\" href=\"https:\/\/vittalis.ro\/?p=637\">Vitamina C lipozomal\u0103 \u2013 absorb\u021bie superioar\u0103, imunitate puternic\u0103 \u0219i beneficii extinse pentru s\u0103n\u0103tate<\/a><\/span><\/strong><\/span><\/p>\n<p class=\"entry-title\" style=\"text-align: left;\"><span style=\"text-decoration: underline;\"><span style=\"color: #000000; text-decoration: underline;\"><a style=\"color: #000000; text-decoration: underline;\" href=\"https:\/\/vittalis.ro\/?p=617\"><strong>Colagenul \u2013 beneficii, rol \u00een organism, tipuri \u0219i surse naturale<\/strong><\/a><\/span><\/span><\/p>\n<p class=\"entry-title\" style=\"text-align: left;\"><span style=\"text-decoration: underline;\"><a href=\"https:\/\/vittalis.ro\/?p=715\"><span style=\"color: #000000; text-decoration: underline;\"><strong>Magneziu bisglicinat: beneficii, propriet\u0103\u021bi \u0219i utiliz\u0103ri esen\u021biale pentru s\u0103n\u0103tate<\/strong><\/span><\/a><\/span><\/p>\n<p>&nbsp;<\/p>\n","protected":false},"excerpt":{"rendered":"<p><strong>Probiotice naturale: capsule pentru refacerea florei intestinale \u2013 10 miliarde UFC:<\/strong>\u00a0Suplimentul reface flora si regleaza tranzitul. Creste imunitatea organismului. Opreste dezvoltarea bacteriilor nocive.<\/p>\n","protected":false},"featured_media":503,"comment_status":"open","ping_status":"closed","template":"","meta":{"_glsr_average":0,"_glsr_ranking":0,"_glsr_reviews":0},"product_brand":[49],"product_cat":[411],"product_tag":[75,74,77,76,72,73,71],"class_list":{"0":"post-502","1":"product","2":"type-product","3":"status-publish","4":"has-post-thumbnail","6":"product_brand-cosmo-pharm","7":"product_cat-digestie","8":"product_tag-capsule-probiotice","9":"product_tag-flora-intestinala-sanatoasa","10":"product_tag-probiotic-complex","11":"product_tag-probiotice-naturale","12":"product_tag-probiotice-pentru-digestie","13":"product_tag-probiotice-pentru-imunitate","14":"product_tag-supliment-probiotic","16":"first","17":"instock","18":"sale","19":"shipping-taxable","20":"purchasable","21":"product-type-simple"},"jetpack_sharing_enabled":true,"jetpack-related-posts":[{"id":1151,"url":"https:\/\/vittalis.ro\/?product=bitter-suedez-30-30-capsule-parapharm","url_meta":{"origin":502,"position":0},"title":"Bitter Suedez, 30 + 30 capsule, Parapharm","author":"denisa","date":"februarie 11, 2026","format":false,"excerpt":"Uleiul de pe\u0219te oceanic este o surs\u0103 bogat\u0103 de acizi gra\u0219i esen\u021biali omega 3 (EPA \u0219i DHA), care sus\u021bin s\u0103n\u0103tatea inimii, reduc colesterolul \u0219i trigliceridele \u0219i \u00eembun\u0103t\u0103\u021besc circula\u021bia sanguin\u0103. Contribuie la protec\u021bia vaselor de s\u00e2nge, la func\u021bionarea optim\u0103 a creierului \u0219i la s\u0103n\u0103tatea pielii, fiind util \u00een psoriazis \u0219i scleroz\u0103\u2026","rel":"","context":"Articol similar","block_context":{"text":"Articol similar","link":""},"img":{"alt_text":"Bitter Suedez, 30 + 30 capsule, Parapharm","src":"https:\/\/i0.wp.com\/vittalis.ro\/wp-content\/uploads\/2026\/02\/bitter-suedez-pachet-3030-capsule-11-parapharm.webp?resize=350%2C200&ssl=1","width":350,"height":200},"classes":[]},{"id":1147,"url":"https:\/\/vittalis.ro\/?product=fiervitamina-chistidinaacid-folic-doppelherz","url_meta":{"origin":502,"position":1},"title":"Fier+Vitamina C+Histidina+Acid folic, 30 comprimate, Doppelherz","author":"denisa","date":"februarie 11, 2026","format":false,"excerpt":"Doppelherz aktiv Fier + C + Histidin\u0103 + Acid folic este un supliment complex care sus\u021bine formarea globulelor ro\u0219ii, transportul oxigenului \u0219i nivelul de energie. Fierul, \u00eempreun\u0103 cu vitamina C, are absorb\u021bie optim\u0103, iar acidul folic \u0219i vitamina B12 sprijin\u0103 s\u0103n\u0103tatea s\u00e2ngelui \u0219i a sistemului nervos. Histidina completeaz\u0103 formula prin\u2026","rel":"","context":"Articol similar","block_context":{"text":"Articol similar","link":""},"img":{"alt_text":"Fier+Vitamina C+Histidina+Acid folic, 30 comprimate, Doppelherz","src":"https:\/\/i0.wp.com\/vittalis.ro\/wp-content\/uploads\/2026\/02\/doppelherz-aktiv-fier-2b-c-2b-histidina-2b-acid-folic-30-comprimate_7753_1_1648207687-1090x1090h.jpg?resize=350%2C200&ssl=1","width":350,"height":200,"srcset":"https:\/\/i0.wp.com\/vittalis.ro\/wp-content\/uploads\/2026\/02\/doppelherz-aktiv-fier-2b-c-2b-histidina-2b-acid-folic-30-comprimate_7753_1_1648207687-1090x1090h.jpg?resize=350%2C200&ssl=1 1x, https:\/\/i0.wp.com\/vittalis.ro\/wp-content\/uploads\/2026\/02\/doppelherz-aktiv-fier-2b-c-2b-histidina-2b-acid-folic-30-comprimate_7753_1_1648207687-1090x1090h.jpg?resize=525%2C300&ssl=1 1.5x, https:\/\/i0.wp.com\/vittalis.ro\/wp-content\/uploads\/2026\/02\/doppelherz-aktiv-fier-2b-c-2b-histidina-2b-acid-folic-30-comprimate_7753_1_1648207687-1090x1090h.jpg?resize=700%2C400&ssl=1 2x, https:\/\/i0.wp.com\/vittalis.ro\/wp-content\/uploads\/2026\/02\/doppelherz-aktiv-fier-2b-c-2b-histidina-2b-acid-folic-30-comprimate_7753_1_1648207687-1090x1090h.jpg?resize=1050%2C600&ssl=1 3x"},"classes":[]},{"id":1133,"url":"https:\/\/vittalis.ro\/?product=biozinc-forte-parapharm-30-capsule","url_meta":{"origin":502,"position":2},"title":"Biozinc Forte, Parapharm, 30 capsule","author":"denisa","date":"februarie 11, 2026","format":false,"excerpt":"Biozinc Forte Parapharm este un supliment alimentar cu zinc sub form\u0103 de picolinat, cu biodisponibilitate crescut\u0103, care sus\u021bine imunitatea, func\u021bia cognitiv\u0103, fertilitatea, s\u0103n\u0103tatea pielii, p\u0103rului \u0219i unghiilor, precum \u0219i metabolismul normal al organismului. Ideal pentru men\u021binerea echilibrului \u0219i vitalit\u0103\u021bii zilnice.","rel":"","context":"Articol similar","block_context":{"text":"Articol similar","link":""},"img":{"alt_text":"Biozinc Forte, Parapharm, 30 capsule","src":"https:\/\/i0.wp.com\/vittalis.ro\/wp-content\/uploads\/2026\/02\/biozinc-forte-30-capsule_10634_1_16666814776794-1090x1090-1.jpg?resize=350%2C200&ssl=1","width":350,"height":200,"srcset":"https:\/\/i0.wp.com\/vittalis.ro\/wp-content\/uploads\/2026\/02\/biozinc-forte-30-capsule_10634_1_16666814776794-1090x1090-1.jpg?resize=350%2C200&ssl=1 1x, https:\/\/i0.wp.com\/vittalis.ro\/wp-content\/uploads\/2026\/02\/biozinc-forte-30-capsule_10634_1_16666814776794-1090x1090-1.jpg?resize=525%2C300&ssl=1 1.5x, https:\/\/i0.wp.com\/vittalis.ro\/wp-content\/uploads\/2026\/02\/biozinc-forte-30-capsule_10634_1_16666814776794-1090x1090-1.jpg?resize=700%2C400&ssl=1 2x, https:\/\/i0.wp.com\/vittalis.ro\/wp-content\/uploads\/2026\/02\/biozinc-forte-30-capsule_10634_1_16666814776794-1090x1090-1.jpg?resize=1050%2C600&ssl=1 3x"},"classes":[]},{"id":1148,"url":"https:\/\/vittalis.ro\/?product=ashwagandha-60-capsule-herbagetica-2","url_meta":{"origin":502,"position":3},"title":"Ashwagandha 60 Capsule, Herbagetica","author":"denisa","date":"februarie 11, 2026","format":false,"excerpt":"Ashwagandha Extract Premium de la Herbagetica este un supliment natural adaptogen, bogat \u00een withanolide \u0219i alcaloizi, care ajut\u0103 organismul s\u0103 fac\u0103 fa\u021b\u0103 stresului \u0219i oboselii. Sus\u021bine s\u0103n\u0103tatea sistemului nervos, echilibreaz\u0103 nivelul de cortizol, \u00eembun\u0103t\u0103\u021be\u0219te starea de calm \u0219i concentrare, cre\u0219te energia \u0219i vitalitatea \u0219i favorizeaz\u0103 un somn odihnitor. Capsule 100%\u2026","rel":"","context":"Articol similar","block_context":{"text":"Articol similar","link":""},"img":{"alt_text":"","src":"https:\/\/i0.wp.com\/vittalis.ro\/wp-content\/uploads\/2025\/12\/1-300x300.png?resize=350%2C200&ssl=1","width":350,"height":200},"classes":[]},{"id":1144,"url":"https:\/\/vittalis.ro\/?product=antistres-alevia-30-comprimate","url_meta":{"origin":502,"position":4},"title":"Antistres, Alevia, 30 comprimate","author":"denisa","date":"februarie 11, 2026","format":false,"excerpt":"Antistres Alevia este un supliment alimentar cu extract standardizat de sun\u0103toare, care ajut\u0103 la reducerea stresului \u0219i a nervozit\u0103\u021bii, sus\u021bine buna dispozi\u021bie \u0219i favorizeaz\u0103 un somn odihnitor, contribuind la men\u021binerea echilibrului emo\u021bional.","rel":"","context":"Articol similar","block_context":{"text":"Articol similar","link":""},"img":{"alt_text":"Antistres, Alevia, 30 comprimate","src":"https:\/\/i0.wp.com\/vittalis.ro\/wp-content\/uploads\/2026\/02\/Cutie_portocalie_Antistres_30cp_L_800px-600x600.jpg-1.webp?resize=350%2C200&ssl=1","width":350,"height":200,"srcset":"https:\/\/i0.wp.com\/vittalis.ro\/wp-content\/uploads\/2026\/02\/Cutie_portocalie_Antistres_30cp_L_800px-600x600.jpg-1.webp?resize=350%2C200&ssl=1 1x, https:\/\/i0.wp.com\/vittalis.ro\/wp-content\/uploads\/2026\/02\/Cutie_portocalie_Antistres_30cp_L_800px-600x600.jpg-1.webp?resize=525%2C300&ssl=1 1.5x"},"classes":[]},{"id":1138,"url":"https:\/\/vittalis.ro\/?product=brusture-30-capsule-parapharm-2","url_meta":{"origin":502,"position":5},"title":"Brusture, 30 capsule, Parapharm","author":"denisa","date":"februarie 11, 2026","format":false,"excerpt":"Brusture (Arctium lappa) este un supliment alimentar pe baz\u0103 de extract standardizat din r\u0103d\u0103cin\u0103, recunoscut pentru efectul s\u0103u detoxifiant asupra organismului. Sus\u021bine func\u021bionarea ficatului \u0219i rinichilor, contribuie la cur\u0103\u021barea s\u00e2ngelui \u0219i la men\u021binerea s\u0103n\u0103t\u0103\u021bii pielii, fiind utilizat tradi\u021bional pentru purificare \u0219i echilibru intern.","rel":"","context":"Articol similar","block_context":{"text":"Articol similar","link":""},"img":{"alt_text":"Brusture, 30 capsule, Parapharm","src":"https:\/\/i0.wp.com\/vittalis.ro\/wp-content\/uploads\/2026\/02\/brusture-30-capsule-parapharm-biscuit-1040x1040-1.jpg?resize=350%2C200&ssl=1","width":350,"height":200,"srcset":"https:\/\/i0.wp.com\/vittalis.ro\/wp-content\/uploads\/2026\/02\/brusture-30-capsule-parapharm-biscuit-1040x1040-1.jpg?resize=350%2C200&ssl=1 1x, https:\/\/i0.wp.com\/vittalis.ro\/wp-content\/uploads\/2026\/02\/brusture-30-capsule-parapharm-biscuit-1040x1040-1.jpg?resize=525%2C300&ssl=1 1.5x, https:\/\/i0.wp.com\/vittalis.ro\/wp-content\/uploads\/2026\/02\/brusture-30-capsule-parapharm-biscuit-1040x1040-1.jpg?resize=700%2C400&ssl=1 2x"},"classes":[]}],"post_mailing_queue_ids":[],"_links":{"self":[{"href":"https:\/\/vittalis.ro\/index.php?rest_route=\/wp\/v2\/product\/502","targetHints":{"allow":["GET"]}}],"collection":[{"href":"https:\/\/vittalis.ro\/index.php?rest_route=\/wp\/v2\/product"}],"about":[{"href":"https:\/\/vittalis.ro\/index.php?rest_route=\/wp\/v2\/types\/product"}],"replies":[{"embeddable":true,"href":"https:\/\/vittalis.ro\/index.php?rest_route=%2Fwp%2Fv2%2Fcomments&post=502"}],"wp:featuredmedia":[{"embeddable":true,"href":"https:\/\/vittalis.ro\/index.php?rest_route=\/wp\/v2\/media\/503"}],"wp:attachment":[{"href":"https:\/\/vittalis.ro\/index.php?rest_route=%2Fwp%2Fv2%2Fmedia&parent=502"}],"wp:term":[{"taxonomy":"product_brand","embeddable":true,"href":"https:\/\/vittalis.ro\/index.php?rest_route=%2Fwp%2Fv2%2Fproduct_brand&post=502"},{"taxonomy":"product_cat","embeddable":true,"href":"https:\/\/vittalis.ro\/index.php?rest_route=%2Fwp%2Fv2%2Fproduct_cat&post=502"},{"taxonomy":"product_tag","embeddable":true,"href":"https:\/\/vittalis.ro\/index.php?rest_route=%2Fwp%2Fv2%2Fproduct_tag&post=502"}],"curies":[{"name":"wp","href":"https:\/\/api.w.org\/{rel}","templated":true}]}}