{"id":1154,"date":"2026-02-11T17:21:33","date_gmt":"2026-02-11T17:21:33","guid":{"rendered":"https:\/\/vittalis.ro\/?post_type=product&#038;p=1154"},"modified":"2026-03-01T12:21:40","modified_gmt":"2026-03-01T12:21:40","slug":"vitamina-a-10000-ui-30-capsule-parapharm-2","status":"publish","type":"product","link":"https:\/\/vittalis.ro\/?product=vitamina-a-10000-ui-30-capsule-parapharm-2","title":{"rendered":"Vitamina A, 10000 Ui, 30 capsule, Parapharm"},"content":{"rendered":"<div class=\"flex flex-col text-sm pb-25\">\n<article class=\"text-token-text-primary w-full focus:outline-none [--shadow-height:45px] has-data-writing-block:pointer-events-none has-data-writing-block:-mt-(--shadow-height) has-data-writing-block:pt-(--shadow-height) [&amp;:has([data-writing-block])&gt;*]:pointer-events-auto [content-visibility:auto] supports-[content-visibility:auto]:[contain-intrinsic-size:auto_100lvh] scroll-mt-[calc(var(--header-height)+min(200px,max(70px,20svh)))]\" dir=\"auto\" tabindex=\"-1\" data-turn-id=\"0887d992-73f8-4715-a599-fbe141510ecc\" data-testid=\"conversation-turn-2\" data-scroll-anchor=\"true\" data-turn=\"assistant\">\n<div class=\"text-base my-auto mx-auto pb-10 [--thread-content-margin:--spacing(4)] @w-sm\/main:[--thread-content-margin:--spacing(6)] @w-lg\/main:[--thread-content-margin:--spacing(16)] px-(--thread-content-margin)\">\n<div class=\"[--thread-content-max-width:40rem] @w-lg\/main:[--thread-content-max-width:48rem] mx-auto max-w-(--thread-content-max-width) flex-1 group\/turn-messages focus-visible:outline-hidden relative flex w-full min-w-0 flex-col agent-turn\" tabindex=\"-1\">\n<div class=\"flex max-w-full flex-col grow\">\n<div class=\"min-h-8 text-message relative flex w-full flex-col items-end gap-2 text-start break-words whitespace-normal [.text-message+&amp;]:mt-1\" dir=\"auto\" data-message-author-role=\"assistant\" data-message-id=\"0887d992-73f8-4715-a599-fbe141510ecc\" data-message-model-slug=\"gpt-5-2\">\n<div class=\"flex w-full flex-col gap-1 empty:hidden first:pt-[1px]\">\n<div class=\"markdown prose dark:prose-invert w-full wrap-break-word light markdown-new-styling\">\n<h4 style=\"text-align: justify;\" data-start=\"262\" data-end=\"715\"><strong data-start=\"262\" data-end=\"295\">Vitamina A 10000 UI Parapharm<\/strong> este un supliment alimentar de \u00eenalt\u0103 calitate, formulat pentru a sprijini s\u0103n\u0103tatea ochilor, a pielii \u0219i a sistemului imunitar.<\/h4>\n<p style=\"text-align: justify;\" data-start=\"262\" data-end=\"715\">Produsul con\u021bine vitamina A de origine natural\u0103, extras\u0103 din morcovi, combinat\u0103 cu vitamina E, un antioxidant esen\u021bial pentru protec\u021bia celular\u0103. Aceast\u0103 formul\u0103 este conceput\u0103 pentru persoanele care doresc s\u0103 \u00ee\u0219i sus\u021bin\u0103 s\u0103n\u0103tatea general\u0103 \u0219i s\u0103 previn\u0103 deficitul de vitamine liposolubile.<\/p>\n<p style=\"text-align: justify;\" data-start=\"717\" data-end=\"1112\">Vitamina A este o vitamin\u0103 esen\u021bial\u0103 pentru buna func\u021bionare a organismului, fiind implicat\u0103 \u00een numeroase procese fiziologice importante. Ea contribuie la men\u021binerea vederii normale, sus\u021bine s\u0103n\u0103tatea pielii \u0219i a mucoaselor \u0219i joac\u0103 un rol important \u00een func\u021bionarea sistemului imunitar. \u00cen plus, vitamina A este necesar\u0103 pentru regenerarea celular\u0103 \u0219i pentru men\u021binerea integrit\u0103\u021bii \u021besuturilor.<\/p>\n<p style=\"text-align: justify;\" data-start=\"1114\" data-end=\"1537\">Vitamina E completeaz\u0103 perfect aceast\u0103 formul\u0103, fiind unul dintre cei mai puternici antioxidan\u021bi naturali. Aceasta protejeaz\u0103 celulele \u00eempotriva stresului oxidativ, un proces cauzat de radicalii liberi care poate accelera \u00eemb\u0103tr\u00e2nirea celular\u0103 \u0219i poate favoriza apari\u021bia diferitelor afec\u021biuni. Prin ac\u021biunea sa antioxidant\u0103, vitamina E contribuie la men\u021binerea s\u0103n\u0103t\u0103\u021bii pielii, a vaselor de s\u00e2nge \u0219i a sistemului imunitar.<\/p>\n<hr data-start=\"1539\" data-end=\"1542\" \/>\n<h4 style=\"text-align: justify;\" data-start=\"1544\" data-end=\"1579\"><strong data-start=\"1547\" data-end=\"1579\">Beneficiile Vitaminei A \u0219i E:<\/strong><\/h4>\n<p style=\"text-align: justify;\" data-start=\"1581\" data-end=\"1672\">Administrarea regulat\u0103 a acestui supliment poate aduce numeroase beneficii pentru organism:<\/p>\n<ul style=\"text-align: justify;\" data-start=\"1674\" data-end=\"2168\">\n<li data-start=\"1674\" data-end=\"1753\">\n<p data-start=\"1676\" data-end=\"1753\">Contribuie la men\u021binerea vederii normale \u0219i la protejarea s\u0103n\u0103t\u0103\u021bii ochilor<\/p>\n<\/li>\n<li data-start=\"1754\" data-end=\"1847\">\n<p data-start=\"1756\" data-end=\"1847\">Sprijin\u0103 s\u0103n\u0103tatea pielii, ajut\u00e2nd la regenerarea acesteia \u0219i la men\u021binerea elasticit\u0103\u021bii<\/p>\n<\/li>\n<li data-start=\"1848\" data-end=\"1915\">\n<p data-start=\"1850\" data-end=\"1915\">Men\u021bine s\u0103n\u0103tatea mucoaselor (respiratorii, digestive, oculare)<\/p>\n<\/li>\n<li data-start=\"1916\" data-end=\"2009\">\n<p data-start=\"1918\" data-end=\"2009\">Sus\u021bine sistemul imunitar \u0219i capacitatea organismului de a se ap\u0103ra \u00eempotriva infec\u021biilor<\/p>\n<\/li>\n<li data-start=\"2010\" data-end=\"2075\">\n<p data-start=\"2012\" data-end=\"2075\">Protejeaz\u0103 celulele de efectele nocive ale stresului oxidativ<\/p>\n<\/li>\n<li data-start=\"2076\" data-end=\"2168\">\n<p data-start=\"2078\" data-end=\"2168\">Contribuie la men\u021binerea s\u0103n\u0103t\u0103\u021bii \u021besuturilor \u0219i la procesele de cre\u0219tere \u0219i regenerare<\/p>\n<\/li>\n<\/ul>\n<p style=\"text-align: justify;\" data-start=\"2170\" data-end=\"2339\">Datorit\u0103 originii naturale a vitaminei A din morcovi \u0219i prezen\u021bei uleiului de rapi\u021b\u0103 presat la rece, acest supliment ofer\u0103 o absorb\u021bie optim\u0103 a vitaminelor liposolubile.<\/p>\n<p style=\"text-align: justify;\" data-start=\"2170\" data-end=\"2339\">Un alt beneficiu important este c\u0103 <strong data-start=\"35\" data-end=\"104\">vitamina A contribuie la procesul normal de diferen\u021biere celular\u0103<\/strong>, sprijinind regenerarea \u021besuturilor \u0219i vindecarea mai rapid\u0103 a pielii \u0219i mucoaselor.<\/p>\n<hr data-start=\"2341\" data-end=\"2344\" \/>\n<h4 style=\"text-align: justify;\" data-start=\"2346\" data-end=\"2378\"><strong data-start=\"2349\" data-end=\"2378\">Compozi\u021bie \u0219i ingrediente<\/strong><\/h4>\n<p style=\"text-align: justify;\" data-start=\"2380\" data-end=\"2431\">O capsul\u0103 de Vitamina A 10000 UI Parapharm con\u021bine:<\/p>\n<ul style=\"text-align: justify;\" data-start=\"2433\" data-end=\"2702\">\n<li data-start=\"2433\" data-end=\"2504\">\n<p data-start=\"2435\" data-end=\"2504\">Ulei presat la rece din semin\u021be de rapi\u021b\u0103 (Brassica napus) \u2013 488 mg<\/p>\n<\/li>\n<li data-start=\"2505\" data-end=\"2603\">\n<p data-start=\"2507\" data-end=\"2603\">Extract natural de morcovi (1.000.000 UI\/g vitamina A, echivalent cu 3000 mcg retinol) \u2013 10 mg<\/p>\n<\/li>\n<li data-start=\"2604\" data-end=\"2644\">\n<p data-start=\"2606\" data-end=\"2644\">Vitamina E (tocoferil acetat) \u2013 2 mg<\/p>\n<\/li>\n<li data-start=\"2645\" data-end=\"2702\">\n<p data-start=\"2647\" data-end=\"2702\">Alte ingrediente: gelatin\u0103, glicerin\u0103, ap\u0103 purificat\u0103<\/p>\n<\/li>\n<\/ul>\n<p style=\"text-align: justify;\" data-start=\"2704\" data-end=\"2798\">Aceast\u0103 combina\u021bie asigur\u0103 o formul\u0103 echilibrat\u0103 \u0219i eficient\u0103, cu biodisponibilitate crescut\u0103.<\/p>\n<hr data-start=\"2800\" data-end=\"2803\" \/>\n<h4 style=\"text-align: justify;\" data-start=\"2805\" data-end=\"2831\"><strong data-start=\"2808\" data-end=\"2831\">Mod de administrare<\/strong><\/h4>\n<p style=\"text-align: justify;\" data-start=\"2833\" data-end=\"3003\">Se recomand\u0103 administrarea a <strong data-start=\"2862\" data-end=\"2881\">1 capsul\u0103 pe zi<\/strong>, cu un pahar de ap\u0103 sau alt lichid, de preferat <strong data-start=\"2930\" data-end=\"2957\">\u00een timpul sau dup\u0103 mas\u0103<\/strong>, pentru o absorb\u021bie mai bun\u0103 a vitaminelor.<\/p>\n<p style=\"text-align: justify;\" data-start=\"3005\" data-end=\"3146\">Produsul nu este recomandat copiilor sub 12 ani, femeilor \u00eens\u0103rcinate sau celor care al\u0103pteaz\u0103, din cauza con\u021binutului ridicat de vitamina A.<\/p>\n<hr data-start=\"3148\" data-end=\"3151\" \/>\n<h4 style=\"text-align: justify;\" data-start=\"3153\" data-end=\"3198\"><strong data-start=\"3156\" data-end=\"3198\">Cui i se recomand\u0103 Vitamina A 10000 UI?<\/strong><\/h4>\n<p style=\"text-align: justify;\" data-start=\"3200\" data-end=\"3243\">Acest supliment este recomandat \u00een special:<\/p>\n<ul style=\"text-align: justify;\" data-start=\"3245\" data-end=\"3706\">\n<li data-start=\"3245\" data-end=\"3368\">\n<p data-start=\"3247\" data-end=\"3368\">Persoanelor care petrec mult timp \u00een fa\u021ba ecranelor (calculator, telefon, televizor) \u0219i doresc s\u0103 \u00ee\u0219i protejeze vederea<\/p>\n<\/li>\n<li data-start=\"3369\" data-end=\"3434\">\n<p data-start=\"3371\" data-end=\"3434\">Persoanelor cu piele uscat\u0103, tern\u0103 sau predispus\u0103 la irita\u021bii<\/p>\n<\/li>\n<li data-start=\"3435\" data-end=\"3487\">\n<p data-start=\"3437\" data-end=\"3487\">Celor care se confrunt\u0103 cu deficit de vitamina A<\/p>\n<\/li>\n<li data-start=\"3488\" data-end=\"3557\">\n<p data-start=\"3490\" data-end=\"3557\">Persoanelor cu imunitate sc\u0103zut\u0103 sau care se \u00eemboln\u0103vesc frecvent<\/p>\n<\/li>\n<li data-start=\"3558\" data-end=\"3632\">\n<p data-start=\"3560\" data-end=\"3632\">Persoanelor expuse la stres oxidativ (fumat, poluare, oboseal\u0103, stres)<\/p>\n<\/li>\n<li data-start=\"3633\" data-end=\"3706\">\n<p data-start=\"3635\" data-end=\"3706\">Adul\u021bilor care doresc s\u0103 \u00ee\u0219i men\u021bin\u0103 s\u0103n\u0103tatea pielii \u0219i a mucoaselor<\/p>\n<\/li>\n<\/ul>\n<p style=\"text-align: justify;\" data-start=\"3708\" data-end=\"3916\" data-is-last-node=\"\" data-is-only-node=\"\">Vitamina A 10000 UI Parapharm este un aliat de \u00eencredere pentru men\u021binerea s\u0103n\u0103t\u0103\u021bii ochilor, pielii \u0219i a organismului \u00een ansamblu, oferind o formul\u0103 natural\u0103 \u0219i eficient\u0103, u\u0219or de integrat \u00een rutina zilnic\u0103.<\/p>\n<\/div>\n<\/div>\n<\/div>\n<\/div>\n<div class=\"z-0 flex min-h-[46px] justify-start\" style=\"text-align: justify;\"><\/div>\n<\/div>\n<\/div>\n<\/article>\n<\/div>\n<div class=\"pointer-events-none h-px w-px absolute bottom-0\" aria-hidden=\"true\" data-edge=\"true\"><\/div>\n<p>&nbsp;<\/p>\n<p>&nbsp;<\/p>\n<hr data-start=\"4671\" data-end=\"4674\" \/>\n<p style=\"text-align: center;\"><a href=\"https:\/\/www.facebook.com\/profile.php?id=61586010988472\" rel=\"nofollow noopener\" target=\"_blank\"><img decoding=\"async\" class=\"alignnone wp-image-953\" src=\"https:\/\/vittalis.ro\/wp-content\/uploads\/2025\/12\/1-300x300.png\" alt=\"\" width=\"51\" height=\"51\" srcset=\"https:\/\/vittalis.ro\/wp-content\/uploads\/2025\/12\/1-300x300.png 300w, https:\/\/vittalis.ro\/wp-content\/uploads\/2025\/12\/1-150x150.png 150w, https:\/\/vittalis.ro\/wp-content\/uploads\/2025\/12\/1-100x100.png 100w, https:\/\/vittalis.ro\/wp-content\/uploads\/2025\/12\/1-50x50.png 50w, https:\/\/vittalis.ro\/wp-content\/uploads\/2025\/12\/1.png 500w\" sizes=\"(max-width: 51px) 100vw, 51px\" \/><\/a> <a href=\"https:\/\/www.instagram.com\/vittalis.suplimentealimentare?igsh=MTBocHY0cXVta2dlcg%3D%3D\" rel=\"nofollow noopener\" target=\"_blank\"><img decoding=\"async\" class=\"alignnone wp-image-954\" src=\"https:\/\/vittalis.ro\/wp-content\/uploads\/2025\/12\/2-300x300.png\" alt=\"\" width=\"50\" height=\"50\" srcset=\"https:\/\/vittalis.ro\/wp-content\/uploads\/2025\/12\/2-300x300.png 300w, https:\/\/vittalis.ro\/wp-content\/uploads\/2025\/12\/2-150x150.png 150w, https:\/\/vittalis.ro\/wp-content\/uploads\/2025\/12\/2-100x100.png 100w, https:\/\/vittalis.ro\/wp-content\/uploads\/2025\/12\/2-50x50.png 50w, https:\/\/vittalis.ro\/wp-content\/uploads\/2025\/12\/2.png 500w\" sizes=\"(max-width: 50px) 100vw, 50px\" \/><\/a> <a href=\"https:\/\/www.tiktok.com\/@vittalis.ro\"><img decoding=\"async\" class=\"alignnone wp-image-955\" src=\"https:\/\/vittalis.ro\/wp-content\/uploads\/2025\/12\/3-300x300.png\" alt=\"\" width=\"56\" height=\"56\" srcset=\"https:\/\/vittalis.ro\/wp-content\/uploads\/2025\/12\/3-300x300.png 300w, https:\/\/vittalis.ro\/wp-content\/uploads\/2025\/12\/3-150x150.png 150w, https:\/\/vittalis.ro\/wp-content\/uploads\/2025\/12\/3-100x100.png 100w, https:\/\/vittalis.ro\/wp-content\/uploads\/2025\/12\/3-50x50.png 50w, https:\/\/vittalis.ro\/wp-content\/uploads\/2025\/12\/3.png 500w\" sizes=\"(max-width: 56px) 100vw, 56px\" \/><\/a> <a href=\"https:\/\/www.youtube.com\/channel\/UCt7ysxXRoHT4Amyd_FOoegA\" rel=\"nofollow noopener\" target=\"_blank\"><img loading=\"lazy\" decoding=\"async\" class=\"alignnone wp-image-956\" src=\"https:\/\/vittalis.ro\/wp-content\/uploads\/2025\/12\/4-300x300.png\" alt=\"\" width=\"52\" height=\"52\" srcset=\"https:\/\/vittalis.ro\/wp-content\/uploads\/2025\/12\/4-300x300.png 300w, https:\/\/vittalis.ro\/wp-content\/uploads\/2025\/12\/4-150x150.png 150w, https:\/\/vittalis.ro\/wp-content\/uploads\/2025\/12\/4-100x100.png 100w, https:\/\/vittalis.ro\/wp-content\/uploads\/2025\/12\/4-50x50.png 50w, https:\/\/vittalis.ro\/wp-content\/uploads\/2025\/12\/4.png 500w\" sizes=\"(max-width: 52px) 100vw, 52px\" \/><\/a><\/p>\n<hr data-start=\"4671\" data-end=\"4674\" \/>\n<p>&nbsp;<\/p>\n<p><a href=\"https:\/\/vittalis.ro\/?page_id=640\"><img loading=\"lazy\" decoding=\"async\" class=\"alignnone wp-image-960\" src=\"https:\/\/vittalis.ro\/wp-content\/uploads\/2025\/12\/Red-ad-Beige-Bold-Modern-Professional-Business-Pitch-Deck-Presentation-1-300x108.png\" alt=\"\" width=\"165\" height=\"59\" srcset=\"https:\/\/vittalis.ro\/wp-content\/uploads\/2025\/12\/Red-ad-Beige-Bold-Modern-Professional-Business-Pitch-Deck-Presentation-1-300x108.png 300w, https:\/\/vittalis.ro\/wp-content\/uploads\/2025\/12\/Red-ad-Beige-Bold-Modern-Professional-Business-Pitch-Deck-Presentation-1-1024x370.png 1024w, https:\/\/vittalis.ro\/wp-content\/uploads\/2025\/12\/Red-ad-Beige-Bold-Modern-Professional-Business-Pitch-Deck-Presentation-1-768x277.png 768w, https:\/\/vittalis.ro\/wp-content\/uploads\/2025\/12\/Red-ad-Beige-Bold-Modern-Professional-Business-Pitch-Deck-Presentation-1-1536x554.png 1536w, https:\/\/vittalis.ro\/wp-content\/uploads\/2025\/12\/Red-ad-Beige-Bold-Modern-Professional-Business-Pitch-Deck-Presentation-1-1320x476.png 1320w, https:\/\/vittalis.ro\/wp-content\/uploads\/2025\/12\/Red-ad-Beige-Bold-Modern-Professional-Business-Pitch-Deck-Presentation-1-600x217.png 600w, https:\/\/vittalis.ro\/wp-content\/uploads\/2025\/12\/Red-ad-Beige-Bold-Modern-Professional-Business-Pitch-Deck-Presentation-1.png 1920w\" sizes=\"(max-width: 165px) 100vw, 165px\" \/><\/a><\/p>\n<p class=\"entry-title\" style=\"text-align: left;\"><span style=\"text-decoration: underline;\"><strong><span style=\"color: #000000; text-decoration: underline;\"><a style=\"color: #000000; text-decoration: underline;\" href=\"https:\/\/vittalis.ro\/?p=637\">Vitamina C lipozomal\u0103 \u2013 absorb\u021bie superioar\u0103, imunitate puternic\u0103 \u0219i beneficii extinse pentru s\u0103n\u0103tate<\/a><\/span><\/strong><\/span><\/p>\n<p class=\"entry-title\" style=\"text-align: left;\"><span style=\"text-decoration: underline;\"><span style=\"color: #000000; text-decoration: underline;\"><a style=\"color: #000000; text-decoration: underline;\" href=\"https:\/\/vittalis.ro\/?p=617\"><strong>Colagenul \u2013 beneficii, rol \u00een organism, tipuri \u0219i surse naturale<\/strong><\/a><\/span><\/span><\/p>\n<p class=\"entry-title\" style=\"text-align: left;\"><span style=\"text-decoration: underline;\"><a href=\"https:\/\/vittalis.ro\/?p=715\"><span style=\"color: #000000; text-decoration: underline;\"><strong>Magneziu bisglicinat: beneficii, propriet\u0103\u021bi \u0219i utiliz\u0103ri esen\u021biale pentru s\u0103n\u0103tate<\/strong><\/span><\/a><\/span><\/p>\n<p>&nbsp;<\/p>\n","protected":false},"excerpt":{"rendered":"<p style=\"text-align: justify;\"><strong data-start=\"0\" data-end=\"35\" data-is-only-node=\"\">Vitamina A 10000 UI \u2013 Parapharm<\/strong> este un supliment alimentar cu vitamina A natural\u0103 din morcovi \u0219i vitamina E, formulat pentru a sus\u021bine s\u0103n\u0103tatea ochilor, pielii \u0219i a sistemului imunitar. Vitamina A contribuie la men\u021binerea vederii normale \u0219i a mucoaselor s\u0103n\u0103toase, iar vitamina E protejeaz\u0103 celulele \u00eempotriva stresului oxidativ. Administrat\u0103 zilnic, aceast\u0103 formul\u0103 ajut\u0103 la men\u021binerea aspectului s\u0103n\u0103tos al pielii \u0219i la buna func\u021bionare a organismului.<\/p>\n","protected":false},"featured_media":1101,"comment_status":"open","ping_status":"closed","template":"","meta":{"_glsr_average":0,"_glsr_ranking":0,"_glsr_reviews":0},"product_brand":[213],"product_cat":[409,15],"product_tag":[395,394,396,256,258,397],"class_list":{"0":"post-1154","1":"product","2":"type-product","3":"status-publish","4":"has-post-thumbnail","6":"product_brand-parapharm","7":"product_cat-imunitate","8":"product_cat-uncategorized","9":"product_tag-betacaroten","10":"product_tag-vitamin-a-capsule","11":"product_tag-vitamina-a-imunitate","12":"product_tag-vitamina-a-morcovi","13":"product_tag-vitamina-a-pret","14":"product_tag-vitamina-beneficii","16":"first","17":"instock","18":"sale","19":"shipping-taxable","20":"purchasable","21":"product-type-simple"},"jetpack_sharing_enabled":true,"jetpack-related-posts":[{"id":1125,"url":"https:\/\/vittalis.ro\/?product=vitamina-d-2400-30-capsule-parapharm-2","url_meta":{"origin":1154,"position":0},"title":"Vitamina D 2400, 30 capsule, Parapharm","author":"denisa","date":"februarie 10, 2026","format":false,"excerpt":"Vitamina D 2400 UI Parapharm sus\u021bine s\u0103n\u0103tatea oaselor, a mu\u0219chilor \u0219i a din\u021bilor, contribuie la func\u021bionarea normal\u0103 a sistemului imunitar \u0219i protejeaz\u0103 celulele \u00eempotriva stresului oxidativ. Fiecare capsul\u0103 con\u021bine colecalciferol, vitamina E \u0219i ulei de rapi\u021b\u0103, pentru o absorb\u021bie optim\u0103. Se recomand\u0103 o capsul\u0103 pe zi, dup\u0103 mas\u0103, fiind ideal\u0103\u2026","rel":"","context":"Articol similar","block_context":{"text":"Articol similar","link":""},"img":{"alt_text":"Vitamina D 2400, 30 capsule, Parapharm","src":"https:\/\/i0.wp.com\/vittalis.ro\/wp-content\/uploads\/2026\/02\/vitamina-d-2400-30-capsule-parapharm.webp?resize=350%2C200&ssl=1","width":350,"height":200,"srcset":"https:\/\/i0.wp.com\/vittalis.ro\/wp-content\/uploads\/2026\/02\/vitamina-d-2400-30-capsule-parapharm.webp?resize=350%2C200&ssl=1 1x, https:\/\/i0.wp.com\/vittalis.ro\/wp-content\/uploads\/2026\/02\/vitamina-d-2400-30-capsule-parapharm.webp?resize=525%2C300&ssl=1 1.5x, https:\/\/i0.wp.com\/vittalis.ro\/wp-content\/uploads\/2026\/02\/vitamina-d-2400-30-capsule-parapharm.webp?resize=700%2C400&ssl=1 2x"},"classes":[]},{"id":1141,"url":"https:\/\/vittalis.ro\/?product=detrical-vitamina-d3-1000-ui-zdrovit","url_meta":{"origin":1154,"position":1},"title":"Detrical Vitamina D3 1000 UI, 60 comprimate, Zdrovit","author":"denisa","date":"februarie 11, 2026","format":false,"excerpt":"Detrical Vitamina D3 1000 UI este un supliment alimentar care asigur\u0103 aportul zilnic de vitamina D3, esen\u021bial\u0103 pentru sus\u021binerea sistemului imunitar, absorb\u021bia calciului \u0219i men\u021binerea s\u0103n\u0103t\u0103\u021bii oaselor, din\u021bilor \u0219i mu\u0219chilor, fiind ideal mai ales \u00een perioadele cu expunere redus\u0103 la soare.","rel":"","context":"Articol similar","block_context":{"text":"Articol similar","link":""},"img":{"alt_text":"Detrical Vitamina D3 1000 UI, 60 comprimate, Zdrovit","src":"https:\/\/i0.wp.com\/vittalis.ro\/wp-content\/uploads\/2026\/02\/11622.webp?resize=350%2C200&ssl=1","width":350,"height":200,"srcset":"https:\/\/i0.wp.com\/vittalis.ro\/wp-content\/uploads\/2026\/02\/11622.webp?resize=350%2C200&ssl=1 1x, https:\/\/i0.wp.com\/vittalis.ro\/wp-content\/uploads\/2026\/02\/11622.webp?resize=525%2C300&ssl=1 1.5x, https:\/\/i0.wp.com\/vittalis.ro\/wp-content\/uploads\/2026\/02\/11622.webp?resize=700%2C400&ssl=1 2x"},"classes":[]},{"id":1140,"url":"https:\/\/vittalis.ro\/?product=vitamina-c-cu-pulpa-de-macese-30-tablete","url_meta":{"origin":1154,"position":2},"title":"Vitamina C cu pulp\u0103 de m\u0103ce\u0219e, 30 tablete, Parapharm","author":"denisa","date":"februarie 11, 2026","format":false,"excerpt":"Vitamina C cu Pulpa de M\u0103ce\u0219e Parapharm este un supliment alimentar modern, care stimuleaz\u0103 sistemul imunitar, cre\u0219te rezisten\u021ba organismului \u0219i activeaz\u0103 sistemele enzimatice. Contribuie la respira\u021bia celular\u0103, cre\u0219te randamentul fizic \u0219i mental, protejeaz\u0103 celulele \u00eempotriva stresului oxidativ \u0219i sus\u021bine s\u0103n\u0103tatea pielii, oaselor \u0219i vaselor de s\u00e2nge. Bioflavonoidele din m\u0103ce\u0219e sporesc\u2026","rel":"","context":"Cu un comentariu","block_context":{"text":"Cu un comentariu","link":"https:\/\/vittalis.ro\/?product=vitamina-c-cu-pulpa-de-macese-30-tablete#comments"},"img":{"alt_text":"Vitamina C cu pulp\u0103 de m\u0103ce\u0219e, 30 tablete, Parapharm","src":"https:\/\/i0.wp.com\/vittalis.ro\/wp-content\/uploads\/2026\/02\/vitamina-c-cu-pulpa-de-macese-30-tablete-parapharm.webp?resize=350%2C200&ssl=1","width":350,"height":200},"classes":[]},{"id":1130,"url":"https:\/\/vittalis.ro\/?product=ulei-de-chimen-negru-30-capsule-parapharm-2","url_meta":{"origin":1154,"position":3},"title":"Ulei de Chimen Negru, 30 capsule, Parapharm","author":"denisa","date":"februarie 11, 2026","format":false,"excerpt":"Ulei de Chimen Negru Parapharm este un supliment alimentar natural, bogat \u00een acizi gra\u0219i nesatura\u021bi \u0219i vitamina E, care sus\u021bine imunitatea, protejeaz\u0103 celulele \u00eempotriva stresului oxidativ, sprijin\u0103 s\u0103n\u0103tatea respiratorie \u0219i digestiv\u0103 \u0219i contribuie la vitalitatea \u0219i energia organismului.","rel":"","context":"Articol similar","block_context":{"text":"Articol similar","link":""},"img":{"alt_text":"Ulei de Chimen Negru, 30 capsule, Parapharm","src":"https:\/\/i0.wp.com\/vittalis.ro\/wp-content\/uploads\/2026\/02\/1149265177.webp?resize=350%2C200&ssl=1","width":350,"height":200,"srcset":"https:\/\/i0.wp.com\/vittalis.ro\/wp-content\/uploads\/2026\/02\/1149265177.webp?resize=350%2C200&ssl=1 1x, https:\/\/i0.wp.com\/vittalis.ro\/wp-content\/uploads\/2026\/02\/1149265177.webp?resize=525%2C300&ssl=1 1.5x"},"classes":[]},{"id":1136,"url":"https:\/\/vittalis.ro\/?product=propolis-vitamina-c-30-tablete-parapharm-2","url_meta":{"origin":1154,"position":4},"title":"Propolis + Vitamina C, 30 tablete, Parapharm","author":"denisa","date":"februarie 11, 2026","format":false,"excerpt":"Propolis \u0219i Vitamina C ParaPharm este un supliment alimentar pentru sus\u021binerea sistemului imunitar, cu efect antioxidant \u0219i protector asupra organismului. Combina\u021bia dintre extractul uscat de propolis, surs\u0103 natural\u0103 de bioflavonoide, \u0219i vitamina C\u00a0 contribuie la cre\u0219terea rezisten\u021bei organismului fa\u021b\u0103 de infec\u021bii, sus\u021bine randamentul fizic \u0219i protejeaz\u0103 celulele \u00eempotriva stresului oxidativ.","rel":"","context":"Articol similar","block_context":{"text":"Articol similar","link":""},"img":{"alt_text":"Propolis + Vitamina C, 30 tablete, Parapharm","src":"https:\/\/i0.wp.com\/vittalis.ro\/wp-content\/uploads\/2026\/02\/1664044781.webp?resize=350%2C200&ssl=1","width":350,"height":200},"classes":[]},{"id":1129,"url":"https:\/\/vittalis.ro\/?product=vitamina-e-100-30-capsule-parapharm-2","url_meta":{"origin":1154,"position":5},"title":"Vitamina E-100, 30 capsule, Parapharm","author":"denisa","date":"februarie 10, 2026","format":false,"excerpt":"Vitamina E \u2013 100 Parapharm este un supliment alimentar ce furnizeaz\u0103 D-a Tocoferol pur, un antioxidant puternic care protejeaz\u0103 celulele, membranele \u0219i acizii gra\u0219i polinesatura\u021bi. Sprijin\u0103 sistemul imunitar, s\u0103n\u0103tatea cardiovascular\u0103 \u0219i nervoas\u0103, \u00eencetine\u0219te procesul de \u00eemb\u0103tr\u00e2nire \u0219i contribuie la func\u021bionarea optim\u0103 a organismului. Administrarea recomandat\u0103 este de 1 capsul\u0103 pe\u2026","rel":"","context":"Articol similar","block_context":{"text":"Articol similar","link":""},"img":{"alt_text":"Vitamina E-100, 30 capsule, Parapharm","src":"https:\/\/i0.wp.com\/vittalis.ro\/wp-content\/uploads\/2026\/02\/865147784.webp?resize=350%2C200&ssl=1","width":350,"height":200},"classes":[]}],"post_mailing_queue_ids":[],"_links":{"self":[{"href":"https:\/\/vittalis.ro\/index.php?rest_route=\/wp\/v2\/product\/1154","targetHints":{"allow":["GET"]}}],"collection":[{"href":"https:\/\/vittalis.ro\/index.php?rest_route=\/wp\/v2\/product"}],"about":[{"href":"https:\/\/vittalis.ro\/index.php?rest_route=\/wp\/v2\/types\/product"}],"replies":[{"embeddable":true,"href":"https:\/\/vittalis.ro\/index.php?rest_route=%2Fwp%2Fv2%2Fcomments&post=1154"}],"wp:featuredmedia":[{"embeddable":true,"href":"https:\/\/vittalis.ro\/index.php?rest_route=\/wp\/v2\/media\/1101"}],"wp:attachment":[{"href":"https:\/\/vittalis.ro\/index.php?rest_route=%2Fwp%2Fv2%2Fmedia&parent=1154"}],"wp:term":[{"taxonomy":"product_brand","embeddable":true,"href":"https:\/\/vittalis.ro\/index.php?rest_route=%2Fwp%2Fv2%2Fproduct_brand&post=1154"},{"taxonomy":"product_cat","embeddable":true,"href":"https:\/\/vittalis.ro\/index.php?rest_route=%2Fwp%2Fv2%2Fproduct_cat&post=1154"},{"taxonomy":"product_tag","embeddable":true,"href":"https:\/\/vittalis.ro\/index.php?rest_route=%2Fwp%2Fv2%2Fproduct_tag&post=1154"}],"curies":[{"name":"wp","href":"https:\/\/api.w.org\/{rel}","templated":true}]}}