{"id":1150,"date":"2026-02-11T17:09:14","date_gmt":"2026-02-11T17:09:14","guid":{"rendered":"https:\/\/vittalis.ro\/?post_type=product&#038;p=1150"},"modified":"2026-03-01T12:24:24","modified_gmt":"2026-03-01T12:24:24","slug":"omega-3-cu-ulei-de-peste-parapham","status":"publish","type":"product","link":"https:\/\/vittalis.ro\/?product=omega-3-cu-ulei-de-peste-parapham","title":{"rendered":"Omega 3 cu ulei de peste, 30 capsule, Parapharm"},"content":{"rendered":"<h3 style=\"text-align: justify;\" data-start=\"126\" data-end=\"218\"><strong data-start=\"129\" data-end=\"218\">Ulei de pe\u0219te oceanic \u2013 suport natural pentru inim\u0103, circula\u021bie \u0219i s\u0103n\u0103tatea general\u0103<\/strong><\/h3>\n<p style=\"text-align: justify;\" data-start=\"220\" data-end=\"762\"><strong data-start=\"220\" data-end=\"247\">Uleiul de pe\u0219te oceanic<\/strong> reprezint\u0103 o surs\u0103 concentrat\u0103 de acizi gra\u0219i polinesatura\u021bi esen\u021biali, \u00een special <strong data-start=\"331\" data-end=\"362\">acid eicosapentaenoic (EPA)<\/strong> \u0219i <strong data-start=\"366\" data-end=\"396\">acid docosahexaenoic (DHA)<\/strong>. Ace\u0219ti acizi gra\u0219i, cunoscu\u021bi sub numele de <strong data-start=\"442\" data-end=\"453\">omega 3<\/strong>, sunt compu\u0219i biologic activi esen\u021biali, pe care organismul nu \u00eei poate sintetiza singur \u0219i care trebuie ob\u021binu\u021bi prin alimenta\u021bie sau suplimente. Prin multiplele lor efecte benefice, ace\u0219tia sprijin\u0103 s\u0103n\u0103tatea cardiovascular\u0103, circulatorie \u0219i general\u0103, av\u00e2nd un rol important \u00een men\u021binerea calit\u0103\u021bii vie\u021bii.<\/p>\n<hr data-start=\"764\" data-end=\"767\" \/>\n<h4 style=\"text-align: justify;\" data-start=\"769\" data-end=\"829\"><strong data-start=\"772\" data-end=\"829\">Efecte asupra aparatului cardiovascular \u0219i circulator<\/strong><\/h4>\n<p style=\"text-align: justify;\" data-start=\"831\" data-end=\"1038\">EPA \u0219i DHA sunt implicate \u00een sinteza <strong data-start=\"868\" data-end=\"889\">prostaglandinelor<\/strong>, substan\u021be chimice naturale care regleaz\u0103 numeroase procese biologice la nivelul organismului. Prin aceste mecanisme, uleiul de pe\u0219te contribuie la:<\/p>\n<ul style=\"text-align: justify;\" data-start=\"1040\" data-end=\"1351\">\n<li data-start=\"1040\" data-end=\"1114\">\n<p data-start=\"1042\" data-end=\"1114\"><strong data-start=\"1042\" data-end=\"1074\">Func\u021bionarea optim\u0103 a inimii<\/strong> \u0219i a \u00eentregului sistem cardiovascular<\/p>\n<\/li>\n<li data-start=\"1115\" data-end=\"1229\">\n<p data-start=\"1117\" data-end=\"1229\"><strong data-start=\"1117\" data-end=\"1177\">Reducerea nivelului colesterolului \u0219i al trigliceridelor<\/strong>, prevenind acumularea lipidic\u0103 \u00een vasele de s\u00e2nge<\/p>\n<\/li>\n<li data-start=\"1230\" data-end=\"1351\">\n<p data-start=\"1232\" data-end=\"1351\"><strong data-start=\"1232\" data-end=\"1268\">Reducerea agreg\u0103rii trombocitare<\/strong>, diminu\u00e2nd riscul de ateroscleroz\u0103, hipertensiune arterial\u0103 \u0219i infarct miocardic<\/p>\n<\/li>\n<\/ul>\n<p style=\"text-align: justify;\" data-start=\"1353\" data-end=\"1615\">\u00cen plus, omega 3 reduc <strong data-start=\"1376\" data-end=\"1401\">vascozitatea s\u00e2ngelui<\/strong>, facilit\u00e2nd fluxul sanguin \u0219i optimiz\u00e2nd aportul de oxigen \u0219i nutrien\u021bi c\u0103tre \u021besuturi. Aceasta contribuie la s\u0103n\u0103tatea sistemului circulator \u0219i la prevenirea complica\u021biilor asociate cu microcircula\u021bia deficitar\u0103.<\/p>\n<hr data-start=\"1617\" data-end=\"1620\" \/>\n<h4 style=\"text-align: justify;\" data-start=\"1622\" data-end=\"1664\"><strong data-start=\"1625\" data-end=\"1664\">Beneficii pentru s\u0103n\u0103tatea general\u0103<\/strong><\/h4>\n<p style=\"text-align: justify;\" data-start=\"1666\" data-end=\"1766\">Pe l\u00e2ng\u0103 rolul s\u0103u cardiovascular, uleiul de pe\u0219te oceanic are efecte benefice \u00een mai multe domenii:<\/p>\n<ul style=\"text-align: justify;\" data-start=\"1768\" data-end=\"2246\">\n<li data-start=\"1768\" data-end=\"1902\">\n<p data-start=\"1770\" data-end=\"1902\"><strong data-start=\"1770\" data-end=\"1807\">\u00cembun\u0103t\u0103\u021be\u0219te circula\u021bia sanguin\u0103<\/strong>, contribuind la transportul eficient al oxigenului \u0219i la detoxifierea natural\u0103 a \u021besuturilor<\/p>\n<\/li>\n<li data-start=\"1903\" data-end=\"2020\">\n<p data-start=\"1905\" data-end=\"2020\"><strong data-start=\"1905\" data-end=\"1933\">Sus\u021bine s\u0103n\u0103tatea pielii<\/strong>, fiind recomandat persoanelor afectate de psoriazis sau alte afec\u021biuni dermatologice<\/p>\n<\/li>\n<li data-start=\"2021\" data-end=\"2153\">\n<p data-start=\"2023\" data-end=\"2153\"><strong data-start=\"2023\" data-end=\"2082\">Sprijin\u0103 func\u021bionarea creierului \u0219i a sistemului nervos<\/strong>, DHA fiind un component structural esen\u021bial al membranelor neuronale<\/p>\n<\/li>\n<li data-start=\"2154\" data-end=\"2246\">\n<p data-start=\"2156\" data-end=\"2246\"><strong data-start=\"2156\" data-end=\"2198\">Contribuie la s\u0103n\u0103tatea articula\u021biilor<\/strong>, prin efectele sale antiinflamatorii naturale<\/p>\n<\/li>\n<\/ul>\n<p style=\"text-align: justify;\" data-start=\"2248\" data-end=\"2399\">Astfel, uleiul de pe\u0219te nu este doar un supliment pentru inim\u0103, ci \u0219i un aliat pentru <strong data-start=\"2334\" data-end=\"2362\">recuperarea organismului<\/strong> dup\u0103 efort fizic sau stres oxidativ.<\/p>\n<hr data-start=\"2401\" data-end=\"2404\" \/>\n<h4 style=\"text-align: justify;\" data-start=\"2406\" data-end=\"2443\"><strong data-start=\"2409\" data-end=\"2443\">Compozi\u021bie \u0219i doza recomandat\u0103<\/strong><\/h4>\n<p style=\"text-align: justify;\" data-start=\"2445\" data-end=\"2761\"><strong data-start=\"2445\" data-end=\"2473\">Doza zilnic\u0103 recomandat\u0103<\/strong> pentru un efect optim este de <strong data-start=\"2504\" data-end=\"2517\">3 capsule<\/strong>, fiecare capsul\u0103 con\u021bin\u00e2nd <strong data-start=\"2545\" data-end=\"2577\">500 mg ulei de pe\u0219te oceanic<\/strong>, ob\u021binut din specii de cod \u0219i rechin, ceea ce totalizeaz\u0103 <strong data-start=\"2636\" data-end=\"2653\">1500 mg pe zi<\/strong>. Aceasta asigur\u0103 aportul necesar de EPA \u0219i DHA pentru men\u021binerea s\u0103n\u0103t\u0103\u021bii cardiovasculare \u0219i circulatorii.<\/p>\n<p style=\"text-align: justify;\" data-start=\"2763\" data-end=\"2795\"><strong data-start=\"2763\" data-end=\"2793\">Ingrediente active per zi:<\/strong><\/p>\n<ul style=\"text-align: justify;\" data-start=\"2796\" data-end=\"2847\">\n<li data-start=\"2796\" data-end=\"2847\">\n<p data-start=\"2798\" data-end=\"2847\">Ulei de pe\u0219te oceanic (cod \u0219i rechin) \u2013 1500 mg<\/p>\n<\/li>\n<\/ul>\n<p style=\"text-align: justify;\" data-start=\"2849\" data-end=\"2875\"><strong data-start=\"2849\" data-end=\"2873\">Mod de administrare:<\/strong><\/p>\n<ul style=\"text-align: justify;\" data-start=\"2876\" data-end=\"3147\">\n<li data-start=\"2876\" data-end=\"3012\">\n<p data-start=\"2878\" data-end=\"3012\">Se recomand\u0103 administrarea a <strong data-start=\"2907\" data-end=\"2938\">o capsul\u0103 de trei ori pe zi<\/strong>, \u00een timpul sau dup\u0103 mese, \u00eenso\u021bit\u0103 de un pahar de lichid (ap\u0103 sau suc).<\/p>\n<\/li>\n<li data-start=\"3013\" data-end=\"3147\">\n<p data-start=\"3015\" data-end=\"3147\">Consumul regulat asigur\u0103 beneficii maxime \u0219i este recomandat pentru perioade \u00eendelungate, f\u0103r\u0103 riscul apari\u021biei efectelor secundare.<\/p>\n<\/li>\n<\/ul>\n<hr data-start=\"3149\" data-end=\"3152\" \/>\n<h4 style=\"text-align: justify;\" data-start=\"3154\" data-end=\"3185\"><strong data-start=\"3157\" data-end=\"3185\">Indica\u021bii \u0219i recomand\u0103ri<\/strong><\/h4>\n<p style=\"text-align: justify;\" data-start=\"3187\" data-end=\"3245\">Uleiul de pe\u0219te oceanic este recomandat \u00een special pentru:<\/p>\n<ul style=\"text-align: justify;\" data-start=\"3247\" data-end=\"3726\">\n<li data-start=\"3247\" data-end=\"3328\">\n<p data-start=\"3249\" data-end=\"3328\">Persoanele care doresc s\u0103 men\u021bin\u0103 s\u0103n\u0103tatea inimii \u0219i a sistemului circulator<\/p>\n<\/li>\n<li data-start=\"3329\" data-end=\"3384\">\n<p data-start=\"3331\" data-end=\"3384\">Cei cu nivel ridicat de colesterol sau trigliceride<\/p>\n<\/li>\n<li data-start=\"3385\" data-end=\"3449\">\n<p data-start=\"3387\" data-end=\"3449\">Persoanele cu risc de hipertensiune sau boli cardiovasculare<\/p>\n<\/li>\n<li data-start=\"3450\" data-end=\"3514\">\n<p data-start=\"3452\" data-end=\"3514\">Persoanele afectate de psoriazis sau alte afec\u021biuni cutanate<\/p>\n<\/li>\n<li data-start=\"3515\" data-end=\"3618\">\n<p data-start=\"3517\" data-end=\"3618\">Persoanele care doresc un supliment natural pentru func\u021bia cerebral\u0103 \u0219i s\u0103n\u0103tatea sistemului nervos<\/p>\n<\/li>\n<li data-start=\"3619\" data-end=\"3726\">\n<p data-start=\"3621\" data-end=\"3726\">Sportivi \u0219i adul\u021bi activi, care au nevoie de un aport optim de omega 3 pentru recuperare \u0219i performan\u021b\u0103<\/p>\n<\/li>\n<\/ul>\n<hr data-start=\"3728\" data-end=\"3731\" \/>\n<h4 style=\"text-align: justify;\" data-start=\"3733\" data-end=\"3761\"><strong data-start=\"3736\" data-end=\"3761\">Avantaje suplimentare<\/strong><\/h4>\n<ul style=\"text-align: justify;\" data-start=\"3763\" data-end=\"4014\">\n<li data-start=\"3763\" data-end=\"3816\">\n<p data-start=\"3765\" data-end=\"3816\">Supliment natural, cu biodisponibilitate crescut\u0103<\/p>\n<\/li>\n<li data-start=\"3817\" data-end=\"3904\">\n<p data-start=\"3819\" data-end=\"3904\">Contribuie la reducerea inflama\u021biei \u0219i la men\u021binerea elasticit\u0103\u021bii vaselor de s\u00e2nge<\/p>\n<\/li>\n<li data-start=\"3905\" data-end=\"4014\">\n<p data-start=\"3907\" data-end=\"4014\">Poate fi utilizat pe termen lung, ca parte a unei alimenta\u021bii echilibrate \u0219i a unui stil de via\u021b\u0103 s\u0103n\u0103tos<\/p>\n<\/li>\n<\/ul>\n<hr data-start=\"4016\" data-end=\"4019\" \/>\n<h4 style=\"text-align: justify;\" data-start=\"4021\" data-end=\"4038\"><strong data-start=\"4024\" data-end=\"4038\">Prezentare<\/strong><\/h4>\n<ul style=\"text-align: justify;\" data-start=\"4040\" data-end=\"4170\">\n<li data-start=\"4040\" data-end=\"4066\">\n<p data-start=\"4042\" data-end=\"4066\"><strong data-start=\"4042\" data-end=\"4052\">Form\u0103:<\/strong> capsule moi<\/p>\n<\/li>\n<li data-start=\"4067\" data-end=\"4102\">\n<p data-start=\"4069\" data-end=\"4102\"><strong data-start=\"4069\" data-end=\"4083\">Cantitate:<\/strong> 30 capsule\/cutie<\/p>\n<\/li>\n<li data-start=\"4103\" data-end=\"4170\">\n<p data-start=\"4105\" data-end=\"4170\"><strong data-start=\"4105\" data-end=\"4129\">Administrare simpl\u0103:<\/strong> o capsul\u0103 de trei ori pe zi, cu lichid<\/p>\n<\/li>\n<\/ul>\n<p style=\"text-align: justify;\" data-start=\"4172\" data-end=\"4528\"><strong data-start=\"4172\" data-end=\"4199\">Uleiul de pe\u0219te oceanic<\/strong> reprezint\u0103 o solu\u021bie complet\u0103 pentru men\u021binerea s\u0103n\u0103t\u0103\u021bii cardiovasculare, a sistemului nervos \u0219i a st\u0103rii generale de bine. Prin aportul de EPA \u0219i DHA, acest supliment sprijin\u0103 func\u021bionarea optim\u0103 a inimii, circula\u021bia sanguin\u0103, metabolismul lipidic \u0219i s\u0103n\u0103tatea pielii, oferind beneficii pe termen lung pentru toate v\u00e2rstele.<\/p>\n<hr data-start=\"4671\" data-end=\"4674\" \/>\n<p style=\"text-align: center;\"><a href=\"https:\/\/www.facebook.com\/profile.php?id=61586010988472\" rel=\"nofollow noopener\" target=\"_blank\"><img decoding=\"async\" class=\"alignnone wp-image-953\" src=\"https:\/\/vittalis.ro\/wp-content\/uploads\/2025\/12\/1-300x300.png\" alt=\"\" width=\"51\" height=\"51\" srcset=\"https:\/\/vittalis.ro\/wp-content\/uploads\/2025\/12\/1-300x300.png 300w, https:\/\/vittalis.ro\/wp-content\/uploads\/2025\/12\/1-150x150.png 150w, https:\/\/vittalis.ro\/wp-content\/uploads\/2025\/12\/1-100x100.png 100w, https:\/\/vittalis.ro\/wp-content\/uploads\/2025\/12\/1-50x50.png 50w, https:\/\/vittalis.ro\/wp-content\/uploads\/2025\/12\/1.png 500w\" sizes=\"(max-width: 51px) 100vw, 51px\" \/><\/a> <a href=\"https:\/\/www.instagram.com\/vittalis.suplimentealimentare?igsh=MTBocHY0cXVta2dlcg%3D%3D\" rel=\"nofollow noopener\" target=\"_blank\"><img decoding=\"async\" class=\"alignnone wp-image-954\" src=\"https:\/\/vittalis.ro\/wp-content\/uploads\/2025\/12\/2-300x300.png\" alt=\"\" width=\"50\" height=\"50\" srcset=\"https:\/\/vittalis.ro\/wp-content\/uploads\/2025\/12\/2-300x300.png 300w, https:\/\/vittalis.ro\/wp-content\/uploads\/2025\/12\/2-150x150.png 150w, https:\/\/vittalis.ro\/wp-content\/uploads\/2025\/12\/2-100x100.png 100w, https:\/\/vittalis.ro\/wp-content\/uploads\/2025\/12\/2-50x50.png 50w, https:\/\/vittalis.ro\/wp-content\/uploads\/2025\/12\/2.png 500w\" sizes=\"(max-width: 50px) 100vw, 50px\" \/><\/a> <a href=\"https:\/\/www.tiktok.com\/@vittalis.ro\"><img decoding=\"async\" class=\"alignnone wp-image-955\" src=\"https:\/\/vittalis.ro\/wp-content\/uploads\/2025\/12\/3-300x300.png\" alt=\"\" width=\"56\" height=\"56\" srcset=\"https:\/\/vittalis.ro\/wp-content\/uploads\/2025\/12\/3-300x300.png 300w, https:\/\/vittalis.ro\/wp-content\/uploads\/2025\/12\/3-150x150.png 150w, https:\/\/vittalis.ro\/wp-content\/uploads\/2025\/12\/3-100x100.png 100w, https:\/\/vittalis.ro\/wp-content\/uploads\/2025\/12\/3-50x50.png 50w, https:\/\/vittalis.ro\/wp-content\/uploads\/2025\/12\/3.png 500w\" sizes=\"(max-width: 56px) 100vw, 56px\" \/><\/a> <a href=\"https:\/\/www.youtube.com\/channel\/UCt7ysxXRoHT4Amyd_FOoegA\" rel=\"nofollow noopener\" target=\"_blank\"><img loading=\"lazy\" decoding=\"async\" class=\"alignnone wp-image-956\" src=\"https:\/\/vittalis.ro\/wp-content\/uploads\/2025\/12\/4-300x300.png\" alt=\"\" width=\"52\" height=\"52\" srcset=\"https:\/\/vittalis.ro\/wp-content\/uploads\/2025\/12\/4-300x300.png 300w, https:\/\/vittalis.ro\/wp-content\/uploads\/2025\/12\/4-150x150.png 150w, https:\/\/vittalis.ro\/wp-content\/uploads\/2025\/12\/4-100x100.png 100w, https:\/\/vittalis.ro\/wp-content\/uploads\/2025\/12\/4-50x50.png 50w, https:\/\/vittalis.ro\/wp-content\/uploads\/2025\/12\/4.png 500w\" sizes=\"(max-width: 52px) 100vw, 52px\" \/><\/a><\/p>\n<hr data-start=\"4671\" data-end=\"4674\" \/>\n<p>&nbsp;<\/p>\n<p><a href=\"https:\/\/vittalis.ro\/?page_id=640\"><img loading=\"lazy\" decoding=\"async\" class=\"alignnone wp-image-960\" src=\"https:\/\/vittalis.ro\/wp-content\/uploads\/2025\/12\/Red-ad-Beige-Bold-Modern-Professional-Business-Pitch-Deck-Presentation-1-300x108.png\" alt=\"\" width=\"165\" height=\"59\" srcset=\"https:\/\/vittalis.ro\/wp-content\/uploads\/2025\/12\/Red-ad-Beige-Bold-Modern-Professional-Business-Pitch-Deck-Presentation-1-300x108.png 300w, https:\/\/vittalis.ro\/wp-content\/uploads\/2025\/12\/Red-ad-Beige-Bold-Modern-Professional-Business-Pitch-Deck-Presentation-1-1024x370.png 1024w, https:\/\/vittalis.ro\/wp-content\/uploads\/2025\/12\/Red-ad-Beige-Bold-Modern-Professional-Business-Pitch-Deck-Presentation-1-768x277.png 768w, https:\/\/vittalis.ro\/wp-content\/uploads\/2025\/12\/Red-ad-Beige-Bold-Modern-Professional-Business-Pitch-Deck-Presentation-1-1536x554.png 1536w, https:\/\/vittalis.ro\/wp-content\/uploads\/2025\/12\/Red-ad-Beige-Bold-Modern-Professional-Business-Pitch-Deck-Presentation-1-1320x476.png 1320w, https:\/\/vittalis.ro\/wp-content\/uploads\/2025\/12\/Red-ad-Beige-Bold-Modern-Professional-Business-Pitch-Deck-Presentation-1-600x217.png 600w, https:\/\/vittalis.ro\/wp-content\/uploads\/2025\/12\/Red-ad-Beige-Bold-Modern-Professional-Business-Pitch-Deck-Presentation-1.png 1920w\" sizes=\"(max-width: 165px) 100vw, 165px\" \/><\/a><\/p>\n<p class=\"entry-title\" style=\"text-align: left;\"><span style=\"text-decoration: underline;\"><strong><span style=\"color: #000000; text-decoration: underline;\"><a style=\"color: #000000; text-decoration: underline;\" href=\"https:\/\/vittalis.ro\/?p=637\">Vitamina C lipozomal\u0103 \u2013 absorb\u021bie superioar\u0103, imunitate puternic\u0103 \u0219i beneficii extinse pentru s\u0103n\u0103tate<\/a><\/span><\/strong><\/span><\/p>\n<p class=\"entry-title\" style=\"text-align: left;\"><span style=\"text-decoration: underline;\"><span style=\"color: #000000; text-decoration: underline;\"><a style=\"color: #000000; text-decoration: underline;\" href=\"https:\/\/vittalis.ro\/?p=617\"><strong>Colagenul \u2013 beneficii, rol \u00een organism, tipuri \u0219i surse naturale<\/strong><\/a><\/span><\/span><\/p>\n<p class=\"entry-title\" style=\"text-align: left;\"><span style=\"text-decoration: underline;\"><a href=\"https:\/\/vittalis.ro\/?p=715\"><span style=\"color: #000000; text-decoration: underline;\"><strong>Magneziu bisglicinat: beneficii, propriet\u0103\u021bi \u0219i utiliz\u0103ri esen\u021biale pentru s\u0103n\u0103tate<\/strong><\/span><\/a><\/span><\/p>\n","protected":false},"excerpt":{"rendered":"<p style=\"text-align: justify;\"><strong data-start=\"0\" data-end=\"27\" data-is-only-node=\"\">Uleiul de pe\u0219te oceanic<\/strong> este o surs\u0103 bogat\u0103 de acizi gra\u0219i esen\u021biali omega 3 (EPA \u0219i DHA), care sus\u021bin s\u0103n\u0103tatea inimii, reduc colesterolul \u0219i trigliceridele \u0219i \u00eembun\u0103t\u0103\u021besc circula\u021bia sanguin\u0103. Contribuie la protec\u021bia vaselor de s\u00e2nge, la func\u021bionarea optim\u0103 a creierului \u0219i la s\u0103n\u0103tatea pielii, fiind util \u00een psoriazis \u0219i scleroz\u0103 multipl\u0103. Administrat regulat, ajut\u0103 la prevenirea afec\u021biunilor cardiovasculare, la reducerea inflama\u021biei \u0219i la cre\u0219terea aportului de oxigen \u00een \u021besuturi, oferind un sprijin complet pentru organism.<\/p>\n","protected":false},"featured_media":1116,"comment_status":"open","ping_status":"closed","template":"","meta":{"_glsr_average":0,"_glsr_ranking":0,"_glsr_reviews":0},"product_brand":[213],"product_cat":[411],"product_tag":[388,291,292,228,294,295],"class_list":{"0":"post-1150","1":"product","2":"type-product","3":"status-publish","4":"has-post-thumbnail","6":"product_brand-parapharm","7":"product_cat-digestie","8":"product_tag-omega-3-beenficii","9":"product_tag-omega-3-pastile","10":"product_tag-omega-3-peste","11":"product_tag-omega-3-pret","12":"product_tag-ulei-de-peste","13":"product_tag-ulei-de-rechin","15":"first","16":"instock","17":"sale","18":"shipping-taxable","19":"purchasable","20":"product-type-simple"},"jetpack_sharing_enabled":true,"jetpack-related-posts":[{"id":1134,"url":"https:\/\/vittalis.ro\/?product=trigliceride-colesterol-optim-30-capsule-parapharm-2","url_meta":{"origin":1150,"position":0},"title":"Trigliceride + Colesterol Optim, 30 capsule, Parapharm","author":"denisa","date":"februarie 11, 2026","format":false,"excerpt":"Trigliceride + Colesterol Optim Parapharm este un supliment alimentar pe baz\u0103 de Omega-3 din pe\u0219te oceanic, \u00eembog\u0103\u021bit cu EPA, DHA \u0219i vitamina E. Sus\u021bine s\u0103n\u0103tatea inimii, echilibrul colesterolului \u0219i trigliceridelor, func\u021bia creierului \u0219i capacitatea de concentrare.","rel":"","context":"Articol similar","block_context":{"text":"Articol similar","link":""},"img":{"alt_text":"Trigliceride+ Colesterol Optim, 30 capsule, Parapharm","src":"https:\/\/i0.wp.com\/vittalis.ro\/wp-content\/uploads\/2026\/02\/trigliceride-colesterol-optim-30-capsule-parapharm-9469-1090x1090-1.jpg?resize=350%2C200&ssl=1","width":350,"height":200,"srcset":"https:\/\/i0.wp.com\/vittalis.ro\/wp-content\/uploads\/2026\/02\/trigliceride-colesterol-optim-30-capsule-parapharm-9469-1090x1090-1.jpg?resize=350%2C200&ssl=1 1x, https:\/\/i0.wp.com\/vittalis.ro\/wp-content\/uploads\/2026\/02\/trigliceride-colesterol-optim-30-capsule-parapharm-9469-1090x1090-1.jpg?resize=525%2C300&ssl=1 1.5x, https:\/\/i0.wp.com\/vittalis.ro\/wp-content\/uploads\/2026\/02\/trigliceride-colesterol-optim-30-capsule-parapharm-9469-1090x1090-1.jpg?resize=700%2C400&ssl=1 2x, https:\/\/i0.wp.com\/vittalis.ro\/wp-content\/uploads\/2026\/02\/trigliceride-colesterol-optim-30-capsule-parapharm-9469-1090x1090-1.jpg?resize=1050%2C600&ssl=1 3x"},"classes":[]},{"id":1130,"url":"https:\/\/vittalis.ro\/?product=ulei-de-chimen-negru-30-capsule-parapharm-2","url_meta":{"origin":1150,"position":1},"title":"Ulei de Chimen Negru, 30 capsule, Parapharm","author":"denisa","date":"februarie 11, 2026","format":false,"excerpt":"Ulei de Chimen Negru Parapharm este un supliment alimentar natural, bogat \u00een acizi gra\u0219i nesatura\u021bi \u0219i vitamina E, care sus\u021bine imunitatea, protejeaz\u0103 celulele \u00eempotriva stresului oxidativ, sprijin\u0103 s\u0103n\u0103tatea respiratorie \u0219i digestiv\u0103 \u0219i contribuie la vitalitatea \u0219i energia organismului.","rel":"","context":"Articol similar","block_context":{"text":"Articol similar","link":""},"img":{"alt_text":"Ulei de Chimen Negru, 30 capsule, Parapharm","src":"https:\/\/i0.wp.com\/vittalis.ro\/wp-content\/uploads\/2026\/02\/1149265177.webp?resize=350%2C200&ssl=1","width":350,"height":200,"srcset":"https:\/\/i0.wp.com\/vittalis.ro\/wp-content\/uploads\/2026\/02\/1149265177.webp?resize=350%2C200&ssl=1 1x, https:\/\/i0.wp.com\/vittalis.ro\/wp-content\/uploads\/2026\/02\/1149265177.webp?resize=525%2C300&ssl=1 1.5x"},"classes":[]},{"id":1151,"url":"https:\/\/vittalis.ro\/?product=bitter-suedez-30-30-capsule-parapharm","url_meta":{"origin":1150,"position":2},"title":"Bitter Suedez, 30 + 30 capsule, Parapharm","author":"denisa","date":"februarie 11, 2026","format":false,"excerpt":"Uleiul de pe\u0219te oceanic este o surs\u0103 bogat\u0103 de acizi gra\u0219i esen\u021biali omega 3 (EPA \u0219i DHA), care sus\u021bin s\u0103n\u0103tatea inimii, reduc colesterolul \u0219i trigliceridele \u0219i \u00eembun\u0103t\u0103\u021besc circula\u021bia sanguin\u0103. Contribuie la protec\u021bia vaselor de s\u00e2nge, la func\u021bionarea optim\u0103 a creierului \u0219i la s\u0103n\u0103tatea pielii, fiind util \u00een psoriazis \u0219i scleroz\u0103\u2026","rel":"","context":"Articol similar","block_context":{"text":"Articol similar","link":""},"img":{"alt_text":"Bitter Suedez, 30 + 30 capsule, Parapharm","src":"https:\/\/i0.wp.com\/vittalis.ro\/wp-content\/uploads\/2026\/02\/bitter-suedez-pachet-3030-capsule-11-parapharm.webp?resize=350%2C200&ssl=1","width":350,"height":200},"classes":[]},{"id":1129,"url":"https:\/\/vittalis.ro\/?product=vitamina-e-100-30-capsule-parapharm-2","url_meta":{"origin":1150,"position":3},"title":"Vitamina E-100, 30 capsule, Parapharm","author":"denisa","date":"februarie 10, 2026","format":false,"excerpt":"Vitamina E \u2013 100 Parapharm este un supliment alimentar ce furnizeaz\u0103 D-a Tocoferol pur, un antioxidant puternic care protejeaz\u0103 celulele, membranele \u0219i acizii gra\u0219i polinesatura\u021bi. Sprijin\u0103 sistemul imunitar, s\u0103n\u0103tatea cardiovascular\u0103 \u0219i nervoas\u0103, \u00eencetine\u0219te procesul de \u00eemb\u0103tr\u00e2nire \u0219i contribuie la func\u021bionarea optim\u0103 a organismului. Administrarea recomandat\u0103 este de 1 capsul\u0103 pe\u2026","rel":"","context":"Articol similar","block_context":{"text":"Articol similar","link":""},"img":{"alt_text":"Vitamina E-100, 30 capsule, Parapharm","src":"https:\/\/i0.wp.com\/vittalis.ro\/wp-content\/uploads\/2026\/02\/865147784.webp?resize=350%2C200&ssl=1","width":350,"height":200},"classes":[]},{"id":1157,"url":"https:\/\/vittalis.ro\/?product=ulei-de-catina-si-coenzima-q10-parapharm","url_meta":{"origin":1150,"position":4},"title":"Ulei de Catin\u0103 \u0219i Coenzima Q10, 30 capsule, Parapharm","author":"denisa","date":"februarie 13, 2026","format":false,"excerpt":"Supliment alimentar pe baz\u0103 de ulei de c\u0103tin\u0103 (1500 mg\/3 capsule) \u0219i coenzim\u0103 Q10 (45 mg\/3 capsule), formulat pentru sus\u021binerea inimii \u0219i a nivelului optim de energie celular\u0103. Contribuie la cre\u0219terea capacit\u0103\u021bii func\u021bionale a inimii, la \u00eencetinirea proceselor de \u00eemb\u0103tr\u00e2nire \u0219i la sprijinirea metabolismului. Se administreaz\u0103 1 capsul\u0103 de 3\u2026","rel":"","context":"Articol similar","block_context":{"text":"Articol similar","link":""},"img":{"alt_text":"Ulei de Catina si Coenzima Q10, 30 capsule, Parapharm","src":"https:\/\/i0.wp.com\/vittalis.ro\/wp-content\/uploads\/2026\/02\/ulei-catina-coemzima-q10-30-capsule_10696_1_16667780776557-1090x1090-1.jpg?resize=350%2C200&ssl=1","width":350,"height":200,"srcset":"https:\/\/i0.wp.com\/vittalis.ro\/wp-content\/uploads\/2026\/02\/ulei-catina-coemzima-q10-30-capsule_10696_1_16667780776557-1090x1090-1.jpg?resize=350%2C200&ssl=1 1x, https:\/\/i0.wp.com\/vittalis.ro\/wp-content\/uploads\/2026\/02\/ulei-catina-coemzima-q10-30-capsule_10696_1_16667780776557-1090x1090-1.jpg?resize=525%2C300&ssl=1 1.5x, https:\/\/i0.wp.com\/vittalis.ro\/wp-content\/uploads\/2026\/02\/ulei-catina-coemzima-q10-30-capsule_10696_1_16667780776557-1090x1090-1.jpg?resize=700%2C400&ssl=1 2x, https:\/\/i0.wp.com\/vittalis.ro\/wp-content\/uploads\/2026\/02\/ulei-catina-coemzima-q10-30-capsule_10696_1_16667780776557-1090x1090-1.jpg?resize=1050%2C600&ssl=1 3x"},"classes":[]},{"id":508,"url":"https:\/\/vittalis.ro\/?product=calciu-magneziu-zinc-30-comprimate-filmate","url_meta":{"origin":1150,"position":5},"title":"Calciu-Magneziu-Zinc, 30 comprimate filmate","author":"denisa","date":"decembrie 21, 2025","format":false,"excerpt":"Cal+Mag+Zinc capsule contribuie la s\u0103n\u0103tatea pielii, a sistemelor nervos, muscular \u0219i osos, la buna func\u021bionare a prostatei\u00a0 \u0219i a sistemului cardiovascular.","rel":"","context":"Articol similar","block_context":{"text":"Articol similar","link":""},"img":{"alt_text":"Calciu-Magneziu-Zinc, 30 comprimate filmate","src":"https:\/\/i0.wp.com\/vittalis.ro\/wp-content\/uploads\/2025\/12\/Calciu-Magneziu-Zinc-30-Folio-Fata-copy.webp?resize=350%2C200&ssl=1","width":350,"height":200,"srcset":"https:\/\/i0.wp.com\/vittalis.ro\/wp-content\/uploads\/2025\/12\/Calciu-Magneziu-Zinc-30-Folio-Fata-copy.webp?resize=350%2C200&ssl=1 1x, https:\/\/i0.wp.com\/vittalis.ro\/wp-content\/uploads\/2025\/12\/Calciu-Magneziu-Zinc-30-Folio-Fata-copy.webp?resize=525%2C300&ssl=1 1.5x"},"classes":[]}],"post_mailing_queue_ids":[],"_links":{"self":[{"href":"https:\/\/vittalis.ro\/index.php?rest_route=\/wp\/v2\/product\/1150","targetHints":{"allow":["GET"]}}],"collection":[{"href":"https:\/\/vittalis.ro\/index.php?rest_route=\/wp\/v2\/product"}],"about":[{"href":"https:\/\/vittalis.ro\/index.php?rest_route=\/wp\/v2\/types\/product"}],"replies":[{"embeddable":true,"href":"https:\/\/vittalis.ro\/index.php?rest_route=%2Fwp%2Fv2%2Fcomments&post=1150"}],"wp:featuredmedia":[{"embeddable":true,"href":"https:\/\/vittalis.ro\/index.php?rest_route=\/wp\/v2\/media\/1116"}],"wp:attachment":[{"href":"https:\/\/vittalis.ro\/index.php?rest_route=%2Fwp%2Fv2%2Fmedia&parent=1150"}],"wp:term":[{"taxonomy":"product_brand","embeddable":true,"href":"https:\/\/vittalis.ro\/index.php?rest_route=%2Fwp%2Fv2%2Fproduct_brand&post=1150"},{"taxonomy":"product_cat","embeddable":true,"href":"https:\/\/vittalis.ro\/index.php?rest_route=%2Fwp%2Fv2%2Fproduct_cat&post=1150"},{"taxonomy":"product_tag","embeddable":true,"href":"https:\/\/vittalis.ro\/index.php?rest_route=%2Fwp%2Fv2%2Fproduct_tag&post=1150"}],"curies":[{"name":"wp","href":"https:\/\/api.w.org\/{rel}","templated":true}]}}