{"id":1148,"date":"2026-02-11T16:54:24","date_gmt":"2026-02-11T16:54:24","guid":{"rendered":"https:\/\/vittalis.ro\/?post_type=product&#038;p=1148"},"modified":"2026-03-09T17:37:36","modified_gmt":"2026-03-09T17:37:36","slug":"ashwagandha-60-capsule-herbagetica-2","status":"publish","type":"product","link":"https:\/\/vittalis.ro\/?product=ashwagandha-60-capsule-herbagetica-2","title":{"rendered":"Ashwagandha 60 Capsule, Herbagetica"},"content":{"rendered":"<h4 style=\"text-align: justify;\" data-start=\"140\" data-end=\"234\"><strong data-start=\"143\" data-end=\"234\">Ashwagandha Extract Premium \u2013 sprijin natural pentru stres, energie \u0219i echilibru mental<\/strong><\/h4>\n<p style=\"text-align: justify;\" data-start=\"236\" data-end=\"758\"><strong data-start=\"236\" data-end=\"267\">Ashwagandha Extract Premium<\/strong> de la Herbagetica se distinge printr-o formul\u0103 excep\u021bional\u0103, oferind un extract concentrat de Ashwagandha cu cea mai ridicat\u0103 standardizare disponibil\u0103: <strong data-start=\"421\" data-end=\"455\">7% withanolide \u0219i 1% alcaloizi<\/strong>. Aceast\u0103 dubl\u0103 standardizare garanteaz\u0103 eficien\u021ba produsului, oferind compu\u0219i activi care sus\u021bin organismul \u00een gestionarea stresului \u0219i promovarea echilibrului mental. Produsul vine sub form\u0103 de <strong data-start=\"651\" data-end=\"671\">capsule vegetale<\/strong>, fiind potrivit \u0219i pentru dietele vegetariene sau vegane, f\u0103r\u0103 excipien\u021bi artificiali.<\/p>\n<p style=\"text-align: justify;\" data-start=\"760\" data-end=\"1266\">Ashwagandha, cunoscut\u0103 \u0219i sub denumirea \u0219tiin\u021bific\u0103 <strong data-start=\"812\" data-end=\"834\">Withania somnifera<\/strong>, este un <strong data-start=\"844\" data-end=\"869\">adaptogen tradi\u021bional<\/strong>, folosit de peste <strong data-start=\"888\" data-end=\"925\">5.000 de ani \u00een medicina Ayurveda<\/strong>. Planta este recunoscut\u0103 pentru efectele sale neuroprotectoare, calmante asupra sistemului nervos \u0219i pentru propriet\u0103\u021bile sale de reglare hormonal\u0103. Prin aceste mecanisme, Ashwagandha ajut\u0103 la reducerea impactului negativ al stresului, oboselii \u0219i anxiet\u0103\u021bii asupra organismului, sprijinind, totodat\u0103, s\u0103n\u0103tatea sistemului nervos \u0219i mental.<\/p>\n<hr data-start=\"1268\" data-end=\"1271\" \/>\n<h4 style=\"text-align: justify;\" data-start=\"1273\" data-end=\"1317\"><strong data-start=\"1277\" data-end=\"1317\">Beneficii principale ale Ashwagandha<\/strong><\/h4>\n<ol style=\"text-align: justify;\" data-start=\"1319\" data-end=\"3139\">\n<li data-start=\"1319\" data-end=\"1694\">\n<p data-start=\"1322\" data-end=\"1694\"><strong data-start=\"1322\" data-end=\"1374\">Reducerea stresului \u0219i echilibrarea cortizolului<\/strong><br data-start=\"1374\" data-end=\"1377\" \/>Stresul cronic afecteaz\u0103 negativ organismul, provoc\u00e2nd cre\u0219terea nivelului de cortizol, inflama\u021bii \u0219i oboseal\u0103 mental\u0103. Studiile clinice au demonstrat c\u0103 Ashwagandha poate reduce nivelul de cortizol cu p\u00e2n\u0103 la 26%, contribuind la diminuarea anxiet\u0103\u021bii \u0219i a simptomelor depresive, precum \u0219i la echilibrarea emo\u021bional\u0103.<\/p>\n<\/li>\n<li data-start=\"1696\" data-end=\"2172\">\n<p data-start=\"1699\" data-end=\"2172\"><strong data-start=\"1699\" data-end=\"1736\">Efect adaptogen \u0219i neuroprotector<\/strong><br data-start=\"1736\" data-end=\"1739\" \/>Ashwagandha ajut\u0103 creierul s\u0103 fac\u0103 fa\u021b\u0103 stresului \u0219i efortului mental. Studiile arat\u0103 c\u0103 planta reduce deteriorarea celulelor neuronale cauzat\u0103 de stres, protej\u00e2nd astfel s\u0103n\u0103tatea creierului \u0219i prevenind efectele degenerative asociate cu boli precum Alzheimer sau Parkinson. Extractul stimuleaz\u0103 regenerarea celulelor nervoase \u0219i reconstruc\u021bia sinapselor, contribuind la \u00eembun\u0103t\u0103\u021birea memoriei, concentr\u0103rii \u0219i func\u021biilor cognitive.<\/p>\n<\/li>\n<li data-start=\"2174\" data-end=\"2551\">\n<p data-start=\"2177\" data-end=\"2551\"><strong data-start=\"2177\" data-end=\"2215\">Propriet\u0103\u021bi antioxidante puternice<\/strong><br data-start=\"2215\" data-end=\"2218\" \/>\u00cemb\u0103tr\u00e2nirea prematur\u0103 \u0219i stresul oxidativ sunt asociate cu deteriorarea celular\u0103 \u0219i apari\u021bia bolilor cronice. Extractul de Ashwagandha stimuleaz\u0103 secre\u021bia de enzime antioxidante naturale precum <strong data-start=\"2413\" data-end=\"2473\">superoxid dismutaz\u0103, catalaz\u0103 \u0219i peroxidaz\u0103 de glutation<\/strong>, protej\u00e2nd celulele de radicalii liberi \u0219i reduc\u00e2nd riscul de stres oxidativ.<\/p>\n<\/li>\n<li data-start=\"2553\" data-end=\"2915\">\n<p data-start=\"2556\" data-end=\"2915\"><strong data-start=\"2556\" data-end=\"2596\">Sprijin pentru energie \u0219i vitalitate<\/strong><br data-start=\"2596\" data-end=\"2599\" \/>Prin echilibrarea hormonilor \u0219i reducerea efectelor stresului, Ashwagandha ajut\u0103 la cre\u0219terea tonusului mental \u0219i fizic, oferind o senza\u021bie de energie natural\u0103 \u0219i rezisten\u021b\u0103 sporit\u0103 la efortul zilnic. Este ideal\u0103 pentru persoanele active, care doresc s\u0103 \u00eembine productivitatea cu starea de calm \u0219i claritate mental\u0103.<\/p>\n<\/li>\n<li data-start=\"2917\" data-end=\"3139\">\n<p data-start=\"2920\" data-end=\"3139\"><strong data-start=\"2920\" data-end=\"2956\">\u00cembun\u0103t\u0103\u021birea calit\u0103\u021bii somnului<\/strong><br data-start=\"2956\" data-end=\"2959\" \/>Ashwagandha contribuie la relaxarea sistemului nervos \u0219i la reglarea ritmurilor biologice, facilit\u00e2nd un somn odihnitor \u0219i de calitate, esen\u021bial pentru refacerea mental\u0103 \u0219i fizic\u0103.<\/p>\n<\/li>\n<\/ol>\n<hr data-start=\"3141\" data-end=\"3144\" \/>\n<h4 style=\"text-align: justify;\" data-start=\"3146\" data-end=\"3191\"><strong data-start=\"3150\" data-end=\"3191\">Recomand\u0103ri \u0219i indica\u021bii de utilizare<\/strong><\/h4>\n<p style=\"text-align: justify;\" data-start=\"3193\" data-end=\"3557\">Ashwagandha este recomandat\u0103 <strong data-start=\"3222\" data-end=\"3276\">persoanelor cu un stil de via\u021b\u0103 modern \u0219i stresant<\/strong>, celor care se confrunt\u0103 cu anxietate, oboseal\u0103 cronic\u0103, tulbur\u0103ri de somn, exces de cortizol sau probleme de fertilitate. Este, de asemenea, tot mai popular\u0103 \u00een r\u00e2ndul tinerilor activi, care au nevoie de energie, concentrare \u0219i echilibru mental f\u0103r\u0103 efecte stimulante excesive.<\/p>\n<p style=\"text-align: justify;\" data-start=\"3559\" data-end=\"3585\"><strong data-start=\"3559\" data-end=\"3583\">Mod de administrare:<\/strong><\/p>\n<ul style=\"text-align: justify;\" data-start=\"3586\" data-end=\"3736\">\n<li data-start=\"3586\" data-end=\"3667\">\n<p data-start=\"3588\" data-end=\"3667\">Lua\u021bi <strong data-start=\"3594\" data-end=\"3615\">1\u20132 capsule pe zi<\/strong>, de preferat \u00een timpul mesei, cu un pahar de ap\u0103.<\/p>\n<\/li>\n<li data-start=\"3668\" data-end=\"3736\">\n<p data-start=\"3670\" data-end=\"3736\">Se recomand\u0103 administrarea pe termen lung pentru beneficii optime.<\/p>\n<\/li>\n<\/ul>\n<p style=\"text-align: justify;\" data-start=\"3738\" data-end=\"3763\"><strong data-start=\"3738\" data-end=\"3761\">Ingrediente active:<\/strong><\/p>\n<ul style=\"text-align: justify;\" data-start=\"3764\" data-end=\"3920\">\n<li data-start=\"3764\" data-end=\"3858\">\n<p data-start=\"3766\" data-end=\"3858\">Extract de r\u0103d\u0103cin\u0103 de <strong data-start=\"3789\" data-end=\"3825\">Ashwagandha (Withania somnifera)<\/strong> standardizat la 5% withanolide<\/p>\n<\/li>\n<li data-start=\"3859\" data-end=\"3920\">\n<p data-start=\"3861\" data-end=\"3920\">Capsule vegetale 100% naturale, f\u0103r\u0103 excipien\u021bi sau aditivi<\/p>\n<\/li>\n<\/ul>\n<p style=\"text-align: justify;\" data-start=\"3922\" data-end=\"3953\"><strong data-start=\"3922\" data-end=\"3951\">Recomand\u0103ri suplimentare:<\/strong><\/p>\n<ul style=\"text-align: justify;\" data-start=\"3954\" data-end=\"4221\">\n<li data-start=\"3954\" data-end=\"4113\">\n<p data-start=\"3956\" data-end=\"4113\">Indicat pentru adul\u021bi care doresc s\u0103 \u00eembun\u0103t\u0103\u021beasc\u0103 rezisten\u021ba la stres, s\u0103 creasc\u0103 energia \u0219i vitalitatea sau s\u0103 sprijine s\u0103n\u0103tatea mental\u0103 \u0219i emo\u021bional\u0103.<\/p>\n<\/li>\n<li data-start=\"4114\" data-end=\"4221\">\n<p data-start=\"4116\" data-end=\"4221\">Consulta\u021bi un medic \u00eenainte de utilizare dac\u0103 sunte\u021bi \u00eens\u0103rcinat\u0103, al\u0103pta\u021bi sau ave\u021bi afec\u021biuni medicale.<\/p>\n<\/li>\n<\/ul>\n<p style=\"text-align: justify;\" data-start=\"4247\" data-end=\"4728\"><strong data-start=\"4247\" data-end=\"4296\">Ashwagandha Extract Premium de la Herbagetica<\/strong> este un supliment natural adaptogen, care ofer\u0103 protec\u021bie \u00eempotriva stresului, sprijin pentru s\u0103n\u0103tatea creierului \u0219i echilibru hormonal, cresc\u00e2nd energia, vitalitatea \u0219i starea general\u0103 de bine. Prin standardizarea ridicat\u0103 a extractului, produsul garanteaz\u0103 o eficien\u021b\u0103 maxim\u0103 \u0219i reprezint\u0103 un aliat de \u00eencredere pentru gestionarea stresului cotidian, promovarea clarit\u0103\u021bii mentale \u0219i sus\u021binerea sistemului nervos \u0219i emo\u021bional.<\/p>\n<hr data-start=\"4671\" data-end=\"4674\" \/>\n<p style=\"text-align: center;\"><a href=\"https:\/\/www.facebook.com\/profile.php?id=61586010988472\" rel=\"nofollow noopener\" target=\"_blank\"><img decoding=\"async\" class=\"alignnone wp-image-953\" src=\"https:\/\/vittalis.ro\/wp-content\/uploads\/2025\/12\/1-300x300.png\" alt=\"\" width=\"51\" height=\"51\" srcset=\"https:\/\/vittalis.ro\/wp-content\/uploads\/2025\/12\/1-300x300.png 300w, https:\/\/vittalis.ro\/wp-content\/uploads\/2025\/12\/1-150x150.png 150w, https:\/\/vittalis.ro\/wp-content\/uploads\/2025\/12\/1-100x100.png 100w, https:\/\/vittalis.ro\/wp-content\/uploads\/2025\/12\/1-50x50.png 50w, https:\/\/vittalis.ro\/wp-content\/uploads\/2025\/12\/1.png 500w\" sizes=\"(max-width: 51px) 100vw, 51px\" \/><\/a> <a href=\"https:\/\/www.instagram.com\/vittalis.suplimentealimentare?igsh=MTBocHY0cXVta2dlcg%3D%3D\" rel=\"nofollow noopener\" target=\"_blank\"><img decoding=\"async\" class=\"alignnone wp-image-954\" src=\"https:\/\/vittalis.ro\/wp-content\/uploads\/2025\/12\/2-300x300.png\" alt=\"\" width=\"50\" height=\"50\" srcset=\"https:\/\/vittalis.ro\/wp-content\/uploads\/2025\/12\/2-300x300.png 300w, https:\/\/vittalis.ro\/wp-content\/uploads\/2025\/12\/2-150x150.png 150w, https:\/\/vittalis.ro\/wp-content\/uploads\/2025\/12\/2-100x100.png 100w, https:\/\/vittalis.ro\/wp-content\/uploads\/2025\/12\/2-50x50.png 50w, https:\/\/vittalis.ro\/wp-content\/uploads\/2025\/12\/2.png 500w\" sizes=\"(max-width: 50px) 100vw, 50px\" \/><\/a> <a href=\"https:\/\/www.tiktok.com\/@vittalis.ro\"><img decoding=\"async\" class=\"alignnone wp-image-955\" src=\"https:\/\/vittalis.ro\/wp-content\/uploads\/2025\/12\/3-300x300.png\" alt=\"\" width=\"56\" height=\"56\" srcset=\"https:\/\/vittalis.ro\/wp-content\/uploads\/2025\/12\/3-300x300.png 300w, https:\/\/vittalis.ro\/wp-content\/uploads\/2025\/12\/3-150x150.png 150w, https:\/\/vittalis.ro\/wp-content\/uploads\/2025\/12\/3-100x100.png 100w, https:\/\/vittalis.ro\/wp-content\/uploads\/2025\/12\/3-50x50.png 50w, https:\/\/vittalis.ro\/wp-content\/uploads\/2025\/12\/3.png 500w\" sizes=\"(max-width: 56px) 100vw, 56px\" \/><\/a> <a href=\"https:\/\/www.youtube.com\/channel\/UCt7ysxXRoHT4Amyd_FOoegA\" rel=\"nofollow noopener\" target=\"_blank\"><img loading=\"lazy\" decoding=\"async\" class=\"alignnone wp-image-956\" src=\"https:\/\/vittalis.ro\/wp-content\/uploads\/2025\/12\/4-300x300.png\" alt=\"\" width=\"52\" height=\"52\" srcset=\"https:\/\/vittalis.ro\/wp-content\/uploads\/2025\/12\/4-300x300.png 300w, https:\/\/vittalis.ro\/wp-content\/uploads\/2025\/12\/4-150x150.png 150w, https:\/\/vittalis.ro\/wp-content\/uploads\/2025\/12\/4-100x100.png 100w, https:\/\/vittalis.ro\/wp-content\/uploads\/2025\/12\/4-50x50.png 50w, https:\/\/vittalis.ro\/wp-content\/uploads\/2025\/12\/4.png 500w\" sizes=\"(max-width: 52px) 100vw, 52px\" \/><\/a><\/p>\n<hr data-start=\"4671\" data-end=\"4674\" \/>\n<p>&nbsp;<\/p>\n<p><a href=\"https:\/\/vittalis.ro\/?page_id=640\"><img loading=\"lazy\" decoding=\"async\" class=\"alignnone wp-image-960\" src=\"https:\/\/vittalis.ro\/wp-content\/uploads\/2025\/12\/Red-ad-Beige-Bold-Modern-Professional-Business-Pitch-Deck-Presentation-1-300x108.png\" alt=\"\" width=\"165\" height=\"59\" srcset=\"https:\/\/vittalis.ro\/wp-content\/uploads\/2025\/12\/Red-ad-Beige-Bold-Modern-Professional-Business-Pitch-Deck-Presentation-1-300x108.png 300w, https:\/\/vittalis.ro\/wp-content\/uploads\/2025\/12\/Red-ad-Beige-Bold-Modern-Professional-Business-Pitch-Deck-Presentation-1-1024x370.png 1024w, https:\/\/vittalis.ro\/wp-content\/uploads\/2025\/12\/Red-ad-Beige-Bold-Modern-Professional-Business-Pitch-Deck-Presentation-1-768x277.png 768w, https:\/\/vittalis.ro\/wp-content\/uploads\/2025\/12\/Red-ad-Beige-Bold-Modern-Professional-Business-Pitch-Deck-Presentation-1-1536x554.png 1536w, https:\/\/vittalis.ro\/wp-content\/uploads\/2025\/12\/Red-ad-Beige-Bold-Modern-Professional-Business-Pitch-Deck-Presentation-1-1320x476.png 1320w, https:\/\/vittalis.ro\/wp-content\/uploads\/2025\/12\/Red-ad-Beige-Bold-Modern-Professional-Business-Pitch-Deck-Presentation-1-600x217.png 600w, https:\/\/vittalis.ro\/wp-content\/uploads\/2025\/12\/Red-ad-Beige-Bold-Modern-Professional-Business-Pitch-Deck-Presentation-1.png 1920w\" sizes=\"(max-width: 165px) 100vw, 165px\" \/><\/a><\/p>\n<p class=\"entry-title\" style=\"text-align: left;\"><span style=\"text-decoration: underline;\"><strong><span style=\"color: #000000; text-decoration: underline;\"><a style=\"color: #000000; text-decoration: underline;\" href=\"https:\/\/vittalis.ro\/?p=637\">Vitamina C lipozomal\u0103 \u2013 absorb\u021bie superioar\u0103, imunitate puternic\u0103 \u0219i beneficii extinse pentru s\u0103n\u0103tate<\/a><\/span><\/strong><\/span><\/p>\n<p class=\"entry-title\" style=\"text-align: left;\"><span style=\"text-decoration: underline;\"><span style=\"color: #000000; text-decoration: underline;\"><a style=\"color: #000000; text-decoration: underline;\" href=\"https:\/\/vittalis.ro\/?p=617\"><strong>Colagenul \u2013 beneficii, rol \u00een organism, tipuri \u0219i surse naturale<\/strong><\/a><\/span><\/span><\/p>\n<p class=\"entry-title\" style=\"text-align: left;\"><span style=\"text-decoration: underline;\"><a href=\"https:\/\/vittalis.ro\/?p=715\"><span style=\"color: #000000; text-decoration: underline;\"><strong>Magneziu bisglicinat: beneficii, propriet\u0103\u021bi \u0219i utiliz\u0103ri esen\u021biale pentru s\u0103n\u0103tate<\/strong><\/span><\/a><\/span><\/p>\n","protected":false},"excerpt":{"rendered":"<p style=\"text-align: justify;\"><strong data-start=\"0\" data-end=\"49\" data-is-only-node=\"\">Ashwagandha Extract Premium de la Herbagetica<\/strong> este un supliment natural adaptogen, bogat \u00een withanolide \u0219i alcaloizi, care ajut\u0103 organismul s\u0103 fac\u0103 fa\u021b\u0103 stresului \u0219i oboselii. Sus\u021bine s\u0103n\u0103tatea sistemului nervos, echilibreaz\u0103 nivelul de cortizol, \u00eembun\u0103t\u0103\u021be\u0219te starea de calm \u0219i concentrare, cre\u0219te energia \u0219i vitalitatea \u0219i favorizeaz\u0103 un somn odihnitor. Capsule 100% vegetale, potrivite pentru dietele vegetariene \u0219i vegane, ideale pentru adul\u021bii cu stil de via\u021b\u0103 activ, expu\u0219i stresului cotidian \u0219i care doresc un sprijin natural pentru s\u0103n\u0103tatea mental\u0103 \u0219i emo\u021bional\u0103.<\/p>\n","protected":false},"featured_media":1120,"comment_status":"open","ping_status":"closed","template":"","meta":{"_glsr_average":0,"_glsr_ranking":0,"_glsr_reviews":0},"product_brand":[300],"product_cat":[410],"product_tag":[382,383,381,380,302],"class_list":{"0":"post-1148","1":"product","2":"type-product","3":"status-publish","4":"has-post-thumbnail","6":"product_brand-herbagetica","7":"product_cat-antistres","8":"product_tag-ashwagandha-herbagetica","9":"product_tag-ashwagandha-imunitate","10":"product_tag-ashwagandha-pastile","11":"product_tag-ashwagandha-pret","12":"product_tag-asvangada","14":"first","15":"outofstock","16":"sale","17":"shipping-taxable","18":"purchasable","19":"product-type-simple"},"jetpack_sharing_enabled":true,"jetpack-related-posts":[{"id":1138,"url":"https:\/\/vittalis.ro\/?product=brusture-30-capsule-parapharm-2","url_meta":{"origin":1148,"position":0},"title":"Brusture, 30 capsule, Parapharm","author":"denisa","date":"februarie 11, 2026","format":false,"excerpt":"Brusture (Arctium lappa) este un supliment alimentar pe baz\u0103 de extract standardizat din r\u0103d\u0103cin\u0103, recunoscut pentru efectul s\u0103u detoxifiant asupra organismului. Sus\u021bine func\u021bionarea ficatului \u0219i rinichilor, contribuie la cur\u0103\u021barea s\u00e2ngelui \u0219i la men\u021binerea s\u0103n\u0103t\u0103\u021bii pielii, fiind utilizat tradi\u021bional pentru purificare \u0219i echilibru intern.","rel":"","context":"Articol similar","block_context":{"text":"Articol similar","link":""},"img":{"alt_text":"Brusture, 30 capsule, Parapharm","src":"https:\/\/i0.wp.com\/vittalis.ro\/wp-content\/uploads\/2026\/02\/brusture-30-capsule-parapharm-biscuit-1040x1040-1.jpg?resize=350%2C200&ssl=1","width":350,"height":200,"srcset":"https:\/\/i0.wp.com\/vittalis.ro\/wp-content\/uploads\/2026\/02\/brusture-30-capsule-parapharm-biscuit-1040x1040-1.jpg?resize=350%2C200&ssl=1 1x, https:\/\/i0.wp.com\/vittalis.ro\/wp-content\/uploads\/2026\/02\/brusture-30-capsule-parapharm-biscuit-1040x1040-1.jpg?resize=525%2C300&ssl=1 1.5x, https:\/\/i0.wp.com\/vittalis.ro\/wp-content\/uploads\/2026\/02\/brusture-30-capsule-parapharm-biscuit-1040x1040-1.jpg?resize=700%2C400&ssl=1 2x"},"classes":[]},{"id":1144,"url":"https:\/\/vittalis.ro\/?product=antistres-alevia-30-comprimate","url_meta":{"origin":1148,"position":1},"title":"Antistres, Alevia, 30 comprimate","author":"denisa","date":"februarie 11, 2026","format":false,"excerpt":"Antistres Alevia este un supliment alimentar cu extract standardizat de sun\u0103toare, care ajut\u0103 la reducerea stresului \u0219i a nervozit\u0103\u021bii, sus\u021bine buna dispozi\u021bie \u0219i favorizeaz\u0103 un somn odihnitor, contribuind la men\u021binerea echilibrului emo\u021bional.","rel":"","context":"Articol similar","block_context":{"text":"Articol similar","link":""},"img":{"alt_text":"Antistres, Alevia, 30 comprimate","src":"https:\/\/i0.wp.com\/vittalis.ro\/wp-content\/uploads\/2026\/02\/Cutie_portocalie_Antistres_30cp_L_800px-600x600.jpg-1.webp?resize=350%2C200&ssl=1","width":350,"height":200,"srcset":"https:\/\/i0.wp.com\/vittalis.ro\/wp-content\/uploads\/2026\/02\/Cutie_portocalie_Antistres_30cp_L_800px-600x600.jpg-1.webp?resize=350%2C200&ssl=1 1x, https:\/\/i0.wp.com\/vittalis.ro\/wp-content\/uploads\/2026\/02\/Cutie_portocalie_Antistres_30cp_L_800px-600x600.jpg-1.webp?resize=525%2C300&ssl=1 1.5x"},"classes":[]},{"id":512,"url":"https:\/\/vittalis.ro\/?product=uronat-gold-15-capsule","url_meta":{"origin":1148,"position":2},"title":"Uronat Gold, 15 comprimate","author":"denisa","date":"decembrie 21, 2025","format":false,"excerpt":"Contribuie la func\u021bionarea optim\u0103 a sistemulu urinar. Are ac\u021biune detoxifiant\u0103. \u00a0","rel":"","context":"Articol similar","block_context":{"text":"Articol similar","link":""},"img":{"alt_text":"Uronat Gold, 15 capsule","src":"https:\/\/i0.wp.com\/vittalis.ro\/wp-content\/uploads\/2025\/12\/uronat-gold-15-capsule-zdrovit.webp?resize=350%2C200&ssl=1","width":350,"height":200},"classes":[]},{"id":1128,"url":"https:\/\/vittalis.ro\/?product=curcuma-500-30-capsule-parapharm-2","url_meta":{"origin":1148,"position":3},"title":"Curcuma 500, 30 capsule, Parapharm","author":"denisa","date":"februarie 10, 2026","format":false,"excerpt":"Curcuma 500 + Seleniu, Parapharm \u2013 Supliment alimentar cu extract de r\u0103d\u0103cin\u0103 de curcum\u0103 500 mg \u0219i seleniu 55 \u00b5g. Ac\u021bioneaz\u0103 ca antioxidant puternic, protejeaz\u0103 celulele \u00eempotriva stresului oxidativ, sus\u021bine sistemul imunitar, func\u021bia tiroidei, s\u0103n\u0103tatea p\u0103rului \u0219i unghiilor, \u0219i spermatogeneza normal\u0103. Se administreaz\u0103 1 capsul\u0103 pe zi, \u00een timpul mesei,\u2026","rel":"","context":"Articol similar","block_context":{"text":"Articol similar","link":""},"img":{"alt_text":"Curcuma 500, 30 capsule, Parapharm","src":"https:\/\/i0.wp.com\/vittalis.ro\/wp-content\/uploads\/2026\/02\/1604845803.webp?resize=350%2C200&ssl=1","width":350,"height":200},"classes":[]},{"id":1151,"url":"https:\/\/vittalis.ro\/?product=bitter-suedez-30-30-capsule-parapharm","url_meta":{"origin":1148,"position":4},"title":"Bitter Suedez, 30 + 30 capsule, Parapharm","author":"denisa","date":"februarie 11, 2026","format":false,"excerpt":"Uleiul de pe\u0219te oceanic este o surs\u0103 bogat\u0103 de acizi gra\u0219i esen\u021biali omega 3 (EPA \u0219i DHA), care sus\u021bin s\u0103n\u0103tatea inimii, reduc colesterolul \u0219i trigliceridele \u0219i \u00eembun\u0103t\u0103\u021besc circula\u021bia sanguin\u0103. Contribuie la protec\u021bia vaselor de s\u00e2nge, la func\u021bionarea optim\u0103 a creierului \u0219i la s\u0103n\u0103tatea pielii, fiind util \u00een psoriazis \u0219i scleroz\u0103\u2026","rel":"","context":"Articol similar","block_context":{"text":"Articol similar","link":""},"img":{"alt_text":"Bitter Suedez, 30 + 30 capsule, Parapharm","src":"https:\/\/i0.wp.com\/vittalis.ro\/wp-content\/uploads\/2026\/02\/bitter-suedez-pachet-3030-capsule-11-parapharm.webp?resize=350%2C200&ssl=1","width":350,"height":200},"classes":[]},{"id":1154,"url":"https:\/\/vittalis.ro\/?product=vitamina-a-10000-ui-30-capsule-parapharm-2","url_meta":{"origin":1148,"position":5},"title":"Vitamina A, 10000 Ui, 30 capsule, Parapharm","author":"denisa","date":"februarie 11, 2026","format":false,"excerpt":"Vitamina A 10000 UI \u2013 Parapharm este un supliment alimentar cu vitamina A natural\u0103 din morcovi \u0219i vitamina E, formulat pentru a sus\u021bine s\u0103n\u0103tatea ochilor, pielii \u0219i a sistemului imunitar. Vitamina A contribuie la men\u021binerea vederii normale \u0219i a mucoaselor s\u0103n\u0103toase, iar vitamina E protejeaz\u0103 celulele \u00eempotriva stresului oxidativ. Administrat\u0103\u2026","rel":"","context":"Articol similar","block_context":{"text":"Articol similar","link":""},"img":{"alt_text":"Vitamina A, 10000 Ui, 30 capsule, Parapharm","src":"https:\/\/i0.wp.com\/vittalis.ro\/wp-content\/uploads\/2026\/02\/vitamina-a-10000-ui-30-capsule-parapharm-4228-1090x1090-1.jpg?resize=350%2C200&ssl=1","width":350,"height":200,"srcset":"https:\/\/i0.wp.com\/vittalis.ro\/wp-content\/uploads\/2026\/02\/vitamina-a-10000-ui-30-capsule-parapharm-4228-1090x1090-1.jpg?resize=350%2C200&ssl=1 1x, https:\/\/i0.wp.com\/vittalis.ro\/wp-content\/uploads\/2026\/02\/vitamina-a-10000-ui-30-capsule-parapharm-4228-1090x1090-1.jpg?resize=525%2C300&ssl=1 1.5x, https:\/\/i0.wp.com\/vittalis.ro\/wp-content\/uploads\/2026\/02\/vitamina-a-10000-ui-30-capsule-parapharm-4228-1090x1090-1.jpg?resize=700%2C400&ssl=1 2x, https:\/\/i0.wp.com\/vittalis.ro\/wp-content\/uploads\/2026\/02\/vitamina-a-10000-ui-30-capsule-parapharm-4228-1090x1090-1.jpg?resize=1050%2C600&ssl=1 3x"},"classes":[]}],"post_mailing_queue_ids":[],"_links":{"self":[{"href":"https:\/\/vittalis.ro\/index.php?rest_route=\/wp\/v2\/product\/1148","targetHints":{"allow":["GET"]}}],"collection":[{"href":"https:\/\/vittalis.ro\/index.php?rest_route=\/wp\/v2\/product"}],"about":[{"href":"https:\/\/vittalis.ro\/index.php?rest_route=\/wp\/v2\/types\/product"}],"replies":[{"embeddable":true,"href":"https:\/\/vittalis.ro\/index.php?rest_route=%2Fwp%2Fv2%2Fcomments&post=1148"}],"wp:featuredmedia":[{"embeddable":true,"href":"https:\/\/vittalis.ro\/index.php?rest_route=\/wp\/v2\/media\/1120"}],"wp:attachment":[{"href":"https:\/\/vittalis.ro\/index.php?rest_route=%2Fwp%2Fv2%2Fmedia&parent=1148"}],"wp:term":[{"taxonomy":"product_brand","embeddable":true,"href":"https:\/\/vittalis.ro\/index.php?rest_route=%2Fwp%2Fv2%2Fproduct_brand&post=1148"},{"taxonomy":"product_cat","embeddable":true,"href":"https:\/\/vittalis.ro\/index.php?rest_route=%2Fwp%2Fv2%2Fproduct_cat&post=1148"},{"taxonomy":"product_tag","embeddable":true,"href":"https:\/\/vittalis.ro\/index.php?rest_route=%2Fwp%2Fv2%2Fproduct_tag&post=1148"}],"curies":[{"name":"wp","href":"https:\/\/api.w.org\/{rel}","templated":true}]}}