{"id":1146,"date":"2026-02-11T16:10:36","date_gmt":"2026-02-11T16:10:36","guid":{"rendered":"https:\/\/vittalis.ro\/?post_type=product&#038;p=1146"},"modified":"2026-03-01T12:24:59","modified_gmt":"2026-03-01T12:24:59","slug":"super-complex-b-30-capsule-parapharm-2","status":"publish","type":"product","link":"https:\/\/vittalis.ro\/?product=super-complex-b-30-capsule-parapharm-2","title":{"rendered":"Super Complex B, 30 capsule, Parapharm"},"content":{"rendered":"<h4 style=\"text-align: justify;\" data-start=\"138\" data-end=\"237\"><strong data-start=\"141\" data-end=\"237\">Super Complex B \u2013 suport esen\u021bial pentru energie, sistem nervos \u0219i s\u0103n\u0103tatea cardiovascular\u0103<\/strong><\/h4>\n<p style=\"text-align: justify;\" data-start=\"239\" data-end=\"633\"><strong data-start=\"239\" data-end=\"258\">Super Complex B<\/strong> este un supliment alimentar complet, conceput pentru a furniza organismului un aport optim din toate vitaminele esen\u021biale ale complexului B. Aceast\u0103 formul\u0103 avansat\u0103 contribuie la func\u021bionarea normal\u0103 a creierului, la men\u021binerea unei tensiuni arteriale echilibrate, la producerea de energie \u0219i la protejarea sistemului cardiovascular prin reglarea nivelului de homocistein\u0103.<\/p>\n<p style=\"text-align: justify;\" data-start=\"635\" data-end=\"1065\">Vitaminele din complexul B sunt nutrien\u021bi indispensabili pentru buna func\u021bionare a organismului. Ele particip\u0103 la sute de reac\u021bii metabolice \u0219i sunt implicate \u00een producerea energiei, sinteza neurotransmi\u021b\u0103torilor, func\u021bionarea sistemului nervos \u0219i s\u0103n\u0103tatea inimii. Deoarece aceste vitamine sunt solubile \u00een ap\u0103 \u0219i nu pot fi stocate pe termen lung \u00een organism, este necesar un aport zilnic constant din alimenta\u021bie sau suplimente.<\/p>\n<hr data-start=\"1067\" data-end=\"1070\" \/>\n<h4 style=\"text-align: justify;\" data-start=\"1072\" data-end=\"1126\"><strong data-start=\"1075\" data-end=\"1126\">Rolul homocisteinei \u0219i importan\u021ba vitaminelor B<\/strong><\/h4>\n<p style=\"text-align: justify;\" data-start=\"1128\" data-end=\"1542\">Homocisteina este un compus rezultat \u00een urma proceselor metabolice ale organismului. \u00cen concentra\u021bii ridicate, aceasta poate deveni extrem de d\u0103un\u0103toare pentru s\u0103n\u0103tate, afect\u00e2nd pere\u021bii vaselor de s\u00e2nge \u0219i cresc\u00e2nd riscul de afec\u021biuni cardiovasculare. Un nivel crescut de homocistein\u0103 este adesea asociat cu un deficit de vitamine din complexul B, \u00een special vitamina B6, vitamina B12 \u0219i acid folic (vitamina B9).<\/p>\n<p style=\"text-align: justify;\" data-start=\"1544\" data-end=\"1696\">Super Complex B ajut\u0103 la metabolizarea eficient\u0103 a homocisteinei, transform\u00e2nd-o \u00een substan\u021be inofensive, protej\u00e2nd astfel inima \u0219i sistemul circulator.<\/p>\n<hr data-start=\"1698\" data-end=\"1701\" \/>\n<h4 style=\"text-align: justify;\" data-start=\"1703\" data-end=\"1737\"><strong data-start=\"1706\" data-end=\"1737\">Beneficiile Super Complex B<\/strong><\/h4>\n<p style=\"text-align: justify;\" data-start=\"1739\" data-end=\"1795\">Administrarea zilnic\u0103 a acestui supliment contribuie la:<\/p>\n<ul style=\"text-align: justify;\" data-start=\"1797\" data-end=\"2241\">\n<li data-start=\"1797\" data-end=\"1870\">\n<p data-start=\"1799\" data-end=\"1870\">Men\u021binerea func\u021biilor normale ale creierului \u0219i ale sistemului nervos<\/p>\n<\/li>\n<li data-start=\"1871\" data-end=\"1944\">\n<p data-start=\"1873\" data-end=\"1944\">Sus\u021binerea capacit\u0103\u021bii de concentrare, memoriei \u0219i clarit\u0103\u021bii mentale<\/p>\n<\/li>\n<li data-start=\"1945\" data-end=\"1977\">\n<p data-start=\"1947\" data-end=\"1977\">Reglarea tensiunii arteriale<\/p>\n<\/li>\n<li data-start=\"1978\" data-end=\"2034\">\n<p data-start=\"1980\" data-end=\"2034\">Cre\u0219terea nivelului de energie \u0219i reducerea oboselii<\/p>\n<\/li>\n<li data-start=\"2035\" data-end=\"2103\">\n<p data-start=\"2037\" data-end=\"2103\">Sprijinirea metabolismului glucidelor, proteinelor \u0219i gr\u0103similor<\/p>\n<\/li>\n<li data-start=\"2104\" data-end=\"2173\">\n<p data-start=\"2106\" data-end=\"2173\">Protejarea sistemului cardiovascular prin reducerea homocisteinei<\/p>\n<\/li>\n<li data-start=\"2174\" data-end=\"2241\">\n<p data-start=\"2176\" data-end=\"2241\">\u00cembun\u0103t\u0103\u021birea rezisten\u021bei organismului la stres fizic \u0219i psihic<\/p>\n<\/li>\n<\/ul>\n<p style=\"text-align: justify;\" data-start=\"2243\" data-end=\"2372\">Prin aportul echilibrat de vitamine B, organismul prime\u0219te suportul necesar pentru func\u021bionarea optim\u0103 a tuturor sistemelor sale.<\/p>\n<hr data-start=\"2374\" data-end=\"2377\" \/>\n<h4 style=\"text-align: justify;\" data-start=\"2379\" data-end=\"2418\"><strong data-start=\"2382\" data-end=\"2418\">Compozi\u021bie \u0219i ingrediente active<\/strong><\/h4>\n<p style=\"text-align: justify;\" data-start=\"2420\" data-end=\"2461\">O capsul\u0103 de <strong data-start=\"2433\" data-end=\"2452\">Super Complex B<\/strong> con\u021bine:<\/p>\n<ul style=\"text-align: justify;\" data-start=\"2463\" data-end=\"2802\">\n<li data-start=\"2463\" data-end=\"2510\">\n<p data-start=\"2465\" data-end=\"2510\">Vitamina B1 (tiamina, clorhidrat) \u2013 4,80 mg<\/p>\n<\/li>\n<li data-start=\"2511\" data-end=\"2550\">\n<p data-start=\"2513\" data-end=\"2550\">Vitamina B2 (riboflavina) \u2013 5,10 mg<\/p>\n<\/li>\n<li data-start=\"2551\" data-end=\"2604\">\n<p data-start=\"2553\" data-end=\"2604\">Vitamina B3 (niacin\u0103 \/ acid nicotinic) \u2013 60,00 mg<\/p>\n<\/li>\n<li data-start=\"2605\" data-end=\"2672\">\n<p data-start=\"2607\" data-end=\"2672\">Vitamina B5 (acid pantotenic \u2013 pantotenat de calciu) \u2013 30,00 mg<\/p>\n<\/li>\n<li data-start=\"2673\" data-end=\"2723\">\n<p data-start=\"2675\" data-end=\"2723\">Vitamina B6 (piridoxin\u0103, clorhidrat) \u2013 6,00 mg<\/p>\n<\/li>\n<li data-start=\"2724\" data-end=\"2762\">\n<p data-start=\"2726\" data-end=\"2762\">Acid folic (Vitamina B9) \u2013 1,20 mg<\/p>\n<\/li>\n<li data-start=\"2763\" data-end=\"2802\">\n<p data-start=\"2765\" data-end=\"2802\">Vitamina B12 (cobalamin\u0103) \u2013 6,00 \u00b5g<\/p>\n<\/li>\n<\/ul>\n<p style=\"text-align: justify;\" data-start=\"2804\" data-end=\"2928\">Aceast\u0103 combina\u021bie ofer\u0103 un spectru complet de vitamine B, cu dozaje atent echilibrate pentru eficien\u021b\u0103 \u0219i absorb\u021bie optim\u0103.<\/p>\n<hr data-start=\"2930\" data-end=\"2933\" \/>\n<h4 style=\"text-align: justify;\" data-start=\"2935\" data-end=\"2991\"><strong data-start=\"2938\" data-end=\"2991\">De ce este necesar\u0103 suplimentarea cu vitaminele B<\/strong><\/h4>\n<p style=\"text-align: justify;\" data-start=\"2993\" data-end=\"3290\">Organismul uman nu are capacitatea de a sintetiza vitaminele din complexul B, iar acestea se elimin\u0103 rapid prin urin\u0103. De aceea, chiar \u0219i o alimenta\u021bie echilibrat\u0103 poate s\u0103 nu asigure \u00eentotdeauna aportul optim, mai ales \u00een perioade de stres, oboseal\u0103, efort intens, boal\u0103 sau diet\u0103 dezechilibrat\u0103.<\/p>\n<p style=\"text-align: justify;\" data-start=\"3292\" data-end=\"3459\">Suplimentarea cu <strong data-start=\"3309\" data-end=\"3328\">Super Complex B<\/strong> asigur\u0103 un aport constant \u0219i complet de vitamine B, contribuind la men\u021binerea st\u0103rii generale de bine \u0219i la prevenirea caren\u021belor.<\/p>\n<hr data-start=\"3461\" data-end=\"3464\" \/>\n<h4 style=\"text-align: justify;\" data-start=\"3466\" data-end=\"3492\"><strong data-start=\"3469\" data-end=\"3492\">Mod de administrare<\/strong><\/h4>\n<p style=\"text-align: justify;\" data-start=\"3494\" data-end=\"3708\">Se recomand\u0103 administrarea a <strong data-start=\"3523\" data-end=\"3542\">1 capsul\u0103 pe zi<\/strong>, cu un pahar de ap\u0103 sau alt lichid, <strong data-start=\"3579\" data-end=\"3612\">de preferin\u021b\u0103 pe stomacul gol<\/strong>, \u00eentre mesele principale. Acest mod de administrare favorizeaz\u0103 absorb\u021bia optim\u0103 a vitaminelor.<\/p>\n<hr data-start=\"3710\" data-end=\"3713\" \/>\n<h4 style=\"text-align: justify;\" data-start=\"3715\" data-end=\"3756\"><strong data-start=\"3718\" data-end=\"3756\">Cui i se adreseaz\u0103 Super Complex B<\/strong><\/h4>\n<p style=\"text-align: justify;\" data-start=\"3758\" data-end=\"3801\">Acest supliment este recomandat \u00een special:<\/p>\n<ul style=\"text-align: justify;\" data-start=\"3803\" data-end=\"4149\">\n<li data-start=\"3803\" data-end=\"3871\">\n<p data-start=\"3805\" data-end=\"3871\">Persoanelor care se simt frecvent obosite sau lipsite de energie<\/p>\n<\/li>\n<li data-start=\"3872\" data-end=\"3922\">\n<p data-start=\"3874\" data-end=\"3922\">Persoanelor cu activitate intelectual\u0103 intens\u0103<\/p>\n<\/li>\n<li data-start=\"3923\" data-end=\"3969\">\n<p data-start=\"3925\" data-end=\"3969\">Celor expu\u0219i stresului fizic sau emo\u021bional<\/p>\n<\/li>\n<li data-start=\"3970\" data-end=\"4016\">\n<p data-start=\"3972\" data-end=\"4016\">Persoanelor cu risc cardiovascular crescut<\/p>\n<\/li>\n<li data-start=\"4017\" data-end=\"4070\">\n<p data-start=\"4019\" data-end=\"4070\">Celor cu diet\u0103 s\u0103rac\u0103 \u00een vitamine din complexul B<\/p>\n<\/li>\n<li data-start=\"4071\" data-end=\"4149\">\n<p data-start=\"4073\" data-end=\"4149\">Persoanelor aflate \u00een perioade de efort, convalescen\u021b\u0103 sau suprasolicitare<\/p>\n<\/li>\n<\/ul>\n<p style=\"text-align: justify;\" data-start=\"4151\" data-end=\"4382\" data-is-last-node=\"\" data-is-only-node=\"\"><strong data-start=\"4151\" data-end=\"4170\">Super Complex B<\/strong> este un aliat valoros pentru sus\u021binerea energiei zilnice, a s\u0103n\u0103t\u0103\u021bii mentale \u0219i a sistemului cardiovascular, oferind organismului suportul nutri\u021bional de care are nevoie pentru a func\u021biona la capacitate maxim\u0103.<\/p>\n<p>&nbsp;<\/p>\n<p>&nbsp;<\/p>\n<hr data-start=\"4671\" data-end=\"4674\" \/>\n<p style=\"text-align: center;\"><a href=\"https:\/\/www.facebook.com\/profile.php?id=61586010988472\" rel=\"nofollow noopener\" target=\"_blank\"><img decoding=\"async\" class=\"alignnone wp-image-953\" src=\"https:\/\/vittalis.ro\/wp-content\/uploads\/2025\/12\/1-300x300.png\" alt=\"\" width=\"51\" height=\"51\" srcset=\"https:\/\/vittalis.ro\/wp-content\/uploads\/2025\/12\/1-300x300.png 300w, https:\/\/vittalis.ro\/wp-content\/uploads\/2025\/12\/1-150x150.png 150w, https:\/\/vittalis.ro\/wp-content\/uploads\/2025\/12\/1-100x100.png 100w, https:\/\/vittalis.ro\/wp-content\/uploads\/2025\/12\/1-50x50.png 50w, https:\/\/vittalis.ro\/wp-content\/uploads\/2025\/12\/1.png 500w\" sizes=\"(max-width: 51px) 100vw, 51px\" \/><\/a> <a href=\"https:\/\/www.instagram.com\/vittalis.suplimentealimentare?igsh=MTBocHY0cXVta2dlcg%3D%3D\" rel=\"nofollow noopener\" target=\"_blank\"><img decoding=\"async\" class=\"alignnone wp-image-954\" src=\"https:\/\/vittalis.ro\/wp-content\/uploads\/2025\/12\/2-300x300.png\" alt=\"\" width=\"50\" height=\"50\" srcset=\"https:\/\/vittalis.ro\/wp-content\/uploads\/2025\/12\/2-300x300.png 300w, https:\/\/vittalis.ro\/wp-content\/uploads\/2025\/12\/2-150x150.png 150w, https:\/\/vittalis.ro\/wp-content\/uploads\/2025\/12\/2-100x100.png 100w, https:\/\/vittalis.ro\/wp-content\/uploads\/2025\/12\/2-50x50.png 50w, https:\/\/vittalis.ro\/wp-content\/uploads\/2025\/12\/2.png 500w\" sizes=\"(max-width: 50px) 100vw, 50px\" \/><\/a> <a href=\"https:\/\/www.tiktok.com\/@vittalis.ro\"><img decoding=\"async\" class=\"alignnone wp-image-955\" src=\"https:\/\/vittalis.ro\/wp-content\/uploads\/2025\/12\/3-300x300.png\" alt=\"\" width=\"56\" height=\"56\" srcset=\"https:\/\/vittalis.ro\/wp-content\/uploads\/2025\/12\/3-300x300.png 300w, https:\/\/vittalis.ro\/wp-content\/uploads\/2025\/12\/3-150x150.png 150w, https:\/\/vittalis.ro\/wp-content\/uploads\/2025\/12\/3-100x100.png 100w, https:\/\/vittalis.ro\/wp-content\/uploads\/2025\/12\/3-50x50.png 50w, https:\/\/vittalis.ro\/wp-content\/uploads\/2025\/12\/3.png 500w\" sizes=\"(max-width: 56px) 100vw, 56px\" \/><\/a> <a href=\"https:\/\/www.youtube.com\/channel\/UCt7ysxXRoHT4Amyd_FOoegA\" rel=\"nofollow noopener\" target=\"_blank\"><img loading=\"lazy\" decoding=\"async\" class=\"alignnone wp-image-956\" src=\"https:\/\/vittalis.ro\/wp-content\/uploads\/2025\/12\/4-300x300.png\" alt=\"\" width=\"52\" height=\"52\" srcset=\"https:\/\/vittalis.ro\/wp-content\/uploads\/2025\/12\/4-300x300.png 300w, https:\/\/vittalis.ro\/wp-content\/uploads\/2025\/12\/4-150x150.png 150w, https:\/\/vittalis.ro\/wp-content\/uploads\/2025\/12\/4-100x100.png 100w, https:\/\/vittalis.ro\/wp-content\/uploads\/2025\/12\/4-50x50.png 50w, https:\/\/vittalis.ro\/wp-content\/uploads\/2025\/12\/4.png 500w\" sizes=\"(max-width: 52px) 100vw, 52px\" \/><\/a><\/p>\n<hr data-start=\"4671\" data-end=\"4674\" \/>\n<p>&nbsp;<\/p>\n<p><a href=\"https:\/\/vittalis.ro\/?page_id=640\"><img loading=\"lazy\" decoding=\"async\" class=\"alignnone wp-image-960\" src=\"https:\/\/vittalis.ro\/wp-content\/uploads\/2025\/12\/Red-ad-Beige-Bold-Modern-Professional-Business-Pitch-Deck-Presentation-1-300x108.png\" alt=\"\" width=\"165\" height=\"59\" srcset=\"https:\/\/vittalis.ro\/wp-content\/uploads\/2025\/12\/Red-ad-Beige-Bold-Modern-Professional-Business-Pitch-Deck-Presentation-1-300x108.png 300w, https:\/\/vittalis.ro\/wp-content\/uploads\/2025\/12\/Red-ad-Beige-Bold-Modern-Professional-Business-Pitch-Deck-Presentation-1-1024x370.png 1024w, https:\/\/vittalis.ro\/wp-content\/uploads\/2025\/12\/Red-ad-Beige-Bold-Modern-Professional-Business-Pitch-Deck-Presentation-1-768x277.png 768w, https:\/\/vittalis.ro\/wp-content\/uploads\/2025\/12\/Red-ad-Beige-Bold-Modern-Professional-Business-Pitch-Deck-Presentation-1-1536x554.png 1536w, https:\/\/vittalis.ro\/wp-content\/uploads\/2025\/12\/Red-ad-Beige-Bold-Modern-Professional-Business-Pitch-Deck-Presentation-1-1320x476.png 1320w, https:\/\/vittalis.ro\/wp-content\/uploads\/2025\/12\/Red-ad-Beige-Bold-Modern-Professional-Business-Pitch-Deck-Presentation-1-600x217.png 600w, https:\/\/vittalis.ro\/wp-content\/uploads\/2025\/12\/Red-ad-Beige-Bold-Modern-Professional-Business-Pitch-Deck-Presentation-1.png 1920w\" sizes=\"(max-width: 165px) 100vw, 165px\" \/><\/a><\/p>\n<p class=\"entry-title\" style=\"text-align: left;\"><span style=\"text-decoration: underline;\"><strong><span style=\"color: #000000; text-decoration: underline;\"><a style=\"color: #000000; text-decoration: underline;\" href=\"https:\/\/vittalis.ro\/?p=637\">Vitamina C lipozomal\u0103 \u2013 absorb\u021bie superioar\u0103, imunitate puternic\u0103 \u0219i beneficii extinse pentru s\u0103n\u0103tate<\/a><\/span><\/strong><\/span><\/p>\n<p class=\"entry-title\" style=\"text-align: left;\"><span style=\"text-decoration: underline;\"><span style=\"color: #000000; text-decoration: underline;\"><a style=\"color: #000000; text-decoration: underline;\" href=\"https:\/\/vittalis.ro\/?p=617\"><strong>Colagenul \u2013 beneficii, rol \u00een organism, tipuri \u0219i surse naturale<\/strong><\/a><\/span><\/span><\/p>\n<p class=\"entry-title\" style=\"text-align: left;\"><span style=\"text-decoration: underline;\"><a href=\"https:\/\/vittalis.ro\/?p=715\"><span style=\"color: #000000; text-decoration: underline;\"><strong>Magneziu bisglicinat: beneficii, propriet\u0103\u021bi \u0219i utiliz\u0103ri esen\u021biale pentru s\u0103n\u0103tate<\/strong><\/span><\/a><\/span><\/p>\n","protected":false},"excerpt":{"rendered":"<p style=\"text-align: justify;\"><strong data-start=\"0\" data-end=\"19\" data-is-only-node=\"\">Super Complex B<\/strong> este un supliment alimentar complet cu vitaminele B1, B2, B3, B5, B6, B9 \u0219i B12, formulat pentru a sus\u021bine energia, func\u021bionarea creierului \u0219i s\u0103n\u0103tatea sistemului cardiovascular. Ajut\u0103 la reducerea oboselii, la reglarea tensiunii arteriale \u0219i la neutralizarea homocisteinei, protej\u00e2nd inima \u0219i vasele de s\u00e2nge. Ideal pentru perioadele de stres, efort intens sau deficit de vitamine din complexul B.<\/p>\n","protected":false},"featured_media":1103,"comment_status":"open","ping_status":"closed","template":"","meta":{"_glsr_average":0,"_glsr_ranking":0,"_glsr_reviews":0},"product_brand":[213],"product_cat":[409,15],"product_tag":[375,376,370,99,372,371,373,374],"class_list":{"0":"post-1146","1":"product","2":"type-product","3":"status-publish","4":"has-post-thumbnail","6":"product_brand-parapharm","7":"product_cat-imunitate","8":"product_cat-uncategorized","9":"product_tag-bitamina-b12","10":"product_tag-bitaminab-beneficii","11":"product_tag-complex-b","12":"product_tag-vitamina-b","13":"product_tag-vitamina-b-pastile","14":"product_tag-vitamina-b-pret","15":"product_tag-vitamina-b1","16":"product_tag-vitamina-b2","18":"first","19":"instock","20":"sale","21":"shipping-taxable","22":"purchasable","23":"product-type-simple"},"jetpack_sharing_enabled":true,"jetpack-related-posts":[{"id":1147,"url":"https:\/\/vittalis.ro\/?product=fiervitamina-chistidinaacid-folic-doppelherz","url_meta":{"origin":1146,"position":0},"title":"Fier+Vitamina C+Histidina+Acid folic, 30 comprimate, Doppelherz","author":"denisa","date":"februarie 11, 2026","format":false,"excerpt":"Doppelherz aktiv Fier + C + Histidin\u0103 + Acid folic este un supliment complex care sus\u021bine formarea globulelor ro\u0219ii, transportul oxigenului \u0219i nivelul de energie. Fierul, \u00eempreun\u0103 cu vitamina C, are absorb\u021bie optim\u0103, iar acidul folic \u0219i vitamina B12 sprijin\u0103 s\u0103n\u0103tatea s\u00e2ngelui \u0219i a sistemului nervos. Histidina completeaz\u0103 formula prin\u2026","rel":"","context":"Articol similar","block_context":{"text":"Articol similar","link":""},"img":{"alt_text":"Fier+Vitamina C+Histidina+Acid folic, 30 comprimate, Doppelherz","src":"https:\/\/i0.wp.com\/vittalis.ro\/wp-content\/uploads\/2026\/02\/doppelherz-aktiv-fier-2b-c-2b-histidina-2b-acid-folic-30-comprimate_7753_1_1648207687-1090x1090h.jpg?resize=350%2C200&ssl=1","width":350,"height":200,"srcset":"https:\/\/i0.wp.com\/vittalis.ro\/wp-content\/uploads\/2026\/02\/doppelherz-aktiv-fier-2b-c-2b-histidina-2b-acid-folic-30-comprimate_7753_1_1648207687-1090x1090h.jpg?resize=350%2C200&ssl=1 1x, https:\/\/i0.wp.com\/vittalis.ro\/wp-content\/uploads\/2026\/02\/doppelherz-aktiv-fier-2b-c-2b-histidina-2b-acid-folic-30-comprimate_7753_1_1648207687-1090x1090h.jpg?resize=525%2C300&ssl=1 1.5x, https:\/\/i0.wp.com\/vittalis.ro\/wp-content\/uploads\/2026\/02\/doppelherz-aktiv-fier-2b-c-2b-histidina-2b-acid-folic-30-comprimate_7753_1_1648207687-1090x1090h.jpg?resize=700%2C400&ssl=1 2x, https:\/\/i0.wp.com\/vittalis.ro\/wp-content\/uploads\/2026\/02\/doppelherz-aktiv-fier-2b-c-2b-histidina-2b-acid-folic-30-comprimate_7753_1_1648207687-1090x1090h.jpg?resize=1050%2C600&ssl=1 3x"},"classes":[]},{"id":1129,"url":"https:\/\/vittalis.ro\/?product=vitamina-e-100-30-capsule-parapharm-2","url_meta":{"origin":1146,"position":1},"title":"Vitamina E-100, 30 capsule, Parapharm","author":"denisa","date":"februarie 10, 2026","format":false,"excerpt":"Vitamina E \u2013 100 Parapharm este un supliment alimentar ce furnizeaz\u0103 D-a Tocoferol pur, un antioxidant puternic care protejeaz\u0103 celulele, membranele \u0219i acizii gra\u0219i polinesatura\u021bi. Sprijin\u0103 sistemul imunitar, s\u0103n\u0103tatea cardiovascular\u0103 \u0219i nervoas\u0103, \u00eencetine\u0219te procesul de \u00eemb\u0103tr\u00e2nire \u0219i contribuie la func\u021bionarea optim\u0103 a organismului. Administrarea recomandat\u0103 este de 1 capsul\u0103 pe\u2026","rel":"","context":"Articol similar","block_context":{"text":"Articol similar","link":""},"img":{"alt_text":"Vitamina E-100, 30 capsule, Parapharm","src":"https:\/\/i0.wp.com\/vittalis.ro\/wp-content\/uploads\/2026\/02\/865147784.webp?resize=350%2C200&ssl=1","width":350,"height":200},"classes":[]},{"id":508,"url":"https:\/\/vittalis.ro\/?product=calciu-magneziu-zinc-30-comprimate-filmate","url_meta":{"origin":1146,"position":2},"title":"Calciu-Magneziu-Zinc, 30 comprimate filmate","author":"denisa","date":"decembrie 21, 2025","format":false,"excerpt":"Cal+Mag+Zinc capsule contribuie la s\u0103n\u0103tatea pielii, a sistemelor nervos, muscular \u0219i osos, la buna func\u021bionare a prostatei\u00a0 \u0219i a sistemului cardiovascular.","rel":"","context":"Articol similar","block_context":{"text":"Articol similar","link":""},"img":{"alt_text":"Calciu-Magneziu-Zinc, 30 comprimate filmate","src":"https:\/\/i0.wp.com\/vittalis.ro\/wp-content\/uploads\/2025\/12\/Calciu-Magneziu-Zinc-30-Folio-Fata-copy.webp?resize=350%2C200&ssl=1","width":350,"height":200,"srcset":"https:\/\/i0.wp.com\/vittalis.ro\/wp-content\/uploads\/2025\/12\/Calciu-Magneziu-Zinc-30-Folio-Fata-copy.webp?resize=350%2C200&ssl=1 1x, https:\/\/i0.wp.com\/vittalis.ro\/wp-content\/uploads\/2025\/12\/Calciu-Magneziu-Zinc-30-Folio-Fata-copy.webp?resize=525%2C300&ssl=1 1.5x"},"classes":[]},{"id":1130,"url":"https:\/\/vittalis.ro\/?product=ulei-de-chimen-negru-30-capsule-parapharm-2","url_meta":{"origin":1146,"position":3},"title":"Ulei de Chimen Negru, 30 capsule, Parapharm","author":"denisa","date":"februarie 11, 2026","format":false,"excerpt":"Ulei de Chimen Negru Parapharm este un supliment alimentar natural, bogat \u00een acizi gra\u0219i nesatura\u021bi \u0219i vitamina E, care sus\u021bine imunitatea, protejeaz\u0103 celulele \u00eempotriva stresului oxidativ, sprijin\u0103 s\u0103n\u0103tatea respiratorie \u0219i digestiv\u0103 \u0219i contribuie la vitalitatea \u0219i energia organismului.","rel":"","context":"Articol similar","block_context":{"text":"Articol similar","link":""},"img":{"alt_text":"Ulei de Chimen Negru, 30 capsule, Parapharm","src":"https:\/\/i0.wp.com\/vittalis.ro\/wp-content\/uploads\/2026\/02\/1149265177.webp?resize=350%2C200&ssl=1","width":350,"height":200,"srcset":"https:\/\/i0.wp.com\/vittalis.ro\/wp-content\/uploads\/2026\/02\/1149265177.webp?resize=350%2C200&ssl=1 1x, https:\/\/i0.wp.com\/vittalis.ro\/wp-content\/uploads\/2026\/02\/1149265177.webp?resize=525%2C300&ssl=1 1.5x"},"classes":[]},{"id":112,"url":"https:\/\/vittalis.ro\/?product=magneziu-bisglicinat-concentrat","url_meta":{"origin":1146,"position":4},"title":"Magneziu bisglicinat concentrat, Cosmo Pharm","author":"denisa","date":"decembrie 18, 2025","format":false,"excerpt":"Magneziu Bisglicinat CONCENTRAT este un supliment alimentar cu biodisponibilitate ridicat\u0103, conceput pentru a completa aportul zilnic de magneziu. Magneziul contribuie la reducerea oboselii, la func\u021bionarea normal\u0103 a sistemului muscular \u0219i nervos \u0219i la metabolismul energetic normal. Forma bisglicinat este apreciat\u0103 pentru absorb\u021bia eficient\u0103 \u0219i toleran\u021ba digestiv\u0103 bun\u0103, fiind potrivit\u0103 pentru\u2026","rel":"","context":"Cu 4 comentarii","block_context":{"text":"Cu 4 comentarii","link":"https:\/\/vittalis.ro\/?product=magneziu-bisglicinat-concentrat#comments"},"img":{"alt_text":"MAGNEZIU BISGLICINAT CONCENTRAT","src":"https:\/\/i0.wp.com\/vittalis.ro\/wp-content\/uploads\/2025\/12\/Magneziu-Bisglicinat-30-cps_2024-copy-1.webp?resize=350%2C200&ssl=1","width":350,"height":200,"srcset":"https:\/\/i0.wp.com\/vittalis.ro\/wp-content\/uploads\/2025\/12\/Magneziu-Bisglicinat-30-cps_2024-copy-1.webp?resize=350%2C200&ssl=1 1x, https:\/\/i0.wp.com\/vittalis.ro\/wp-content\/uploads\/2025\/12\/Magneziu-Bisglicinat-30-cps_2024-copy-1.webp?resize=525%2C300&ssl=1 1.5x"},"classes":[]},{"id":499,"url":"https:\/\/vittalis.ro\/?product=vitamina-c-lipozomala-liposovit-c","url_meta":{"origin":1146,"position":5},"title":"Vitamina C Lipozomala Liposovit-C","author":"denisa","date":"decembrie 21, 2025","format":false,"excerpt":"O solu\u021bie complex\u0103, conceput\u0103 pentru a-\u021bi oferi o doza concentrat\u0103 de vitamina C, eficient\u0103 pentru sus\u021binerea imunit\u0103\u021bii.","rel":"","context":"Articol similar","block_context":{"text":"Articol similar","link":""},"img":{"alt_text":"Vitamina C Lipozomala Liposovit-C \u2013 pana la 1000 mg administrare zilnica","src":"https:\/\/i0.wp.com\/vittalis.ro\/wp-content\/uploads\/2025\/12\/vitamina-c-lipozomala-prezentare.webp?resize=350%2C200&ssl=1","width":350,"height":200,"srcset":"https:\/\/i0.wp.com\/vittalis.ro\/wp-content\/uploads\/2025\/12\/vitamina-c-lipozomala-prezentare.webp?resize=350%2C200&ssl=1 1x, https:\/\/i0.wp.com\/vittalis.ro\/wp-content\/uploads\/2025\/12\/vitamina-c-lipozomala-prezentare.webp?resize=525%2C300&ssl=1 1.5x"},"classes":[]}],"post_mailing_queue_ids":[],"_links":{"self":[{"href":"https:\/\/vittalis.ro\/index.php?rest_route=\/wp\/v2\/product\/1146","targetHints":{"allow":["GET"]}}],"collection":[{"href":"https:\/\/vittalis.ro\/index.php?rest_route=\/wp\/v2\/product"}],"about":[{"href":"https:\/\/vittalis.ro\/index.php?rest_route=\/wp\/v2\/types\/product"}],"replies":[{"embeddable":true,"href":"https:\/\/vittalis.ro\/index.php?rest_route=%2Fwp%2Fv2%2Fcomments&post=1146"}],"wp:featuredmedia":[{"embeddable":true,"href":"https:\/\/vittalis.ro\/index.php?rest_route=\/wp\/v2\/media\/1103"}],"wp:attachment":[{"href":"https:\/\/vittalis.ro\/index.php?rest_route=%2Fwp%2Fv2%2Fmedia&parent=1146"}],"wp:term":[{"taxonomy":"product_brand","embeddable":true,"href":"https:\/\/vittalis.ro\/index.php?rest_route=%2Fwp%2Fv2%2Fproduct_brand&post=1146"},{"taxonomy":"product_cat","embeddable":true,"href":"https:\/\/vittalis.ro\/index.php?rest_route=%2Fwp%2Fv2%2Fproduct_cat&post=1146"},{"taxonomy":"product_tag","embeddable":true,"href":"https:\/\/vittalis.ro\/index.php?rest_route=%2Fwp%2Fv2%2Fproduct_tag&post=1146"}],"curies":[{"name":"wp","href":"https:\/\/api.w.org\/{rel}","templated":true}]}}