{"id":1140,"date":"2026-02-11T07:49:51","date_gmt":"2026-02-11T07:49:51","guid":{"rendered":"https:\/\/vittalis.ro\/?post_type=product&#038;p=1140"},"modified":"2026-02-11T08:20:00","modified_gmt":"2026-02-11T08:20:00","slug":"vitamina-c-cu-pulpa-de-macese-30-tablete","status":"publish","type":"product","link":"https:\/\/vittalis.ro\/?product=vitamina-c-cu-pulpa-de-macese-30-tablete","title":{"rendered":"Vitamina C cu pulp\u0103 de m\u0103ce\u0219e, 30 tablete, Parapharm"},"content":{"rendered":"<h4 style=\"text-align: justify;\" data-start=\"214\" data-end=\"597\"><strong data-start=\"214\" data-end=\"247\">Vitamina C cu Pulpa de M\u0103ce\u0219e<\/strong> este un supliment alimentar modern, conceput pentru a sus\u021bine sistemul imunitar, a spori rezisten\u021ba organismului \u0219i a contribui la func\u021bionarea optim\u0103 a sistemelor enzimatice. Aceast\u0103 combina\u021bie unic\u0103 de vitamina C \u0219i bioflavonoide din pulpa de m\u0103ce\u0219e asigur\u0103 absorb\u021bia optim\u0103 a vitaminei \u0219i maximizeaz\u0103 efectele sale benefice asupra organismului.<\/h4>\n<p style=\"text-align: justify;\" data-start=\"599\" data-end=\"1051\">Vitamina C, cunoscut\u0103 \u0219i sub denumirea de acid ascorbic, face parte din grupul vitaminelor hidrosolubile \u0219i este esen\u021bial\u0103 pentru o gam\u0103 larg\u0103 de procese fiziologice. Ea particip\u0103 activ la <strong data-start=\"788\" data-end=\"812\">metabolismul celular<\/strong>, influen\u021b\u00e2nd func\u021biile creierului, ficatului \u0219i ale glandelor endocrine. De asemenea, vitamina C are un rol major \u00een <strong data-start=\"930\" data-end=\"953\">sinteza colagenului<\/strong>, proteina structural\u0103 care men\u021bine s\u0103n\u0103tatea pielii, oaselor, ligamentelor \u0219i vaselor de s\u00e2nge.<\/p>\n<p style=\"text-align: justify;\" data-start=\"1053\" data-end=\"1509\">Pulpa de m\u0103ce\u0219e (Cynobasci fructus) este o surs\u0103 natural\u0103 bogat\u0103 de <strong data-start=\"1121\" data-end=\"1138\">bioflavonoide<\/strong>, compu\u0219i care sus\u021bin absorb\u021bia \u0219i eficien\u021ba vitaminei C. Ace\u0219ti compu\u0219i naturali au propriet\u0103\u021bi antioxidante, protej\u00e2nd celulele \u00eempotriva ac\u021biunii radicalilor liberi \u0219i contribuind la men\u021binerea unui sistem imunitar puternic. Combina\u021bia dintre vitamina C \u0219i bioflavonoidele din m\u0103ce\u0219e creeaz\u0103 un efect sinergic, cresc\u00e2nd biodisponibilitatea \u0219i eficacitatea vitaminei.<\/p>\n<hr data-start=\"1511\" data-end=\"1514\" \/>\n<h4 style=\"text-align: justify;\" data-start=\"1516\" data-end=\"1542\">Beneficii principale<\/h4>\n<ul style=\"text-align: justify;\" data-start=\"1544\" data-end=\"2427\">\n<li data-start=\"1544\" data-end=\"1646\">\n<p data-start=\"1546\" data-end=\"1646\"><strong data-start=\"1546\" data-end=\"1578\">Stimuleaz\u0103 sistemul imunitar<\/strong> \u0219i cre\u0219te rezisten\u021ba organismului la infec\u021bii \u0219i factori externi.<\/p>\n<\/li>\n<li data-start=\"1647\" data-end=\"1745\">\n<p data-start=\"1649\" data-end=\"1745\"><strong data-start=\"1649\" data-end=\"1683\">Activeaz\u0103 sistemele enzimatice<\/strong>, esen\u021biale pentru buna desf\u0103\u0219urare a proceselor metabolice.<\/p>\n<\/li>\n<li data-start=\"1746\" data-end=\"1839\">\n<p data-start=\"1748\" data-end=\"1839\"><strong data-start=\"1748\" data-end=\"1785\">Contribuie la respira\u021bia celular\u0103<\/strong>, facilit\u00e2nd producerea de energie la nivel celular.<\/p>\n<\/li>\n<li data-start=\"1840\" data-end=\"1973\">\n<p data-start=\"1842\" data-end=\"1973\"><strong data-start=\"1842\" data-end=\"1881\">Cre\u0219te \u0219i men\u021bine randamentul fizic<\/strong>, fiind util at\u00e2t \u00een perioade de activitate intens\u0103, c\u00e2t \u0219i \u00een perioadele de efort mental.<\/p>\n<\/li>\n<li data-start=\"1974\" data-end=\"2105\">\n<p data-start=\"1976\" data-end=\"2105\"><strong data-start=\"1976\" data-end=\"2028\">Protejeaz\u0103 celulele \u00eempotriva stresului oxidativ<\/strong>, datorit\u0103 propriet\u0103\u021bilor antioxidante ale vitaminei C \u0219i bioflavonoidelor.<\/p>\n<\/li>\n<li data-start=\"2106\" data-end=\"2222\">\n<p data-start=\"2108\" data-end=\"2222\"><strong data-start=\"2108\" data-end=\"2166\">Sprijin\u0103 s\u0103n\u0103tatea pielii, oaselor \u0219i vaselor de s\u00e2nge<\/strong>, datorit\u0103 rolului vitaminei C \u00een sinteza colagenului.<\/p>\n<\/li>\n<li data-start=\"2223\" data-end=\"2304\">\n<p data-start=\"2225\" data-end=\"2304\"><strong data-start=\"2225\" data-end=\"2264\">\u00cembun\u0103t\u0103\u021be\u0219te absorb\u021bia vitaminei C<\/strong> datorit\u0103 bioflavonoidelor din m\u0103ce\u0219e.<\/p>\n<\/li>\n<li data-start=\"2305\" data-end=\"2427\">\n<p data-start=\"2307\" data-end=\"2427\"><strong data-start=\"2307\" data-end=\"2335\">Nu produce carii dentare<\/strong> \u0219i poate fi consumat\u0103 f\u0103r\u0103 restric\u021bii de persoanele cu diabet, deoarece nu con\u021bine zah\u0103r.<\/p>\n<\/li>\n<\/ul>\n<p style=\"text-align: justify;\" data-start=\"2429\" data-end=\"2767\">Suplimentul este conceput pentru administrare <strong data-start=\"2475\" data-end=\"2486\">zilnic\u0103<\/strong>, astfel \u00eenc\u00e2t s\u0103 asigure aportul necesar de vitamina C \u0219i bioflavonoide pentru sus\u021binerea func\u021biilor vitale ale organismului. Administrarea regulat\u0103 ajut\u0103 la men\u021binerea unui sistem imunitar puternic, la reducerea oboselii \u0219i la cre\u0219terea rezisten\u021bei organismului pe termen lung.<\/p>\n<hr data-start=\"2769\" data-end=\"2772\" \/>\n<h4 style=\"text-align: justify;\" data-start=\"2774\" data-end=\"2790\">Compozi\u021bie<\/h4>\n<p style=\"text-align: justify;\" data-start=\"2792\" data-end=\"2822\">Fiecare <strong data-start=\"2800\" data-end=\"2811\">tableta<\/strong> con\u021bine:<\/p>\n<ul style=\"text-align: justify;\" data-start=\"2823\" data-end=\"3016\">\n<li data-start=\"2823\" data-end=\"2865\">\n<p data-start=\"2825\" data-end=\"2865\"><strong data-start=\"2825\" data-end=\"2856\">Vitamina C (acid ascorbic):<\/strong> 180 mg<\/p>\n<\/li>\n<li data-start=\"2866\" data-end=\"2918\">\n<p data-start=\"2868\" data-end=\"2918\"><strong data-start=\"2868\" data-end=\"2908\">Pulpa de m\u0103ce\u0219e (Cynobasci fructus):<\/strong> 30,5 mg<\/p>\n<\/li>\n<li data-start=\"2919\" data-end=\"3016\">\n<p data-start=\"2921\" data-end=\"3016\"><strong data-start=\"2921\" data-end=\"2947\">Bioflavonoide naturale<\/strong>, care sporesc absorb\u021bia vitaminei C \u0219i sus\u021bin efectul antioxidant.<\/p>\n<\/li>\n<\/ul>\n<p style=\"text-align: justify;\" data-start=\"3018\" data-end=\"3203\">Excipien\u021bi: tabletele sunt formulate astfel \u00eenc\u00e2t s\u0103 fie sigure pentru consum, f\u0103r\u0103 adaos de zah\u0103r, ceea ce le face potrivite \u0219i pentru persoanele cu diabet sau restric\u021bii alimentare.<\/p>\n<hr data-start=\"3205\" data-end=\"3208\" \/>\n<h4 style=\"text-align: justify;\" data-start=\"3210\" data-end=\"3235\">Mod de administrare<\/h4>\n<p style=\"text-align: justify;\" data-start=\"3237\" data-end=\"3598\">Se recomand\u0103 <strong data-start=\"3250\" data-end=\"3269\">1 tablet\u0103 pe zi<\/strong>, l\u0103s\u00e2nd s\u0103 se dizolve \u00een gur\u0103. Aceast\u0103 modalitate de administrare permite o absorb\u021bie optim\u0103 \u0219i rapid\u0103 a vitaminei C \u0219i a bioflavonoidelor, cresc\u00e2nd eficien\u021ba suplimentului. Tableta poate fi consumat\u0103 \u00een timpul zilei, independent de mesele principale, fiind u\u0219or de administrat \u0219i potrivit\u0103 pentru toate categoriile de adul\u021bi.<\/p>\n<hr data-start=\"3600\" data-end=\"3603\" \/>\n<h4 style=\"text-align: justify;\" data-start=\"3605\" data-end=\"3627\">Cui se recomand\u0103?<\/h4>\n<p style=\"text-align: justify;\" data-start=\"3629\" data-end=\"3670\">Acest supliment este recomandat pentru:<\/p>\n<ul style=\"text-align: justify;\" data-start=\"3671\" data-end=\"4304\">\n<li data-start=\"3671\" data-end=\"3769\">\n<p data-start=\"3673\" data-end=\"3769\">Persoanele care doresc s\u0103 \u00ee\u0219i <strong data-start=\"3703\" data-end=\"3734\">stimuleze sistemul imunitar<\/strong> \u0219i s\u0103 reduc\u0103 riscul de infec\u021bii.<\/p>\n<\/li>\n<li data-start=\"3770\" data-end=\"3848\">\n<p data-start=\"3772\" data-end=\"3848\">Cei care caut\u0103 s\u0103 <strong data-start=\"3790\" data-end=\"3830\">creasc\u0103 rezisten\u021ba fizic\u0103 \u0219i mental\u0103<\/strong> a organismului.<\/p>\n<\/li>\n<li data-start=\"3849\" data-end=\"3968\">\n<p data-start=\"3851\" data-end=\"3968\">Persoanele interesate de <strong data-start=\"3876\" data-end=\"3902\">protec\u021bia antioxidant\u0103<\/strong>, reducerea stresului oxidativ \u0219i men\u021binerea s\u0103n\u0103t\u0103\u021bii celulare.<\/p>\n<\/li>\n<li data-start=\"3969\" data-end=\"4058\">\n<p data-start=\"3971\" data-end=\"4058\">Cei care doresc s\u0103 <strong data-start=\"3990\" data-end=\"4038\">sus\u021bin\u0103 metabolismul \u0219i func\u021biile enzimatice<\/strong> ale organismului.<\/p>\n<\/li>\n<li data-start=\"4059\" data-end=\"4178\">\n<p data-start=\"4061\" data-end=\"4178\">Persoanele cu un stil de via\u021b\u0103 activ, care au nevoie de <strong data-start=\"4117\" data-end=\"4138\">energie constant\u0103<\/strong> \u0219i randament fizic \u0219i mental crescut.<\/p>\n<\/li>\n<li data-start=\"4179\" data-end=\"4304\">\n<p data-start=\"4181\" data-end=\"4304\">Oricine dore\u0219te un <strong data-start=\"4200\" data-end=\"4240\">supliment natural, sigur \u0219i eficient<\/strong>, potrivit \u0219i pentru persoanele cu diabet, f\u0103r\u0103 zah\u0103r ad\u0103ugat.<\/p>\n<\/li>\n<\/ul>\n<hr data-start=\"4306\" data-end=\"4309\" \/>\n<h4 style=\"text-align: justify;\" data-start=\"4311\" data-end=\"4327\">Prezentare<\/h4>\n<p style=\"text-align: justify;\" data-start=\"4329\" data-end=\"4530\">Fiecare cutie con\u021bine <strong data-start=\"4351\" data-end=\"4368\">30 de tablete<\/strong>, suficient pentru o lun\u0103 de administrare zilnic\u0103. Tabletele masticabile sunt u\u0219or de consumat \u0219i nu produc carii, fiind potrivite pentru toate v\u00e2rstele adulte.<\/p>\n<p style=\"text-align: justify;\" data-start=\"4532\" data-end=\"4822\">Prin combinarea vitaminei C cu pulpa de m\u0103ce\u0219e \u0219i bioflavonoidele naturale, acest supliment ofer\u0103 un suport complet pentru <strong data-start=\"4655\" data-end=\"4724\">sistemul imunitar, metabolismul celular \u0219i protec\u021bia antioxidant\u0103<\/strong>, fiind un aliat de \u00eencredere \u00een men\u021binerea s\u0103n\u0103t\u0103\u021bii \u0219i a energiei organismului pe termen lung.<\/p>\n<p>&nbsp;<\/p>\n<hr data-start=\"4671\" data-end=\"4674\" \/>\n<p style=\"text-align: center;\"><a href=\"https:\/\/www.facebook.com\/profile.php?id=61586010988472\" rel=\"nofollow noopener\" target=\"_blank\"><img decoding=\"async\" class=\"alignnone wp-image-953\" src=\"https:\/\/vittalis.ro\/wp-content\/uploads\/2025\/12\/1-300x300.png\" alt=\"\" width=\"51\" height=\"51\" srcset=\"https:\/\/vittalis.ro\/wp-content\/uploads\/2025\/12\/1-300x300.png 300w, https:\/\/vittalis.ro\/wp-content\/uploads\/2025\/12\/1-150x150.png 150w, https:\/\/vittalis.ro\/wp-content\/uploads\/2025\/12\/1-100x100.png 100w, https:\/\/vittalis.ro\/wp-content\/uploads\/2025\/12\/1-50x50.png 50w, https:\/\/vittalis.ro\/wp-content\/uploads\/2025\/12\/1.png 500w\" sizes=\"(max-width: 51px) 100vw, 51px\" \/><\/a> <a href=\"https:\/\/www.instagram.com\/vittalis.suplimentealimentare?igsh=MTBocHY0cXVta2dlcg%3D%3D\" rel=\"nofollow noopener\" target=\"_blank\"><img decoding=\"async\" class=\"alignnone wp-image-954\" src=\"https:\/\/vittalis.ro\/wp-content\/uploads\/2025\/12\/2-300x300.png\" alt=\"\" width=\"50\" height=\"50\" srcset=\"https:\/\/vittalis.ro\/wp-content\/uploads\/2025\/12\/2-300x300.png 300w, https:\/\/vittalis.ro\/wp-content\/uploads\/2025\/12\/2-150x150.png 150w, https:\/\/vittalis.ro\/wp-content\/uploads\/2025\/12\/2-100x100.png 100w, https:\/\/vittalis.ro\/wp-content\/uploads\/2025\/12\/2-50x50.png 50w, https:\/\/vittalis.ro\/wp-content\/uploads\/2025\/12\/2.png 500w\" sizes=\"(max-width: 50px) 100vw, 50px\" \/><\/a> <a href=\"https:\/\/www.tiktok.com\/@vittalis.ro\"><img decoding=\"async\" class=\"alignnone wp-image-955\" src=\"https:\/\/vittalis.ro\/wp-content\/uploads\/2025\/12\/3-300x300.png\" alt=\"\" width=\"56\" height=\"56\" srcset=\"https:\/\/vittalis.ro\/wp-content\/uploads\/2025\/12\/3-300x300.png 300w, https:\/\/vittalis.ro\/wp-content\/uploads\/2025\/12\/3-150x150.png 150w, https:\/\/vittalis.ro\/wp-content\/uploads\/2025\/12\/3-100x100.png 100w, https:\/\/vittalis.ro\/wp-content\/uploads\/2025\/12\/3-50x50.png 50w, https:\/\/vittalis.ro\/wp-content\/uploads\/2025\/12\/3.png 500w\" sizes=\"(max-width: 56px) 100vw, 56px\" \/><\/a> <a href=\"https:\/\/www.youtube.com\/channel\/UCt7ysxXRoHT4Amyd_FOoegA\" rel=\"nofollow noopener\" target=\"_blank\"><img loading=\"lazy\" decoding=\"async\" class=\"alignnone wp-image-956\" src=\"https:\/\/vittalis.ro\/wp-content\/uploads\/2025\/12\/4-300x300.png\" alt=\"\" width=\"52\" height=\"52\" srcset=\"https:\/\/vittalis.ro\/wp-content\/uploads\/2025\/12\/4-300x300.png 300w, https:\/\/vittalis.ro\/wp-content\/uploads\/2025\/12\/4-150x150.png 150w, https:\/\/vittalis.ro\/wp-content\/uploads\/2025\/12\/4-100x100.png 100w, https:\/\/vittalis.ro\/wp-content\/uploads\/2025\/12\/4-50x50.png 50w, https:\/\/vittalis.ro\/wp-content\/uploads\/2025\/12\/4.png 500w\" sizes=\"(max-width: 52px) 100vw, 52px\" \/><\/a><\/p>\n<hr data-start=\"4671\" data-end=\"4674\" \/>\n<p>&nbsp;<\/p>\n<p><a href=\"https:\/\/vittalis.ro\/?page_id=640\"><img loading=\"lazy\" decoding=\"async\" class=\"alignnone wp-image-960\" src=\"https:\/\/vittalis.ro\/wp-content\/uploads\/2025\/12\/Red-ad-Beige-Bold-Modern-Professional-Business-Pitch-Deck-Presentation-1-300x108.png\" alt=\"\" width=\"165\" height=\"59\" srcset=\"https:\/\/vittalis.ro\/wp-content\/uploads\/2025\/12\/Red-ad-Beige-Bold-Modern-Professional-Business-Pitch-Deck-Presentation-1-300x108.png 300w, https:\/\/vittalis.ro\/wp-content\/uploads\/2025\/12\/Red-ad-Beige-Bold-Modern-Professional-Business-Pitch-Deck-Presentation-1-1024x370.png 1024w, https:\/\/vittalis.ro\/wp-content\/uploads\/2025\/12\/Red-ad-Beige-Bold-Modern-Professional-Business-Pitch-Deck-Presentation-1-768x277.png 768w, https:\/\/vittalis.ro\/wp-content\/uploads\/2025\/12\/Red-ad-Beige-Bold-Modern-Professional-Business-Pitch-Deck-Presentation-1-1536x554.png 1536w, https:\/\/vittalis.ro\/wp-content\/uploads\/2025\/12\/Red-ad-Beige-Bold-Modern-Professional-Business-Pitch-Deck-Presentation-1-1320x476.png 1320w, https:\/\/vittalis.ro\/wp-content\/uploads\/2025\/12\/Red-ad-Beige-Bold-Modern-Professional-Business-Pitch-Deck-Presentation-1-600x217.png 600w, https:\/\/vittalis.ro\/wp-content\/uploads\/2025\/12\/Red-ad-Beige-Bold-Modern-Professional-Business-Pitch-Deck-Presentation-1.png 1920w\" sizes=\"(max-width: 165px) 100vw, 165px\" \/><\/a><\/p>\n<p class=\"entry-title\" style=\"text-align: left;\"><span style=\"text-decoration: underline;\"><strong><span style=\"color: #000000; text-decoration: underline;\"><a style=\"color: #000000; text-decoration: underline;\" href=\"https:\/\/vittalis.ro\/?p=637\">Vitamina C lipozomal\u0103 \u2013 absorb\u021bie superioar\u0103, imunitate puternic\u0103 \u0219i beneficii extinse pentru s\u0103n\u0103tate<\/a><\/span><\/strong><\/span><\/p>\n<p class=\"entry-title\" style=\"text-align: left;\"><span style=\"text-decoration: underline;\"><span style=\"color: #000000; text-decoration: underline;\"><a style=\"color: #000000; text-decoration: underline;\" href=\"https:\/\/vittalis.ro\/?p=617\"><strong>Colagenul \u2013 beneficii, rol \u00een organism, tipuri \u0219i surse naturale<\/strong><\/a><\/span><\/span><\/p>\n<p class=\"entry-title\" style=\"text-align: left;\"><span style=\"text-decoration: underline;\"><a href=\"https:\/\/vittalis.ro\/?p=715\"><span style=\"color: #000000; text-decoration: underline;\"><strong>Magneziu bisglicinat: beneficii, propriet\u0103\u021bi \u0219i utiliz\u0103ri esen\u021biale pentru s\u0103n\u0103tate<\/strong><\/span><\/a><\/span><\/p>\n<p>&nbsp;<\/p>\n<p>&nbsp;<\/p>\n<p>&nbsp;<\/p>\n","protected":false},"excerpt":{"rendered":"<p style=\"text-align: justify;\"><strong data-start=\"107\" data-end=\"150\">Vitamina C cu Pulpa de M\u0103ce\u0219e Parapharm<\/strong> este un supliment alimentar modern, care stimuleaz\u0103 sistemul imunitar, cre\u0219te rezisten\u021ba organismului \u0219i activeaz\u0103 sistemele enzimatice. Contribuie la respira\u021bia celular\u0103, cre\u0219te randamentul fizic \u0219i mental, protejeaz\u0103 celulele \u00eempotriva stresului oxidativ \u0219i sus\u021bine s\u0103n\u0103tatea pielii, oaselor \u0219i vaselor de s\u00e2nge. Bioflavonoidele din m\u0103ce\u0219e sporesc absorb\u021bia vitaminei C, asigur\u00e2nd un efect antioxidant \u0219i revitalizant de durat\u0103.<\/p>\n","protected":false},"featured_media":1092,"comment_status":"open","ping_status":"closed","template":"","meta":{"_glsr_average":0,"_glsr_ranking":0,"_glsr_reviews":0},"product_brand":[213],"product_cat":[15],"product_tag":[237,362,360,361,363,359,16],"class_list":{"0":"post-1140","1":"product","2":"type-product","3":"status-publish","4":"has-post-thumbnail","6":"product_brand-parapharm","7":"product_cat-uncategorized","8":"product_tag-macese-beneficii","9":"product_tag-macese-imunitate","10":"product_tag-macese-pastile","11":"product_tag-macese-pret","12":"product_tag-macese-vitamina-c","13":"product_tag-pulpa-de-macese","14":"product_tag-vitamina-c","16":"first","17":"instock","18":"sale","19":"shipping-taxable","20":"purchasable","21":"product-type-simple"},"jetpack_sharing_enabled":true,"jetpack-related-posts":[{"id":1136,"url":"https:\/\/vittalis.ro\/?product=propolis-vitamina-c-30-tablete-parapharm-2","url_meta":{"origin":1140,"position":0},"title":"Propolis + Vitamina C, 30 tablete, Parapharm","author":"denisa","date":"februarie 11, 2026","format":false,"excerpt":"Propolis \u0219i Vitamina C ParaPharm este un supliment alimentar pentru sus\u021binerea sistemului imunitar, cu efect antioxidant \u0219i protector asupra organismului. Combina\u021bia dintre extractul uscat de propolis, surs\u0103 natural\u0103 de bioflavonoide, \u0219i vitamina C\u00a0 contribuie la cre\u0219terea rezisten\u021bei organismului fa\u021b\u0103 de infec\u021bii, sus\u021bine randamentul fizic \u0219i protejeaz\u0103 celulele \u00eempotriva stresului oxidativ.","rel":"","context":"Articol similar","block_context":{"text":"Articol similar","link":""},"img":{"alt_text":"Propolis + Vitamina C, 30 tablete, Parapharm","src":"https:\/\/i0.wp.com\/vittalis.ro\/wp-content\/uploads\/2026\/02\/1664044781.webp?resize=350%2C200&ssl=1","width":350,"height":200},"classes":[]},{"id":1125,"url":"https:\/\/vittalis.ro\/?product=vitamina-d-2400-30-capsule-parapharm-2","url_meta":{"origin":1140,"position":1},"title":"Vitamina D 2400, 30 capsule, Parapharm","author":"denisa","date":"februarie 10, 2026","format":false,"excerpt":"Vitamina D 2400 UI Parapharm sus\u021bine s\u0103n\u0103tatea oaselor, a mu\u0219chilor \u0219i a din\u021bilor, contribuie la func\u021bionarea normal\u0103 a sistemului imunitar \u0219i protejeaz\u0103 celulele \u00eempotriva stresului oxidativ. Fiecare capsul\u0103 con\u021bine colecalciferol, vitamina E \u0219i ulei de rapi\u021b\u0103, pentru o absorb\u021bie optim\u0103. Se recomand\u0103 o capsul\u0103 pe zi, dup\u0103 mas\u0103, fiind ideal\u0103\u2026","rel":"","context":"Articol similar","block_context":{"text":"Articol similar","link":""},"img":{"alt_text":"Vitamina D 2400, 30 capsule, Parapharm","src":"https:\/\/i0.wp.com\/vittalis.ro\/wp-content\/uploads\/2026\/02\/vitamina-d-2400-30-capsule-parapharm.webp?resize=350%2C200&ssl=1","width":350,"height":200,"srcset":"https:\/\/i0.wp.com\/vittalis.ro\/wp-content\/uploads\/2026\/02\/vitamina-d-2400-30-capsule-parapharm.webp?resize=350%2C200&ssl=1 1x, https:\/\/i0.wp.com\/vittalis.ro\/wp-content\/uploads\/2026\/02\/vitamina-d-2400-30-capsule-parapharm.webp?resize=525%2C300&ssl=1 1.5x, https:\/\/i0.wp.com\/vittalis.ro\/wp-content\/uploads\/2026\/02\/vitamina-d-2400-30-capsule-parapharm.webp?resize=700%2C400&ssl=1 2x"},"classes":[]},{"id":1129,"url":"https:\/\/vittalis.ro\/?product=vitamina-e-100-30-capsule-parapharm-2","url_meta":{"origin":1140,"position":2},"title":"Vitamina E-100, 30 capsule, Parapharm","author":"denisa","date":"februarie 10, 2026","format":false,"excerpt":"Vitamina E \u2013 100 Parapharm este un supliment alimentar ce furnizeaz\u0103 D-a Tocoferol pur, un antioxidant puternic care protejeaz\u0103 celulele, membranele \u0219i acizii gra\u0219i polinesatura\u021bi. Sprijin\u0103 sistemul imunitar, s\u0103n\u0103tatea cardiovascular\u0103 \u0219i nervoas\u0103, \u00eencetine\u0219te procesul de \u00eemb\u0103tr\u00e2nire \u0219i contribuie la func\u021bionarea optim\u0103 a organismului. Administrarea recomandat\u0103 este de 1 capsul\u0103 pe\u2026","rel":"","context":"Articol similar","block_context":{"text":"Articol similar","link":""},"img":{"alt_text":"Vitamina E-100, 30 capsule, Parapharm","src":"https:\/\/i0.wp.com\/vittalis.ro\/wp-content\/uploads\/2026\/02\/865147784.webp?resize=350%2C200&ssl=1","width":350,"height":200},"classes":[]},{"id":1146,"url":"https:\/\/vittalis.ro\/?product=super-complex-b-30-capsule-parapharm-2","url_meta":{"origin":1140,"position":3},"title":"Super Complex B, 30 capsule, Parapharm","author":"denisa","date":"februarie 11, 2026","format":false,"excerpt":"Super Complex B este un supliment alimentar complet cu vitaminele B1, B2, B3, B5, B6, B9 \u0219i B12, formulat pentru a sus\u021bine energia, func\u021bionarea creierului \u0219i s\u0103n\u0103tatea sistemului cardiovascular. Ajut\u0103 la reducerea oboselii, la reglarea tensiunii arteriale \u0219i la neutralizarea homocisteinei, protej\u00e2nd inima \u0219i vasele de s\u00e2nge. Ideal pentru perioadele\u2026","rel":"","context":"Articol similar","block_context":{"text":"Articol similar","link":""},"img":{"alt_text":"Super Complex B, 30 capsule, Parapharm","src":"https:\/\/i0.wp.com\/vittalis.ro\/wp-content\/uploads\/2026\/02\/super-complex-b-30-capsule_10692_1_16667728817748-1090x1090-1.jpg?resize=350%2C200&ssl=1","width":350,"height":200,"srcset":"https:\/\/i0.wp.com\/vittalis.ro\/wp-content\/uploads\/2026\/02\/super-complex-b-30-capsule_10692_1_16667728817748-1090x1090-1.jpg?resize=350%2C200&ssl=1 1x, https:\/\/i0.wp.com\/vittalis.ro\/wp-content\/uploads\/2026\/02\/super-complex-b-30-capsule_10692_1_16667728817748-1090x1090-1.jpg?resize=525%2C300&ssl=1 1.5x, https:\/\/i0.wp.com\/vittalis.ro\/wp-content\/uploads\/2026\/02\/super-complex-b-30-capsule_10692_1_16667728817748-1090x1090-1.jpg?resize=700%2C400&ssl=1 2x, https:\/\/i0.wp.com\/vittalis.ro\/wp-content\/uploads\/2026\/02\/super-complex-b-30-capsule_10692_1_16667728817748-1090x1090-1.jpg?resize=1050%2C600&ssl=1 3x"},"classes":[]},{"id":499,"url":"https:\/\/vittalis.ro\/?product=vitamina-c-lipozomala-liposovit-c","url_meta":{"origin":1140,"position":4},"title":"Vitamina C Lipozomala Liposovit-C","author":"denisa","date":"decembrie 21, 2025","format":false,"excerpt":"O solu\u021bie complex\u0103, conceput\u0103 pentru a-\u021bi oferi o doza concentrat\u0103 de vitamina C, eficient\u0103 pentru sus\u021binerea imunit\u0103\u021bii.","rel":"","context":"Articol similar","block_context":{"text":"Articol similar","link":""},"img":{"alt_text":"Vitamina C Lipozomala Liposovit-C \u2013 pana la 1000 mg administrare zilnica","src":"https:\/\/i0.wp.com\/vittalis.ro\/wp-content\/uploads\/2025\/12\/vitamina-c-lipozomala-prezentare.webp?resize=350%2C200&ssl=1","width":350,"height":200,"srcset":"https:\/\/i0.wp.com\/vittalis.ro\/wp-content\/uploads\/2025\/12\/vitamina-c-lipozomala-prezentare.webp?resize=350%2C200&ssl=1 1x, https:\/\/i0.wp.com\/vittalis.ro\/wp-content\/uploads\/2025\/12\/vitamina-c-lipozomala-prezentare.webp?resize=525%2C300&ssl=1 1.5x"},"classes":[]},{"id":1154,"url":"https:\/\/vittalis.ro\/?product=vitamina-a-10000-ui-30-capsule-parapharm-2","url_meta":{"origin":1140,"position":5},"title":"Vitamina A, 10000 Ui, 30 capsule, Parapharm","author":"denisa","date":"februarie 11, 2026","format":false,"excerpt":"Vitamina A 10000 UI \u2013 Parapharm este un supliment alimentar cu vitamina A natural\u0103 din morcovi \u0219i vitamina E, formulat pentru a sus\u021bine s\u0103n\u0103tatea ochilor, pielii \u0219i a sistemului imunitar. Vitamina A contribuie la men\u021binerea vederii normale \u0219i a mucoaselor s\u0103n\u0103toase, iar vitamina E protejeaz\u0103 celulele \u00eempotriva stresului oxidativ. Administrat\u0103\u2026","rel":"","context":"Articol similar","block_context":{"text":"Articol similar","link":""},"img":{"alt_text":"Vitamina A, 10000 Ui, 30 capsule, Parapharm","src":"https:\/\/i0.wp.com\/vittalis.ro\/wp-content\/uploads\/2026\/02\/vitamina-a-10000-ui-30-capsule-parapharm-4228-1090x1090-1.jpg?resize=350%2C200&ssl=1","width":350,"height":200,"srcset":"https:\/\/i0.wp.com\/vittalis.ro\/wp-content\/uploads\/2026\/02\/vitamina-a-10000-ui-30-capsule-parapharm-4228-1090x1090-1.jpg?resize=350%2C200&ssl=1 1x, https:\/\/i0.wp.com\/vittalis.ro\/wp-content\/uploads\/2026\/02\/vitamina-a-10000-ui-30-capsule-parapharm-4228-1090x1090-1.jpg?resize=525%2C300&ssl=1 1.5x, https:\/\/i0.wp.com\/vittalis.ro\/wp-content\/uploads\/2026\/02\/vitamina-a-10000-ui-30-capsule-parapharm-4228-1090x1090-1.jpg?resize=700%2C400&ssl=1 2x, https:\/\/i0.wp.com\/vittalis.ro\/wp-content\/uploads\/2026\/02\/vitamina-a-10000-ui-30-capsule-parapharm-4228-1090x1090-1.jpg?resize=1050%2C600&ssl=1 3x"},"classes":[]}],"post_mailing_queue_ids":[],"_links":{"self":[{"href":"https:\/\/vittalis.ro\/index.php?rest_route=\/wp\/v2\/product\/1140","targetHints":{"allow":["GET"]}}],"collection":[{"href":"https:\/\/vittalis.ro\/index.php?rest_route=\/wp\/v2\/product"}],"about":[{"href":"https:\/\/vittalis.ro\/index.php?rest_route=\/wp\/v2\/types\/product"}],"replies":[{"embeddable":true,"href":"https:\/\/vittalis.ro\/index.php?rest_route=%2Fwp%2Fv2%2Fcomments&post=1140"}],"wp:featuredmedia":[{"embeddable":true,"href":"https:\/\/vittalis.ro\/index.php?rest_route=\/wp\/v2\/media\/1092"}],"wp:attachment":[{"href":"https:\/\/vittalis.ro\/index.php?rest_route=%2Fwp%2Fv2%2Fmedia&parent=1140"}],"wp:term":[{"taxonomy":"product_brand","embeddable":true,"href":"https:\/\/vittalis.ro\/index.php?rest_route=%2Fwp%2Fv2%2Fproduct_brand&post=1140"},{"taxonomy":"product_cat","embeddable":true,"href":"https:\/\/vittalis.ro\/index.php?rest_route=%2Fwp%2Fv2%2Fproduct_cat&post=1140"},{"taxonomy":"product_tag","embeddable":true,"href":"https:\/\/vittalis.ro\/index.php?rest_route=%2Fwp%2Fv2%2Fproduct_tag&post=1140"}],"curies":[{"name":"wp","href":"https:\/\/api.w.org\/{rel}","templated":true}]}}