{"id":1134,"date":"2026-02-11T07:32:38","date_gmt":"2026-02-11T07:32:38","guid":{"rendered":"https:\/\/vittalis.ro\/?post_type=product&#038;p=1134"},"modified":"2026-03-01T12:19:12","modified_gmt":"2026-03-01T12:19:12","slug":"trigliceride-colesterol-optim-30-capsule-parapharm-2","status":"publish","type":"product","link":"https:\/\/vittalis.ro\/?product=trigliceride-colesterol-optim-30-capsule-parapharm-2","title":{"rendered":"Trigliceride + Colesterol Optim, 30 capsule, Parapharm"},"content":{"rendered":"<h4 style=\"text-align: justify;\" data-start=\"284\" data-end=\"765\"><strong data-start=\"284\" data-end=\"319\">Trigliceride + Colesterol Optim<\/strong> este un supliment alimentar ob\u021binut din <strong data-start=\"360\" data-end=\"421\">peste oceanic bogat \u00een acizi gra\u0219i polinesatura\u021bi Omega-3<\/strong>, cu efecte benefice asupra s\u0103n\u0103t\u0103\u021bii cardiovasculare, metabolismului lipidic \u0219i func\u021biei cognitive. Acizii gra\u0219i esen\u021biali, precum <strong data-start=\"553\" data-end=\"618\">acidul eicosapentaenoic (EPA) \u0219i acidul docosahexaenoic (DHA)<\/strong>, nu pot fi produ\u0219i de organism, motiv pentru care aportul prin alimenta\u021bie sau suplimente este indispensabil pentru men\u021binerea s\u0103n\u0103t\u0103\u021bii optime.<\/h4>\n<p style=\"text-align: justify;\" data-start=\"767\" data-end=\"1072\">Acest supliment este formulat pentru a sus\u021bine <strong data-start=\"814\" data-end=\"868\">nivelul optim al trigliceridelor \u0219i colesterolului<\/strong>, contribuind la prevenirea acumul\u0103rii de gr\u0103simi \u00een artere \u0219i reduc\u00e2nd riscul de ateroscleroz\u0103, infarct miocardic, accident vascular cerebral sau probleme de circula\u021bie la nivelul membrelor inferioare.<\/p>\n<hr data-start=\"1074\" data-end=\"1077\" \/>\n<h4 style=\"text-align: justify;\" data-start=\"1079\" data-end=\"1092\">Beneficii<\/h4>\n<p style=\"text-align: justify;\" data-start=\"1094\" data-end=\"1179\">Prin aportul s\u0103u de <strong data-start=\"1114\" data-end=\"1137\">acizi gra\u0219i Omega-3<\/strong>, Trigliceride + Colesterol Optim poate:<\/p>\n<ul style=\"text-align: justify;\" data-start=\"1181\" data-end=\"1934\">\n<li data-start=\"1181\" data-end=\"1312\">\n<p data-start=\"1183\" data-end=\"1312\"><strong data-start=\"1183\" data-end=\"1245\">Sc\u0103dea nivelul trigliceridelor \u0219i colesterolului din s\u00e2nge<\/strong>, reduc\u00e2nd riscul form\u0103rii cheagurilor \u0219i prevenind ateroscleroza<\/p>\n<\/li>\n<li data-start=\"1313\" data-end=\"1440\">\n<p data-start=\"1315\" data-end=\"1440\"><strong data-start=\"1315\" data-end=\"1370\">Contribui la s\u0103n\u0103tatea inimii \u0219i a vaselor sanguine<\/strong>, reduc\u00e2nd riscul infarctului miocardic \u0219i al accidentelor vasculare<\/p>\n<\/li>\n<li data-start=\"1441\" data-end=\"1552\">\n<p data-start=\"1443\" data-end=\"1552\"><strong data-start=\"1443\" data-end=\"1503\">Sus\u021bine dezvoltarea \u0219i func\u021bionarea normal\u0103 a creierului<\/strong>, sprijinind transmiterea impulsurilor nervoase<\/p>\n<\/li>\n<li data-start=\"1553\" data-end=\"1657\">\n<p data-start=\"1555\" data-end=\"1657\"><strong data-start=\"1555\" data-end=\"1617\">\u00cembun\u0103t\u0103\u021bi concentrarea, memoria \u0219i capacitatea de g\u00e2ndire<\/strong>, influen\u021b\u00e2nd pozitiv starea de spirit<\/p>\n<\/li>\n<li data-start=\"1658\" data-end=\"1769\">\n<p data-start=\"1660\" data-end=\"1769\"><strong data-start=\"1660\" data-end=\"1707\">Facilita absorb\u021bia vitaminelor liposolubile<\/strong> A, D, E \u0219i K, datorit\u0103 trigliceridelor prezente \u00een organism<\/p>\n<\/li>\n<li data-start=\"1770\" data-end=\"1934\">\n<p data-start=\"1772\" data-end=\"1934\"><strong data-start=\"1772\" data-end=\"1856\">Proteja celulele \u0219i \u021besuturile \u00eempotriva efectelor negative ale lipidelor nocive<\/strong>, prin reglarea propor\u021biei \u00eentre colesterolul \u201ebun\u201d (HDL) \u0219i cel \u201er\u0103u\u201d (LDL)<\/p>\n<\/li>\n<\/ul>\n<p style=\"text-align: justify;\" data-start=\"1936\" data-end=\"2420\">Trigliceridele sunt gr\u0103simi esen\u021biale utilizate ca surs\u0103 de energie \u0219i ca rezerve energetice, dar men\u021binerea lor la valori normale (p\u00e2n\u0103 la 150 mg\/dl) este crucial\u0103 pentru s\u0103n\u0103tatea organismului. Colesterolul, de asemenea, este esen\u021bial pentru membranele celulare \u0219i sinteza unor substan\u021be vitale, precum hormonii sexuali, acizii biliari \u0219i vitamina D. \u00cen acest context, men\u021binerea unui nivel echilibrat \u00eentre HDL \u0219i LDL este esen\u021bial\u0103 pentru prevenirea problemelor cardiovasculare.<\/p>\n<p style=\"text-align: justify;\" data-start=\"1936\" data-end=\"2420\">Suplimentul <strong data-start=\"183\" data-end=\"218\">Trigliceride + Colesterol Optim<\/strong> aduce multiple beneficii pentru s\u0103n\u0103tatea \u00eentregului organism. Acizii gra\u0219i polinesatura\u021bi Omega-3 contribuie la <strong data-start=\"332\" data-end=\"374\">men\u021binerea tensiunii arteriale normale<\/strong> \u0219i reduc inflama\u021bia la nivel vascular. Sprijin\u0103 <strong data-start=\"423\" data-end=\"445\">echilibrul lipidic<\/strong>, favoriz\u00e2nd un raport s\u0103n\u0103tos \u00eentre colesterolul \u201ebun\u201d (HDL) \u0219i colesterolul \u201er\u0103u\u201d (LDL). De asemenea, contribuie la <strong data-start=\"563\" data-end=\"595\">sus\u021binerea s\u0103n\u0103t\u0103\u021bii ochilor<\/strong>, fiind util pentru men\u021binerea vederii normale, \u0219i protejeaz\u0103 <strong data-start=\"657\" data-end=\"689\">func\u021biile renale \u0219i hepatice<\/strong>, prin reglarea metabolismului gr\u0103similor. Omega-3 sprijin\u0103 sistemul nervos, contribuind la <strong data-start=\"781\" data-end=\"826\">reducerea oboselii mentale \u0219i a stresului<\/strong>, sus\u021bin\u00e2nd dispozi\u021bia \u0219i capacitatea de concentrare. \u00cen plus, ajut\u0103 la <strong data-start=\"898\" data-end=\"931\">\u00eent\u0103rirea sistemului imunitar<\/strong>, protej\u00e2nd organismul \u00eempotriva factorilor externi \u0219i a radicalilor liberi.<\/p>\n<hr data-start=\"2422\" data-end=\"2425\" \/>\n<h4 style=\"text-align: justify;\" data-start=\"2427\" data-end=\"2479\">Cui se recomand\u0103 Trigliceride + Colesterol Optim?<\/h4>\n<p style=\"text-align: justify;\" data-start=\"2481\" data-end=\"2515\">Acest supliment este recomandat:<\/p>\n<ul style=\"text-align: justify;\" data-start=\"2517\" data-end=\"3102\">\n<li data-start=\"2517\" data-end=\"2594\">\n<p data-start=\"2519\" data-end=\"2594\">Persoanelor cu <strong data-start=\"2534\" data-end=\"2592\">nivel crescut al colesterolului sau al trigliceridelor<\/strong><\/p>\n<\/li>\n<li data-start=\"2595\" data-end=\"2696\">\n<p data-start=\"2597\" data-end=\"2696\">Persoanelor care doresc s\u0103 previn\u0103 <strong data-start=\"2632\" data-end=\"2658\">bolile cardiovasculare<\/strong> sau s\u0103 reduc\u0103 riscul aterosclerozei<\/p>\n<\/li>\n<li data-start=\"2697\" data-end=\"2807\">\n<p data-start=\"2699\" data-end=\"2807\">Persoanelor cu un <strong data-start=\"2717\" data-end=\"2740\">stil de via\u021b\u0103 activ<\/strong>, care doresc s\u0103 sus\u021bin\u0103 func\u021bia cognitiv\u0103 \u0219i performan\u021ba mental\u0103<\/p>\n<\/li>\n<li data-start=\"2808\" data-end=\"2893\">\n<p data-start=\"2810\" data-end=\"2893\">Persoanelor care au un <strong data-start=\"2833\" data-end=\"2891\">risc crescut de infarct sau accident vascular cerebral<\/strong><\/p>\n<\/li>\n<li data-start=\"2894\" data-end=\"2986\">\n<p data-start=\"2896\" data-end=\"2986\">Persoanelor care doresc s\u0103 sprijine <strong data-start=\"2932\" data-end=\"2984\">s\u0103n\u0103tatea inimii, vaselor sanguine \u0219i creierului<\/strong><\/p>\n<\/li>\n<li data-start=\"2987\" data-end=\"3102\">\n<p data-start=\"2989\" data-end=\"3102\">Adul\u021bilor care doresc s\u0103 men\u021bin\u0103 un <strong data-start=\"3025\" data-end=\"3052\">echilibru lipidic optim<\/strong> \u0219i s\u0103 sus\u021bin\u0103 metabolismul normal al gr\u0103similor<\/p>\n<\/li>\n<\/ul>\n<hr data-start=\"3104\" data-end=\"3107\" \/>\n<h4 style=\"text-align: justify;\" data-start=\"3109\" data-end=\"3135\">Compozi\u021bie per capsul\u0103<\/h4>\n<ul style=\"text-align: justify;\" data-start=\"3137\" data-end=\"3321\">\n<li data-start=\"3137\" data-end=\"3277\">\n<p data-start=\"3139\" data-end=\"3187\"><strong data-start=\"3139\" data-end=\"3178\">Esteri etilici ai acidului Omega-3:<\/strong> 498 mg<\/p>\n<ul data-start=\"3190\" data-end=\"3277\">\n<li data-start=\"3190\" data-end=\"3233\">\n<p data-start=\"3192\" data-end=\"3233\"><strong data-start=\"3192\" data-end=\"3224\">Acid eicosapentaenoic (EPA):<\/strong> 144 mg<\/p>\n<\/li>\n<li data-start=\"3236\" data-end=\"3277\">\n<p data-start=\"3238\" data-end=\"3277\"><strong data-start=\"3238\" data-end=\"3269\">Acid docosahexaenoic (DHA):<\/strong> 97 mg<\/p>\n<\/li>\n<\/ul>\n<\/li>\n<li data-start=\"3278\" data-end=\"3321\">\n<p data-start=\"3280\" data-end=\"3321\"><strong data-start=\"3280\" data-end=\"3314\">Vitamina E (Tocoferil acetat):<\/strong> 2 mg<\/p>\n<\/li>\n<\/ul>\n<p style=\"text-align: justify;\" data-start=\"3323\" data-end=\"3467\">Aceast\u0103 formul\u0103 permite absorb\u021bia optim\u0103 \u0219i transformarea rapid\u0103 \u00een acizi gra\u0219i activi, oferind un efect protector cardiovascular \u0219i cognitiv.<\/p>\n<hr data-start=\"3469\" data-end=\"3472\" \/>\n<h4 style=\"text-align: justify;\" data-start=\"3474\" data-end=\"3497\">Mod de administrare<\/h4>\n<p style=\"text-align: justify;\" data-start=\"3499\" data-end=\"3696\">Se recomand\u0103 consumul de <strong data-start=\"3524\" data-end=\"3554\">1-2 capsule de 2 ori pe zi<\/strong>, cu un pahar de lichid (ap\u0103 mineral\u0103 sau suc de fructe), de preferin\u021b\u0103 \u00een timpul mesei. Suplimentul nu este recomandat copiilor sub 12 ani.<\/p>\n<hr data-start=\"3698\" data-end=\"3701\" \/>\n<h4 style=\"text-align: justify;\" data-start=\"3703\" data-end=\"3716\">Precau\u021bii<\/h4>\n<p style=\"text-align: justify;\" data-start=\"3718\" data-end=\"3913\">Suplimentele alimentare nu \u00eenlocuiesc o <strong data-start=\"3758\" data-end=\"3790\">diet\u0103 variat\u0103 \u0219i echilibrat\u0103<\/strong> \u0219i un stil de via\u021b\u0103 s\u0103n\u0103tos. <strong data-start=\"3820\" data-end=\"3860\">Nu dep\u0103\u0219i\u021bi doza zilnic\u0103 recomandat\u0103<\/strong> \u0219i p\u0103stra\u021bi produsul la loc uscat, ferit de copii.<\/p>\n<hr data-start=\"3915\" data-end=\"3918\" \/>\n<h4 style=\"text-align: justify;\" data-start=\"3920\" data-end=\"3934\">Prezentare<\/h4>\n<p style=\"text-align: justify;\" data-start=\"3936\" data-end=\"3961\">Flacon cu <strong data-start=\"3946\" data-end=\"3960\">30 capsule<\/strong>.<\/p>\n<p>&nbsp;<\/p>\n<hr data-start=\"4671\" data-end=\"4674\" \/>\n<p style=\"text-align: center;\"><a href=\"https:\/\/www.facebook.com\/profile.php?id=61586010988472\" rel=\"nofollow noopener\" target=\"_blank\"><img decoding=\"async\" class=\"alignnone wp-image-953\" src=\"https:\/\/vittalis.ro\/wp-content\/uploads\/2025\/12\/1-300x300.png\" alt=\"\" width=\"51\" height=\"51\" srcset=\"https:\/\/vittalis.ro\/wp-content\/uploads\/2025\/12\/1-300x300.png 300w, https:\/\/vittalis.ro\/wp-content\/uploads\/2025\/12\/1-150x150.png 150w, https:\/\/vittalis.ro\/wp-content\/uploads\/2025\/12\/1-100x100.png 100w, https:\/\/vittalis.ro\/wp-content\/uploads\/2025\/12\/1-50x50.png 50w, https:\/\/vittalis.ro\/wp-content\/uploads\/2025\/12\/1.png 500w\" sizes=\"(max-width: 51px) 100vw, 51px\" \/><\/a> <a href=\"https:\/\/www.instagram.com\/vittalis.suplimentealimentare?igsh=MTBocHY0cXVta2dlcg%3D%3D\" rel=\"nofollow noopener\" target=\"_blank\"><img decoding=\"async\" class=\"alignnone wp-image-954\" src=\"https:\/\/vittalis.ro\/wp-content\/uploads\/2025\/12\/2-300x300.png\" alt=\"\" width=\"50\" height=\"50\" srcset=\"https:\/\/vittalis.ro\/wp-content\/uploads\/2025\/12\/2-300x300.png 300w, https:\/\/vittalis.ro\/wp-content\/uploads\/2025\/12\/2-150x150.png 150w, https:\/\/vittalis.ro\/wp-content\/uploads\/2025\/12\/2-100x100.png 100w, https:\/\/vittalis.ro\/wp-content\/uploads\/2025\/12\/2-50x50.png 50w, https:\/\/vittalis.ro\/wp-content\/uploads\/2025\/12\/2.png 500w\" sizes=\"(max-width: 50px) 100vw, 50px\" \/><\/a> <a href=\"https:\/\/www.tiktok.com\/@vittalis.ro\"><img decoding=\"async\" class=\"alignnone wp-image-955\" src=\"https:\/\/vittalis.ro\/wp-content\/uploads\/2025\/12\/3-300x300.png\" alt=\"\" width=\"56\" height=\"56\" srcset=\"https:\/\/vittalis.ro\/wp-content\/uploads\/2025\/12\/3-300x300.png 300w, https:\/\/vittalis.ro\/wp-content\/uploads\/2025\/12\/3-150x150.png 150w, https:\/\/vittalis.ro\/wp-content\/uploads\/2025\/12\/3-100x100.png 100w, https:\/\/vittalis.ro\/wp-content\/uploads\/2025\/12\/3-50x50.png 50w, https:\/\/vittalis.ro\/wp-content\/uploads\/2025\/12\/3.png 500w\" sizes=\"(max-width: 56px) 100vw, 56px\" \/><\/a> <a href=\"https:\/\/www.youtube.com\/channel\/UCt7ysxXRoHT4Amyd_FOoegA\" rel=\"nofollow noopener\" target=\"_blank\"><img loading=\"lazy\" decoding=\"async\" class=\"alignnone wp-image-956\" src=\"https:\/\/vittalis.ro\/wp-content\/uploads\/2025\/12\/4-300x300.png\" alt=\"\" width=\"52\" height=\"52\" srcset=\"https:\/\/vittalis.ro\/wp-content\/uploads\/2025\/12\/4-300x300.png 300w, https:\/\/vittalis.ro\/wp-content\/uploads\/2025\/12\/4-150x150.png 150w, https:\/\/vittalis.ro\/wp-content\/uploads\/2025\/12\/4-100x100.png 100w, https:\/\/vittalis.ro\/wp-content\/uploads\/2025\/12\/4-50x50.png 50w, https:\/\/vittalis.ro\/wp-content\/uploads\/2025\/12\/4.png 500w\" sizes=\"(max-width: 52px) 100vw, 52px\" \/><\/a><\/p>\n<hr data-start=\"4671\" data-end=\"4674\" \/>\n<p>&nbsp;<\/p>\n<p><a href=\"https:\/\/vittalis.ro\/?page_id=640\"><img loading=\"lazy\" decoding=\"async\" class=\"alignnone wp-image-960\" src=\"https:\/\/vittalis.ro\/wp-content\/uploads\/2025\/12\/Red-ad-Beige-Bold-Modern-Professional-Business-Pitch-Deck-Presentation-1-300x108.png\" alt=\"\" width=\"165\" height=\"59\" srcset=\"https:\/\/vittalis.ro\/wp-content\/uploads\/2025\/12\/Red-ad-Beige-Bold-Modern-Professional-Business-Pitch-Deck-Presentation-1-300x108.png 300w, https:\/\/vittalis.ro\/wp-content\/uploads\/2025\/12\/Red-ad-Beige-Bold-Modern-Professional-Business-Pitch-Deck-Presentation-1-1024x370.png 1024w, https:\/\/vittalis.ro\/wp-content\/uploads\/2025\/12\/Red-ad-Beige-Bold-Modern-Professional-Business-Pitch-Deck-Presentation-1-768x277.png 768w, https:\/\/vittalis.ro\/wp-content\/uploads\/2025\/12\/Red-ad-Beige-Bold-Modern-Professional-Business-Pitch-Deck-Presentation-1-1536x554.png 1536w, https:\/\/vittalis.ro\/wp-content\/uploads\/2025\/12\/Red-ad-Beige-Bold-Modern-Professional-Business-Pitch-Deck-Presentation-1-1320x476.png 1320w, https:\/\/vittalis.ro\/wp-content\/uploads\/2025\/12\/Red-ad-Beige-Bold-Modern-Professional-Business-Pitch-Deck-Presentation-1-600x217.png 600w, https:\/\/vittalis.ro\/wp-content\/uploads\/2025\/12\/Red-ad-Beige-Bold-Modern-Professional-Business-Pitch-Deck-Presentation-1.png 1920w\" sizes=\"(max-width: 165px) 100vw, 165px\" \/><\/a><\/p>\n<p class=\"entry-title\" style=\"text-align: left;\"><span style=\"text-decoration: underline;\"><strong><span style=\"color: #000000; text-decoration: underline;\"><a style=\"color: #000000; text-decoration: underline;\" href=\"https:\/\/vittalis.ro\/?p=637\">Vitamina C lipozomal\u0103 \u2013 absorb\u021bie superioar\u0103, imunitate puternic\u0103 \u0219i beneficii extinse pentru s\u0103n\u0103tate<\/a><\/span><\/strong><\/span><\/p>\n<p class=\"entry-title\" style=\"text-align: left;\"><span style=\"text-decoration: underline;\"><span style=\"color: #000000; text-decoration: underline;\"><a style=\"color: #000000; text-decoration: underline;\" href=\"https:\/\/vittalis.ro\/?p=617\"><strong>Colagenul \u2013 beneficii, rol \u00een organism, tipuri \u0219i surse naturale<\/strong><\/a><\/span><\/span><\/p>\n<p class=\"entry-title\" style=\"text-align: left;\"><span style=\"text-decoration: underline;\"><a href=\"https:\/\/vittalis.ro\/?p=715\"><span style=\"color: #000000; text-decoration: underline;\"><strong>Magneziu bisglicinat: beneficii, propriet\u0103\u021bi \u0219i utiliz\u0103ri esen\u021biale pentru s\u0103n\u0103tate<\/strong><\/span><\/a><\/span><\/p>\n<p>&nbsp;<\/p>\n<p>&nbsp;<\/p>\n","protected":false},"excerpt":{"rendered":"<p style=\"text-align: justify;\"><strong data-start=\"89\" data-end=\"134\">Trigliceride + Colesterol Optim Parapharm<\/strong> este un supliment alimentar pe baz\u0103 de Omega-3 din pe\u0219te oceanic, \u00eembog\u0103\u021bit cu EPA, DHA \u0219i vitamina E. Sus\u021bine s\u0103n\u0103tatea inimii, echilibrul colesterolului \u0219i trigliceridelor, func\u021bia creierului \u0219i capacitatea de concentrare.<\/p>\n","protected":false},"featured_media":1086,"comment_status":"open","ping_status":"closed","template":"","meta":{"_glsr_average":0,"_glsr_ranking":0,"_glsr_reviews":0},"product_brand":[213],"product_cat":[411],"product_tag":[352,229,228,353,351,225],"class_list":{"0":"post-1134","1":"product","2":"type-product","3":"status-publish","4":"has-post-thumbnail","6":"product_brand-parapharm","7":"product_cat-digestie","8":"product_tag-colesterol-pastile","9":"product_tag-omega-3-beneficii","10":"product_tag-omega-3-pret","11":"product_tag-pastile-colesterol-pret","12":"product_tag-trigliceride","13":"product_tag-trigliceride-analize","15":"first","16":"instock","17":"sale","18":"shipping-taxable","19":"purchasable","20":"product-type-simple"},"jetpack_sharing_enabled":true,"jetpack-related-posts":[{"id":1150,"url":"https:\/\/vittalis.ro\/?product=omega-3-cu-ulei-de-peste-parapham","url_meta":{"origin":1134,"position":0},"title":"Omega 3 cu ulei de peste, 30 capsule, Parapharm","author":"denisa","date":"februarie 11, 2026","format":false,"excerpt":"Uleiul de pe\u0219te oceanic este o surs\u0103 bogat\u0103 de acizi gra\u0219i esen\u021biali omega 3 (EPA \u0219i DHA), care sus\u021bin s\u0103n\u0103tatea inimii, reduc colesterolul \u0219i trigliceridele \u0219i \u00eembun\u0103t\u0103\u021besc circula\u021bia sanguin\u0103. Contribuie la protec\u021bia vaselor de s\u00e2nge, la func\u021bionarea optim\u0103 a creierului \u0219i la s\u0103n\u0103tatea pielii, fiind util \u00een psoriazis \u0219i scleroz\u0103\u2026","rel":"","context":"Articol similar","block_context":{"text":"Articol similar","link":""},"img":{"alt_text":"Omega 3 cu ulei de peste, 30 capsule, Parapharm","src":"https:\/\/i0.wp.com\/vittalis.ro\/wp-content\/uploads\/2026\/02\/1642467038.webp?resize=350%2C200&ssl=1","width":350,"height":200},"classes":[]},{"id":1129,"url":"https:\/\/vittalis.ro\/?product=vitamina-e-100-30-capsule-parapharm-2","url_meta":{"origin":1134,"position":1},"title":"Vitamina E-100, 30 capsule, Parapharm","author":"denisa","date":"februarie 10, 2026","format":false,"excerpt":"Vitamina E \u2013 100 Parapharm este un supliment alimentar ce furnizeaz\u0103 D-a Tocoferol pur, un antioxidant puternic care protejeaz\u0103 celulele, membranele \u0219i acizii gra\u0219i polinesatura\u021bi. Sprijin\u0103 sistemul imunitar, s\u0103n\u0103tatea cardiovascular\u0103 \u0219i nervoas\u0103, \u00eencetine\u0219te procesul de \u00eemb\u0103tr\u00e2nire \u0219i contribuie la func\u021bionarea optim\u0103 a organismului. Administrarea recomandat\u0103 este de 1 capsul\u0103 pe\u2026","rel":"","context":"Articol similar","block_context":{"text":"Articol similar","link":""},"img":{"alt_text":"Vitamina E-100, 30 capsule, Parapharm","src":"https:\/\/i0.wp.com\/vittalis.ro\/wp-content\/uploads\/2026\/02\/865147784.webp?resize=350%2C200&ssl=1","width":350,"height":200},"classes":[]},{"id":1149,"url":"https:\/\/vittalis.ro\/?product=lecitina-forte-30-capsule-parapharm-2","url_meta":{"origin":1134,"position":2},"title":"Lecitin\u0103 Forte, 30 capsule, Parapharm","author":"denisa","date":"februarie 11, 2026","format":false,"excerpt":"Lecitina Forte este un supliment natural pe baz\u0103 de lecitin\u0103, bogat\u0103 \u00een colin\u0103 \u0219i inozitol, care sus\u021bine memoria, concentrarea \u0219i func\u021bia creierului. Ajut\u0103 la protejarea celulelor nervoase, reduce oboseala mental\u0103 \u0219i sprijin\u0103 s\u0103n\u0103tatea ficatului prin metabolizarea gr\u0103similor \u0219i reducerea colesterolului \u201er\u0103u\u201d. Este recomandat\u0103 elevilor, studen\u021bilor, adul\u021bilor activi \u0219i persoanelor \u00een\u2026","rel":"","context":"Articol similar","block_context":{"text":"Articol similar","link":""},"img":{"alt_text":"Lecitina Forte, 30 capsule, Parapharm","src":"https:\/\/i0.wp.com\/vittalis.ro\/wp-content\/uploads\/2026\/02\/lecitina-forte-30-capsule-parapharm3619.webp?resize=350%2C200&ssl=1","width":350,"height":200},"classes":[]},{"id":1133,"url":"https:\/\/vittalis.ro\/?product=biozinc-forte-parapharm-30-capsule","url_meta":{"origin":1134,"position":3},"title":"Biozinc Forte, Parapharm, 30 capsule","author":"denisa","date":"februarie 11, 2026","format":false,"excerpt":"Biozinc Forte Parapharm este un supliment alimentar cu zinc sub form\u0103 de picolinat, cu biodisponibilitate crescut\u0103, care sus\u021bine imunitatea, func\u021bia cognitiv\u0103, fertilitatea, s\u0103n\u0103tatea pielii, p\u0103rului \u0219i unghiilor, precum \u0219i metabolismul normal al organismului. Ideal pentru men\u021binerea echilibrului \u0219i vitalit\u0103\u021bii zilnice.","rel":"","context":"Articol similar","block_context":{"text":"Articol similar","link":""},"img":{"alt_text":"Biozinc Forte, Parapharm, 30 capsule","src":"https:\/\/i0.wp.com\/vittalis.ro\/wp-content\/uploads\/2026\/02\/biozinc-forte-30-capsule_10634_1_16666814776794-1090x1090-1.jpg?resize=350%2C200&ssl=1","width":350,"height":200,"srcset":"https:\/\/i0.wp.com\/vittalis.ro\/wp-content\/uploads\/2026\/02\/biozinc-forte-30-capsule_10634_1_16666814776794-1090x1090-1.jpg?resize=350%2C200&ssl=1 1x, https:\/\/i0.wp.com\/vittalis.ro\/wp-content\/uploads\/2026\/02\/biozinc-forte-30-capsule_10634_1_16666814776794-1090x1090-1.jpg?resize=525%2C300&ssl=1 1.5x, https:\/\/i0.wp.com\/vittalis.ro\/wp-content\/uploads\/2026\/02\/biozinc-forte-30-capsule_10634_1_16666814776794-1090x1090-1.jpg?resize=700%2C400&ssl=1 2x, https:\/\/i0.wp.com\/vittalis.ro\/wp-content\/uploads\/2026\/02\/biozinc-forte-30-capsule_10634_1_16666814776794-1090x1090-1.jpg?resize=1050%2C600&ssl=1 3x"},"classes":[]},{"id":1130,"url":"https:\/\/vittalis.ro\/?product=ulei-de-chimen-negru-30-capsule-parapharm-2","url_meta":{"origin":1134,"position":4},"title":"Ulei de Chimen Negru, 30 capsule, Parapharm","author":"denisa","date":"februarie 11, 2026","format":false,"excerpt":"Ulei de Chimen Negru Parapharm este un supliment alimentar natural, bogat \u00een acizi gra\u0219i nesatura\u021bi \u0219i vitamina E, care sus\u021bine imunitatea, protejeaz\u0103 celulele \u00eempotriva stresului oxidativ, sprijin\u0103 s\u0103n\u0103tatea respiratorie \u0219i digestiv\u0103 \u0219i contribuie la vitalitatea \u0219i energia organismului.","rel":"","context":"Articol similar","block_context":{"text":"Articol similar","link":""},"img":{"alt_text":"Ulei de Chimen Negru, 30 capsule, Parapharm","src":"https:\/\/i0.wp.com\/vittalis.ro\/wp-content\/uploads\/2026\/02\/1149265177.webp?resize=350%2C200&ssl=1","width":350,"height":200,"srcset":"https:\/\/i0.wp.com\/vittalis.ro\/wp-content\/uploads\/2026\/02\/1149265177.webp?resize=350%2C200&ssl=1 1x, https:\/\/i0.wp.com\/vittalis.ro\/wp-content\/uploads\/2026\/02\/1149265177.webp?resize=525%2C300&ssl=1 1.5x"},"classes":[]},{"id":1151,"url":"https:\/\/vittalis.ro\/?product=bitter-suedez-30-30-capsule-parapharm","url_meta":{"origin":1134,"position":5},"title":"Bitter Suedez, 30 + 30 capsule, Parapharm","author":"denisa","date":"februarie 11, 2026","format":false,"excerpt":"Uleiul de pe\u0219te oceanic este o surs\u0103 bogat\u0103 de acizi gra\u0219i esen\u021biali omega 3 (EPA \u0219i DHA), care sus\u021bin s\u0103n\u0103tatea inimii, reduc colesterolul \u0219i trigliceridele \u0219i \u00eembun\u0103t\u0103\u021besc circula\u021bia sanguin\u0103. Contribuie la protec\u021bia vaselor de s\u00e2nge, la func\u021bionarea optim\u0103 a creierului \u0219i la s\u0103n\u0103tatea pielii, fiind util \u00een psoriazis \u0219i scleroz\u0103\u2026","rel":"","context":"Articol similar","block_context":{"text":"Articol similar","link":""},"img":{"alt_text":"Bitter Suedez, 30 + 30 capsule, Parapharm","src":"https:\/\/i0.wp.com\/vittalis.ro\/wp-content\/uploads\/2026\/02\/bitter-suedez-pachet-3030-capsule-11-parapharm.webp?resize=350%2C200&ssl=1","width":350,"height":200},"classes":[]}],"post_mailing_queue_ids":[],"_links":{"self":[{"href":"https:\/\/vittalis.ro\/index.php?rest_route=\/wp\/v2\/product\/1134","targetHints":{"allow":["GET"]}}],"collection":[{"href":"https:\/\/vittalis.ro\/index.php?rest_route=\/wp\/v2\/product"}],"about":[{"href":"https:\/\/vittalis.ro\/index.php?rest_route=\/wp\/v2\/types\/product"}],"replies":[{"embeddable":true,"href":"https:\/\/vittalis.ro\/index.php?rest_route=%2Fwp%2Fv2%2Fcomments&post=1134"}],"wp:featuredmedia":[{"embeddable":true,"href":"https:\/\/vittalis.ro\/index.php?rest_route=\/wp\/v2\/media\/1086"}],"wp:attachment":[{"href":"https:\/\/vittalis.ro\/index.php?rest_route=%2Fwp%2Fv2%2Fmedia&parent=1134"}],"wp:term":[{"taxonomy":"product_brand","embeddable":true,"href":"https:\/\/vittalis.ro\/index.php?rest_route=%2Fwp%2Fv2%2Fproduct_brand&post=1134"},{"taxonomy":"product_cat","embeddable":true,"href":"https:\/\/vittalis.ro\/index.php?rest_route=%2Fwp%2Fv2%2Fproduct_cat&post=1134"},{"taxonomy":"product_tag","embeddable":true,"href":"https:\/\/vittalis.ro\/index.php?rest_route=%2Fwp%2Fv2%2Fproduct_tag&post=1134"}],"curies":[{"name":"wp","href":"https:\/\/api.w.org\/{rel}","templated":true}]}}