{"id":1133,"date":"2026-02-11T07:27:48","date_gmt":"2026-02-11T07:27:48","guid":{"rendered":"https:\/\/vittalis.ro\/?post_type=product&#038;p=1133"},"modified":"2026-03-01T12:17:17","modified_gmt":"2026-03-01T12:17:17","slug":"biozinc-forte-parapharm-30-capsule","status":"publish","type":"product","link":"https:\/\/vittalis.ro\/?product=biozinc-forte-parapharm-30-capsule","title":{"rendered":"Biozinc Forte, Parapharm, 30 capsule"},"content":{"rendered":"<h4 style=\"text-align: justify;\" data-start=\"209\" data-end=\"401\"><strong data-start=\"209\" data-end=\"226\">Biozinc Forte<\/strong> este un supliment alimentar pe baz\u0103 de zinc sub form\u0103 organic\u0103 (picolinat de zinc), cu biodisponibilitate crescut\u0103, care sus\u021bine numeroase func\u021bii esen\u021biale ale organismului.<\/h4>\n<p style=\"text-align: justify;\" data-start=\"338\" data-end=\"740\"><strong data-start=\"338\" data-end=\"355\">Biozinc Forte<\/strong> este un supliment alimentar pe baz\u0103 de zinc sub form\u0103 organic\u0103 (picolinat de zinc), o form\u0103 recunoscut\u0103 pentru <strong data-start=\"467\" data-end=\"499\">biodisponibilitatea crescut\u0103<\/strong> \u0219i absorb\u021bia superioar\u0103 la nivel intestinal comparativ cu formele anorganice de zinc. Zincul este un oligoelement esen\u021bial, implicat \u00een peste 300 de procese enzimatice din organism, av\u00e2nd un rol fundamental \u00een men\u021binerea s\u0103n\u0103t\u0103\u021bii generale.<\/p>\n<p style=\"text-align: justify;\" data-start=\"742\" data-end=\"990\">Prin aportul s\u0103u optim de zinc, Biozinc Forte sus\u021bine func\u021bionarea normal\u0103 a numeroase sisteme \u0219i procese biologice, fiind un aliat important at\u00e2t \u00een perioadele de solicitare intens\u0103, c\u00e2t \u0219i pentru men\u021binerea st\u0103rii generale de bine pe termen lung.<\/p>\n<hr data-start=\"992\" data-end=\"995\" \/>\n<h4 style=\"text-align: justify;\" data-start=\"997\" data-end=\"1041\">Beneficii ale zincului din Biozinc Forte<\/h4>\n<p style=\"text-align: justify;\" data-start=\"1043\" data-end=\"1403\">Zincul contribuie la <strong data-start=\"1064\" data-end=\"1112\">men\u021binerea metabolismului acido-bazic normal<\/strong>, ajut\u00e2nd organismul s\u0103 \u00ee\u0219i p\u0103streze echilibrul intern necesar desf\u0103\u0219ur\u0103rii corecte a proceselor metabolice. De asemenea, sus\u021bine <strong data-start=\"1242\" data-end=\"1337\">metabolismul normal al carbohidra\u021bilor, macronutrien\u021bilor, acizilor gra\u0219i \u0219i al vitaminei A<\/strong>, av\u00e2nd un rol important \u00een transformarea nutrien\u021bilor \u00een energie.<\/p>\n<p style=\"text-align: justify;\" data-start=\"1405\" data-end=\"1727\">Un aport adecvat de zinc este esen\u021bial pentru <strong data-start=\"1451\" data-end=\"1480\">func\u021bia cognitiv\u0103 normal\u0103<\/strong>, fiind implicat \u00een procesele de memorie, concentrare \u0219i capacitate de \u00eenv\u0103\u021bare. Totodat\u0103, zincul particip\u0103 activ la <strong data-start=\"1597\" data-end=\"1644\">sinteza normal\u0103 a ADN-ului \u0219i a proteinelor<\/strong>, procese esen\u021biale pentru regenerarea celular\u0103 \u0219i buna func\u021bionare a organismului.<\/p>\n<p style=\"text-align: justify;\" data-start=\"1729\" data-end=\"2055\">Biozinc Forte contribuie la <strong data-start=\"1757\" data-end=\"1808\">men\u021binerea fertilit\u0103\u021bii \u0219i reproducerii normale<\/strong>, fiind deosebit de important at\u00e2t pentru femei, c\u00e2t \u0219i pentru b\u0103rba\u021bi. \u00cen cazul b\u0103rba\u021bilor, zincul ajut\u0103 la <strong data-start=\"1917\" data-end=\"1979\">men\u021binerea concentra\u021biilor normale de testosteron \u00een s\u00e2nge<\/strong>, hormon esen\u021bial pentru vitalitate, mas\u0103 muscular\u0103 \u0219i func\u021bia reproductiv\u0103.<\/p>\n<p style=\"text-align: justify;\" data-start=\"2057\" data-end=\"2340\">Zincul are un rol important \u00een <strong data-start=\"2088\" data-end=\"2141\">men\u021binerea s\u0103n\u0103t\u0103\u021bii pielii, p\u0103rului \u0219i unghiilor<\/strong>, contribuind la aspectul s\u0103n\u0103tos al pielii, la rezisten\u021ba unghiilor \u0219i la vitalitatea firului de p\u0103r. De asemenea, sus\u021bine <strong data-start=\"2265\" data-end=\"2294\">s\u0103n\u0103tatea sistemului osos<\/strong>, fiind implicat \u00een procesele de mineralizare.<\/p>\n<p style=\"text-align: justify;\" data-start=\"2342\" data-end=\"2500\">Un alt beneficiu major este sus\u021binerea <strong data-start=\"2381\" data-end=\"2400\">vederii normale<\/strong>, zincul fiind necesar pentru men\u021binerea func\u021biei vizuale, \u00een special \u00een condi\u021bii de lumin\u0103 sc\u0103zut\u0103.<\/p>\n<p style=\"text-align: justify;\" data-start=\"2502\" data-end=\"2808\">Biozinc Forte sprijin\u0103 <strong data-start=\"2525\" data-end=\"2571\">func\u021bionarea normal\u0103 a sistemului imunitar<\/strong>, ajut\u00e2nd organismul s\u0103 r\u0103spund\u0103 eficient la factorii externi. \u00cen plus, zincul contribuie la <strong data-start=\"2664\" data-end=\"2717\">protejarea celulelor \u00eempotriva stresului oxidativ<\/strong>, av\u00e2nd un rol antioxidant important \u00een combaterea efectelor nocive ale radicalilor liberi.<\/p>\n<p style=\"text-align: justify;\" data-start=\"2810\" data-end=\"2970\">Nu \u00een ultimul r\u00e2nd, zincul este implicat \u00een <strong data-start=\"2854\" data-end=\"2895\">procesul normal de diviziune celular\u0103<\/strong>, esen\u021bial pentru cre\u0219tere, regenerare \u0219i men\u021binerea \u021besuturilor s\u0103n\u0103toase.<\/p>\n<hr data-start=\"2972\" data-end=\"2975\" \/>\n<h4 style=\"text-align: justify;\" data-start=\"2977\" data-end=\"3026\">De ce s\u0103 alegi zincul sub form\u0103 de picolinat?<\/h4>\n<p style=\"text-align: justify;\" data-start=\"3028\" data-end=\"3288\">Picolinatul de zinc este o form\u0103 organic\u0103 de zinc, recunoscut\u0103 pentru <strong data-start=\"3098\" data-end=\"3149\">absorb\u021bia eficient\u0103 \u0219i toleran\u021ba digestiv\u0103 bun\u0103<\/strong>. Aceast\u0103 form\u0103 permite organismului s\u0103 utilizeze zincul \u00eentr-un mod optim, maximiz\u00e2nd beneficiile supliment\u0103rii chiar \u0219i la doze moderate.<\/p>\n<hr data-start=\"403\" data-end=\"406\" \/>\n<h4 style=\"text-align: justify;\" data-start=\"408\" data-end=\"422\">Beneficii:<\/h4>\n<ul style=\"text-align: justify;\" data-start=\"423\" data-end=\"1098\">\n<li data-start=\"423\" data-end=\"485\">\n<p data-start=\"425\" data-end=\"485\">Contribuie la men\u021binerea metabolismului acido-bazic normal<\/p>\n<\/li>\n<li data-start=\"486\" data-end=\"586\">\n<p data-start=\"488\" data-end=\"586\">Sus\u021bine metabolismul normal al carbohidra\u021bilor, macronutrien\u021bilor, acizilor gra\u0219i \u0219i vitaminei A<\/p>\n<\/li>\n<li data-start=\"587\" data-end=\"625\">\n<p data-start=\"589\" data-end=\"625\">Sprijin\u0103 func\u021bia cognitiv\u0103 normal\u0103<\/p>\n<\/li>\n<li data-start=\"626\" data-end=\"686\">\n<p data-start=\"628\" data-end=\"686\">Particip\u0103 la sinteza normal\u0103 a ADN-ului \u0219i a proteinelor<\/p>\n<\/li>\n<li data-start=\"687\" data-end=\"752\">\n<p data-start=\"689\" data-end=\"752\">Contribuie la men\u021binerea fertilit\u0103\u021bii \u0219i reproducerii normale<\/p>\n<\/li>\n<li data-start=\"753\" data-end=\"832\">\n<p data-start=\"755\" data-end=\"832\">Ajut\u0103 la men\u021binerea s\u0103n\u0103t\u0103\u021bii sistemului osos, p\u0103rului, unghiilor \u0219i pielii<\/p>\n<\/li>\n<li data-start=\"833\" data-end=\"902\">\n<p data-start=\"835\" data-end=\"902\">Contribuie la men\u021binerea nivelului normal de testosteron \u00een s\u00e2nge<\/p>\n<\/li>\n<li data-start=\"903\" data-end=\"930\">\n<p data-start=\"905\" data-end=\"930\">Sus\u021bine vederea normal\u0103<\/p>\n<\/li>\n<li data-start=\"931\" data-end=\"986\">\n<p data-start=\"933\" data-end=\"986\">Sprijin\u0103 func\u021bionarea normal\u0103 a sistemului imunitar<\/p>\n<\/li>\n<li data-start=\"987\" data-end=\"1039\">\n<p data-start=\"989\" data-end=\"1039\">Protejeaz\u0103 celulele \u00eempotriva stresului oxidativ<\/p>\n<\/li>\n<li data-start=\"1040\" data-end=\"1098\">\n<p data-start=\"1042\" data-end=\"1098\">Este implicat \u00een procesul normal de diviziune celular\u0103<\/p>\n<\/li>\n<\/ul>\n<hr data-start=\"1100\" data-end=\"1103\" \/>\n<h4 style=\"text-align: justify;\" data-start=\"1105\" data-end=\"1121\">Ingrediente:<\/h4>\n<ul style=\"text-align: justify;\" data-start=\"1122\" data-end=\"1187\">\n<li data-start=\"1122\" data-end=\"1187\">\n<p data-start=\"1124\" data-end=\"1187\">Zinc \u2013 25 mg per capsul\u0103<br data-start=\"1148\" data-end=\"1151\" \/><em data-start=\"1153\" data-end=\"1187\">(sub form\u0103 de picolinat de zinc)<\/em><\/p>\n<\/li>\n<\/ul>\n<hr data-start=\"1189\" data-end=\"1192\" \/>\n<h4 style=\"text-align: justify;\" data-start=\"1194\" data-end=\"1218\">Mod de administrare:<\/h4>\n<p style=\"text-align: justify;\" data-start=\"1219\" data-end=\"1329\">Se recomand\u0103 consumul a <strong data-start=\"1243\" data-end=\"1262\">1 capsul\u0103 pe zi<\/strong>, cu un pahar de ap\u0103 (minimum 250 ml), pe stomacul gol, \u00eentre mese.<\/p>\n<hr data-start=\"1331\" data-end=\"1334\" \/>\n<h4 style=\"text-align: justify;\" data-start=\"1336\" data-end=\"1351\">Prezentare:<\/h4>\n<p style=\"text-align: justify;\" data-start=\"1352\" data-end=\"1376\">Flacon cu <strong data-start=\"1362\" data-end=\"1376\">30 capsule<\/strong><\/p>\n<p>&nbsp;<\/p>\n<hr data-start=\"4671\" data-end=\"4674\" \/>\n<p style=\"text-align: center;\"><a href=\"https:\/\/www.facebook.com\/profile.php?id=61586010988472\" rel=\"nofollow noopener\" target=\"_blank\"><img decoding=\"async\" class=\"alignnone wp-image-953\" src=\"https:\/\/vittalis.ro\/wp-content\/uploads\/2025\/12\/1-300x300.png\" alt=\"\" width=\"51\" height=\"51\" srcset=\"https:\/\/vittalis.ro\/wp-content\/uploads\/2025\/12\/1-300x300.png 300w, https:\/\/vittalis.ro\/wp-content\/uploads\/2025\/12\/1-150x150.png 150w, https:\/\/vittalis.ro\/wp-content\/uploads\/2025\/12\/1-100x100.png 100w, https:\/\/vittalis.ro\/wp-content\/uploads\/2025\/12\/1-50x50.png 50w, https:\/\/vittalis.ro\/wp-content\/uploads\/2025\/12\/1.png 500w\" sizes=\"(max-width: 51px) 100vw, 51px\" \/><\/a> <a href=\"https:\/\/www.instagram.com\/vittalis.suplimentealimentare?igsh=MTBocHY0cXVta2dlcg%3D%3D\" rel=\"nofollow noopener\" target=\"_blank\"><img decoding=\"async\" class=\"alignnone wp-image-954\" src=\"https:\/\/vittalis.ro\/wp-content\/uploads\/2025\/12\/2-300x300.png\" alt=\"\" width=\"50\" height=\"50\" srcset=\"https:\/\/vittalis.ro\/wp-content\/uploads\/2025\/12\/2-300x300.png 300w, https:\/\/vittalis.ro\/wp-content\/uploads\/2025\/12\/2-150x150.png 150w, https:\/\/vittalis.ro\/wp-content\/uploads\/2025\/12\/2-100x100.png 100w, https:\/\/vittalis.ro\/wp-content\/uploads\/2025\/12\/2-50x50.png 50w, https:\/\/vittalis.ro\/wp-content\/uploads\/2025\/12\/2.png 500w\" sizes=\"(max-width: 50px) 100vw, 50px\" \/><\/a> <a href=\"https:\/\/www.tiktok.com\/@vittalis.ro\"><img decoding=\"async\" class=\"alignnone wp-image-955\" src=\"https:\/\/vittalis.ro\/wp-content\/uploads\/2025\/12\/3-300x300.png\" alt=\"\" width=\"56\" height=\"56\" srcset=\"https:\/\/vittalis.ro\/wp-content\/uploads\/2025\/12\/3-300x300.png 300w, https:\/\/vittalis.ro\/wp-content\/uploads\/2025\/12\/3-150x150.png 150w, https:\/\/vittalis.ro\/wp-content\/uploads\/2025\/12\/3-100x100.png 100w, https:\/\/vittalis.ro\/wp-content\/uploads\/2025\/12\/3-50x50.png 50w, https:\/\/vittalis.ro\/wp-content\/uploads\/2025\/12\/3.png 500w\" sizes=\"(max-width: 56px) 100vw, 56px\" \/><\/a> <a href=\"https:\/\/www.youtube.com\/channel\/UCt7ysxXRoHT4Amyd_FOoegA\" rel=\"nofollow noopener\" target=\"_blank\"><img loading=\"lazy\" decoding=\"async\" class=\"alignnone wp-image-956\" src=\"https:\/\/vittalis.ro\/wp-content\/uploads\/2025\/12\/4-300x300.png\" alt=\"\" width=\"52\" height=\"52\" srcset=\"https:\/\/vittalis.ro\/wp-content\/uploads\/2025\/12\/4-300x300.png 300w, https:\/\/vittalis.ro\/wp-content\/uploads\/2025\/12\/4-150x150.png 150w, https:\/\/vittalis.ro\/wp-content\/uploads\/2025\/12\/4-100x100.png 100w, https:\/\/vittalis.ro\/wp-content\/uploads\/2025\/12\/4-50x50.png 50w, https:\/\/vittalis.ro\/wp-content\/uploads\/2025\/12\/4.png 500w\" sizes=\"(max-width: 52px) 100vw, 52px\" \/><\/a><\/p>\n<hr data-start=\"4671\" data-end=\"4674\" \/>\n<p>&nbsp;<\/p>\n<p><a href=\"https:\/\/vittalis.ro\/?page_id=640\"><img loading=\"lazy\" decoding=\"async\" class=\"alignnone wp-image-960\" src=\"https:\/\/vittalis.ro\/wp-content\/uploads\/2025\/12\/Red-ad-Beige-Bold-Modern-Professional-Business-Pitch-Deck-Presentation-1-300x108.png\" alt=\"\" width=\"165\" height=\"59\" srcset=\"https:\/\/vittalis.ro\/wp-content\/uploads\/2025\/12\/Red-ad-Beige-Bold-Modern-Professional-Business-Pitch-Deck-Presentation-1-300x108.png 300w, https:\/\/vittalis.ro\/wp-content\/uploads\/2025\/12\/Red-ad-Beige-Bold-Modern-Professional-Business-Pitch-Deck-Presentation-1-1024x370.png 1024w, https:\/\/vittalis.ro\/wp-content\/uploads\/2025\/12\/Red-ad-Beige-Bold-Modern-Professional-Business-Pitch-Deck-Presentation-1-768x277.png 768w, https:\/\/vittalis.ro\/wp-content\/uploads\/2025\/12\/Red-ad-Beige-Bold-Modern-Professional-Business-Pitch-Deck-Presentation-1-1536x554.png 1536w, https:\/\/vittalis.ro\/wp-content\/uploads\/2025\/12\/Red-ad-Beige-Bold-Modern-Professional-Business-Pitch-Deck-Presentation-1-1320x476.png 1320w, https:\/\/vittalis.ro\/wp-content\/uploads\/2025\/12\/Red-ad-Beige-Bold-Modern-Professional-Business-Pitch-Deck-Presentation-1-600x217.png 600w, https:\/\/vittalis.ro\/wp-content\/uploads\/2025\/12\/Red-ad-Beige-Bold-Modern-Professional-Business-Pitch-Deck-Presentation-1.png 1920w\" sizes=\"(max-width: 165px) 100vw, 165px\" \/><\/a><\/p>\n<p class=\"entry-title\" style=\"text-align: left;\"><span style=\"text-decoration: underline;\"><strong><span style=\"color: #000000; text-decoration: underline;\"><a style=\"color: #000000; text-decoration: underline;\" href=\"https:\/\/vittalis.ro\/?p=637\">Vitamina C lipozomal\u0103 \u2013 absorb\u021bie superioar\u0103, imunitate puternic\u0103 \u0219i beneficii extinse pentru s\u0103n\u0103tate<\/a><\/span><\/strong><\/span><\/p>\n<p class=\"entry-title\" style=\"text-align: left;\"><span style=\"text-decoration: underline;\"><span style=\"color: #000000; text-decoration: underline;\"><a style=\"color: #000000; text-decoration: underline;\" href=\"https:\/\/vittalis.ro\/?p=617\"><strong>Colagenul \u2013 beneficii, rol \u00een organism, tipuri \u0219i surse naturale<\/strong><\/a><\/span><\/span><\/p>\n<p class=\"entry-title\" style=\"text-align: left;\"><span style=\"text-decoration: underline;\"><a href=\"https:\/\/vittalis.ro\/?p=715\"><span style=\"color: #000000; text-decoration: underline;\"><strong>Magneziu bisglicinat: beneficii, propriet\u0103\u021bi \u0219i utiliz\u0103ri esen\u021biale pentru s\u0103n\u0103tate<\/strong><\/span><\/a><\/span><\/p>\n<p>&nbsp;<\/p>\n","protected":false},"excerpt":{"rendered":"<p style=\"text-align: justify;\"><strong data-start=\"12\" data-end=\"39\">Biozinc Forte Parapharm<\/strong> este un supliment alimentar cu zinc sub form\u0103 de picolinat, cu biodisponibilitate crescut\u0103, care sus\u021bine imunitatea, func\u021bia cognitiv\u0103, fertilitatea, s\u0103n\u0103tatea pielii, p\u0103rului \u0219i unghiilor, precum \u0219i metabolismul normal al organismului. Ideal pentru men\u021binerea echilibrului \u0219i vitalit\u0103\u021bii zilnice.<\/p>\n","protected":false},"featured_media":1079,"comment_status":"open","ping_status":"closed","template":"","meta":{"_glsr_average":0,"_glsr_ranking":0,"_glsr_reviews":0},"product_brand":[213],"product_cat":[409],"product_tag":[215,220,349,221,348,217,350],"class_list":{"0":"post-1133","1":"product","2":"type-product","3":"status-publish","4":"has-post-thumbnail","6":"product_brand-parapharm","7":"product_cat-imunitate","8":"product_tag-biozinc","9":"product_tag-zinc-beneficii","10":"product_tag-zinc-fertilitate","11":"product_tag-zinc-ieftin","12":"product_tag-zinc-pastile","13":"product_tag-zinc-pret","14":"product_tag-zinc-vedere","16":"first","17":"instock","18":"sale","19":"shipping-taxable","20":"purchasable","21":"product-type-simple"},"jetpack_sharing_enabled":true,"jetpack-related-posts":[{"id":1132,"url":"https:\/\/vittalis.ro\/?product=molekin-imuno-30-comprimate-zdrovit-2","url_meta":{"origin":1133,"position":0},"title":"Molekin Imuno, 30 comprimate, Zdrovit","author":"denisa","date":"februarie 11, 2026","format":false,"excerpt":"Molekin Imuno este un supliment alimentar cu Vitamina C, Vitamina D3 \u0219i Zinc, conceput pentru a sus\u021bine sistemul imunitar, a proteja celulele de stresul oxidativ \u0219i a sprijini s\u0103n\u0103tatea oaselor \u0219i a mu\u0219chilor. Datorit\u0103 tehnologiei MRS cu eliberare treptat\u0103, asigur\u0103 o absorb\u021bie eficient\u0103 \u0219i de durat\u0103. Este potrivit pentru vegani,\u2026","rel":"","context":"Cu un comentariu","block_context":{"text":"Cu un comentariu","link":"https:\/\/vittalis.ro\/?product=molekin-imuno-30-comprimate-zdrovit-2#comments"},"img":{"alt_text":"Molekin Imuno, 30 comprimate, Zdrovit","src":"https:\/\/i0.wp.com\/vittalis.ro\/wp-content\/uploads\/2026\/02\/27245.webp?resize=350%2C200&ssl=1","width":350,"height":200,"srcset":"https:\/\/i0.wp.com\/vittalis.ro\/wp-content\/uploads\/2026\/02\/27245.webp?resize=350%2C200&ssl=1 1x, https:\/\/i0.wp.com\/vittalis.ro\/wp-content\/uploads\/2026\/02\/27245.webp?resize=525%2C300&ssl=1 1.5x, https:\/\/i0.wp.com\/vittalis.ro\/wp-content\/uploads\/2026\/02\/27245.webp?resize=700%2C400&ssl=1 2x"},"classes":[]},{"id":508,"url":"https:\/\/vittalis.ro\/?product=calciu-magneziu-zinc-30-comprimate-filmate","url_meta":{"origin":1133,"position":1},"title":"Calciu-Magneziu-Zinc, 30 comprimate filmate","author":"denisa","date":"decembrie 21, 2025","format":false,"excerpt":"Cal+Mag+Zinc capsule contribuie la s\u0103n\u0103tatea pielii, a sistemelor nervos, muscular \u0219i osos, la buna func\u021bionare a prostatei\u00a0 \u0219i a sistemului cardiovascular.","rel":"","context":"Articol similar","block_context":{"text":"Articol similar","link":""},"img":{"alt_text":"Calciu-Magneziu-Zinc, 30 comprimate filmate","src":"https:\/\/i0.wp.com\/vittalis.ro\/wp-content\/uploads\/2025\/12\/Calciu-Magneziu-Zinc-30-Folio-Fata-copy.webp?resize=350%2C200&ssl=1","width":350,"height":200,"srcset":"https:\/\/i0.wp.com\/vittalis.ro\/wp-content\/uploads\/2025\/12\/Calciu-Magneziu-Zinc-30-Folio-Fata-copy.webp?resize=350%2C200&ssl=1 1x, https:\/\/i0.wp.com\/vittalis.ro\/wp-content\/uploads\/2025\/12\/Calciu-Magneziu-Zinc-30-Folio-Fata-copy.webp?resize=525%2C300&ssl=1 1.5x"},"classes":[]},{"id":1149,"url":"https:\/\/vittalis.ro\/?product=lecitina-forte-30-capsule-parapharm-2","url_meta":{"origin":1133,"position":2},"title":"Lecitin\u0103 Forte, 30 capsule, Parapharm","author":"denisa","date":"februarie 11, 2026","format":false,"excerpt":"Lecitina Forte este un supliment natural pe baz\u0103 de lecitin\u0103, bogat\u0103 \u00een colin\u0103 \u0219i inozitol, care sus\u021bine memoria, concentrarea \u0219i func\u021bia creierului. Ajut\u0103 la protejarea celulelor nervoase, reduce oboseala mental\u0103 \u0219i sprijin\u0103 s\u0103n\u0103tatea ficatului prin metabolizarea gr\u0103similor \u0219i reducerea colesterolului \u201er\u0103u\u201d. Este recomandat\u0103 elevilor, studen\u021bilor, adul\u021bilor activi \u0219i persoanelor \u00een\u2026","rel":"","context":"Articol similar","block_context":{"text":"Articol similar","link":""},"img":{"alt_text":"Lecitina Forte, 30 capsule, Parapharm","src":"https:\/\/i0.wp.com\/vittalis.ro\/wp-content\/uploads\/2026\/02\/lecitina-forte-30-capsule-parapharm3619.webp?resize=350%2C200&ssl=1","width":350,"height":200},"classes":[]},{"id":1125,"url":"https:\/\/vittalis.ro\/?product=vitamina-d-2400-30-capsule-parapharm-2","url_meta":{"origin":1133,"position":3},"title":"Vitamina D 2400, 30 capsule, Parapharm","author":"denisa","date":"februarie 10, 2026","format":false,"excerpt":"Vitamina D 2400 UI Parapharm sus\u021bine s\u0103n\u0103tatea oaselor, a mu\u0219chilor \u0219i a din\u021bilor, contribuie la func\u021bionarea normal\u0103 a sistemului imunitar \u0219i protejeaz\u0103 celulele \u00eempotriva stresului oxidativ. Fiecare capsul\u0103 con\u021bine colecalciferol, vitamina E \u0219i ulei de rapi\u021b\u0103, pentru o absorb\u021bie optim\u0103. Se recomand\u0103 o capsul\u0103 pe zi, dup\u0103 mas\u0103, fiind ideal\u0103\u2026","rel":"","context":"Articol similar","block_context":{"text":"Articol similar","link":""},"img":{"alt_text":"Vitamina D 2400, 30 capsule, Parapharm","src":"https:\/\/i0.wp.com\/vittalis.ro\/wp-content\/uploads\/2026\/02\/vitamina-d-2400-30-capsule-parapharm.webp?resize=350%2C200&ssl=1","width":350,"height":200,"srcset":"https:\/\/i0.wp.com\/vittalis.ro\/wp-content\/uploads\/2026\/02\/vitamina-d-2400-30-capsule-parapharm.webp?resize=350%2C200&ssl=1 1x, https:\/\/i0.wp.com\/vittalis.ro\/wp-content\/uploads\/2026\/02\/vitamina-d-2400-30-capsule-parapharm.webp?resize=525%2C300&ssl=1 1.5x, https:\/\/i0.wp.com\/vittalis.ro\/wp-content\/uploads\/2026\/02\/vitamina-d-2400-30-capsule-parapharm.webp?resize=700%2C400&ssl=1 2x"},"classes":[]},{"id":112,"url":"https:\/\/vittalis.ro\/?product=magneziu-bisglicinat-concentrat","url_meta":{"origin":1133,"position":4},"title":"Magneziu bisglicinat concentrat, Cosmo Pharm","author":"denisa","date":"decembrie 18, 2025","format":false,"excerpt":"Magneziu Bisglicinat CONCENTRAT este un supliment alimentar cu biodisponibilitate ridicat\u0103, conceput pentru a completa aportul zilnic de magneziu. Magneziul contribuie la reducerea oboselii, la func\u021bionarea normal\u0103 a sistemului muscular \u0219i nervos \u0219i la metabolismul energetic normal. Forma bisglicinat este apreciat\u0103 pentru absorb\u021bia eficient\u0103 \u0219i toleran\u021ba digestiv\u0103 bun\u0103, fiind potrivit\u0103 pentru\u2026","rel":"","context":"Cu 4 comentarii","block_context":{"text":"Cu 4 comentarii","link":"https:\/\/vittalis.ro\/?product=magneziu-bisglicinat-concentrat#comments"},"img":{"alt_text":"MAGNEZIU BISGLICINAT CONCENTRAT","src":"https:\/\/i0.wp.com\/vittalis.ro\/wp-content\/uploads\/2025\/12\/Magneziu-Bisglicinat-30-cps_2024-copy-1.webp?resize=350%2C200&ssl=1","width":350,"height":200,"srcset":"https:\/\/i0.wp.com\/vittalis.ro\/wp-content\/uploads\/2025\/12\/Magneziu-Bisglicinat-30-cps_2024-copy-1.webp?resize=350%2C200&ssl=1 1x, https:\/\/i0.wp.com\/vittalis.ro\/wp-content\/uploads\/2025\/12\/Magneziu-Bisglicinat-30-cps_2024-copy-1.webp?resize=525%2C300&ssl=1 1.5x"},"classes":[]},{"id":1154,"url":"https:\/\/vittalis.ro\/?product=vitamina-a-10000-ui-30-capsule-parapharm-2","url_meta":{"origin":1133,"position":5},"title":"Vitamina A, 10000 Ui, 30 capsule, Parapharm","author":"denisa","date":"februarie 11, 2026","format":false,"excerpt":"Vitamina A 10000 UI \u2013 Parapharm este un supliment alimentar cu vitamina A natural\u0103 din morcovi \u0219i vitamina E, formulat pentru a sus\u021bine s\u0103n\u0103tatea ochilor, pielii \u0219i a sistemului imunitar. Vitamina A contribuie la men\u021binerea vederii normale \u0219i a mucoaselor s\u0103n\u0103toase, iar vitamina E protejeaz\u0103 celulele \u00eempotriva stresului oxidativ. Administrat\u0103\u2026","rel":"","context":"Articol similar","block_context":{"text":"Articol similar","link":""},"img":{"alt_text":"Vitamina A, 10000 Ui, 30 capsule, Parapharm","src":"https:\/\/i0.wp.com\/vittalis.ro\/wp-content\/uploads\/2026\/02\/vitamina-a-10000-ui-30-capsule-parapharm-4228-1090x1090-1.jpg?resize=350%2C200&ssl=1","width":350,"height":200,"srcset":"https:\/\/i0.wp.com\/vittalis.ro\/wp-content\/uploads\/2026\/02\/vitamina-a-10000-ui-30-capsule-parapharm-4228-1090x1090-1.jpg?resize=350%2C200&ssl=1 1x, https:\/\/i0.wp.com\/vittalis.ro\/wp-content\/uploads\/2026\/02\/vitamina-a-10000-ui-30-capsule-parapharm-4228-1090x1090-1.jpg?resize=525%2C300&ssl=1 1.5x, https:\/\/i0.wp.com\/vittalis.ro\/wp-content\/uploads\/2026\/02\/vitamina-a-10000-ui-30-capsule-parapharm-4228-1090x1090-1.jpg?resize=700%2C400&ssl=1 2x, https:\/\/i0.wp.com\/vittalis.ro\/wp-content\/uploads\/2026\/02\/vitamina-a-10000-ui-30-capsule-parapharm-4228-1090x1090-1.jpg?resize=1050%2C600&ssl=1 3x"},"classes":[]}],"post_mailing_queue_ids":[],"_links":{"self":[{"href":"https:\/\/vittalis.ro\/index.php?rest_route=\/wp\/v2\/product\/1133","targetHints":{"allow":["GET"]}}],"collection":[{"href":"https:\/\/vittalis.ro\/index.php?rest_route=\/wp\/v2\/product"}],"about":[{"href":"https:\/\/vittalis.ro\/index.php?rest_route=\/wp\/v2\/types\/product"}],"replies":[{"embeddable":true,"href":"https:\/\/vittalis.ro\/index.php?rest_route=%2Fwp%2Fv2%2Fcomments&post=1133"}],"wp:featuredmedia":[{"embeddable":true,"href":"https:\/\/vittalis.ro\/index.php?rest_route=\/wp\/v2\/media\/1079"}],"wp:attachment":[{"href":"https:\/\/vittalis.ro\/index.php?rest_route=%2Fwp%2Fv2%2Fmedia&parent=1133"}],"wp:term":[{"taxonomy":"product_brand","embeddable":true,"href":"https:\/\/vittalis.ro\/index.php?rest_route=%2Fwp%2Fv2%2Fproduct_brand&post=1133"},{"taxonomy":"product_cat","embeddable":true,"href":"https:\/\/vittalis.ro\/index.php?rest_route=%2Fwp%2Fv2%2Fproduct_cat&post=1133"},{"taxonomy":"product_tag","embeddable":true,"href":"https:\/\/vittalis.ro\/index.php?rest_route=%2Fwp%2Fv2%2Fproduct_tag&post=1133"}],"curies":[{"name":"wp","href":"https:\/\/api.w.org\/{rel}","templated":true}]}}