{"id":1130,"date":"2026-02-11T07:14:39","date_gmt":"2026-02-11T07:14:39","guid":{"rendered":"https:\/\/vittalis.ro\/?post_type=product&#038;p=1130"},"modified":"2026-03-08T18:46:14","modified_gmt":"2026-03-08T18:46:14","slug":"ulei-de-chimen-negru-30-capsule-parapharm-2","status":"publish","type":"product","link":"https:\/\/vittalis.ro\/?product=ulei-de-chimen-negru-30-capsule-parapharm-2","title":{"rendered":"Ulei de Chimen Negru, 30 capsule, Parapharm"},"content":{"rendered":"<h4><strong data-start=\"325\" data-end=\"351\">Uleiul de Chimen Negru<\/strong> este un supliment alimentar ob\u021binut din semin\u021bele plantei <strong data-start=\"410\" data-end=\"428\">Nigella sativa<\/strong>, presat la rece pentru a p\u0103stra toate substan\u021bele active naturale. Aceast\u0103 plant\u0103, originar\u0103 din sudul Asiei, este cunoscut\u0103 \u00eenc\u0103 din medicina tradi\u021bional\u0103 pentru propriet\u0103\u021bile sale terapeutice \u0219i pentru efectele benefice asupra s\u0103n\u0103t\u0103\u021bii generale. Uleiul extras din semin\u021be con\u021bine <strong data-start=\"712\" data-end=\"738\">acizi gra\u0219i nesatura\u021bi<\/strong>, uleiuri esen\u021biale, vitamine, aminoacizi, enzime \u0219i s\u0103ruri minerale, compu\u0219i care contribuie la buna func\u021bionare a organismului \u0219i la sus\u021binerea imunit\u0103\u021bii.<\/h4>\n<p style=\"text-align: justify;\" data-start=\"899\" data-end=\"1292\"><strong data-start=\"899\" data-end=\"913\">Vitamina E<\/strong>, inclus\u0103 \u00een acest supliment, are rol antioxidant \u0219i protejeaz\u0103 celulele \u00eempotriva stresului oxidativ, contribuind totodat\u0103 la o absorb\u021bie optim\u0103 a nutrien\u021bilor din alimenta\u021bie. Combina\u021bia dintre uleiul de chimen negru \u0219i vitamina E face ca acest supliment s\u0103 fie util pentru protejarea s\u0103n\u0103t\u0103\u021bii celulare \u0219i pentru sus\u021binerea mecanismelor naturale de ap\u0103rare ale organismului.<\/p>\n<hr data-start=\"1294\" data-end=\"1297\" \/>\n<h4 style=\"text-align: justify;\" data-start=\"1299\" data-end=\"1329\">Propriet\u0103\u021bi \u0219i beneficii<\/h4>\n<p style=\"text-align: justify;\" data-start=\"1331\" data-end=\"1470\">Suplimentul <strong data-start=\"1343\" data-end=\"1367\">Ulei de Chimen Negru<\/strong> ofer\u0103 numeroase beneficii pentru s\u0103n\u0103tate, datorit\u0103 con\u021binutului s\u0103u complex de substan\u021be bioactive:<\/p>\n<ul style=\"text-align: justify;\" data-start=\"1472\" data-end=\"2523\">\n<li data-start=\"1472\" data-end=\"1648\">\n<p data-start=\"1474\" data-end=\"1648\"><strong data-start=\"1474\" data-end=\"1508\">Protejeaz\u0103 s\u0103n\u0103tatea celulelor<\/strong> \u0219i contribuie la neutralizarea radicalilor liberi, datorit\u0103 efectului antioxidant al vitaminei E \u0219i compu\u0219ilor activi din chimenul negru.<\/p>\n<\/li>\n<li data-start=\"1649\" data-end=\"1796\">\n<p data-start=\"1651\" data-end=\"1796\"><strong data-start=\"1651\" data-end=\"1699\">Stimuleaz\u0103 producerea natural\u0103 de interferon<\/strong>, sus\u021bin\u00e2nd astfel r\u0103spunsul imun \u0219i capacitatea organismului de a lupta \u00eempotriva infec\u021biilor.<\/p>\n<\/li>\n<li data-start=\"1797\" data-end=\"1913\">\n<p data-start=\"1799\" data-end=\"1913\"><strong data-start=\"1799\" data-end=\"1823\">Efect antihistaminic<\/strong>: ajut\u0103 la reducerea simptomelor alergiilor \u0219i sprijin\u0103 s\u0103n\u0103tatea sistemului respirator.<\/p>\n<\/li>\n<li data-start=\"1914\" data-end=\"2033\">\n<p data-start=\"1916\" data-end=\"2033\">Este extrem de util \u00een cazuri de <strong data-start=\"1949\" data-end=\"1999\">astm, bron\u0219it\u0103 astmatiform\u0103, sinuzit\u0103 alergic\u0103<\/strong> \u0219i alte afec\u021biuni respiratorii.<\/p>\n<\/li>\n<li data-start=\"2034\" data-end=\"2161\">\n<p data-start=\"2036\" data-end=\"2161\">Contribuie la reducerea <strong data-start=\"2060\" data-end=\"2081\">tusei persistente<\/strong> \u0219i poate fi de ajutor \u00een cazul fum\u0103torilor pentru ameliorarea tusei tabacice.<\/p>\n<\/li>\n<li data-start=\"2162\" data-end=\"2286\">\n<p data-start=\"2164\" data-end=\"2286\">Suplimentul poate fi folosit ca suport \u00een recuperarea rapid\u0103 dup\u0103 <strong data-start=\"2230\" data-end=\"2283\">r\u0103celi, viroze pulmonare \u0219i infec\u021bii respiratorii<\/strong>.<\/p>\n<\/li>\n<li data-start=\"2287\" data-end=\"2523\">\n<p data-start=\"2289\" data-end=\"2523\">\u00cen medicina tradi\u021bional\u0103, chimenul negru este apreciat pentru efectele sale benefice \u00een prevenirea \u0219i sus\u021binerea organismului \u00een caz de <strong data-start=\"2425\" data-end=\"2457\">cancer, leucemii sau artrit\u0103<\/strong>, datorit\u0103 propriet\u0103\u021bilor antiinflamatorii \u0219i imunostimulatoare.<\/p>\n<\/li>\n<\/ul>\n<p style=\"text-align: justify;\" data-start=\"2525\" data-end=\"2710\">Uleiul de chimen negru este un aliat natural pentru s\u0103n\u0103tatea organismului, sprijinind <strong data-start=\"2612\" data-end=\"2648\">func\u021bionarea sistemului imunitar<\/strong>, protej\u00e2nd celulele \u0219i favoriz\u00e2nd o stare general\u0103 de bine.<\/p>\n<p style=\"text-align: justify;\" data-start=\"2525\" data-end=\"2710\">Uleiul de chimen negru contribuie la <strong data-start=\"174\" data-end=\"208\">sus\u021binerea s\u0103n\u0103t\u0103\u021bii digestive<\/strong>, favoriz\u00e2nd o bun\u0103 func\u021bionare a stomacului \u0219i intestinelor. Are efect <strong data-start=\"280\" data-end=\"313\">antiinflamator \u0219i antioxidant<\/strong>, protej\u00e2nd articula\u021biile \u0219i \u021besuturile. Sprijin\u0103 s\u0103n\u0103tatea cardiovascular\u0103 prin men\u021binerea tensiunii arteriale normale \u0219i a echilibrului lipidic. De asemenea, ajut\u0103 la <strong data-start=\"482\" data-end=\"524\">men\u021binerea s\u0103n\u0103t\u0103\u021bii pielii \u0219i p\u0103rului<\/strong>, contribuind la aspectul lor s\u0103n\u0103tos. Poate sus\u021bine vitalitatea general\u0103, reduc\u00e2nd oboseala \u0219i stimul\u00e2nd energia natural\u0103 a organismului.<\/p>\n<hr data-start=\"2712\" data-end=\"2715\" \/>\n<h4 style=\"text-align: justify;\" data-start=\"2717\" data-end=\"2733\">Compozi\u021bie<\/h4>\n<p style=\"text-align: justify;\" data-start=\"2735\" data-end=\"2761\">Fiecare capsul\u0103 con\u021bine:<\/p>\n<ul style=\"text-align: justify;\" data-start=\"2762\" data-end=\"2966\">\n<li data-start=\"2762\" data-end=\"2830\">\n<p data-start=\"2764\" data-end=\"2830\"><strong data-start=\"2764\" data-end=\"2821\">Ulei de chimen negru presat la rece (Nigella sativa):<\/strong> 498 mg<\/p>\n<\/li>\n<li data-start=\"2831\" data-end=\"2874\">\n<p data-start=\"2833\" data-end=\"2874\"><strong data-start=\"2833\" data-end=\"2867\">Vitamina E (Tocoferil acetat):<\/strong> 2 mg<\/p>\n<\/li>\n<li data-start=\"2875\" data-end=\"2966\">\n<p data-start=\"2877\" data-end=\"2966\">Ingrediente inactive: gelatin\u0103, glicerin\u0103, caramel (colorant alimentar), ap\u0103 purificat\u0103<\/p>\n<\/li>\n<\/ul>\n<p style=\"text-align: justify;\" data-start=\"2968\" data-end=\"3113\">Aceast\u0103 formul\u0103 permite absorb\u021bia eficient\u0103 a substan\u021belor active \u0219i asigur\u0103 un aport constant de nutrien\u021bi benefici pentru s\u0103n\u0103tatea general\u0103.<\/p>\n<hr data-start=\"3115\" data-end=\"3118\" \/>\n<h4 style=\"text-align: justify;\" data-start=\"3120\" data-end=\"3145\">Mod de administrare<\/h4>\n<p style=\"text-align: justify;\" data-start=\"3147\" data-end=\"3431\">Se recomand\u0103 <strong data-start=\"3160\" data-end=\"3191\">consumul de 3 capsule pe zi<\/strong>, c\u00e2te 1 capsul\u0103 de fiecare dat\u0103, cu un pahar de lichid (ap\u0103 mineral\u0103 sau suc de fructe). Ideal este s\u0103 fie administrate <strong data-start=\"3312\" data-end=\"3352\">\u00een timpul sau dup\u0103 mesele principale<\/strong> pentru o absorb\u021bie optim\u0103. Suplimentul este destinat exclusiv <strong data-start=\"3415\" data-end=\"3428\">adul\u021bilor<\/strong>.<\/p>\n<hr data-start=\"3433\" data-end=\"3436\" \/>\n<h4 style=\"text-align: justify;\" data-start=\"3438\" data-end=\"3460\">Cui se recomand\u0103?<\/h4>\n<p style=\"text-align: justify;\" data-start=\"3462\" data-end=\"3778\">Acest supliment este recomandat persoanelor care doresc s\u0103 \u00ee\u0219i sus\u021bin\u0103 s\u0103n\u0103tatea sistemului imunitar \u0219i a c\u0103ilor respiratorii, celor care se confrunt\u0103 cu <strong data-start=\"3616\" data-end=\"3654\">alergii, astm sau tuse persistent\u0103<\/strong>, precum \u0219i persoanelor care doresc s\u0103 protejeze celulele \u00eempotriva stresului oxidativ. De asemenea, este potrivit pentru:<\/p>\n<ul style=\"text-align: justify;\" data-start=\"3780\" data-end=\"4116\">\n<li data-start=\"3780\" data-end=\"3896\">\n<p data-start=\"3782\" data-end=\"3896\">Persoanele care vor s\u0103 sus\u021bin\u0103 <strong data-start=\"3813\" data-end=\"3852\">func\u021biile naturale ale organismului<\/strong> \u00een perioadele cu risc crescut de infec\u021bii<\/p>\n<\/li>\n<li data-start=\"3897\" data-end=\"3972\">\n<p data-start=\"3899\" data-end=\"3972\">Persoanele cu <strong data-start=\"3913\" data-end=\"3947\">tulbur\u0103ri respiratorii cronice<\/strong> sau afec\u021biuni alergice<\/p>\n<\/li>\n<li data-start=\"3973\" data-end=\"4044\">\n<p data-start=\"3975\" data-end=\"4044\">Persoanele expuse la <strong data-start=\"3996\" data-end=\"4023\">factori nocivi de mediu<\/strong> sau stres oxidativ<\/p>\n<\/li>\n<li data-start=\"4045\" data-end=\"4116\">\n<p data-start=\"4047\" data-end=\"4116\">Persoanele care doresc <strong data-start=\"4070\" data-end=\"4114\">recuperare rapid\u0103 dup\u0103 r\u0103celi sau viroze<\/strong><\/p>\n<\/li>\n<\/ul>\n<hr data-start=\"4118\" data-end=\"4121\" \/>\n<h4 style=\"text-align: justify;\" data-start=\"4123\" data-end=\"4139\">Prezentare<\/h4>\n<p style=\"text-align: justify;\" data-start=\"4141\" data-end=\"4201\"><strong data-start=\"4151\" data-end=\"4165\">30 capsule<\/strong> gelatinoase, u\u0219or de administrat.<\/p>\n<hr data-start=\"4671\" data-end=\"4674\" \/>\n<p style=\"text-align: center;\"><a href=\"https:\/\/www.facebook.com\/profile.php?id=61586010988472\" rel=\"nofollow noopener\" target=\"_blank\"><img decoding=\"async\" class=\"alignnone wp-image-953\" src=\"https:\/\/vittalis.ro\/wp-content\/uploads\/2025\/12\/1-300x300.png\" alt=\"\" width=\"51\" height=\"51\" srcset=\"https:\/\/vittalis.ro\/wp-content\/uploads\/2025\/12\/1-300x300.png 300w, https:\/\/vittalis.ro\/wp-content\/uploads\/2025\/12\/1-150x150.png 150w, https:\/\/vittalis.ro\/wp-content\/uploads\/2025\/12\/1-100x100.png 100w, https:\/\/vittalis.ro\/wp-content\/uploads\/2025\/12\/1-50x50.png 50w, https:\/\/vittalis.ro\/wp-content\/uploads\/2025\/12\/1.png 500w\" sizes=\"(max-width: 51px) 100vw, 51px\" \/><\/a> <a href=\"https:\/\/www.instagram.com\/vittalis.suplimentealimentare?igsh=MTBocHY0cXVta2dlcg%3D%3D\" rel=\"nofollow noopener\" target=\"_blank\"><img decoding=\"async\" class=\"alignnone wp-image-954\" src=\"https:\/\/vittalis.ro\/wp-content\/uploads\/2025\/12\/2-300x300.png\" alt=\"\" width=\"50\" height=\"50\" srcset=\"https:\/\/vittalis.ro\/wp-content\/uploads\/2025\/12\/2-300x300.png 300w, https:\/\/vittalis.ro\/wp-content\/uploads\/2025\/12\/2-150x150.png 150w, https:\/\/vittalis.ro\/wp-content\/uploads\/2025\/12\/2-100x100.png 100w, https:\/\/vittalis.ro\/wp-content\/uploads\/2025\/12\/2-50x50.png 50w, https:\/\/vittalis.ro\/wp-content\/uploads\/2025\/12\/2.png 500w\" sizes=\"(max-width: 50px) 100vw, 50px\" \/><\/a> <a href=\"https:\/\/www.tiktok.com\/@vittalis.ro\"><img decoding=\"async\" class=\"alignnone wp-image-955\" src=\"https:\/\/vittalis.ro\/wp-content\/uploads\/2025\/12\/3-300x300.png\" alt=\"\" width=\"56\" height=\"56\" srcset=\"https:\/\/vittalis.ro\/wp-content\/uploads\/2025\/12\/3-300x300.png 300w, https:\/\/vittalis.ro\/wp-content\/uploads\/2025\/12\/3-150x150.png 150w, https:\/\/vittalis.ro\/wp-content\/uploads\/2025\/12\/3-100x100.png 100w, https:\/\/vittalis.ro\/wp-content\/uploads\/2025\/12\/3-50x50.png 50w, https:\/\/vittalis.ro\/wp-content\/uploads\/2025\/12\/3.png 500w\" sizes=\"(max-width: 56px) 100vw, 56px\" \/><\/a> <a href=\"https:\/\/www.youtube.com\/channel\/UCt7ysxXRoHT4Amyd_FOoegA\" rel=\"nofollow noopener\" target=\"_blank\"><img loading=\"lazy\" decoding=\"async\" class=\"alignnone wp-image-956\" src=\"https:\/\/vittalis.ro\/wp-content\/uploads\/2025\/12\/4-300x300.png\" alt=\"\" width=\"52\" height=\"52\" srcset=\"https:\/\/vittalis.ro\/wp-content\/uploads\/2025\/12\/4-300x300.png 300w, https:\/\/vittalis.ro\/wp-content\/uploads\/2025\/12\/4-150x150.png 150w, https:\/\/vittalis.ro\/wp-content\/uploads\/2025\/12\/4-100x100.png 100w, https:\/\/vittalis.ro\/wp-content\/uploads\/2025\/12\/4-50x50.png 50w, https:\/\/vittalis.ro\/wp-content\/uploads\/2025\/12\/4.png 500w\" sizes=\"(max-width: 52px) 100vw, 52px\" \/><\/a><\/p>\n<hr data-start=\"4671\" data-end=\"4674\" \/>\n<p>&nbsp;<\/p>\n<p><a href=\"https:\/\/vittalis.ro\/?page_id=640\"><img loading=\"lazy\" decoding=\"async\" class=\"alignnone wp-image-960\" src=\"https:\/\/vittalis.ro\/wp-content\/uploads\/2025\/12\/Red-ad-Beige-Bold-Modern-Professional-Business-Pitch-Deck-Presentation-1-300x108.png\" alt=\"\" width=\"165\" height=\"59\" srcset=\"https:\/\/vittalis.ro\/wp-content\/uploads\/2025\/12\/Red-ad-Beige-Bold-Modern-Professional-Business-Pitch-Deck-Presentation-1-300x108.png 300w, https:\/\/vittalis.ro\/wp-content\/uploads\/2025\/12\/Red-ad-Beige-Bold-Modern-Professional-Business-Pitch-Deck-Presentation-1-1024x370.png 1024w, https:\/\/vittalis.ro\/wp-content\/uploads\/2025\/12\/Red-ad-Beige-Bold-Modern-Professional-Business-Pitch-Deck-Presentation-1-768x277.png 768w, https:\/\/vittalis.ro\/wp-content\/uploads\/2025\/12\/Red-ad-Beige-Bold-Modern-Professional-Business-Pitch-Deck-Presentation-1-1536x554.png 1536w, https:\/\/vittalis.ro\/wp-content\/uploads\/2025\/12\/Red-ad-Beige-Bold-Modern-Professional-Business-Pitch-Deck-Presentation-1-1320x476.png 1320w, https:\/\/vittalis.ro\/wp-content\/uploads\/2025\/12\/Red-ad-Beige-Bold-Modern-Professional-Business-Pitch-Deck-Presentation-1-600x217.png 600w, https:\/\/vittalis.ro\/wp-content\/uploads\/2025\/12\/Red-ad-Beige-Bold-Modern-Professional-Business-Pitch-Deck-Presentation-1.png 1920w\" sizes=\"(max-width: 165px) 100vw, 165px\" \/><\/a><\/p>\n<p class=\"entry-title\" style=\"text-align: left;\"><span style=\"text-decoration: underline;\"><strong><span style=\"color: #000000; text-decoration: underline;\"><a style=\"color: #000000; text-decoration: underline;\" href=\"https:\/\/vittalis.ro\/?p=637\">Vitamina C lipozomal\u0103 \u2013 absorb\u021bie superioar\u0103, imunitate puternic\u0103 \u0219i beneficii extinse pentru s\u0103n\u0103tate<\/a><\/span><\/strong><\/span><\/p>\n<p class=\"entry-title\" style=\"text-align: left;\"><span style=\"text-decoration: underline;\"><span style=\"color: #000000; text-decoration: underline;\"><a style=\"color: #000000; text-decoration: underline;\" href=\"https:\/\/vittalis.ro\/?p=617\"><strong>Colagenul \u2013 beneficii, rol \u00een organism, tipuri \u0219i surse naturale<\/strong><\/a><\/span><\/span><\/p>\n<p class=\"entry-title\" style=\"text-align: left;\"><span style=\"text-decoration: underline;\"><a href=\"https:\/\/vittalis.ro\/?p=715\"><span style=\"color: #000000; text-decoration: underline;\"><strong>Magneziu bisglicinat: beneficii, propriet\u0103\u021bi \u0219i utiliz\u0103ri esen\u021biale pentru s\u0103n\u0103tate<\/strong><\/span><\/a><\/span><\/p>\n<p>&nbsp;<\/p>\n","protected":false},"excerpt":{"rendered":"<p style=\"text-align: justify;\"><strong data-start=\"90\" data-end=\"124\">Ulei de Chimen Negru Parapharm<\/strong> este un supliment alimentar natural, bogat \u00een acizi gra\u0219i nesatura\u021bi \u0219i vitamina E, care sus\u021bine imunitatea, protejeaz\u0103 celulele \u00eempotriva stresului oxidativ, sprijin\u0103 s\u0103n\u0103tatea respiratorie \u0219i digestiv\u0103 \u0219i contribuie la vitalitatea \u0219i energia organismului.<\/p>\n","protected":false},"featured_media":1088,"comment_status":"open","ping_status":"closed","template":"","meta":{"_glsr_average":0,"_glsr_ranking":0,"_glsr_reviews":0},"product_brand":[213],"product_cat":[409],"product_tag":[344,343,231,341,342,340],"class_list":{"0":"post-1130","1":"product","2":"type-product","3":"status-publish","4":"has-post-thumbnail","6":"product_brand-parapharm","7":"product_cat-imunitate","8":"product_tag-ulei-de-chimen-dr","9":"product_tag-ulei-de-chimen-imunitate","10":"product_tag-ulei-de-chimen-negru-pret","11":"product_tag-ulei-de-chimen-pastile","12":"product_tag-ulei-de-chimen-pret","13":"product_tag-ulei-e-chimen-negru-beneficii","15":"first","16":"instock","17":"sale","18":"shipping-taxable","19":"purchasable","20":"product-type-simple"},"jetpack_sharing_enabled":true,"jetpack-related-posts":[{"id":1154,"url":"https:\/\/vittalis.ro\/?product=vitamina-a-10000-ui-30-capsule-parapharm-2","url_meta":{"origin":1130,"position":0},"title":"Vitamina A, 10000 Ui, 30 capsule, Parapharm","author":"denisa","date":"februarie 11, 2026","format":false,"excerpt":"Vitamina A 10000 UI \u2013 Parapharm este un supliment alimentar cu vitamina A natural\u0103 din morcovi \u0219i vitamina E, formulat pentru a sus\u021bine s\u0103n\u0103tatea ochilor, pielii \u0219i a sistemului imunitar. Vitamina A contribuie la men\u021binerea vederii normale \u0219i a mucoaselor s\u0103n\u0103toase, iar vitamina E protejeaz\u0103 celulele \u00eempotriva stresului oxidativ. Administrat\u0103\u2026","rel":"","context":"Articol similar","block_context":{"text":"Articol similar","link":""},"img":{"alt_text":"Vitamina A, 10000 Ui, 30 capsule, Parapharm","src":"https:\/\/i0.wp.com\/vittalis.ro\/wp-content\/uploads\/2026\/02\/vitamina-a-10000-ui-30-capsule-parapharm-4228-1090x1090-1.jpg?resize=350%2C200&ssl=1","width":350,"height":200,"srcset":"https:\/\/i0.wp.com\/vittalis.ro\/wp-content\/uploads\/2026\/02\/vitamina-a-10000-ui-30-capsule-parapharm-4228-1090x1090-1.jpg?resize=350%2C200&ssl=1 1x, https:\/\/i0.wp.com\/vittalis.ro\/wp-content\/uploads\/2026\/02\/vitamina-a-10000-ui-30-capsule-parapharm-4228-1090x1090-1.jpg?resize=525%2C300&ssl=1 1.5x, https:\/\/i0.wp.com\/vittalis.ro\/wp-content\/uploads\/2026\/02\/vitamina-a-10000-ui-30-capsule-parapharm-4228-1090x1090-1.jpg?resize=700%2C400&ssl=1 2x, https:\/\/i0.wp.com\/vittalis.ro\/wp-content\/uploads\/2026\/02\/vitamina-a-10000-ui-30-capsule-parapharm-4228-1090x1090-1.jpg?resize=1050%2C600&ssl=1 3x"},"classes":[]},{"id":1157,"url":"https:\/\/vittalis.ro\/?product=ulei-de-catina-si-coenzima-q10-parapharm","url_meta":{"origin":1130,"position":1},"title":"Ulei de Catin\u0103 \u0219i Coenzima Q10, 30 capsule, Parapharm","author":"denisa","date":"februarie 13, 2026","format":false,"excerpt":"Supliment alimentar pe baz\u0103 de ulei de c\u0103tin\u0103 (1500 mg\/3 capsule) \u0219i coenzim\u0103 Q10 (45 mg\/3 capsule), formulat pentru sus\u021binerea inimii \u0219i a nivelului optim de energie celular\u0103. Contribuie la cre\u0219terea capacit\u0103\u021bii func\u021bionale a inimii, la \u00eencetinirea proceselor de \u00eemb\u0103tr\u00e2nire \u0219i la sprijinirea metabolismului. Se administreaz\u0103 1 capsul\u0103 de 3\u2026","rel":"","context":"Articol similar","block_context":{"text":"Articol similar","link":""},"img":{"alt_text":"Ulei de Catina si Coenzima Q10, 30 capsule, Parapharm","src":"https:\/\/i0.wp.com\/vittalis.ro\/wp-content\/uploads\/2026\/02\/ulei-catina-coemzima-q10-30-capsule_10696_1_16667780776557-1090x1090-1.jpg?resize=350%2C200&ssl=1","width":350,"height":200,"srcset":"https:\/\/i0.wp.com\/vittalis.ro\/wp-content\/uploads\/2026\/02\/ulei-catina-coemzima-q10-30-capsule_10696_1_16667780776557-1090x1090-1.jpg?resize=350%2C200&ssl=1 1x, https:\/\/i0.wp.com\/vittalis.ro\/wp-content\/uploads\/2026\/02\/ulei-catina-coemzima-q10-30-capsule_10696_1_16667780776557-1090x1090-1.jpg?resize=525%2C300&ssl=1 1.5x, https:\/\/i0.wp.com\/vittalis.ro\/wp-content\/uploads\/2026\/02\/ulei-catina-coemzima-q10-30-capsule_10696_1_16667780776557-1090x1090-1.jpg?resize=700%2C400&ssl=1 2x, https:\/\/i0.wp.com\/vittalis.ro\/wp-content\/uploads\/2026\/02\/ulei-catina-coemzima-q10-30-capsule_10696_1_16667780776557-1090x1090-1.jpg?resize=1050%2C600&ssl=1 3x"},"classes":[]},{"id":1150,"url":"https:\/\/vittalis.ro\/?product=omega-3-cu-ulei-de-peste-parapham","url_meta":{"origin":1130,"position":2},"title":"Omega 3 cu ulei de peste, 30 capsule, Parapharm","author":"denisa","date":"februarie 11, 2026","format":false,"excerpt":"Uleiul de pe\u0219te oceanic este o surs\u0103 bogat\u0103 de acizi gra\u0219i esen\u021biali omega 3 (EPA \u0219i DHA), care sus\u021bin s\u0103n\u0103tatea inimii, reduc colesterolul \u0219i trigliceridele \u0219i \u00eembun\u0103t\u0103\u021besc circula\u021bia sanguin\u0103. Contribuie la protec\u021bia vaselor de s\u00e2nge, la func\u021bionarea optim\u0103 a creierului \u0219i la s\u0103n\u0103tatea pielii, fiind util \u00een psoriazis \u0219i scleroz\u0103\u2026","rel":"","context":"Articol similar","block_context":{"text":"Articol similar","link":""},"img":{"alt_text":"Omega 3 cu ulei de peste, 30 capsule, Parapharm","src":"https:\/\/i0.wp.com\/vittalis.ro\/wp-content\/uploads\/2026\/02\/1642467038.webp?resize=350%2C200&ssl=1","width":350,"height":200},"classes":[]},{"id":1125,"url":"https:\/\/vittalis.ro\/?product=vitamina-d-2400-30-capsule-parapharm-2","url_meta":{"origin":1130,"position":3},"title":"Vitamina D 2400, 30 capsule, Parapharm","author":"denisa","date":"februarie 10, 2026","format":false,"excerpt":"Vitamina D 2400 UI Parapharm sus\u021bine s\u0103n\u0103tatea oaselor, a mu\u0219chilor \u0219i a din\u021bilor, contribuie la func\u021bionarea normal\u0103 a sistemului imunitar \u0219i protejeaz\u0103 celulele \u00eempotriva stresului oxidativ. Fiecare capsul\u0103 con\u021bine colecalciferol, vitamina E \u0219i ulei de rapi\u021b\u0103, pentru o absorb\u021bie optim\u0103. Se recomand\u0103 o capsul\u0103 pe zi, dup\u0103 mas\u0103, fiind ideal\u0103\u2026","rel":"","context":"Articol similar","block_context":{"text":"Articol similar","link":""},"img":{"alt_text":"Vitamina D 2400, 30 capsule, Parapharm","src":"https:\/\/i0.wp.com\/vittalis.ro\/wp-content\/uploads\/2026\/02\/vitamina-d-2400-30-capsule-parapharm.webp?resize=350%2C200&ssl=1","width":350,"height":200,"srcset":"https:\/\/i0.wp.com\/vittalis.ro\/wp-content\/uploads\/2026\/02\/vitamina-d-2400-30-capsule-parapharm.webp?resize=350%2C200&ssl=1 1x, https:\/\/i0.wp.com\/vittalis.ro\/wp-content\/uploads\/2026\/02\/vitamina-d-2400-30-capsule-parapharm.webp?resize=525%2C300&ssl=1 1.5x, https:\/\/i0.wp.com\/vittalis.ro\/wp-content\/uploads\/2026\/02\/vitamina-d-2400-30-capsule-parapharm.webp?resize=700%2C400&ssl=1 2x"},"classes":[]},{"id":1129,"url":"https:\/\/vittalis.ro\/?product=vitamina-e-100-30-capsule-parapharm-2","url_meta":{"origin":1130,"position":4},"title":"Vitamina E-100, 30 capsule, Parapharm","author":"denisa","date":"februarie 10, 2026","format":false,"excerpt":"Vitamina E \u2013 100 Parapharm este un supliment alimentar ce furnizeaz\u0103 D-a Tocoferol pur, un antioxidant puternic care protejeaz\u0103 celulele, membranele \u0219i acizii gra\u0219i polinesatura\u021bi. Sprijin\u0103 sistemul imunitar, s\u0103n\u0103tatea cardiovascular\u0103 \u0219i nervoas\u0103, \u00eencetine\u0219te procesul de \u00eemb\u0103tr\u00e2nire \u0219i contribuie la func\u021bionarea optim\u0103 a organismului. Administrarea recomandat\u0103 este de 1 capsul\u0103 pe\u2026","rel":"","context":"Articol similar","block_context":{"text":"Articol similar","link":""},"img":{"alt_text":"Vitamina E-100, 30 capsule, Parapharm","src":"https:\/\/i0.wp.com\/vittalis.ro\/wp-content\/uploads\/2026\/02\/865147784.webp?resize=350%2C200&ssl=1","width":350,"height":200},"classes":[]},{"id":1134,"url":"https:\/\/vittalis.ro\/?product=trigliceride-colesterol-optim-30-capsule-parapharm-2","url_meta":{"origin":1130,"position":5},"title":"Trigliceride + Colesterol Optim, 30 capsule, Parapharm","author":"denisa","date":"februarie 11, 2026","format":false,"excerpt":"Trigliceride + Colesterol Optim Parapharm este un supliment alimentar pe baz\u0103 de Omega-3 din pe\u0219te oceanic, \u00eembog\u0103\u021bit cu EPA, DHA \u0219i vitamina E. Sus\u021bine s\u0103n\u0103tatea inimii, echilibrul colesterolului \u0219i trigliceridelor, func\u021bia creierului \u0219i capacitatea de concentrare.","rel":"","context":"Articol similar","block_context":{"text":"Articol similar","link":""},"img":{"alt_text":"Trigliceride+ Colesterol Optim, 30 capsule, Parapharm","src":"https:\/\/i0.wp.com\/vittalis.ro\/wp-content\/uploads\/2026\/02\/trigliceride-colesterol-optim-30-capsule-parapharm-9469-1090x1090-1.jpg?resize=350%2C200&ssl=1","width":350,"height":200,"srcset":"https:\/\/i0.wp.com\/vittalis.ro\/wp-content\/uploads\/2026\/02\/trigliceride-colesterol-optim-30-capsule-parapharm-9469-1090x1090-1.jpg?resize=350%2C200&ssl=1 1x, https:\/\/i0.wp.com\/vittalis.ro\/wp-content\/uploads\/2026\/02\/trigliceride-colesterol-optim-30-capsule-parapharm-9469-1090x1090-1.jpg?resize=525%2C300&ssl=1 1.5x, https:\/\/i0.wp.com\/vittalis.ro\/wp-content\/uploads\/2026\/02\/trigliceride-colesterol-optim-30-capsule-parapharm-9469-1090x1090-1.jpg?resize=700%2C400&ssl=1 2x, https:\/\/i0.wp.com\/vittalis.ro\/wp-content\/uploads\/2026\/02\/trigliceride-colesterol-optim-30-capsule-parapharm-9469-1090x1090-1.jpg?resize=1050%2C600&ssl=1 3x"},"classes":[]}],"post_mailing_queue_ids":[],"_links":{"self":[{"href":"https:\/\/vittalis.ro\/index.php?rest_route=\/wp\/v2\/product\/1130","targetHints":{"allow":["GET"]}}],"collection":[{"href":"https:\/\/vittalis.ro\/index.php?rest_route=\/wp\/v2\/product"}],"about":[{"href":"https:\/\/vittalis.ro\/index.php?rest_route=\/wp\/v2\/types\/product"}],"replies":[{"embeddable":true,"href":"https:\/\/vittalis.ro\/index.php?rest_route=%2Fwp%2Fv2%2Fcomments&post=1130"}],"wp:featuredmedia":[{"embeddable":true,"href":"https:\/\/vittalis.ro\/index.php?rest_route=\/wp\/v2\/media\/1088"}],"wp:attachment":[{"href":"https:\/\/vittalis.ro\/index.php?rest_route=%2Fwp%2Fv2%2Fmedia&parent=1130"}],"wp:term":[{"taxonomy":"product_brand","embeddable":true,"href":"https:\/\/vittalis.ro\/index.php?rest_route=%2Fwp%2Fv2%2Fproduct_brand&post=1130"},{"taxonomy":"product_cat","embeddable":true,"href":"https:\/\/vittalis.ro\/index.php?rest_route=%2Fwp%2Fv2%2Fproduct_cat&post=1130"},{"taxonomy":"product_tag","embeddable":true,"href":"https:\/\/vittalis.ro\/index.php?rest_route=%2Fwp%2Fv2%2Fproduct_tag&post=1130"}],"curies":[{"name":"wp","href":"https:\/\/api.w.org\/{rel}","templated":true}]}}