{"id":1128,"date":"2026-02-10T19:51:57","date_gmt":"2026-02-10T19:51:57","guid":{"rendered":"https:\/\/vittalis.ro\/?post_type=product&#038;p=1128"},"modified":"2026-03-09T17:34:42","modified_gmt":"2026-03-09T17:34:42","slug":"curcuma-500-30-capsule-parapharm-2","status":"publish","type":"product","link":"https:\/\/vittalis.ro\/?product=curcuma-500-30-capsule-parapharm-2","title":{"rendered":"Curcuma 500, 30 capsule, Parapharm"},"content":{"rendered":"<h4 style=\"text-align: justify;\" data-start=\"217\" data-end=\"798\">Suplimentul alimentar <strong data-start=\"262\" data-end=\"287\">Curcuma 500 + Seleniu<\/strong> combin\u0103 extractul de r\u0103d\u0103cin\u0103 de curcum\u0103 cu un con\u021binut de 90% curcumin\u0103 \u0219i seleniu sub form\u0103 de selenit de sodiu.<\/h4>\n<p style=\"text-align: justify;\" data-start=\"217\" data-end=\"798\">Aceast\u0103 formul\u0103 avansat\u0103 ofer\u0103 protec\u021bie antioxidant\u0103 deosebit\u0103, contribuind la protejarea celulelor \u00eempotriva stresului oxidativ \u0219i sus\u021binerea func\u021biilor esen\u021biale ale organismului. Curcumina, principalul compus activ al curcumei, este recunoscut\u0103 pentru propriet\u0103\u021bile sale antiinflamatorii \u0219i antioxidante, iar seleniul sprijin\u0103 func\u021bionarea normal\u0103 a glandei tiroide \u0219i sistemului imunitar.<\/p>\n<hr data-start=\"800\" data-end=\"803\" \/>\n<h4 style=\"text-align: justify;\" data-start=\"805\" data-end=\"831\"><strong data-start=\"805\" data-end=\"829\">Beneficii principale<\/strong><\/h4>\n<ul style=\"text-align: justify;\" data-start=\"832\" data-end=\"1522\">\n<li data-start=\"832\" data-end=\"978\">\n<p data-start=\"834\" data-end=\"978\"><strong data-start=\"834\" data-end=\"859\">Antioxidant puternic:<\/strong> Curcumina \u0219i seleniul lucreaz\u0103 sinergic pentru a proteja celulele \u00eempotriva efectelor nocive ale radicalilor liberi.<\/p>\n<\/li>\n<li data-start=\"979\" data-end=\"1135\">\n<p data-start=\"981\" data-end=\"1135\"><strong data-start=\"981\" data-end=\"1001\">Sistem imunitar:<\/strong> Contribuie la func\u021bionarea normal\u0103 a sistemului imunitar, ajut\u00e2nd organismul s\u0103 se apere mai eficient \u00eempotriva factorilor externi.<\/p>\n<\/li>\n<li data-start=\"1136\" data-end=\"1273\">\n<p data-start=\"1138\" data-end=\"1273\"><strong data-start=\"1138\" data-end=\"1159\">Func\u021bia tiroidei:<\/strong> Seleniul este esen\u021bial pentru metabolismul hormonilor tiroidieni, men\u021bin\u00e2nd glanda tiroid\u0103 activ\u0103 \u0219i s\u0103n\u0103toas\u0103.<\/p>\n<\/li>\n<li data-start=\"1274\" data-end=\"1395\">\n<p data-start=\"1276\" data-end=\"1395\"><strong data-start=\"1276\" data-end=\"1311\">S\u0103n\u0103tatea p\u0103rului \u0219i unghiilor:<\/strong> Suplimentul sprijin\u0103 men\u021binerea integrit\u0103\u021bii \u0219i rezisten\u021bei p\u0103rului \u0219i unghiilor.<\/p>\n<\/li>\n<li data-start=\"1396\" data-end=\"1522\">\n<p data-start=\"1398\" data-end=\"1522\"><strong data-start=\"1398\" data-end=\"1425\">Spermatogenez\u0103 normal\u0103:<\/strong> Seleniul contribuie la produc\u021bia s\u0103n\u0103toas\u0103 de spermatozoizi, sus\u021bin\u00e2nd fertilitatea masculin\u0103.<\/p>\n<\/li>\n<\/ul>\n<hr data-start=\"1524\" data-end=\"1527\" \/>\n<p style=\"text-align: justify;\"><strong data-start=\"1529\" data-end=\"1556\">Ingrediente per capsul\u0103<\/strong><\/p>\n<ul style=\"text-align: justify;\" data-start=\"1559\" data-end=\"1741\">\n<li data-start=\"1559\" data-end=\"1635\">\n<p data-start=\"1561\" data-end=\"1635\">Extract de r\u0103d\u0103cin\u0103 de curcum\u0103 (Curcuma spp.) \u2013 500 mg, cu 90% curcumin\u0103<\/p>\n<\/li>\n<li data-start=\"1636\" data-end=\"1674\">\n<p data-start=\"1638\" data-end=\"1674\">Seleniu (selenit de sodiu) \u2013 55 \u00b5g<\/p>\n<\/li>\n<li data-start=\"1675\" data-end=\"1741\">\n<p data-start=\"1677\" data-end=\"1741\">Ingrediente inactive: capsule gelatinoase, excipien\u021bi naturali<\/p>\n<\/li>\n<\/ul>\n<hr data-start=\"1743\" data-end=\"1746\" \/>\n<h4 style=\"text-align: justify;\" data-start=\"1748\" data-end=\"1971\"><strong data-start=\"1748\" data-end=\"1771\">Mod de administrare<\/strong><\/h4>\n<h4 style=\"text-align: justify;\" data-start=\"1748\" data-end=\"1971\"><br data-start=\"1771\" data-end=\"1774\" \/>Se recomand\u0103 administrarea <strong data-start=\"1801\" data-end=\"1820\">1 capsul\u0103 pe zi<\/strong>, \u00een timpul unei mese, cu un pahar de ap\u0103 sau ceai. Administrarea \u00een timpul mesei optimizeaz\u0103 absorb\u021bia curcuminei \u0219i biodisponibilitatea seleniului.<\/h4>\n<p style=\"text-align: justify;\" data-start=\"1973\" data-end=\"1988\"><strong data-start=\"1973\" data-end=\"1986\">Precau\u021bii<\/strong><\/p>\n<ul style=\"text-align: justify;\" data-start=\"1989\" data-end=\"2229\">\n<li data-start=\"1989\" data-end=\"2030\">\n<p data-start=\"1991\" data-end=\"2030\">Nu dep\u0103\u0219i\u021bi doza zilnic\u0103 recomandat\u0103.<\/p>\n<\/li>\n<li data-start=\"2031\" data-end=\"2103\">\n<p data-start=\"2033\" data-end=\"2103\">Suplimentul alimentar nu \u00eenlocuie\u0219te o diet\u0103 variat\u0103 \u0219i echilibrat\u0103.<\/p>\n<\/li>\n<li data-start=\"2104\" data-end=\"2189\">\n<p data-start=\"2106\" data-end=\"2189\">A se p\u0103stra \u00een locuri uscate, ferit de lumin\u0103 \u0219i c\u0103ldur\u0103, la temperatura camerei.<\/p>\n<\/li>\n<li data-start=\"2190\" data-end=\"2229\">\n<p data-start=\"2192\" data-end=\"2229\">A se feri de accesul copiilor mici.<\/p>\n<\/li>\n<\/ul>\n<hr data-start=\"2231\" data-end=\"2234\" \/>\n<h4 style=\"text-align: justify;\" data-start=\"2236\" data-end=\"2258\"><strong data-start=\"2236\" data-end=\"2256\">Cui se recomand\u0103<\/strong><\/h4>\n<p style=\"text-align: justify;\" data-start=\"2260\" data-end=\"2585\"><strong data-start=\"2260\" data-end=\"2313\">1. Persoanelor care doresc protec\u021bie antioxidant\u0103<\/strong><br data-start=\"2313\" data-end=\"2316\" \/>Datorit\u0103 con\u021binutului ridicat de curcumin\u0103 \u0219i seleniu, acest supliment este recomandat persoanelor expuse stresului oxidativ, polu\u0103rii sau efortului fizic intens. Antioxidan\u021bii protejeaz\u0103 celulele, reduc riscul de \u00eemb\u0103tr\u00e2nire prematur\u0103 \u0219i sprijin\u0103 s\u0103n\u0103tatea general\u0103.<\/p>\n<p style=\"text-align: justify;\" data-start=\"2587\" data-end=\"2878\"><strong data-start=\"2587\" data-end=\"2671\">2. Persoanelor cu func\u021bie tiroidian\u0103 normal\u0103, dar care doresc suport suplimentar<\/strong><br data-start=\"2671\" data-end=\"2674\" \/>Seleniul sus\u021bine metabolismul hormonal tiroidian \u0219i func\u021bionarea optim\u0103 a glandei tiroide. Suplimentarea poate fi util\u0103 mai ales \u00een perioadele de stres sau deficien\u021b\u0103 u\u0219oar\u0103 de micronutrien\u021bi esen\u021biali.<\/p>\n<p style=\"text-align: justify;\" data-start=\"2880\" data-end=\"3102\"><strong data-start=\"2880\" data-end=\"2958\">3. Persoanelor care doresc s\u0103 \u00ee\u0219i men\u021bin\u0103 s\u0103n\u0103tatea p\u0103rului \u0219i a unghiilor<\/strong><br data-start=\"2958\" data-end=\"2961\" \/>Curcumina \u0219i seleniul contribuie la men\u021binerea integrit\u0103\u021bii structurale a p\u0103rului \u0219i unghiilor, prevenind fragilizarea \u0219i c\u0103derea acestora.<\/p>\n<p style=\"text-align: justify;\" data-start=\"3104\" data-end=\"3335\"><strong data-start=\"3104\" data-end=\"3157\">4. B\u0103rba\u021bilor care doresc sus\u021binerea fertilit\u0103\u021bii<\/strong><br data-start=\"3157\" data-end=\"3160\" \/>Seleniul este un micronutrient esen\u021bial \u00een spermatogenez\u0103 \u0219i men\u021binerea calit\u0103\u021bii spermatozoizilor. Suplimentul poate fi util \u00een men\u021binerea s\u0103n\u0103t\u0103\u021bii reproductive masculine.<\/p>\n<p style=\"text-align: justify;\" data-start=\"3337\" data-end=\"3550\"><strong data-start=\"3337\" data-end=\"3397\">5. Persoanelor care doresc \u00eent\u0103rirea sistemului imunitar<\/strong><br data-start=\"3397\" data-end=\"3400\" \/>Curcumina \u0219i seleniul lucreaz\u0103 sinergic pentru a sus\u021bine imunitatea, ajut\u00e2nd organismul s\u0103 fac\u0103 fa\u021b\u0103 mai eficient infec\u021biilor \u0219i agen\u021bilor patogeni.<\/p>\n<hr data-start=\"3552\" data-end=\"3555\" \/>\n<h4 style=\"text-align: justify;\" data-start=\"3557\" data-end=\"3687\"><strong data-start=\"3557\" data-end=\"3580\">Forma de prezentare<\/strong><br data-start=\"3580\" data-end=\"3583\" \/>Cutie cu 30 capsule gelatinoase, fiecare capsul\u0103 furniz\u00e2nd 500 mg extract de curcum\u0103 \u0219i 55 \u00b5g seleniu.<\/h4>\n<h4 style=\"text-align: justify;\" data-start=\"3557\" data-end=\"3687\"><strong data-start=\"3705\" data-end=\"3740\">Curcuma 500 + Seleniu Parapharm<\/strong> este un supliment alimentar complex, ce combin\u0103 propriet\u0103\u021bile antioxidante ale curcuminei cu efectele esen\u021biale ale seleniului. Suplimentul sprijin\u0103 s\u0103n\u0103tatea celular\u0103, func\u021bia tiroidian\u0103, sistemul imunitar, fertilitatea masculin\u0103 \u0219i men\u021binerea s\u0103n\u0103t\u0103\u021bii p\u0103rului \u0219i unghiilor. Este recomandat adul\u021bilor care doresc s\u0103 completeze aportul de antioxidan\u021bi \u0219i s\u0103 sus\u021bin\u0103 func\u021biile vitale ale organismului, \u00eentr-un mod natural \u0219i eficient.<\/h4>\n<p>&nbsp;<\/p>\n<hr data-start=\"4671\" data-end=\"4674\" \/>\n<p style=\"text-align: center;\"><a href=\"https:\/\/www.facebook.com\/profile.php?id=61586010988472\" rel=\"nofollow noopener\" target=\"_blank\"><img decoding=\"async\" class=\"alignnone wp-image-953\" src=\"https:\/\/vittalis.ro\/wp-content\/uploads\/2025\/12\/1-300x300.png\" alt=\"\" width=\"51\" height=\"51\" srcset=\"https:\/\/vittalis.ro\/wp-content\/uploads\/2025\/12\/1-300x300.png 300w, https:\/\/vittalis.ro\/wp-content\/uploads\/2025\/12\/1-150x150.png 150w, https:\/\/vittalis.ro\/wp-content\/uploads\/2025\/12\/1-100x100.png 100w, https:\/\/vittalis.ro\/wp-content\/uploads\/2025\/12\/1-50x50.png 50w, https:\/\/vittalis.ro\/wp-content\/uploads\/2025\/12\/1.png 500w\" sizes=\"(max-width: 51px) 100vw, 51px\" \/><\/a> <a href=\"https:\/\/www.instagram.com\/vittalis.suplimentealimentare?igsh=MTBocHY0cXVta2dlcg%3D%3D\" rel=\"nofollow noopener\" target=\"_blank\"><img decoding=\"async\" class=\"alignnone wp-image-954\" src=\"https:\/\/vittalis.ro\/wp-content\/uploads\/2025\/12\/2-300x300.png\" alt=\"\" width=\"50\" height=\"50\" srcset=\"https:\/\/vittalis.ro\/wp-content\/uploads\/2025\/12\/2-300x300.png 300w, https:\/\/vittalis.ro\/wp-content\/uploads\/2025\/12\/2-150x150.png 150w, https:\/\/vittalis.ro\/wp-content\/uploads\/2025\/12\/2-100x100.png 100w, https:\/\/vittalis.ro\/wp-content\/uploads\/2025\/12\/2-50x50.png 50w, https:\/\/vittalis.ro\/wp-content\/uploads\/2025\/12\/2.png 500w\" sizes=\"(max-width: 50px) 100vw, 50px\" \/><\/a> <a href=\"https:\/\/www.tiktok.com\/@vittalis.ro\"><img decoding=\"async\" class=\"alignnone wp-image-955\" src=\"https:\/\/vittalis.ro\/wp-content\/uploads\/2025\/12\/3-300x300.png\" alt=\"\" width=\"56\" height=\"56\" srcset=\"https:\/\/vittalis.ro\/wp-content\/uploads\/2025\/12\/3-300x300.png 300w, https:\/\/vittalis.ro\/wp-content\/uploads\/2025\/12\/3-150x150.png 150w, https:\/\/vittalis.ro\/wp-content\/uploads\/2025\/12\/3-100x100.png 100w, https:\/\/vittalis.ro\/wp-content\/uploads\/2025\/12\/3-50x50.png 50w, https:\/\/vittalis.ro\/wp-content\/uploads\/2025\/12\/3.png 500w\" sizes=\"(max-width: 56px) 100vw, 56px\" \/><\/a> <a href=\"https:\/\/www.youtube.com\/channel\/UCt7ysxXRoHT4Amyd_FOoegA\" rel=\"nofollow noopener\" target=\"_blank\"><img loading=\"lazy\" decoding=\"async\" class=\"alignnone wp-image-956\" src=\"https:\/\/vittalis.ro\/wp-content\/uploads\/2025\/12\/4-300x300.png\" alt=\"\" width=\"52\" height=\"52\" srcset=\"https:\/\/vittalis.ro\/wp-content\/uploads\/2025\/12\/4-300x300.png 300w, https:\/\/vittalis.ro\/wp-content\/uploads\/2025\/12\/4-150x150.png 150w, https:\/\/vittalis.ro\/wp-content\/uploads\/2025\/12\/4-100x100.png 100w, https:\/\/vittalis.ro\/wp-content\/uploads\/2025\/12\/4-50x50.png 50w, https:\/\/vittalis.ro\/wp-content\/uploads\/2025\/12\/4.png 500w\" sizes=\"(max-width: 52px) 100vw, 52px\" \/><\/a><\/p>\n<hr data-start=\"4671\" data-end=\"4674\" \/>\n<p>&nbsp;<\/p>\n<p><a href=\"https:\/\/vittalis.ro\/?page_id=640\"><img loading=\"lazy\" decoding=\"async\" class=\"alignnone wp-image-960\" src=\"https:\/\/vittalis.ro\/wp-content\/uploads\/2025\/12\/Red-ad-Beige-Bold-Modern-Professional-Business-Pitch-Deck-Presentation-1-300x108.png\" alt=\"\" width=\"165\" height=\"59\" srcset=\"https:\/\/vittalis.ro\/wp-content\/uploads\/2025\/12\/Red-ad-Beige-Bold-Modern-Professional-Business-Pitch-Deck-Presentation-1-300x108.png 300w, https:\/\/vittalis.ro\/wp-content\/uploads\/2025\/12\/Red-ad-Beige-Bold-Modern-Professional-Business-Pitch-Deck-Presentation-1-1024x370.png 1024w, https:\/\/vittalis.ro\/wp-content\/uploads\/2025\/12\/Red-ad-Beige-Bold-Modern-Professional-Business-Pitch-Deck-Presentation-1-768x277.png 768w, https:\/\/vittalis.ro\/wp-content\/uploads\/2025\/12\/Red-ad-Beige-Bold-Modern-Professional-Business-Pitch-Deck-Presentation-1-1536x554.png 1536w, https:\/\/vittalis.ro\/wp-content\/uploads\/2025\/12\/Red-ad-Beige-Bold-Modern-Professional-Business-Pitch-Deck-Presentation-1-1320x476.png 1320w, https:\/\/vittalis.ro\/wp-content\/uploads\/2025\/12\/Red-ad-Beige-Bold-Modern-Professional-Business-Pitch-Deck-Presentation-1-600x217.png 600w, https:\/\/vittalis.ro\/wp-content\/uploads\/2025\/12\/Red-ad-Beige-Bold-Modern-Professional-Business-Pitch-Deck-Presentation-1.png 1920w\" sizes=\"(max-width: 165px) 100vw, 165px\" \/><\/a><\/p>\n<p class=\"entry-title\" style=\"text-align: left;\"><span style=\"text-decoration: underline;\"><strong><span style=\"color: #000000; text-decoration: underline;\"><a style=\"color: #000000; text-decoration: underline;\" href=\"https:\/\/vittalis.ro\/?p=637\">Vitamina C lipozomal\u0103 \u2013 absorb\u021bie superioar\u0103, imunitate puternic\u0103 \u0219i beneficii extinse pentru s\u0103n\u0103tate<\/a><\/span><\/strong><\/span><\/p>\n<p class=\"entry-title\" style=\"text-align: left;\"><span style=\"text-decoration: underline;\"><span style=\"color: #000000; text-decoration: underline;\"><a style=\"color: #000000; text-decoration: underline;\" href=\"https:\/\/vittalis.ro\/?p=617\"><strong>Colagenul \u2013 beneficii, rol \u00een organism, tipuri \u0219i surse naturale<\/strong><\/a><\/span><\/span><\/p>\n<p class=\"entry-title\" style=\"text-align: left;\"><span style=\"text-decoration: underline;\"><a href=\"https:\/\/vittalis.ro\/?p=715\"><span style=\"color: #000000; text-decoration: underline;\"><strong>Magneziu bisglicinat: beneficii, propriet\u0103\u021bi \u0219i utiliz\u0103ri esen\u021biale pentru s\u0103n\u0103tate<\/strong><\/span><\/a><\/span><\/p>\n","protected":false},"excerpt":{"rendered":"<p><strong data-start=\"0\" data-end=\"36\" data-is-only-node=\"\">Curcuma 500 + Seleniu, Parapharm<\/strong> \u2013 Supliment alimentar cu extract de r\u0103d\u0103cin\u0103 de curcum\u0103 500 mg \u0219i seleniu 55 \u00b5g. Ac\u021bioneaz\u0103 ca antioxidant puternic, protejeaz\u0103 celulele \u00eempotriva stresului oxidativ, sus\u021bine sistemul imunitar, func\u021bia tiroidei, s\u0103n\u0103tatea p\u0103rului \u0219i unghiilor, \u0219i spermatogeneza normal\u0103. Se administreaz\u0103 1 capsul\u0103 pe zi, \u00een timpul mesei, cu ap\u0103 sau ceai. Cutie cu 30 capsule.<\/p>\n","protected":false},"featured_media":1098,"comment_status":"open","ping_status":"closed","template":"","meta":{"_glsr_average":0,"_glsr_ranking":0,"_glsr_reviews":0},"product_brand":[213],"product_cat":[409],"product_tag":[338,253,251,336,337,335],"class_list":{"0":"post-1128","1":"product","2":"type-product","3":"status-publish","4":"has-post-thumbnail","6":"product_brand-parapharm","7":"product_cat-imunitate","8":"product_tag-curcuma-feriliatte","9":"product_tag-curcuma-imunitate","10":"product_tag-curcuma-pastile","11":"product_tag-curcuma-pret","12":"product_tag-curcuma-tiroida","13":"product_tag-curuma-beneficii","15":"first","16":"outofstock","17":"sale","18":"shipping-taxable","19":"purchasable","20":"product-type-simple"},"jetpack_sharing_enabled":true,"jetpack-related-posts":[{"id":1136,"url":"https:\/\/vittalis.ro\/?product=propolis-vitamina-c-30-tablete-parapharm-2","url_meta":{"origin":1128,"position":0},"title":"Propolis + Vitamina C, 30 tablete, Parapharm","author":"denisa","date":"februarie 11, 2026","format":false,"excerpt":"Propolis \u0219i Vitamina C ParaPharm este un supliment alimentar pentru sus\u021binerea sistemului imunitar, cu efect antioxidant \u0219i protector asupra organismului. Combina\u021bia dintre extractul uscat de propolis, surs\u0103 natural\u0103 de bioflavonoide, \u0219i vitamina C\u00a0 contribuie la cre\u0219terea rezisten\u021bei organismului fa\u021b\u0103 de infec\u021bii, sus\u021bine randamentul fizic \u0219i protejeaz\u0103 celulele \u00eempotriva stresului oxidativ.","rel":"","context":"Articol similar","block_context":{"text":"Articol similar","link":""},"img":{"alt_text":"Propolis + Vitamina C, 30 tablete, Parapharm","src":"https:\/\/i0.wp.com\/vittalis.ro\/wp-content\/uploads\/2026\/02\/1664044781.webp?resize=350%2C200&ssl=1","width":350,"height":200},"classes":[]},{"id":1140,"url":"https:\/\/vittalis.ro\/?product=vitamina-c-cu-pulpa-de-macese-30-tablete","url_meta":{"origin":1128,"position":1},"title":"Vitamina C cu pulp\u0103 de m\u0103ce\u0219e, 30 tablete, Parapharm","author":"denisa","date":"februarie 11, 2026","format":false,"excerpt":"Vitamina C cu Pulpa de M\u0103ce\u0219e Parapharm este un supliment alimentar modern, care stimuleaz\u0103 sistemul imunitar, cre\u0219te rezisten\u021ba organismului \u0219i activeaz\u0103 sistemele enzimatice. Contribuie la respira\u021bia celular\u0103, cre\u0219te randamentul fizic \u0219i mental, protejeaz\u0103 celulele \u00eempotriva stresului oxidativ \u0219i sus\u021bine s\u0103n\u0103tatea pielii, oaselor \u0219i vaselor de s\u00e2nge. Bioflavonoidele din m\u0103ce\u0219e sporesc\u2026","rel":"","context":"Cu un comentariu","block_context":{"text":"Cu un comentariu","link":"https:\/\/vittalis.ro\/?product=vitamina-c-cu-pulpa-de-macese-30-tablete#comments"},"img":{"alt_text":"Vitamina C cu pulp\u0103 de m\u0103ce\u0219e, 30 tablete, Parapharm","src":"https:\/\/i0.wp.com\/vittalis.ro\/wp-content\/uploads\/2026\/02\/vitamina-c-cu-pulpa-de-macese-30-tablete-parapharm.webp?resize=350%2C200&ssl=1","width":350,"height":200},"classes":[]},{"id":1154,"url":"https:\/\/vittalis.ro\/?product=vitamina-a-10000-ui-30-capsule-parapharm-2","url_meta":{"origin":1128,"position":2},"title":"Vitamina A, 10000 Ui, 30 capsule, Parapharm","author":"denisa","date":"februarie 11, 2026","format":false,"excerpt":"Vitamina A 10000 UI \u2013 Parapharm este un supliment alimentar cu vitamina A natural\u0103 din morcovi \u0219i vitamina E, formulat pentru a sus\u021bine s\u0103n\u0103tatea ochilor, pielii \u0219i a sistemului imunitar. Vitamina A contribuie la men\u021binerea vederii normale \u0219i a mucoaselor s\u0103n\u0103toase, iar vitamina E protejeaz\u0103 celulele \u00eempotriva stresului oxidativ. Administrat\u0103\u2026","rel":"","context":"Articol similar","block_context":{"text":"Articol similar","link":""},"img":{"alt_text":"Vitamina A, 10000 Ui, 30 capsule, Parapharm","src":"https:\/\/i0.wp.com\/vittalis.ro\/wp-content\/uploads\/2026\/02\/vitamina-a-10000-ui-30-capsule-parapharm-4228-1090x1090-1.jpg?resize=350%2C200&ssl=1","width":350,"height":200,"srcset":"https:\/\/i0.wp.com\/vittalis.ro\/wp-content\/uploads\/2026\/02\/vitamina-a-10000-ui-30-capsule-parapharm-4228-1090x1090-1.jpg?resize=350%2C200&ssl=1 1x, https:\/\/i0.wp.com\/vittalis.ro\/wp-content\/uploads\/2026\/02\/vitamina-a-10000-ui-30-capsule-parapharm-4228-1090x1090-1.jpg?resize=525%2C300&ssl=1 1.5x, https:\/\/i0.wp.com\/vittalis.ro\/wp-content\/uploads\/2026\/02\/vitamina-a-10000-ui-30-capsule-parapharm-4228-1090x1090-1.jpg?resize=700%2C400&ssl=1 2x, https:\/\/i0.wp.com\/vittalis.ro\/wp-content\/uploads\/2026\/02\/vitamina-a-10000-ui-30-capsule-parapharm-4228-1090x1090-1.jpg?resize=1050%2C600&ssl=1 3x"},"classes":[]},{"id":1130,"url":"https:\/\/vittalis.ro\/?product=ulei-de-chimen-negru-30-capsule-parapharm-2","url_meta":{"origin":1128,"position":3},"title":"Ulei de Chimen Negru, 30 capsule, Parapharm","author":"denisa","date":"februarie 11, 2026","format":false,"excerpt":"Ulei de Chimen Negru Parapharm este un supliment alimentar natural, bogat \u00een acizi gra\u0219i nesatura\u021bi \u0219i vitamina E, care sus\u021bine imunitatea, protejeaz\u0103 celulele \u00eempotriva stresului oxidativ, sprijin\u0103 s\u0103n\u0103tatea respiratorie \u0219i digestiv\u0103 \u0219i contribuie la vitalitatea \u0219i energia organismului.","rel":"","context":"Articol similar","block_context":{"text":"Articol similar","link":""},"img":{"alt_text":"Ulei de Chimen Negru, 30 capsule, Parapharm","src":"https:\/\/i0.wp.com\/vittalis.ro\/wp-content\/uploads\/2026\/02\/1149265177.webp?resize=350%2C200&ssl=1","width":350,"height":200,"srcset":"https:\/\/i0.wp.com\/vittalis.ro\/wp-content\/uploads\/2026\/02\/1149265177.webp?resize=350%2C200&ssl=1 1x, https:\/\/i0.wp.com\/vittalis.ro\/wp-content\/uploads\/2026\/02\/1149265177.webp?resize=525%2C300&ssl=1 1.5x"},"classes":[]},{"id":1125,"url":"https:\/\/vittalis.ro\/?product=vitamina-d-2400-30-capsule-parapharm-2","url_meta":{"origin":1128,"position":4},"title":"Vitamina D 2400, 30 capsule, Parapharm","author":"denisa","date":"februarie 10, 2026","format":false,"excerpt":"Vitamina D 2400 UI Parapharm sus\u021bine s\u0103n\u0103tatea oaselor, a mu\u0219chilor \u0219i a din\u021bilor, contribuie la func\u021bionarea normal\u0103 a sistemului imunitar \u0219i protejeaz\u0103 celulele \u00eempotriva stresului oxidativ. Fiecare capsul\u0103 con\u021bine colecalciferol, vitamina E \u0219i ulei de rapi\u021b\u0103, pentru o absorb\u021bie optim\u0103. Se recomand\u0103 o capsul\u0103 pe zi, dup\u0103 mas\u0103, fiind ideal\u0103\u2026","rel":"","context":"Articol similar","block_context":{"text":"Articol similar","link":""},"img":{"alt_text":"Vitamina D 2400, 30 capsule, Parapharm","src":"https:\/\/i0.wp.com\/vittalis.ro\/wp-content\/uploads\/2026\/02\/vitamina-d-2400-30-capsule-parapharm.webp?resize=350%2C200&ssl=1","width":350,"height":200,"srcset":"https:\/\/i0.wp.com\/vittalis.ro\/wp-content\/uploads\/2026\/02\/vitamina-d-2400-30-capsule-parapharm.webp?resize=350%2C200&ssl=1 1x, https:\/\/i0.wp.com\/vittalis.ro\/wp-content\/uploads\/2026\/02\/vitamina-d-2400-30-capsule-parapharm.webp?resize=525%2C300&ssl=1 1.5x, https:\/\/i0.wp.com\/vittalis.ro\/wp-content\/uploads\/2026\/02\/vitamina-d-2400-30-capsule-parapharm.webp?resize=700%2C400&ssl=1 2x"},"classes":[]},{"id":1138,"url":"https:\/\/vittalis.ro\/?product=brusture-30-capsule-parapharm-2","url_meta":{"origin":1128,"position":5},"title":"Brusture, 30 capsule, Parapharm","author":"denisa","date":"februarie 11, 2026","format":false,"excerpt":"Brusture (Arctium lappa) este un supliment alimentar pe baz\u0103 de extract standardizat din r\u0103d\u0103cin\u0103, recunoscut pentru efectul s\u0103u detoxifiant asupra organismului. Sus\u021bine func\u021bionarea ficatului \u0219i rinichilor, contribuie la cur\u0103\u021barea s\u00e2ngelui \u0219i la men\u021binerea s\u0103n\u0103t\u0103\u021bii pielii, fiind utilizat tradi\u021bional pentru purificare \u0219i echilibru intern.","rel":"","context":"Articol similar","block_context":{"text":"Articol similar","link":""},"img":{"alt_text":"Brusture, 30 capsule, Parapharm","src":"https:\/\/i0.wp.com\/vittalis.ro\/wp-content\/uploads\/2026\/02\/brusture-30-capsule-parapharm-biscuit-1040x1040-1.jpg?resize=350%2C200&ssl=1","width":350,"height":200,"srcset":"https:\/\/i0.wp.com\/vittalis.ro\/wp-content\/uploads\/2026\/02\/brusture-30-capsule-parapharm-biscuit-1040x1040-1.jpg?resize=350%2C200&ssl=1 1x, https:\/\/i0.wp.com\/vittalis.ro\/wp-content\/uploads\/2026\/02\/brusture-30-capsule-parapharm-biscuit-1040x1040-1.jpg?resize=525%2C300&ssl=1 1.5x, https:\/\/i0.wp.com\/vittalis.ro\/wp-content\/uploads\/2026\/02\/brusture-30-capsule-parapharm-biscuit-1040x1040-1.jpg?resize=700%2C400&ssl=1 2x"},"classes":[]}],"post_mailing_queue_ids":[],"_links":{"self":[{"href":"https:\/\/vittalis.ro\/index.php?rest_route=\/wp\/v2\/product\/1128","targetHints":{"allow":["GET"]}}],"collection":[{"href":"https:\/\/vittalis.ro\/index.php?rest_route=\/wp\/v2\/product"}],"about":[{"href":"https:\/\/vittalis.ro\/index.php?rest_route=\/wp\/v2\/types\/product"}],"replies":[{"embeddable":true,"href":"https:\/\/vittalis.ro\/index.php?rest_route=%2Fwp%2Fv2%2Fcomments&post=1128"}],"wp:featuredmedia":[{"embeddable":true,"href":"https:\/\/vittalis.ro\/index.php?rest_route=\/wp\/v2\/media\/1098"}],"wp:attachment":[{"href":"https:\/\/vittalis.ro\/index.php?rest_route=%2Fwp%2Fv2%2Fmedia&parent=1128"}],"wp:term":[{"taxonomy":"product_brand","embeddable":true,"href":"https:\/\/vittalis.ro\/index.php?rest_route=%2Fwp%2Fv2%2Fproduct_brand&post=1128"},{"taxonomy":"product_cat","embeddable":true,"href":"https:\/\/vittalis.ro\/index.php?rest_route=%2Fwp%2Fv2%2Fproduct_cat&post=1128"},{"taxonomy":"product_tag","embeddable":true,"href":"https:\/\/vittalis.ro\/index.php?rest_route=%2Fwp%2Fv2%2Fproduct_tag&post=1128"}],"curies":[{"name":"wp","href":"https:\/\/api.w.org\/{rel}","templated":true}]}}