{"id":1125,"date":"2026-02-10T19:37:15","date_gmt":"2026-02-10T19:37:15","guid":{"rendered":"https:\/\/vittalis.ro\/?post_type=product&#038;p=1125"},"modified":"2026-03-01T12:28:42","modified_gmt":"2026-03-01T12:28:42","slug":"vitamina-d-2400-30-capsule-parapharm-2","status":"publish","type":"product","link":"https:\/\/vittalis.ro\/?product=vitamina-d-2400-30-capsule-parapharm-2","title":{"rendered":"Vitamina D 2400, 30 capsule, Parapharm"},"content":{"rendered":"<h4 style=\"text-align: justify;\" data-start=\"192\" data-end=\"894\"><strong data-start=\"192\" data-end=\"224\">Vitamina D 2400 UI Parapharm<\/strong> este un supliment alimentar esen\u021bial pentru men\u021binerea s\u0103n\u0103t\u0103\u021bii organismului, \u00een special pe perioadele \u00een care expunerea la soare este redus\u0103, cum este iarna sau \u00een cazul persoanelor care petrec mult timp \u00een interior.<\/h4>\n<p style=\"text-align: justify;\" data-start=\"192\" data-end=\"894\">Vitamina D, cunoscut\u0103 \u0219i sub denumirea de <strong data-start=\"486\" data-end=\"509\">colecalciferol (D3)<\/strong>, este produs\u0103 natural \u00een organism la nivelul pielii, dup\u0103 expunerea la razele solare. \u00cen perioadele cu lumin\u0103 solar\u0103 redus\u0103, sinteza natural\u0103 este insuficient\u0103, ceea ce poate duce la deficien\u021be \u0219i afectarea mai multor func\u021bii biologice. Administrarea suplimentar\u0103 de vitamina D devine astfel necesar\u0103 pentru a asigura aportul optim \u0219i pentru a sus\u021bine numeroase procese fiziologice.<\/p>\n<hr data-start=\"896\" data-end=\"899\" \/>\n<h4 style=\"text-align: justify;\" data-start=\"901\" data-end=\"938\">Rolul \u0219i importan\u021ba vitaminei D<\/h4>\n<p style=\"text-align: justify;\" data-start=\"940\" data-end=\"1101\">Vitamina D este un nutrient liposolubil esen\u021bial, implicat \u00een diverse procese vitale pentru organism. Printre principalele beneficii ale vitaminei D se num\u0103r\u0103:<\/p>\n<ul style=\"text-align: justify;\" data-start=\"1103\" data-end=\"2120\">\n<li data-start=\"1103\" data-end=\"1228\">\n<p data-start=\"1105\" data-end=\"1228\"><strong data-start=\"1105\" data-end=\"1166\">Absorb\u021bia \u0219i utilizarea normal\u0103 a calciului \u0219i fosforului<\/strong>, minerale esen\u021biale pentru s\u0103n\u0103tatea oaselor \u0219i a din\u021bilor.<\/p>\n<\/li>\n<li data-start=\"1229\" data-end=\"1375\">\n<p data-start=\"1231\" data-end=\"1375\"><strong data-start=\"1231\" data-end=\"1288\">Mentinerea concentra\u021biilor normale de calciu \u00een s\u00e2nge<\/strong>, prevenind dezechilibrele care pot afecta func\u021bionarea muscular\u0103 \u0219i cardiovascular\u0103.<\/p>\n<\/li>\n<li data-start=\"1376\" data-end=\"1530\">\n<p data-start=\"1378\" data-end=\"1530\"><strong data-start=\"1378\" data-end=\"1418\">Men\u021binerea s\u0103n\u0103t\u0103\u021bii sistemului osos<\/strong>, contribuind la prevenirea osteoporozei, fracturilor \u0219i altor afec\u021biuni legate de sc\u0103derea densit\u0103\u021bii osoase.<\/p>\n<\/li>\n<li data-start=\"1531\" data-end=\"1649\">\n<p data-start=\"1533\" data-end=\"1649\"><strong data-start=\"1533\" data-end=\"1586\">Men\u021binerea func\u021biei normale a sistemului muscular<\/strong>, esen\u021bial\u0103 pentru mobilitate, for\u021b\u0103 \u0219i coordonarea general\u0103.<\/p>\n<\/li>\n<li data-start=\"1650\" data-end=\"1748\">\n<p data-start=\"1652\" data-end=\"1748\"><strong data-start=\"1652\" data-end=\"1684\">Sus\u021binerea s\u0103n\u0103t\u0103\u021bii dentare<\/strong>, prin contribu\u021bia la men\u021binerea structurii optime a din\u021bilor.<\/p>\n<\/li>\n<li data-start=\"1749\" data-end=\"1875\">\n<p data-start=\"1751\" data-end=\"1875\"><strong data-start=\"1751\" data-end=\"1797\">Func\u021bionarea normal\u0103 a sistemului imunitar<\/strong>, ajut\u00e2nd organismul s\u0103 se apere \u00eempotriva infec\u021biilor virale \u0219i bacteriene.<\/p>\n<\/li>\n<li data-start=\"1876\" data-end=\"2010\">\n<p data-start=\"1878\" data-end=\"2010\"><strong data-start=\"1878\" data-end=\"1931\">Protejarea celulelor \u00eempotriva stresului oxidativ<\/strong>, datorit\u0103 ac\u021biunii antioxidante indirecte care reduce deteriorarea celular\u0103.<\/p>\n<\/li>\n<li data-start=\"2011\" data-end=\"2120\">\n<p data-start=\"2013\" data-end=\"2120\"><strong data-start=\"2013\" data-end=\"2063\">Participarea la procesul de diviziune celular\u0103<\/strong>, esen\u021bial pentru regenerarea \u0219i repararea \u021besuturilor.<\/p>\n<\/li>\n<\/ul>\n<p style=\"text-align: justify;\" data-start=\"2122\" data-end=\"2309\">Astfel, vitamina D joac\u0103 un rol central nu doar \u00een men\u021binerea s\u0103n\u0103t\u0103\u021bii oaselor \u0219i a din\u021bilor, ci \u0219i \u00een sus\u021binerea sistemului imunitar, a func\u021biei musculare \u0219i a metabolismului celular.<\/p>\n<hr data-start=\"2311\" data-end=\"2314\" \/>\n<h4 style=\"text-align: justify;\" data-start=\"2316\" data-end=\"2332\">Compozi\u021bie<\/h4>\n<p style=\"text-align: justify;\" data-start=\"2334\" data-end=\"2386\">Fiecare <strong data-start=\"2342\" data-end=\"2353\">capsul\u0103<\/strong> de Vitamina D 2400 UI con\u021bine:<\/p>\n<ul style=\"text-align: justify;\" data-start=\"2388\" data-end=\"2807\">\n<li data-start=\"2388\" data-end=\"2513\">\n<p data-start=\"2390\" data-end=\"2513\"><strong data-start=\"2390\" data-end=\"2423\">Vitamina D3 (colecalciferol):<\/strong> 60 mcg (2400 UI), forma activ\u0103 a vitaminei D, care este direct utilizabil\u0103 de organism.<\/p>\n<\/li>\n<li data-start=\"2514\" data-end=\"2646\">\n<p data-start=\"2516\" data-end=\"2646\"><strong data-start=\"2516\" data-end=\"2530\">Vitamina E<\/strong>, care contribuie la protec\u021bia celulelor \u00eempotriva stresului oxidativ \u0219i sprijin\u0103 biodisponibilitatea vitaminei D.<\/p>\n<\/li>\n<li data-start=\"2647\" data-end=\"2736\">\n<p data-start=\"2649\" data-end=\"2736\"><strong data-start=\"2649\" data-end=\"2667\">Ulei de rapi\u021b\u0103<\/strong>, utilizat ca suport pentru solubilizarea vitaminei D liposolubile.<\/p>\n<\/li>\n<li data-start=\"2737\" data-end=\"2807\">\n<p data-start=\"2739\" data-end=\"2807\">Alte ingrediente inactive: <strong data-start=\"2766\" data-end=\"2804\">gelatin\u0103, glicerol, ap\u0103 purificat\u0103<\/strong>.<\/p>\n<\/li>\n<\/ul>\n<p style=\"text-align: justify;\" data-start=\"2809\" data-end=\"3002\">Aceast\u0103 formul\u0103 asigur\u0103 o absorb\u021bie optim\u0103 a vitaminei D, datorit\u0103 combina\u021biei cu uleiul vegetal \u0219i vitamina E, ceea ce faciliteaz\u0103 biodisponibilitatea maxim\u0103 a nutrientului la nivel celular.<\/p>\n<hr data-start=\"3004\" data-end=\"3007\" \/>\n<h4 style=\"text-align: justify;\" data-start=\"3009\" data-end=\"3034\">Mod de administrare<\/h4>\n<p style=\"text-align: justify;\" data-start=\"3036\" data-end=\"3321\">Se recomand\u0103 <strong data-start=\"3049\" data-end=\"3080\">consumul unei capsule pe zi<\/strong>, \u00eenso\u021bit\u0103 de un pahar cu lichid (ap\u0103 mineral\u0103 sau suc de fructe), de preferin\u021b\u0103 \u00een timpul sau dup\u0103 servirea mesei. Aceast\u0103 dozare asigur\u0103 aportul necesar de vitamina D pentru men\u021binerea s\u0103n\u0103t\u0103\u021bii organismului pe \u00eentreaga perioad\u0103 a zilei.<\/p>\n<p style=\"text-align: justify;\" data-start=\"3323\" data-end=\"3560\">Administrarea regulat\u0103 este esen\u021bial\u0103, mai ales \u00een lunile de iarn\u0103 sau pentru persoanele care petrec mult timp \u00een spa\u021bii interioare, pentru a preveni deficien\u021bele care pot afecta s\u0103n\u0103tatea oaselor, a mu\u0219chilor \u0219i a sistemului imunitar.<\/p>\n<hr data-start=\"3562\" data-end=\"3565\" \/>\n<h4 style=\"text-align: justify;\">Cui se recomand\u0103?<\/h4>\n<p style=\"text-align: justify;\" data-start=\"3591\" data-end=\"3636\">Vitamina D 2400 UI este recomandat\u0103 pentru:<\/p>\n<ul style=\"text-align: justify;\" data-start=\"3637\" data-end=\"4120\">\n<li data-start=\"3637\" data-end=\"3708\">\n<p data-start=\"3639\" data-end=\"3708\">Persoanele cu expunere redus\u0103 la soare, \u00een special \u00een sezonul rece.<\/p>\n<\/li>\n<li data-start=\"3709\" data-end=\"3817\">\n<p data-start=\"3711\" data-end=\"3817\">Adul\u021bii \u0219i persoanele v\u00e2rstnice, pentru sus\u021binerea s\u0103n\u0103t\u0103\u021bii sistemului osos \u0219i prevenirea osteoporozei.<\/p>\n<\/li>\n<li data-start=\"3818\" data-end=\"3913\">\n<p data-start=\"3820\" data-end=\"3913\">Persoanele cu activitate fizic\u0103 intens\u0103, pentru men\u021binerea func\u021biei normale a musculaturii.<\/p>\n<\/li>\n<li data-start=\"3914\" data-end=\"4024\">\n<p data-start=\"3916\" data-end=\"4024\">Cei care doresc s\u0103 \u00ee\u0219i \u00eent\u0103reasc\u0103 sistemul imunitar \u0219i s\u0103 protejeze celulele \u00eempotriva stresului oxidativ.<\/p>\n<\/li>\n<li data-start=\"4025\" data-end=\"4120\">\n<p data-start=\"4027\" data-end=\"4120\">Persoanele cu caren\u021be de vitamina D sau cu risc de deficit, conform recomand\u0103rii medicului.<\/p>\n<\/li>\n<\/ul>\n<hr data-start=\"4122\" data-end=\"4125\" \/>\n<h4 style=\"text-align: justify;\" data-start=\"4127\" data-end=\"4143\">Prezentare<\/h4>\n<p style=\"text-align: justify;\" data-start=\"4145\" data-end=\"4378\">Fiecare cutie con\u021bine <strong data-start=\"4167\" data-end=\"4184\">30 de capsule<\/strong>, suficiente pentru o lun\u0103 de administrare zilnic\u0103. Capsule moi, u\u0219or de \u00eenghi\u021bit, formulate pentru a asigura absorb\u021bia optim\u0103 a vitaminei D \u0219i a sus\u021bine s\u0103n\u0103tatea organismului pe termen lung.<\/p>\n<p style=\"text-align: justify;\" data-start=\"4380\" data-end=\"4628\">Prin administrarea regulat\u0103 a vitaminei D 2400 UI Parapharm, organismul prime\u0219te suportul necesar pentru <strong data-start=\"4485\" data-end=\"4549\">sistemul osos, musculatura, imunitatea \u0219i func\u021biile celulare<\/strong>, men\u021bin\u00e2nd vitalitatea \u0219i protej\u00e2nd celulele \u00eempotriva factorilor oxidativi.<\/p>\n<p>&nbsp;<\/p>\n<hr data-start=\"4671\" data-end=\"4674\" \/>\n<p style=\"text-align: center;\"><a href=\"https:\/\/www.facebook.com\/profile.php?id=61586010988472\" rel=\"nofollow noopener\" target=\"_blank\"><img decoding=\"async\" class=\"alignnone wp-image-953\" src=\"https:\/\/vittalis.ro\/wp-content\/uploads\/2025\/12\/1-300x300.png\" alt=\"\" width=\"51\" height=\"51\" srcset=\"https:\/\/vittalis.ro\/wp-content\/uploads\/2025\/12\/1-300x300.png 300w, https:\/\/vittalis.ro\/wp-content\/uploads\/2025\/12\/1-150x150.png 150w, https:\/\/vittalis.ro\/wp-content\/uploads\/2025\/12\/1-100x100.png 100w, https:\/\/vittalis.ro\/wp-content\/uploads\/2025\/12\/1-50x50.png 50w, https:\/\/vittalis.ro\/wp-content\/uploads\/2025\/12\/1.png 500w\" sizes=\"(max-width: 51px) 100vw, 51px\" \/><\/a> <a href=\"https:\/\/www.instagram.com\/vittalis.suplimentealimentare?igsh=MTBocHY0cXVta2dlcg%3D%3D\" rel=\"nofollow noopener\" target=\"_blank\"><img decoding=\"async\" class=\"alignnone wp-image-954\" src=\"https:\/\/vittalis.ro\/wp-content\/uploads\/2025\/12\/2-300x300.png\" alt=\"\" width=\"50\" height=\"50\" srcset=\"https:\/\/vittalis.ro\/wp-content\/uploads\/2025\/12\/2-300x300.png 300w, https:\/\/vittalis.ro\/wp-content\/uploads\/2025\/12\/2-150x150.png 150w, https:\/\/vittalis.ro\/wp-content\/uploads\/2025\/12\/2-100x100.png 100w, https:\/\/vittalis.ro\/wp-content\/uploads\/2025\/12\/2-50x50.png 50w, https:\/\/vittalis.ro\/wp-content\/uploads\/2025\/12\/2.png 500w\" sizes=\"(max-width: 50px) 100vw, 50px\" \/><\/a> <a href=\"https:\/\/www.tiktok.com\/@vittalis.ro\"><img decoding=\"async\" class=\"alignnone wp-image-955\" src=\"https:\/\/vittalis.ro\/wp-content\/uploads\/2025\/12\/3-300x300.png\" alt=\"\" width=\"56\" height=\"56\" srcset=\"https:\/\/vittalis.ro\/wp-content\/uploads\/2025\/12\/3-300x300.png 300w, https:\/\/vittalis.ro\/wp-content\/uploads\/2025\/12\/3-150x150.png 150w, https:\/\/vittalis.ro\/wp-content\/uploads\/2025\/12\/3-100x100.png 100w, https:\/\/vittalis.ro\/wp-content\/uploads\/2025\/12\/3-50x50.png 50w, https:\/\/vittalis.ro\/wp-content\/uploads\/2025\/12\/3.png 500w\" sizes=\"(max-width: 56px) 100vw, 56px\" \/><\/a> <a href=\"https:\/\/www.youtube.com\/channel\/UCt7ysxXRoHT4Amyd_FOoegA\" rel=\"nofollow noopener\" target=\"_blank\"><img loading=\"lazy\" decoding=\"async\" class=\"alignnone wp-image-956\" src=\"https:\/\/vittalis.ro\/wp-content\/uploads\/2025\/12\/4-300x300.png\" alt=\"\" width=\"52\" height=\"52\" srcset=\"https:\/\/vittalis.ro\/wp-content\/uploads\/2025\/12\/4-300x300.png 300w, https:\/\/vittalis.ro\/wp-content\/uploads\/2025\/12\/4-150x150.png 150w, https:\/\/vittalis.ro\/wp-content\/uploads\/2025\/12\/4-100x100.png 100w, https:\/\/vittalis.ro\/wp-content\/uploads\/2025\/12\/4-50x50.png 50w, https:\/\/vittalis.ro\/wp-content\/uploads\/2025\/12\/4.png 500w\" sizes=\"(max-width: 52px) 100vw, 52px\" \/><\/a><\/p>\n<hr data-start=\"4671\" data-end=\"4674\" \/>\n<p>&nbsp;<\/p>\n<p><a href=\"https:\/\/vittalis.ro\/?page_id=640\"><img loading=\"lazy\" decoding=\"async\" class=\"alignnone wp-image-960\" src=\"https:\/\/vittalis.ro\/wp-content\/uploads\/2025\/12\/Red-ad-Beige-Bold-Modern-Professional-Business-Pitch-Deck-Presentation-1-300x108.png\" alt=\"\" width=\"165\" height=\"59\" srcset=\"https:\/\/vittalis.ro\/wp-content\/uploads\/2025\/12\/Red-ad-Beige-Bold-Modern-Professional-Business-Pitch-Deck-Presentation-1-300x108.png 300w, https:\/\/vittalis.ro\/wp-content\/uploads\/2025\/12\/Red-ad-Beige-Bold-Modern-Professional-Business-Pitch-Deck-Presentation-1-1024x370.png 1024w, https:\/\/vittalis.ro\/wp-content\/uploads\/2025\/12\/Red-ad-Beige-Bold-Modern-Professional-Business-Pitch-Deck-Presentation-1-768x277.png 768w, https:\/\/vittalis.ro\/wp-content\/uploads\/2025\/12\/Red-ad-Beige-Bold-Modern-Professional-Business-Pitch-Deck-Presentation-1-1536x554.png 1536w, https:\/\/vittalis.ro\/wp-content\/uploads\/2025\/12\/Red-ad-Beige-Bold-Modern-Professional-Business-Pitch-Deck-Presentation-1-1320x476.png 1320w, https:\/\/vittalis.ro\/wp-content\/uploads\/2025\/12\/Red-ad-Beige-Bold-Modern-Professional-Business-Pitch-Deck-Presentation-1-600x217.png 600w, https:\/\/vittalis.ro\/wp-content\/uploads\/2025\/12\/Red-ad-Beige-Bold-Modern-Professional-Business-Pitch-Deck-Presentation-1.png 1920w\" sizes=\"(max-width: 165px) 100vw, 165px\" \/><\/a><\/p>\n<p class=\"entry-title\" style=\"text-align: left;\"><span style=\"text-decoration: underline;\"><strong><span style=\"color: #000000; text-decoration: underline;\"><a style=\"color: #000000; text-decoration: underline;\" href=\"https:\/\/vittalis.ro\/?p=637\">Vitamina C lipozomal\u0103 \u2013 absorb\u021bie superioar\u0103, imunitate puternic\u0103 \u0219i beneficii extinse pentru s\u0103n\u0103tate<\/a><\/span><\/strong><\/span><\/p>\n<p class=\"entry-title\" style=\"text-align: left;\"><span style=\"text-decoration: underline;\"><span style=\"color: #000000; text-decoration: underline;\"><a style=\"color: #000000; text-decoration: underline;\" href=\"https:\/\/vittalis.ro\/?p=617\"><strong>Colagenul \u2013 beneficii, rol \u00een organism, tipuri \u0219i surse naturale<\/strong><\/a><\/span><\/span><\/p>\n<p class=\"entry-title\" style=\"text-align: left;\"><span style=\"text-decoration: underline;\"><a href=\"https:\/\/vittalis.ro\/?p=715\"><span style=\"color: #000000; text-decoration: underline;\"><strong>Magneziu bisglicinat: beneficii, propriet\u0103\u021bi \u0219i utiliz\u0103ri esen\u021biale pentru s\u0103n\u0103tate<\/strong><\/span><\/a><\/span><\/p>\n<p>&nbsp;<\/p>\n","protected":false},"excerpt":{"rendered":"<p style=\"text-align: justify;\"><strong data-start=\"75\" data-end=\"107\">Vitamina D 2400 UI Parapharm<\/strong> sus\u021bine s\u0103n\u0103tatea oaselor, a mu\u0219chilor \u0219i a din\u021bilor, contribuie la func\u021bionarea normal\u0103 a sistemului imunitar \u0219i protejeaz\u0103 celulele \u00eempotriva stresului oxidativ. Fiecare capsul\u0103 con\u021bine colecalciferol, vitamina E \u0219i ulei de rapi\u021b\u0103, pentru o absorb\u021bie optim\u0103. Se recomand\u0103 o capsul\u0103 pe zi, dup\u0103 mas\u0103, fiind ideal\u0103 pentru perioadele cu expunere redus\u0103 la soare \u0219i pentru prevenirea deficien\u021belor de vitamina D.<\/p>\n","protected":false},"featured_media":1094,"comment_status":"open","ping_status":"closed","template":"","meta":{"_glsr_average":0,"_glsr_ranking":0,"_glsr_reviews":0},"product_brand":[213],"product_cat":[409,15],"product_tag":[195,244,245,196,331,242,332],"class_list":{"0":"post-1125","1":"product","2":"type-product","3":"status-publish","4":"has-post-thumbnail","6":"product_brand-parapharm","7":"product_cat-imunitate","8":"product_cat-uncategorized","9":"product_tag-vitamina-d","10":"product_tag-vitamina-d-2000","11":"product_tag-vitamina-d-3000","12":"product_tag-vitamina-d-beneficii","13":"product_tag-vitamina-d-capsule","14":"product_tag-vitamina-d-pret","15":"product_tag-vitamina-d-soare","17":"first","18":"instock","19":"sale","20":"shipping-taxable","21":"purchasable","22":"product-type-simple"},"jetpack_sharing_enabled":true,"jetpack-related-posts":[{"id":1141,"url":"https:\/\/vittalis.ro\/?product=detrical-vitamina-d3-1000-ui-zdrovit","url_meta":{"origin":1125,"position":0},"title":"Detrical Vitamina D3 1000 UI, 60 comprimate, Zdrovit","author":"denisa","date":"februarie 11, 2026","format":false,"excerpt":"Detrical Vitamina D3 1000 UI este un supliment alimentar care asigur\u0103 aportul zilnic de vitamina D3, esen\u021bial\u0103 pentru sus\u021binerea sistemului imunitar, absorb\u021bia calciului \u0219i men\u021binerea s\u0103n\u0103t\u0103\u021bii oaselor, din\u021bilor \u0219i mu\u0219chilor, fiind ideal mai ales \u00een perioadele cu expunere redus\u0103 la soare.","rel":"","context":"Articol similar","block_context":{"text":"Articol similar","link":""},"img":{"alt_text":"Detrical Vitamina D3 1000 UI, 60 comprimate, Zdrovit","src":"https:\/\/i0.wp.com\/vittalis.ro\/wp-content\/uploads\/2026\/02\/11622.webp?resize=350%2C200&ssl=1","width":350,"height":200,"srcset":"https:\/\/i0.wp.com\/vittalis.ro\/wp-content\/uploads\/2026\/02\/11622.webp?resize=350%2C200&ssl=1 1x, https:\/\/i0.wp.com\/vittalis.ro\/wp-content\/uploads\/2026\/02\/11622.webp?resize=525%2C300&ssl=1 1.5x, https:\/\/i0.wp.com\/vittalis.ro\/wp-content\/uploads\/2026\/02\/11622.webp?resize=700%2C400&ssl=1 2x"},"classes":[]},{"id":1129,"url":"https:\/\/vittalis.ro\/?product=vitamina-e-100-30-capsule-parapharm-2","url_meta":{"origin":1125,"position":1},"title":"Vitamina E-100, 30 capsule, Parapharm","author":"denisa","date":"februarie 10, 2026","format":false,"excerpt":"Vitamina E \u2013 100 Parapharm este un supliment alimentar ce furnizeaz\u0103 D-a Tocoferol pur, un antioxidant puternic care protejeaz\u0103 celulele, membranele \u0219i acizii gra\u0219i polinesatura\u021bi. Sprijin\u0103 sistemul imunitar, s\u0103n\u0103tatea cardiovascular\u0103 \u0219i nervoas\u0103, \u00eencetine\u0219te procesul de \u00eemb\u0103tr\u00e2nire \u0219i contribuie la func\u021bionarea optim\u0103 a organismului. Administrarea recomandat\u0103 este de 1 capsul\u0103 pe\u2026","rel":"","context":"Articol similar","block_context":{"text":"Articol similar","link":""},"img":{"alt_text":"Vitamina E-100, 30 capsule, Parapharm","src":"https:\/\/i0.wp.com\/vittalis.ro\/wp-content\/uploads\/2026\/02\/865147784.webp?resize=350%2C200&ssl=1","width":350,"height":200},"classes":[]},{"id":1134,"url":"https:\/\/vittalis.ro\/?product=trigliceride-colesterol-optim-30-capsule-parapharm-2","url_meta":{"origin":1125,"position":2},"title":"Trigliceride + Colesterol Optim, 30 capsule, Parapharm","author":"denisa","date":"februarie 11, 2026","format":false,"excerpt":"Trigliceride + Colesterol Optim Parapharm este un supliment alimentar pe baz\u0103 de Omega-3 din pe\u0219te oceanic, \u00eembog\u0103\u021bit cu EPA, DHA \u0219i vitamina E. Sus\u021bine s\u0103n\u0103tatea inimii, echilibrul colesterolului \u0219i trigliceridelor, func\u021bia creierului \u0219i capacitatea de concentrare.","rel":"","context":"Articol similar","block_context":{"text":"Articol similar","link":""},"img":{"alt_text":"Trigliceride+ Colesterol Optim, 30 capsule, Parapharm","src":"https:\/\/i0.wp.com\/vittalis.ro\/wp-content\/uploads\/2026\/02\/trigliceride-colesterol-optim-30-capsule-parapharm-9469-1090x1090-1.jpg?resize=350%2C200&ssl=1","width":350,"height":200,"srcset":"https:\/\/i0.wp.com\/vittalis.ro\/wp-content\/uploads\/2026\/02\/trigliceride-colesterol-optim-30-capsule-parapharm-9469-1090x1090-1.jpg?resize=350%2C200&ssl=1 1x, https:\/\/i0.wp.com\/vittalis.ro\/wp-content\/uploads\/2026\/02\/trigliceride-colesterol-optim-30-capsule-parapharm-9469-1090x1090-1.jpg?resize=525%2C300&ssl=1 1.5x, https:\/\/i0.wp.com\/vittalis.ro\/wp-content\/uploads\/2026\/02\/trigliceride-colesterol-optim-30-capsule-parapharm-9469-1090x1090-1.jpg?resize=700%2C400&ssl=1 2x, https:\/\/i0.wp.com\/vittalis.ro\/wp-content\/uploads\/2026\/02\/trigliceride-colesterol-optim-30-capsule-parapharm-9469-1090x1090-1.jpg?resize=1050%2C600&ssl=1 3x"},"classes":[]},{"id":1154,"url":"https:\/\/vittalis.ro\/?product=vitamina-a-10000-ui-30-capsule-parapharm-2","url_meta":{"origin":1125,"position":3},"title":"Vitamina A, 10000 Ui, 30 capsule, Parapharm","author":"denisa","date":"februarie 11, 2026","format":false,"excerpt":"Vitamina A 10000 UI \u2013 Parapharm este un supliment alimentar cu vitamina A natural\u0103 din morcovi \u0219i vitamina E, formulat pentru a sus\u021bine s\u0103n\u0103tatea ochilor, pielii \u0219i a sistemului imunitar. Vitamina A contribuie la men\u021binerea vederii normale \u0219i a mucoaselor s\u0103n\u0103toase, iar vitamina E protejeaz\u0103 celulele \u00eempotriva stresului oxidativ. Administrat\u0103\u2026","rel":"","context":"Articol similar","block_context":{"text":"Articol similar","link":""},"img":{"alt_text":"Vitamina A, 10000 Ui, 30 capsule, Parapharm","src":"https:\/\/i0.wp.com\/vittalis.ro\/wp-content\/uploads\/2026\/02\/vitamina-a-10000-ui-30-capsule-parapharm-4228-1090x1090-1.jpg?resize=350%2C200&ssl=1","width":350,"height":200,"srcset":"https:\/\/i0.wp.com\/vittalis.ro\/wp-content\/uploads\/2026\/02\/vitamina-a-10000-ui-30-capsule-parapharm-4228-1090x1090-1.jpg?resize=350%2C200&ssl=1 1x, https:\/\/i0.wp.com\/vittalis.ro\/wp-content\/uploads\/2026\/02\/vitamina-a-10000-ui-30-capsule-parapharm-4228-1090x1090-1.jpg?resize=525%2C300&ssl=1 1.5x, https:\/\/i0.wp.com\/vittalis.ro\/wp-content\/uploads\/2026\/02\/vitamina-a-10000-ui-30-capsule-parapharm-4228-1090x1090-1.jpg?resize=700%2C400&ssl=1 2x, https:\/\/i0.wp.com\/vittalis.ro\/wp-content\/uploads\/2026\/02\/vitamina-a-10000-ui-30-capsule-parapharm-4228-1090x1090-1.jpg?resize=1050%2C600&ssl=1 3x"},"classes":[]},{"id":1136,"url":"https:\/\/vittalis.ro\/?product=propolis-vitamina-c-30-tablete-parapharm-2","url_meta":{"origin":1125,"position":4},"title":"Propolis + Vitamina C, 30 tablete, Parapharm","author":"denisa","date":"februarie 11, 2026","format":false,"excerpt":"Propolis \u0219i Vitamina C ParaPharm este un supliment alimentar pentru sus\u021binerea sistemului imunitar, cu efect antioxidant \u0219i protector asupra organismului. Combina\u021bia dintre extractul uscat de propolis, surs\u0103 natural\u0103 de bioflavonoide, \u0219i vitamina C\u00a0 contribuie la cre\u0219terea rezisten\u021bei organismului fa\u021b\u0103 de infec\u021bii, sus\u021bine randamentul fizic \u0219i protejeaz\u0103 celulele \u00eempotriva stresului oxidativ.","rel":"","context":"Articol similar","block_context":{"text":"Articol similar","link":""},"img":{"alt_text":"Propolis + Vitamina C, 30 tablete, Parapharm","src":"https:\/\/i0.wp.com\/vittalis.ro\/wp-content\/uploads\/2026\/02\/1664044781.webp?resize=350%2C200&ssl=1","width":350,"height":200},"classes":[]},{"id":1132,"url":"https:\/\/vittalis.ro\/?product=molekin-imuno-30-comprimate-zdrovit-2","url_meta":{"origin":1125,"position":5},"title":"Molekin Imuno, 30 comprimate, Zdrovit","author":"denisa","date":"februarie 11, 2026","format":false,"excerpt":"Molekin Imuno este un supliment alimentar cu Vitamina C, Vitamina D3 \u0219i Zinc, conceput pentru a sus\u021bine sistemul imunitar, a proteja celulele de stresul oxidativ \u0219i a sprijini s\u0103n\u0103tatea oaselor \u0219i a mu\u0219chilor. Datorit\u0103 tehnologiei MRS cu eliberare treptat\u0103, asigur\u0103 o absorb\u021bie eficient\u0103 \u0219i de durat\u0103. Este potrivit pentru vegani,\u2026","rel":"","context":"Cu un comentariu","block_context":{"text":"Cu un comentariu","link":"https:\/\/vittalis.ro\/?product=molekin-imuno-30-comprimate-zdrovit-2#comments"},"img":{"alt_text":"Molekin Imuno, 30 comprimate, Zdrovit","src":"https:\/\/i0.wp.com\/vittalis.ro\/wp-content\/uploads\/2026\/02\/27245.webp?resize=350%2C200&ssl=1","width":350,"height":200,"srcset":"https:\/\/i0.wp.com\/vittalis.ro\/wp-content\/uploads\/2026\/02\/27245.webp?resize=350%2C200&ssl=1 1x, https:\/\/i0.wp.com\/vittalis.ro\/wp-content\/uploads\/2026\/02\/27245.webp?resize=525%2C300&ssl=1 1.5x, https:\/\/i0.wp.com\/vittalis.ro\/wp-content\/uploads\/2026\/02\/27245.webp?resize=700%2C400&ssl=1 2x"},"classes":[]}],"post_mailing_queue_ids":[],"_links":{"self":[{"href":"https:\/\/vittalis.ro\/index.php?rest_route=\/wp\/v2\/product\/1125","targetHints":{"allow":["GET"]}}],"collection":[{"href":"https:\/\/vittalis.ro\/index.php?rest_route=\/wp\/v2\/product"}],"about":[{"href":"https:\/\/vittalis.ro\/index.php?rest_route=\/wp\/v2\/types\/product"}],"replies":[{"embeddable":true,"href":"https:\/\/vittalis.ro\/index.php?rest_route=%2Fwp%2Fv2%2Fcomments&post=1125"}],"wp:featuredmedia":[{"embeddable":true,"href":"https:\/\/vittalis.ro\/index.php?rest_route=\/wp\/v2\/media\/1094"}],"wp:attachment":[{"href":"https:\/\/vittalis.ro\/index.php?rest_route=%2Fwp%2Fv2%2Fmedia&parent=1125"}],"wp:term":[{"taxonomy":"product_brand","embeddable":true,"href":"https:\/\/vittalis.ro\/index.php?rest_route=%2Fwp%2Fv2%2Fproduct_brand&post=1125"},{"taxonomy":"product_cat","embeddable":true,"href":"https:\/\/vittalis.ro\/index.php?rest_route=%2Fwp%2Fv2%2Fproduct_cat&post=1125"},{"taxonomy":"product_tag","embeddable":true,"href":"https:\/\/vittalis.ro\/index.php?rest_route=%2Fwp%2Fv2%2Fproduct_tag&post=1125"}],"curies":[{"name":"wp","href":"https:\/\/api.w.org\/{rel}","templated":true}]}}