{"id":942,"date":"2026-01-07T19:53:30","date_gmt":"2026-01-07T19:53:30","guid":{"rendered":"https:\/\/vittalis.ro\/?page_id=942"},"modified":"2026-03-01T12:38:40","modified_gmt":"2026-03-01T12:38:40","slug":"livrare-vittalis-romania","status":"publish","type":"page","link":"https:\/\/vittalis.ro\/?page_id=942","title":{"rendered":"Livrare"},"content":{"rendered":"<p style=\"text-align: justify;\">La <strong>Vittalis<\/strong>, livr\u0103m rapid \u0219i \u00een siguran\u021b\u0103 produsele tale, indiferent unde te afli. G\u0103se\u0219ti mai jos toate detaliile legate de timpul de livrare, costuri \u0219i condi\u021biile de transport \u00een func\u021bie de \u021bar\u0103.<\/p>\n<p style=\"text-align: justify;\"><strong>Livrare \u00een Rom\u00e2nia<\/strong><br \/>\nTimp de livrare: 24 \u2013 48 de ore de la validarea comenzii, \u00een func\u021bie de localitate<br \/>\n\u2022 \u00cen cazuri excep\u021bionale, termenul poate fi extins p\u00e2n\u0103 la 72 de ore<br \/>\n\u2022 Se iau \u00een calcul doar zilele lucr\u0103toare<\/p>\n<p style=\"text-align: justify;\">Costuri de transport:<br \/>\n\u2022 TRANSPORT GRATUIT pentru comenzile de minimum 150 lei (TVA inclus)<br \/>\n\u2022 Pentru comenzile sub 150 lei, se percepe o tax\u0103 de livrare de 15 lei (TVA inclus)<\/p>\n<p style=\"text-align: justify;\"><strong>CURIER<\/strong>: Sameday<\/p>\n<p style=\"text-align: justify;\"><strong>Nu facem livr\u0103ri interna\u021bionale!<\/strong><\/p>\n<p>&nbsp;<\/p>\n<h4>POLITICA DE RAMBURSARE<\/h4>\n<p style=\"text-align: justify;\" data-start=\"217\" data-end=\"562\">\u00cen cazul \u00een care clientul dore\u0219te s\u0103 returneze un produs din motive independente de compania <strong data-start=\"310\" data-end=\"322\">Vittalis<\/strong>, acesta poate fi returnat \u00een termen de <strong data-start=\"362\" data-end=\"417\">30 de zile calendaristice de la primirea produsului<\/strong>. Pentru ini\u021bierea returului este necesar\u0103 doar notificarea inten\u021biei prin una dintre urm\u0103toarele metode: e-mail, po\u0219t\u0103, telefon, SMS sau verbal.<\/p>\n<p style=\"text-align: justify;\" data-start=\"564\" data-end=\"820\">\u00cen situa\u021bia \u00een care produsele achizi\u021bionate sunt <strong data-start=\"613\" data-end=\"643\">neconforme sau deteriorate<\/strong>, compania <strong data-start=\"654\" data-end=\"666\">Vittalis<\/strong> va suporta costurile returului, urm\u00e2nd ca un curier s\u0103 ridice produsul direct de la domiciliul clientului (sau de la o alt\u0103 adres\u0103 confirmat\u0103 de acesta).<\/p>\n<p style=\"text-align: justify;\" data-start=\"822\" data-end=\"1150\">Dac\u0103, la momentul recep\u021bion\u0103rii coletului, acesta prezint\u0103 <strong data-start=\"881\" data-end=\"913\">urme vizibile de deteriorare<\/strong>, este obligatoriu ca acest aspect s\u0103 fie men\u021bionat pe documentul de confirmare a primirii.<br data-start=\"1004\" data-end=\"1007\" \/><strong data-start=\"1007\" data-end=\"1021\">Important:<\/strong> doar respectarea acestei proceduri permite \u00eenregistrarea \u0219i solu\u021bionarea reclama\u021biilor c\u0103tre furnizorul de servicii de curierat.<\/p>\n<p style=\"text-align: justify;\" data-start=\"1152\" data-end=\"1332\">Pe baza procesului-verbal de constatare a deterior\u0103rii produsului \u00een timpul transportului, sesizarea va fi \u00eenregistrat\u0103, iar procedura de <strong data-start=\"1290\" data-end=\"1316\">\u00eenlocuire a produselor<\/strong> va fi ini\u021biat\u0103.<\/p>\n<p style=\"text-align: justify;\" data-start=\"1334\" data-end=\"1649\">\u00cen cazul \u00een care \u00eent\u00e2mpina\u021bi probleme legate de o comand\u0103 care nu pot fi solu\u021bionate prin e-mail sau prin intermediul persoanei cu care a\u021bi discutat, ne pute\u021bi contacta la adresa de e-mail <strong data-start=\"1523\" data-end=\"1543\"><a class=\"decorated-link cursor-pointer\" rel=\"noopener\" data-start=\"1525\" data-end=\"1541\">contact.vittalis@gmail.com<\/a><\/strong>. Ve\u021bi primi un r\u0103spuns \u00een termen de <strong data-start=\"1580\" data-end=\"1612\">maximum 48 de ore lucr\u0103toare<\/strong> de la data transmiterii solicit\u0103rii.<\/p>\n<p style=\"text-align: justify;\" data-start=\"1651\" data-end=\"1737\">La recep\u021bionarea returului, clientul poate opta pentru una dintre urm\u0103toarele solu\u021bii:<\/p>\n<p style=\"text-align: justify;\" data-start=\"1739\" data-end=\"1999\"><strong data-start=\"1739\" data-end=\"1745\">a.<\/strong> \u00cenlocuirea produsului returnat cu un produs nou, identic.<br data-start=\"1803\" data-end=\"1806\" \/><strong data-start=\"1806\" data-end=\"1812\">b.<\/strong> Restituirea contravalorii produsului \u2013 suma aferent\u0103 produselor returnate va fi rambursat\u0103 \u00een contul bancar al clientului, pe baza unei solicit\u0103ri trimise la adresa <strong>contact.vittalis@gmail.com<\/strong>.<\/p>\n<h4 style=\"text-align: justify;\" data-start=\"2001\" data-end=\"2042\">Modalit\u0103\u021bi de returnare a produselor:<\/h4>\n<ul style=\"text-align: justify;\" data-start=\"2043\" data-end=\"2211\">\n<li data-start=\"2043\" data-end=\"2147\">\n<p data-start=\"2045\" data-end=\"2147\"><strong data-start=\"2045\" data-end=\"2056\">Curier<\/strong><\/p>\n<\/li>\n<li data-start=\"2148\" data-end=\"2211\">\n<p data-start=\"2150\" data-end=\"2211\"><strong data-start=\"2150\" data-end=\"2167\">Po\u0219ta Rom\u00e2n\u0103\u00a0 <\/strong><\/p>\n<\/li>\n<\/ul>\n<p style=\"text-align: justify;\" data-start=\"2213\" data-end=\"2482\">Pentru efectuarea returului, este obligatoriu s\u0103 furniza\u021bi <strong data-start=\"2272\" data-end=\"2326\">toate datele de identificare ca \u0219i client Vittalis<\/strong>, prin orice metod\u0103 preferat\u0103: telefon, e-mail sau formularul de retur disponibil <a href=\"https:\/\/vittalis.ro\/wp-content\/uploads\/2026\/01\/formular_retur-scaled.png\"><strong data-start=\"2408\" data-end=\"2416\">AICI<\/strong><\/a>, formular care poate fi inclus \u00een coletul cu produsele returnate.<\/p>\n<p style=\"text-align: justify;\" data-start=\"2213\" data-end=\"2482\"><a href=\"https:\/\/vittalis.ro\/wp-content\/uploads\/2026\/01\/retur-01-1874.png\"><img fetchpriority=\"high\" decoding=\"async\" class=\" wp-image-1015 aligncenter\" src=\"https:\/\/vittalis.ro\/wp-content\/uploads\/2026\/01\/retur-01-1874-300x71.png\" alt=\"\" width=\"532\" height=\"126\" srcset=\"https:\/\/vittalis.ro\/wp-content\/uploads\/2026\/01\/retur-01-1874-300x71.png 300w, https:\/\/vittalis.ro\/wp-content\/uploads\/2026\/01\/retur-01-1874-1024x243.png 1024w, https:\/\/vittalis.ro\/wp-content\/uploads\/2026\/01\/retur-01-1874-768x182.png 768w, https:\/\/vittalis.ro\/wp-content\/uploads\/2026\/01\/retur-01-1874-600x142.png 600w, https:\/\/vittalis.ro\/wp-content\/uploads\/2026\/01\/retur-01-1874.png 1255w\" sizes=\"(max-width: 532px) 100vw, 532px\" \/><\/a><\/p>\n","protected":false},"excerpt":{"rendered":"<p>La Vittalis, livr\u0103m rapid \u0219i \u00een siguran\u021b\u0103 produsele tale, indiferent unde te afli. G\u0103se\u0219ti mai jos toate detaliile legate de timpul de livrare, costuri \u0219i condi\u021biile de transport \u00een func\u021bie de \u021bar\u0103. Livrare \u00een Rom\u00e2nia Timp de livrare: 24 \u2013 48 de ore de la validarea comenzii, \u00een func\u021bie de localitate \u2022 \u00cen cazuri excep\u021bionale, [&hellip;]<\/p>\n","protected":false},"author":1,"featured_media":0,"parent":0,"menu_order":0,"comment_status":"closed","ping_status":"closed","template":"","meta":{"_glsr_average":0,"_glsr_ranking":0,"_glsr_reviews":0,"footnotes":""},"class_list":["post-942","page","type-page","status-publish","hentry"],"jetpack_sharing_enabled":true,"jetpack-related-posts":[{"id":566,"url":"https:\/\/vittalis.ro\/?page_id=566","url_meta":{"origin":942,"position":0},"title":"home","author":"denisa","date":"decembrie 22, 2025","format":false,"excerpt":"Suplimente alimentare pentru s\u0103n\u0103tate, echilibru \u0219i vitalitate. \u00a0 De ce s\u0103 cumperi de la noi? RECENZII \"Produsele sunt excelente \u0219i livrarea rapid\u0103!\" \u2605\u2605\u2605\u2605\u2605 - Maria T. \"Am v\u0103zut rezultate vizibile dup\u0103 c\u00e2teva s\u0103pt\u0103m\u00e2ni.\" \u2605\u2605\u2605\u2605\u2605 - Petru V. \"Produse premium. Recomand cu \u00eencredere!\" \u2605\u2605\u2605\u2605\u2605 - Corina G. \u00a0","rel":"","context":"Articol similar","block_context":{"text":"Articol similar","link":""},"img":{"alt_text":"","src":"https:\/\/i0.wp.com\/vittalis.ro\/wp-content\/uploads\/2025\/12\/Extreme-Sport-Presentation-Template-5-300x169.png?resize=350%2C200&ssl=1","width":350,"height":200,"srcset":"https:\/\/i0.wp.com\/vittalis.ro\/wp-content\/uploads\/2025\/12\/Extreme-Sport-Presentation-Template-5-300x169.png?resize=350%2C200&ssl=1 1x, https:\/\/i0.wp.com\/vittalis.ro\/wp-content\/uploads\/2025\/12\/Extreme-Sport-Presentation-Template-5-300x169.png?resize=525%2C300&ssl=1 1.5x, https:\/\/i0.wp.com\/vittalis.ro\/wp-content\/uploads\/2025\/12\/Extreme-Sport-Presentation-Template-5-300x169.png?resize=700%2C400&ssl=1 2x"},"classes":[]},{"id":776,"url":"https:\/\/vittalis.ro\/?page_id=776","url_meta":{"origin":942,"position":1},"title":"Vittalis &#8211; din grij\u0103 pentru s\u0103n\u0103tate, echilibru \u0219i vitalitate","author":"denisa","date":"ianuarie 2, 2026","format":false,"excerpt":"Vittalis Rom\u00e2nia a luat na\u0219tere dintr-o nevoie real\u0103 \u0219i profund uman\u0103: grija pentru s\u0103n\u0103tate. \u00centr-o lume \u00een care ritmul alert al vie\u021bii moderne ne \u00eempinge adesea s\u0103 ne neglij\u0103m corpul \u0219i mintea, Vittalis \u00ee\u0219i propune s\u0103 fie un partener de \u00eencredere pentru to\u021bi cei care \u00ee\u0219i doresc un stil de\u2026","rel":"","context":"Articol similar","block_context":{"text":"Articol similar","link":""},"img":{"alt_text":"Vittalis - din grij\u0103 pentru s\u0103n\u0103tate, echilibru \u0219i vitalitate","src":"https:\/\/i0.wp.com\/vittalis.ro\/wp-content\/uploads\/2025\/12\/cropped-Green-and-White-Organic-Products-Logo-5.png?resize=350%2C200&ssl=1","width":350,"height":200,"srcset":"https:\/\/i0.wp.com\/vittalis.ro\/wp-content\/uploads\/2025\/12\/cropped-Green-and-White-Organic-Products-Logo-5.png?resize=350%2C200&ssl=1 1x, https:\/\/i0.wp.com\/vittalis.ro\/wp-content\/uploads\/2025\/12\/cropped-Green-and-White-Organic-Products-Logo-5.png?resize=525%2C300&ssl=1 1.5x, https:\/\/i0.wp.com\/vittalis.ro\/wp-content\/uploads\/2025\/12\/cropped-Green-and-White-Organic-Products-Logo-5.png?resize=700%2C400&ssl=1 2x, https:\/\/i0.wp.com\/vittalis.ro\/wp-content\/uploads\/2025\/12\/cropped-Green-and-White-Organic-Products-Logo-5.png?resize=1050%2C600&ssl=1 3x"},"classes":[]},{"id":1224,"url":"https:\/\/vittalis.ro\/?page_id=1224","url_meta":{"origin":942,"position":2},"title":"Povestea noastr\u0103","author":"denisa","date":"martie 5, 2026","format":false,"excerpt":"Cum a luat na\u0219tere Vittalis? Vittalis a \u00eenceput din grij\u0103 pentru propriul organism. Pentru acele momente \u00een care \u00eencepi s\u0103 te \u00eentrebi dac\u0103 ai putea face mai mult pentru tine, \u00eenainte ca organismul s\u0103 \u00ee\u021bi cear\u0103 ajutorul prea t\u00e2rziu. Totul a pornit dintr-o preocupare personal\u0103: dorin\u021ba de a avea grij\u0103\u2026","rel":"","context":"Articol similar","block_context":{"text":"Articol similar","link":""},"img":{"alt_text":"","src":"","width":0,"height":0},"classes":[]}],"post_mailing_queue_ids":[],"_links":{"self":[{"href":"https:\/\/vittalis.ro\/index.php?rest_route=\/wp\/v2\/pages\/942","targetHints":{"allow":["GET"]}}],"collection":[{"href":"https:\/\/vittalis.ro\/index.php?rest_route=\/wp\/v2\/pages"}],"about":[{"href":"https:\/\/vittalis.ro\/index.php?rest_route=\/wp\/v2\/types\/page"}],"author":[{"embeddable":true,"href":"https:\/\/vittalis.ro\/index.php?rest_route=\/wp\/v2\/users\/1"}],"replies":[{"embeddable":true,"href":"https:\/\/vittalis.ro\/index.php?rest_route=%2Fwp%2Fv2%2Fcomments&post=942"}],"version-history":[{"count":7,"href":"https:\/\/vittalis.ro\/index.php?rest_route=\/wp\/v2\/pages\/942\/revisions"}],"predecessor-version":[{"id":1215,"href":"https:\/\/vittalis.ro\/index.php?rest_route=\/wp\/v2\/pages\/942\/revisions\/1215"}],"wp:attachment":[{"href":"https:\/\/vittalis.ro\/index.php?rest_route=%2Fwp%2Fv2%2Fmedia&parent=942"}],"curies":[{"name":"wp","href":"https:\/\/api.w.org\/{rel}","templated":true}]}}