{"id":640,"date":"2025-12-28T11:31:22","date_gmt":"2025-12-28T11:31:22","guid":{"rendered":"https:\/\/vittalis.ro\/?page_id=640"},"modified":"2026-01-15T12:09:31","modified_gmt":"2026-01-15T12:09:31","slug":"sfatul-specialistului-1","status":"publish","type":"page","link":"https:\/\/vittalis.ro\/?page_id=640","title":{"rendered":"Sfatul specialistului"},"content":{"rendered":"\n<div class=\"wp-block-query is-layout-flow wp-block-query-is-layout-flow\"><ul class=\"wp-block-post-template is-layout-flow wp-block-post-template-is-layout-flow\"><li class=\"wp-block-post post-1061 post type-post status-publish format-standard has-post-thumbnail hentry category-uncategorized tag-in-ce-legume-se-gaseste-vitamin-a tag-vitamina-a-beneficii tag-vitamina-a-morcovi tag-vitamina-a-pret tag-vitamina-a-vedere tag-vityamina-a-pastile\">\n<h3 class=\"has-text-align-center wp-block-post-title\"><a href=\"https:\/\/vittalis.ro\/?p=1061\" target=\"_self\">Vitamina A \u2013 roluri biologice, beneficii \u0219i importan\u021ba echilibrului \u00een organism<\/a><\/h3>\n\n<figure class=\"alignwide wp-block-post-featured-image\"><a href=\"https:\/\/vittalis.ro\/?p=1061\" target=\"_self\"><img fetchpriority=\"high\" decoding=\"async\" width=\"1000\" height=\"667\" src=\"https:\/\/vittalis.ro\/wp-content\/uploads\/2026\/02\/816_shutterstock_558453145-1.png\" class=\"attachment-post-thumbnail size-post-thumbnail wp-post-image\" alt=\"Vitamina A \u2013 roluri biologice, beneficii \u0219i importan\u021ba echilibrului \u00een organism\" style=\"object-fit:cover;\" srcset=\"https:\/\/vittalis.ro\/wp-content\/uploads\/2026\/02\/816_shutterstock_558453145-1.png 1000w, https:\/\/vittalis.ro\/wp-content\/uploads\/2026\/02\/816_shutterstock_558453145-1-300x200.png 300w, https:\/\/vittalis.ro\/wp-content\/uploads\/2026\/02\/816_shutterstock_558453145-1-768x512.png 768w, https:\/\/vittalis.ro\/wp-content\/uploads\/2026\/02\/816_shutterstock_558453145-1-600x400.png 600w\" sizes=\"(max-width: 1000px) 100vw, 1000px\" \/><\/a><\/figure>\n\n<div class=\"wp-block-post-excerpt\"><p class=\"wp-block-post-excerpt__excerpt\">Vitamina A este una dintre cele mai importante vitamine pentru s\u0103n\u0103tatea uman\u0103. Face parte din categoria vitaminelor liposolubile, adic\u0103 se dizolv\u0103 \u00een gr\u0103simi \u0219i poate fi stocat\u0103 \u00een organism, \u00een special la nivelul ficatului. Aceast\u0103 caracteristic\u0103 o face esen\u021bial\u0103, dar \u0219i poten\u021bial periculoas\u0103 atunci c\u00e2nd este consumat\u0103 \u00een exces. Vitamina A nu este un singur<\/p><p class=\"wp-block-post-excerpt__more-text\"><a class=\"wp-block-post-excerpt__more-link\" href=\"https:\/\/vittalis.ro\/?p=1061\">Cite\u0219te mai mult&#8230;<\/a><\/p><\/div>\n\n\n<hr class=\"wp-block-separator has-css-opacity\"\/>\n\n\n\n<div style=\"height:45px\" aria-hidden=\"true\" class=\"wp-block-spacer\"><\/div>\n\n<\/li><li class=\"wp-block-post post-1057 post type-post status-publish format-standard has-post-thumbnail hentry category-uncategorized tag-catina tag-catina-beneficii tag-catina-cu-miere tag-catina-imunitate tag-catina-pastile tag-catina-suc tag-ceai-catina\">\n<h3 class=\"has-text-align-center wp-block-post-title\"><a href=\"https:\/\/vittalis.ro\/?p=1057\" target=\"_self\">C\u0103tina \u2013 superalimentul care sus\u021bine imunitatea, energia \u0219i longevitatea<\/a><\/h3>\n\n<figure class=\"alignwide wp-block-post-featured-image\"><a href=\"https:\/\/vittalis.ro\/?p=1057\" target=\"_self\"><img decoding=\"async\" width=\"825\" height=\"550\" src=\"https:\/\/vittalis.ro\/wp-content\/uploads\/2026\/02\/catina4-1.jpg\" class=\"attachment-post-thumbnail size-post-thumbnail wp-post-image\" alt=\"C\u0103tina \u2013 superalimentul care sus\u021bine imunitatea, energia \u0219i longevitatea\" style=\"object-fit:cover;\" srcset=\"https:\/\/vittalis.ro\/wp-content\/uploads\/2026\/02\/catina4-1.jpg 825w, https:\/\/vittalis.ro\/wp-content\/uploads\/2026\/02\/catina4-1-300x200.jpg 300w, https:\/\/vittalis.ro\/wp-content\/uploads\/2026\/02\/catina4-1-768x512.jpg 768w, https:\/\/vittalis.ro\/wp-content\/uploads\/2026\/02\/catina4-1-600x400.jpg 600w\" sizes=\"(max-width: 825px) 100vw, 825px\" \/><\/a><\/figure>\n\n<div class=\"wp-block-post-excerpt\"><p class=\"wp-block-post-excerpt__excerpt\">C\u0103tina este una dintre cele mai valoroase plante medicinale din flora european\u0103 \u0219i asiatic\u0103, fiind recunoscut\u0103 u\u0219or dup\u0103 micile sale fructe portocalii, cu gust acri\u0219or, intens \u0219i u\u0219or astringent. Aceste bobi\u021be apar pe tarabele pie\u021belor la \u00eenceputul toamnei \u0219i sunt apreciate de secole pentru propriet\u0103\u021bile lor terapeutice excep\u021bionale. Din punct de vedere botanic, c\u0103tina poart\u0103<\/p><p class=\"wp-block-post-excerpt__more-text\"><a class=\"wp-block-post-excerpt__more-link\" href=\"https:\/\/vittalis.ro\/?p=1057\">Cite\u0219te mai mult&#8230;<\/a><\/p><\/div>\n\n\n<hr class=\"wp-block-separator has-css-opacity\"\/>\n\n\n\n<div style=\"height:45px\" aria-hidden=\"true\" class=\"wp-block-spacer\"><\/div>\n\n<\/li><li class=\"wp-block-post post-1051 post type-post status-publish format-standard has-post-thumbnail hentry category-uncategorized tag-ce-este-lecina tag-cum-se-administreaza-lecitina tag-lecitina-beneficii tag-lecitina-memorie tag-lecitina-pastile tag-lecitina-pentru-invatat tag-lecitina-pret tag-letcitina\">\n<h3 class=\"has-text-align-center wp-block-post-title\"><a href=\"https:\/\/vittalis.ro\/?p=1051\" target=\"_self\">Lecitina \u2013 ce este, ce beneficii are \u0219i cum se administreaz\u0103 corect<\/a><\/h3>\n\n<figure class=\"alignwide wp-block-post-featured-image\"><a href=\"https:\/\/vittalis.ro\/?p=1051\" target=\"_self\"><img decoding=\"async\" width=\"1440\" height=\"810\" src=\"https:\/\/vittalis.ro\/wp-content\/uploads\/2026\/02\/lecitina-2-1.jpg\" class=\"attachment-post-thumbnail size-post-thumbnail wp-post-image\" alt=\"Lecitina \u2013 ce este, ce beneficii are \u0219i cum se administreaz\u0103 corect\" style=\"object-fit:cover;\" srcset=\"https:\/\/vittalis.ro\/wp-content\/uploads\/2026\/02\/lecitina-2-1.jpg 1440w, https:\/\/vittalis.ro\/wp-content\/uploads\/2026\/02\/lecitina-2-1-300x169.jpg 300w, https:\/\/vittalis.ro\/wp-content\/uploads\/2026\/02\/lecitina-2-1-1024x576.jpg 1024w, https:\/\/vittalis.ro\/wp-content\/uploads\/2026\/02\/lecitina-2-1-768x432.jpg 768w, https:\/\/vittalis.ro\/wp-content\/uploads\/2026\/02\/lecitina-2-1-600x338.jpg 600w\" sizes=\"(max-width: 1440px) 100vw, 1440px\" \/><\/a><\/figure>\n\n<div class=\"wp-block-post-excerpt\"><p class=\"wp-block-post-excerpt__excerpt\">Lecitina este un compus natural care se reg\u0103se\u0219te \u00een mod normal \u00een organismul uman, fiind prezent\u0103 \u00een structura tuturor celulelor. Face parte din categoria fosfolipidelor, substan\u021be esen\u021biale pentru func\u021bionarea corect\u0103 a membranelor celulare, pentru metabolismul gr\u0103similor \u0219i pentru buna func\u021bionare a sistemului nervos. Ini\u021bial, lecitina a fost izolat\u0103 din g\u0103lbenu\u0219ul de ou, \u00eens\u0103 ast\u0103zi este<\/p><p class=\"wp-block-post-excerpt__more-text\"><a class=\"wp-block-post-excerpt__more-link\" href=\"https:\/\/vittalis.ro\/?p=1051\">Cite\u0219te mai mult&#8230;<\/a><\/p><\/div>\n\n\n<hr class=\"wp-block-separator has-css-opacity\"\/>\n\n\n\n<div style=\"height:45px\" aria-hidden=\"true\" class=\"wp-block-spacer\"><\/div>\n\n<\/li><\/ul><\/div>\n\n\n<div class=\"wp-block-jetpack-contact-form\"><a href=\"https:\/\/vittalis.ro\/?page_id=640\" target=\"_blank\" rel=\"noopener noreferrer\">Trimite un formular.<\/a><\/div>\n\n\n<p><\/p>\n\n\n\n<ul class=\"wp-block-social-links is-layout-flex wp-block-social-links-is-layout-flex\"><\/ul>\n\n\n\n<ul class=\"wp-block-social-links is-layout-flex wp-block-social-links-is-layout-flex\"><\/ul>\n\n\n\n<p><\/p>\n","protected":false},"excerpt":{"rendered":"","protected":false},"author":1,"featured_media":0,"parent":0,"menu_order":0,"comment_status":"closed","ping_status":"closed","template":"","meta":{"_glsr_average":0,"_glsr_ranking":0,"_glsr_reviews":0,"footnotes":""},"class_list":["post-640","page","type-page","status-publish","hentry"],"jetpack_sharing_enabled":true,"jetpack-related-posts":[],"post_mailing_queue_ids":[],"_links":{"self":[{"href":"https:\/\/vittalis.ro\/index.php?rest_route=\/wp\/v2\/pages\/640","targetHints":{"allow":["GET"]}}],"collection":[{"href":"https:\/\/vittalis.ro\/index.php?rest_route=\/wp\/v2\/pages"}],"about":[{"href":"https:\/\/vittalis.ro\/index.php?rest_route=\/wp\/v2\/types\/page"}],"author":[{"embeddable":true,"href":"https:\/\/vittalis.ro\/index.php?rest_route=\/wp\/v2\/users\/1"}],"replies":[{"embeddable":true,"href":"https:\/\/vittalis.ro\/index.php?rest_route=%2Fwp%2Fv2%2Fcomments&post=640"}],"version-history":[{"count":28,"href":"https:\/\/vittalis.ro\/index.php?rest_route=\/wp\/v2\/pages\/640\/revisions"}],"predecessor-version":[{"id":1005,"href":"https:\/\/vittalis.ro\/index.php?rest_route=\/wp\/v2\/pages\/640\/revisions\/1005"}],"wp:attachment":[{"href":"https:\/\/vittalis.ro\/index.php?rest_route=%2Fwp%2Fv2%2Fmedia&parent=640"}],"curies":[{"name":"wp","href":"https:\/\/api.w.org\/{rel}","templated":true}]}}